{"id":2,"date":"2018-11-05T11:43:26","date_gmt":"2018-11-05T11:43:26","guid":{"rendered":"https:\/\/site.uit.no\/mentorbfe\/?page_id=2"},"modified":"2020-02-11T12:09:16","modified_gmt":"2020-02-11T11:09:16","slug":"sample-page","status":"publish","type":"page","link":"https:\/\/site.uit.no\/mentorbfe\/sample-page\/","title":{"rendered":"Om mentorprosjektet"},"content":{"rendered":"<h2><strong>Fakultet for biovitenskap, fiskeri og \u00f8konomi (BFE)<\/strong> startet med mentorprogram for f\u00f8rste\u00e5rskullene p\u00e5 bachelorprogrammene h\u00f8sten 2017. Mentorene er eldre studenter fra 2-5 \u00e5ret p\u00e5 samme program.<\/h2>\n<p>Hovedoppgaven til mentorene er \u00e5 legge til rette for at studentene p\u00e5 de nye kullene raskt blir kjent med hverandre, at de blir kjent p\u00e5 campus og f\u00e5r tips og triks fra de eldre studentene om hva som kreves av de i studiehverdagen i forhold til studentens valgte studieprogram. Kullet deles i mindre grupper og det utarbeides en plan for innhold i de enkelte timene som studentene kan v\u00e6re med \u00e5 bestemme. Det er fokus p\u00e5 det sosiale og det faglige gjennom hele semesteret. Opplegget tilpasses det enkelte program i samarbeid mellom programadministrasjonen, mentorene og studentene. Ved BFE er det ulike m\u00e5ter \u00e5 l\u00f8se dette p\u00e5 fra program til program og fra campus til campus.<\/p>\n<p><strong>Norges fiskerih\u00f8gskole (3 program)<\/strong><br \/>\nMentorene m\u00f8ter sitt kull en gang i uken i ca 10 uker. Hver gang settes det av to timer og timene bookes i timeplanen. Til \u00e5 begynne med er det fokus p\u00e5 sosiale aktiviteter og praktisk info i forhold for \u00e5 komme igang med studiehverdangen. For eksempel hjelp til registrering p\u00e5 emner, omvisning p\u00e5 campus, nyttige apper fra UiT og Troms\u00f8. Gruppene g\u00e5r raskt igang med \u00e5 jobbe med semesterets emner. Mentorene lager en plan for semesteret med dato for innleveringer, arbeidskrav og eksamen. Studentene jobber med de ulike emnene og mentorene hjelper til med hvordan de kan finne svarene selv og hjelper ogs\u00e5 faglig der de kan. Innholdet i timene fra gang til gang avtales mellom studentene og mentorene. Noen obligatoriske tema de ulike programmene m\u00e5 gjennom gis fra studieadministrasjonen ut fra programmenes egenart.<\/p>\n<p><strong>Handelsh\u00f8gskolen (2 program, 4 campus)<br \/>\n<\/strong>Tekst kommer.<\/p>\n<p><strong>Arktisk og marin biologi (1 program)<br \/>\n<\/strong>Tekst kommer<strong>.<br \/>\n<\/strong><\/p>\n","protected":false},"excerpt":{"rendered":"<p>Fakultet for biovitenskap, fiskeri og \u00f8konomi (BFE) startet med mentorprogram for f\u00f8rste\u00e5rskullene p\u00e5 bachelorprogrammene h\u00f8sten 2017. Mentorene er eldre studenter fra 2-5 \u00e5ret p\u00e5 samme program. Hovedoppgaven til mentorene er \u00e5 legge til rette for at studentene p\u00e5 de nye &hellip; <a href=\"https:\/\/site.uit.no\/mentorbfe\/sample-page\/\">Les videre <span class=\"meta-nav\">&rarr;<\/span><\/a><\/p>\n","protected":false},"author":471,"featured_media":0,"parent":0,"menu_order":0,"comment_status":"closed","ping_status":"open","template":"","meta":{"footnotes":""},"class_list":["post-2","page","type-page","status-publish","hentry"],"_links":{"self":[{"href":"https:\/\/site.uit.no\/mentorbfe\/wp-json\/wp\/v2\/pages\/2","targetHints":{"allow":["GET"]}}],"collection":[{"href":"https:\/\/site.uit.no\/mentorbfe\/wp-json\/wp\/v2\/pages"}],"about":[{"href":"https:\/\/site.uit.no\/mentorbfe\/wp-json\/wp\/v2\/types\/page"}],"author":[{"embeddable":true,"href":"https:\/\/site.uit.no\/mentorbfe\/wp-json\/wp\/v2\/users\/471"}],"replies":[{"embeddable":true,"href":"https:\/\/site.uit.no\/mentorbfe\/wp-json\/wp\/v2\/comments?post=2"}],"version-history":[{"count":19,"href":"https:\/\/site.uit.no\/mentorbfe\/wp-json\/wp\/v2\/pages\/2\/revisions"}],"predecessor-version":[{"id":126,"href":"https:\/\/site.uit.no\/mentorbfe\/wp-json\/wp\/v2\/pages\/2\/revisions\/126"}],"wp:attachment":[{"href":"https:\/\/site.uit.no\/mentorbfe\/wp-json\/wp\/v2\/media?parent=2"}],"curies":[{"name":"wp","href":"https:\/\/api.w.org\/{rel}","templated":true}]}}