{"id":9,"date":"2018-11-05T15:04:11","date_gmt":"2018-11-05T14:04:11","guid":{"rendered":"https:\/\/site.uit.no\/mentorbfe\/?page_id=9"},"modified":"2020-02-12T13:22:11","modified_gmt":"2020-02-12T12:22:11","slug":"programmer-i-mentorordningen","status":"publish","type":"page","link":"https:\/\/site.uit.no\/mentorbfe\/programmer-i-mentorordningen\/","title":{"rendered":"Programmer"},"content":{"rendered":"<p><strong>F\u00f8lgende program fra BFE er med h\u00f8sten 2019:<\/strong><\/p>\n<ul>\n<li><a href=\"https:\/\/uit.no\/om\/enhet\/utdanning?p_dimension_id=88166\"><strong>Norges fiskerih\u00f8gskole (NFH)<\/strong><\/a>\n<ul>\n<li>Bachelor i <a href=\"https:\/\/uit.no\/utdanning\/program\/268961\/bioteknologi_-_bachelor\">bioteknologi<\/a><\/li>\n<li>Bachelor i <a href=\"https:\/\/uit.no\/utdanning\/program\/268899\/fiskeri-_og_havbruksvitenskap_-_bachelor\">fiskeri- og havbruksvitenska<\/a>p<\/li>\n<li><a href=\"https:\/\/uit.no\/utdanning\/program\/268952\/akvamedisin_-_master\">Akvamedisin<\/a> (5-\u00e5rig integrert master)<\/li>\n<\/ul>\n<\/li>\n<li><a href=\"https:\/\/uit.no\/om\/enhet\/forsiden?p_dimension_id=88165\"><strong>Arktisk og marin biologi (AMB)<\/strong><\/a>\n<ul>\n<li>Bachelor i <a href=\"https:\/\/uit.no\/utdanning\/program\/274284\/biologi_-_bachelor\">biologi<\/a><\/li>\n<\/ul>\n<\/li>\n<li><a href=\"https:\/\/uit.no\/om\/enhet\/utdanning?p_dimension_id=88167\"><strong>Handelsh\u00f8gskolen ved UiT (HHT)<\/strong><\/a>\n<ul>\n<li>Bachelor i <a href=\"https:\/\/uit.no\/utdanning\/program\/444240\/okonomi_og_administrasjon_-_bachelor\">\u00f8konomi og administrasjon<\/a> (Harstad)<\/li>\n<li>Bachelor i <a href=\"https:\/\/uit.no\/utdanning\/program\/447877\/okonomi_og_administrasjon_-_bachelor\">\u00f8konomi og administrasjon<\/a> (Narvik)<\/li>\n<li>Bachelor i <a href=\"https:\/\/uit.no\/utdanning\/program\/380539\/okonomi_og_administrasjon_-_bachelor\">\u00f8konomi og administrasjon<\/a> (Alta)<\/li>\n<li>Bachelor i <a href=\"https:\/\/uit.no\/utdanning\/program\/279736\/okonomi_og_administrasjon_-_bachelor\">\u00f8konomi og administrasjon<\/a> (Troms\u00f8)<\/li>\n<li>Bachelor i <a href=\"https:\/\/uit.no\/utdanning\/program\/279756\/ledelse_innovasjon_og_marked_-_bachelor\">ledelse, innovasjon og marked<\/a> (Troms\u00f8)<\/li>\n<li>Bachelor i <a href=\"https:\/\/uit.no\/utdanning\/program\/282747\/samfunnsokonomi_-_bachelor\">samfunns\u00f8konomi<\/a> (Troms\u00f8)<\/li>\n<\/ul>\n<\/li>\n<\/ul>\n<p><strong>F\u00f8lgende program fra BFE er med h\u00f8sten 2018:<\/strong><\/p>\n<ul>\n<li><a href=\"https:\/\/uit.no\/om\/enhet\/utdanning?p_dimension_id=88166\">Norges fiskerih\u00f8gskole (NFH)<\/a>\n<ul>\n<li>Bachelor i bioteknologi<\/li>\n<li>Bachelor i fiskeri- og havbruksvitenskap<\/li>\n<li>Akvamedisin (5-\u00e5rig integrert master)<\/li>\n<\/ul>\n<\/li>\n<li><a href=\"https:\/\/uit.no\/om\/enhet\/forsiden?p_dimension_id=88165\">Arktisk og marin biologi (AMB)<\/a>\n<ul>\n<li>Bachelor i biologi, klima og milj\u00f8<\/li>\n<\/ul>\n<\/li>\n<li><a href=\"https:\/\/uit.no\/om\/enhet\/utdanning?p_dimension_id=88167\">Handelsh\u00f8gskolen ved UiT (HHT)<\/a>\n<ul>\n<li>Bachelor i \u00f8konomi og administrasjon (Harstad)<\/li>\n<li>Bachelor i \u00f8konomi og administrasjon (Narvik)<\/li>\n<li>Bachelor i \u00f8konomi og administrasjon (Alta)<\/li>\n<li>Bachelor i \u00f8konomi og administrasjon (Troms\u00f8)<\/li>\n<li>Bachelor i ledelse, innovasjon og marked (Troms\u00f8)<\/li>\n<\/ul>\n<\/li>\n<\/ul>\n<p><strong>Vi startet h\u00f8sten 2017 med seks programmer p\u00e5 campus Troms\u00f8 og campus Harstad:<\/strong><\/p>\n<ul>\n<li><a href=\"https:\/\/uit.no\/om\/enhet\/utdanning?p_dimension_id=88166\">Norges fiskerih\u00f8gskole (NFH)<\/a>\n<ul>\n<li>Bachelor i bioteknologi<\/li>\n<li>Bachelor i fiskeri- og havbruksvitenskap<\/li>\n<li>Akvamedisin (5-\u00e5rig integrert master)<\/li>\n<\/ul>\n<\/li>\n<li><a href=\"https:\/\/uit.no\/om\/enhet\/forsiden?p_dimension_id=88165\">Arktisk og marin biologi (AMB)<\/a>\n<ul>\n<li>Bachelor i biologi, klima og milj\u00f8<\/li>\n<\/ul>\n<\/li>\n<li><a href=\"https:\/\/uit.no\/om\/enhet\/utdanning?p_dimension_id=88167\">Handelsh\u00f8gskolen ved UiT (HHT)<\/a>\n<ul>\n<li>Bachelor i \u00f8konomi og administrasjon (Harstad)<\/li>\n<li>Bachelor i regnskap og revisjon (Harstad)<\/li>\n<\/ul>\n<\/li>\n<\/ul>\n","protected":false},"excerpt":{"rendered":"<p>F\u00f8lgende program fra BFE er med h\u00f8sten 2019: Norges fiskerih\u00f8gskole (NFH) Bachelor i bioteknologi Bachelor i fiskeri- og havbruksvitenskap Akvamedisin (5-\u00e5rig integrert master) Arktisk og marin biologi (AMB) Bachelor i biologi Handelsh\u00f8gskolen ved UiT (HHT) Bachelor i \u00f8konomi og administrasjon &hellip; <a href=\"https:\/\/site.uit.no\/mentorbfe\/programmer-i-mentorordningen\/\">Les videre <span class=\"meta-nav\">&rarr;<\/span><\/a><\/p>\n","protected":false},"author":471,"featured_media":0,"parent":0,"menu_order":0,"comment_status":"closed","ping_status":"closed","template":"","meta":{"footnotes":""},"class_list":["post-9","page","type-page","status-publish","hentry"],"_links":{"self":[{"href":"https:\/\/site.uit.no\/mentorbfe\/wp-json\/wp\/v2\/pages\/9","targetHints":{"allow":["GET"]}}],"collection":[{"href":"https:\/\/site.uit.no\/mentorbfe\/wp-json\/wp\/v2\/pages"}],"about":[{"href":"https:\/\/site.uit.no\/mentorbfe\/wp-json\/wp\/v2\/types\/page"}],"author":[{"embeddable":true,"href":"https:\/\/site.uit.no\/mentorbfe\/wp-json\/wp\/v2\/users\/471"}],"replies":[{"embeddable":true,"href":"https:\/\/site.uit.no\/mentorbfe\/wp-json\/wp\/v2\/comments?post=9"}],"version-history":[{"count":14,"href":"https:\/\/site.uit.no\/mentorbfe\/wp-json\/wp\/v2\/pages\/9\/revisions"}],"predecessor-version":[{"id":128,"href":"https:\/\/site.uit.no\/mentorbfe\/wp-json\/wp\/v2\/pages\/9\/revisions\/128"}],"wp:attachment":[{"href":"https:\/\/site.uit.no\/mentorbfe\/wp-json\/wp\/v2\/media?parent=9"}],"curies":[{"name":"wp","href":"https:\/\/api.w.org\/{rel}","templated":true}]}}