{"id":137,"date":"2020-09-03T13:28:13","date_gmt":"2020-09-03T11:28:13","guid":{"rendered":"https:\/\/site.uit.no\/miha\/?page_id=137"},"modified":"2021-04-04T15:49:27","modified_gmt":"2021-04-04T13:49:27","slug":"formidling","status":"publish","type":"page","link":"https:\/\/site.uit.no\/miha\/formidling\/","title":{"rendered":"Formidling"},"content":{"rendered":"<p>Prosjektet kommer til \u00e5 resultere i en norsk rapport og flere vitenskapelige peer-review artikler i internasjonale tidsskrifter. Rapporten kommer til \u00e5 skrives i samarbeid med Mental Helse Ungdom. Rapportene kommer til \u00e5 ha en kartleggende funksjon og identifisere resiliens- og risikofaktorer for norske samers mentale helse som kan informere policymakers og andre stakeholders.<\/p>\n<p><a href=\"https:\/\/uit.no\/Content\/721559\/cache=20210403160302\/Miha_Unge_samer_rapport_digital.pdf\">Les rapporten her!\u00a0<\/a><\/p>\n<p><a href=\"https:\/\/uit.no\/project\/miha\/publikasjoner\">Se filmene som er laget i forbindelse med rapporten!<\/a><\/p>\n<p><a href=\"https:\/\/uit.no\/project\/miha\/aktuelt\">Les mediaomtaler om prosjektet her!<\/a><\/p>\n<p>Det vil f\u00f8rst bli publisert artikler fra data fra den kvalitative innsamlingen, deretter tverrsnittsdata fra den f\u00f8rste innsamlingen p\u00e5 den kvantitative delen av studien. Senere i l\u00f8pet av den kvantitative delen, planlegger vi \u00e5 skrive artikler p\u00e5 de kausale sammenhengene i datamaterialet.<\/p>\n<p>&nbsp;<\/p>\n","protected":false},"excerpt":{"rendered":"<p>Prosjektet kommer til \u00e5 resultere i en norsk rapport og flere vitenskapelige peer-review artikler i internasjonale tidsskrifter. Rapporten kommer til \u00e5 skrives i samarbeid med Mental Helse Ungdom. Rapportene kommer til \u00e5 ha en kartleggende funksjon og identifisere resiliens- og &hellip; <a href=\"https:\/\/site.uit.no\/miha\/formidling\/\">Continue reading <span class=\"meta-nav\">&rarr;<\/span><\/a><\/p>\n","protected":false},"author":102,"featured_media":0,"parent":0,"menu_order":0,"comment_status":"closed","ping_status":"closed","template":"","meta":{"footnotes":""},"class_list":["post-137","page","type-page","status-publish","hentry"],"_links":{"self":[{"href":"https:\/\/site.uit.no\/miha\/wp-json\/wp\/v2\/pages\/137","targetHints":{"allow":["GET"]}}],"collection":[{"href":"https:\/\/site.uit.no\/miha\/wp-json\/wp\/v2\/pages"}],"about":[{"href":"https:\/\/site.uit.no\/miha\/wp-json\/wp\/v2\/types\/page"}],"author":[{"embeddable":true,"href":"https:\/\/site.uit.no\/miha\/wp-json\/wp\/v2\/users\/102"}],"replies":[{"embeddable":true,"href":"https:\/\/site.uit.no\/miha\/wp-json\/wp\/v2\/comments?post=137"}],"version-history":[{"count":8,"href":"https:\/\/site.uit.no\/miha\/wp-json\/wp\/v2\/pages\/137\/revisions"}],"predecessor-version":[{"id":172,"href":"https:\/\/site.uit.no\/miha\/wp-json\/wp\/v2\/pages\/137\/revisions\/172"}],"wp:attachment":[{"href":"https:\/\/site.uit.no\/miha\/wp-json\/wp\/v2\/media?parent=137"}],"curies":[{"name":"wp","href":"https:\/\/api.w.org\/{rel}","templated":true}]}}