{"id":40,"date":"2019-07-07T19:02:41","date_gmt":"2019-07-07T17:02:41","guid":{"rendered":"https:\/\/site.uit.no\/miha\/?page_id=40"},"modified":"2021-03-11T20:07:49","modified_gmt":"2021-03-11T19:07:49","slug":"om-miha","status":"publish","type":"page","link":"https:\/\/site.uit.no\/miha\/om-miha\/","title":{"rendered":"Om Mih\u00e1"},"content":{"rendered":"<p><a href=\"https:\/\/uit.no\/project\/miha\">Aktuelt: Ny prosjektside for Mih\u00e1 studien &#8211; Link her!\u00a0<\/a><\/p>\n<p><strong>M\u00e5l med studien<\/strong><\/p>\n<p>I dette forskningsprosjektet er vi interessert i \u00e5 kartlegge din erfaring og opplevelse med \u00e5 v\u00e6re ung same. Denne unders\u00f8kelsen tar for seg utfordringene og opplevelsene dine knyttet til din samiske identitet og psykiske helse. Form\u00e5let er \u00e5 synliggj\u00f8re forhold av betydning som fremmer eller hemmer unge samers psykiske helse. Studiet vil ha et s\u00e6rlig fokus p\u00e5 din samiske identitet, psykiske helse og velv\u00e6re.<\/p>\n<p>M\u00e5let med prosjektet er \u00e5 f\u00e5 kunnskap om unge samers psykiske helse og iverksette forebyggende tiltak som styrker beskyttelsesfaktorene for unge samers identitet og psykiske helse. Kartleggingen skal gi kunnskap om hvordan unge samer opplever sin psykiske helse og om hvilke beskyttelsesfaktorer og risikofaktorer ungdommene opplever.<\/p>\n<p><strong>Studie design<\/strong><\/p>\n<p>Studien f\u00f8lger et mixed-methods design, best\u00e5ende av tre hoveddeler: i) hvor vi f\u00f8rst gjennomf\u00f8rer kvalitative individuelle dybdeintervjuer, ii) fokusgruppeintervjuer\u00a0og iii) gjennomf\u00f8re en longitudinell kvantitativ sp\u00f8rreskjemaunders\u00f8kelse.<\/p>\n<p><strong>Utvalget<\/strong><\/p>\n<p>M\u00e5lgruppen for studien er samiske ungdommer og unge voksne i alderen 16-31 \u00e5r. En sekund\u00e6r m\u00e5lgruppe for den kvalitative unders\u00f8kelsen er helsearbeidere som arbeider med m\u00e5lgruppen og beslutningstagere for samisk politikk.<\/p>\n<p>&nbsp;<\/p>\n","protected":false},"excerpt":{"rendered":"<p>Aktuelt: Ny prosjektside for Mih\u00e1 studien &#8211; Link her!\u00a0 M\u00e5l med studien I dette forskningsprosjektet er vi interessert i \u00e5 kartlegge din erfaring og opplevelse med \u00e5 v\u00e6re ung same. Denne unders\u00f8kelsen tar for seg utfordringene og opplevelsene dine knyttet &hellip; <a href=\"https:\/\/site.uit.no\/miha\/om-miha\/\">Continue reading <span class=\"meta-nav\">&rarr;<\/span><\/a><\/p>\n","protected":false},"author":102,"featured_media":0,"parent":0,"menu_order":0,"comment_status":"closed","ping_status":"closed","template":"","meta":{"footnotes":""},"class_list":["post-40","page","type-page","status-publish","hentry"],"_links":{"self":[{"href":"https:\/\/site.uit.no\/miha\/wp-json\/wp\/v2\/pages\/40","targetHints":{"allow":["GET"]}}],"collection":[{"href":"https:\/\/site.uit.no\/miha\/wp-json\/wp\/v2\/pages"}],"about":[{"href":"https:\/\/site.uit.no\/miha\/wp-json\/wp\/v2\/types\/page"}],"author":[{"embeddable":true,"href":"https:\/\/site.uit.no\/miha\/wp-json\/wp\/v2\/users\/102"}],"replies":[{"embeddable":true,"href":"https:\/\/site.uit.no\/miha\/wp-json\/wp\/v2\/comments?post=40"}],"version-history":[{"count":12,"href":"https:\/\/site.uit.no\/miha\/wp-json\/wp\/v2\/pages\/40\/revisions"}],"predecessor-version":[{"id":163,"href":"https:\/\/site.uit.no\/miha\/wp-json\/wp\/v2\/pages\/40\/revisions\/163"}],"wp:attachment":[{"href":"https:\/\/site.uit.no\/miha\/wp-json\/wp\/v2\/media?parent=40"}],"curies":[{"name":"wp","href":"https:\/\/api.w.org\/{rel}","templated":true}]}}