{"id":437,"date":"2023-10-28T00:31:19","date_gmt":"2023-10-27T22:31:19","guid":{"rendered":"https:\/\/site.uit.no\/momentum\/?page_id=437"},"modified":"2025-02-07T11:58:17","modified_gmt":"2025-02-07T10:58:17","slug":"om-oss","status":"publish","type":"page","link":"https:\/\/site.uit.no\/momentum\/om-oss\/","title":{"rendered":"Om oss"},"content":{"rendered":"\t\t<div data-elementor-type=\"wp-page\" data-elementor-id=\"437\" class=\"elementor elementor-437\" data-elementor-post-type=\"page\">\n\t\t\t\t<div class=\"elementor-element elementor-element-6f4ff015 e-flex e-con-boxed e-con e-parent\" data-id=\"6f4ff015\" data-element_type=\"container\" data-e-type=\"container\">\n\t\t\t\t\t<div class=\"e-con-inner\">\n\t\t\t\t<div class=\"elementor-element elementor-element-4bab3ea9 elementor-widget elementor-widget-text-editor\" data-id=\"4bab3ea9\" data-element_type=\"widget\" data-e-type=\"widget\" data-widget_type=\"text-editor.default\">\n\t\t\t\t<div class=\"elementor-widget-container\">\n\t\t\t\t\t\t\t\t\t\n<h2 class=\"wp-block-heading\">Om oss<\/h2>\n\n<ul class=\"wp-block-social-links is-layout-flex wp-block-social-links-is-layout-flex\"><li class=\"wp-social-link wp-social-link-facebook  wp-block-social-link\"><a href=\"https:\/\/www.facebook.com\/momentumuit\" class=\"wp-block-social-link-anchor\"><svg width=\"24\" height=\"24\" viewBox=\"0 0 24 24\" version=\"1.1\" xmlns=\"http:\/\/www.w3.org\/2000\/svg\" aria-hidden=\"true\" focusable=\"false\"><path d=\"M12 2C6.5 2 2 6.5 2 12c0 5 3.7 9.1 8.4 9.9v-7H7.9V12h2.5V9.8c0-2.5 1.5-3.9 3.8-3.9 1.1 0 2.2.2 2.2.2v2.5h-1.3c-1.2 0-1.6.8-1.6 1.6V12h2.8l-.4 2.9h-2.3v7C18.3 21.1 22 17 22 12c0-5.5-4.5-10-10-10z\"><\/path><\/svg><span class=\"wp-block-social-link-label screen-reader-text\">Facebook<\/span><\/a><\/li><li class=\"wp-social-link wp-social-link-instagram  wp-block-social-link\"><a href=\"https:\/\/www.instagram.com\/momentumuit\/\" class=\"wp-block-social-link-anchor\"><svg width=\"24\" height=\"24\" viewBox=\"0 0 24 24\" version=\"1.1\" xmlns=\"http:\/\/www.w3.org\/2000\/svg\" aria-hidden=\"true\" focusable=\"false\"><path d=\"M12,4.622c2.403,0,2.688,0.009,3.637,0.052c0.877,0.04,1.354,0.187,1.671,0.31c0.42,0.163,0.72,0.358,1.035,0.673 c0.315,0.315,0.51,0.615,0.673,1.035c0.123,0.317,0.27,0.794,0.31,1.671c0.043,0.949,0.052,1.234,0.052,3.637 s-0.009,2.688-0.052,3.637c-0.04,0.877-0.187,1.354-0.31,1.671c-0.163,0.42-0.358,0.72-0.673,1.035 c-0.315,0.315-0.615,0.51-1.035,0.673c-0.317,0.123-0.794,0.27-1.671,0.31c-0.949,0.043-1.233,0.052-3.637,0.052 s-2.688-0.009-3.637-0.052c-0.877-0.04-1.354-0.187-1.671-0.31c-0.42-0.163-0.72-0.358-1.035-0.673 c-0.315-0.315-0.51-0.615-0.673-1.035c-0.123-0.317-0.27-0.794-0.31-1.671C4.631,14.688,4.622,14.403,4.622,12 s0.009-2.688,0.052-3.637c0.04-0.877,0.187-1.354,0.31-1.671c0.163-0.42,0.358-0.72,0.673-1.035 c0.315-0.315,0.615-0.51,1.035-0.673c0.317-0.123,0.794-0.27,1.671-0.31C9.312,4.631,9.597,4.622,12,4.622 M12,3 C9.556,3,9.249,3.01,8.289,3.054C7.331,3.098,6.677,3.25,6.105,3.472C5.513,3.702,5.011,4.01,4.511,4.511 c-0.5,0.5-0.808,1.002-1.038,1.594C3.25,6.677,3.098,7.331,3.054,8.289C3.01,9.249,3,9.556,3,12c0,2.444,0.01,2.751,0.054,3.711 c0.044,0.958,0.196,1.612,0.418,2.185c0.23,0.592,0.538,1.094,1.038,1.594c0.5,0.5,1.002,0.808,1.594,1.038 c0.572,0.222,1.227,0.375,2.185,0.418C9.249,20.99,9.556,21,12,21s2.751-0.01,3.711-0.054c0.958-0.044,1.612-0.196,2.185-0.418 c0.592-0.23,1.094-0.538,1.594-1.038c0.5-0.5,0.808-1.002,1.038-1.594c0.222-0.572,0.375-1.227,0.418-2.185 C20.99,14.751,21,14.444,21,12s-0.01-2.751-0.054-3.711c-0.044-0.958-0.196-1.612-0.418-2.185c-0.23-0.592-0.538-1.094-1.038-1.594 c-0.5-0.5-1.002-0.808-1.594-1.038c-0.572-0.222-1.227-0.375-2.185-0.418C14.751,3.01,14.444,3,12,3L12,3z M12,7.378 c-2.552,0-4.622,2.069-4.622,4.622S9.448,16.622,12,16.622s4.622-2.069,4.622-4.622S14.552,7.378,12,7.378z M12,15 c-1.657,0-3-1.343-3-3s1.343-3,3-3s3,1.343,3,3S13.657,15,12,15z M16.804,6.116c-0.596,0-1.08,0.484-1.08,1.08 s0.484,1.08,1.08,1.08c0.596,0,1.08-0.484,1.08-1.08S17.401,6.116,16.804,6.116z\"><\/path><\/svg><span class=\"wp-block-social-link-label screen-reader-text\">Instagram<\/span><\/a><\/li><\/ul>\n\n<p>Momentum er en linjeforening for realfagsstudenter ved UiT.<br \/>Vi jobber for \u00e5 skape en platform for v\u00e5re medlemmer hvor de kan m\u00f8tes i b\u00e5de sosiale og faglige settinger arrangert av oss.<\/p>\n\n<h2 class=\"wp-block-heading\">Styremedlemmer<\/h2>\n<div class=\"wp-block-media-text alignwide is-stacked-on-mobile\">\n<div class=\"wp-block-media-text__content\"><\/div>\n<\/div>\n<!-- \/wp:media-text -->\t\t\t\t\t\t\t\t<\/div>\n\t\t\t\t<\/div>\n\t\t\t\t\t<\/div>\n\t\t\t\t<\/div>\n\t\t<div class=\"elementor-element elementor-element-06fbe9a e-grid e-con-boxed e-con e-parent\" data-id=\"06fbe9a\" data-element_type=\"container\" data-e-type=\"container\">\n\t\t\t\t\t<div class=\"e-con-inner\">\n\t\t\t\t<div class=\"elementor-element elementor-element-c0797e1 elementor-widget elementor-widget-image\" data-id=\"c0797e1\" data-element_type=\"widget\" data-e-type=\"widget\" data-widget_type=\"image.default\">\n\t\t\t\t<div class=\"elementor-widget-container\">\n\t\t\t\t\t\t\t\t\t\t\t\t<figure class=\"wp-caption\">\n\t\t\t\t\t\t\t\t\t\t<img fetchpriority=\"high\" decoding=\"async\" width=\"688\" height=\"1024\" src=\"https:\/\/site.uit.no\/momentum\/wp-content\/uploads\/sites\/24\/2024\/01\/vilde_1-688x1024.jpg\" class=\"attachment-large size-large wp-image-538\" alt=\"\" srcset=\"https:\/\/site.uit.no\/momentum\/wp-content\/uploads\/sites\/24\/2024\/01\/vilde_1-688x1024.jpg 688w, https:\/\/site.uit.no\/momentum\/wp-content\/uploads\/sites\/24\/2024\/01\/vilde_1-202x300.jpg 202w, https:\/\/site.uit.no\/momentum\/wp-content\/uploads\/sites\/24\/2024\/01\/vilde_1-768x1143.jpg 768w, https:\/\/site.uit.no\/momentum\/wp-content\/uploads\/sites\/24\/2024\/01\/vilde_1-1032x1536.jpg 1032w, https:\/\/site.uit.no\/momentum\/wp-content\/uploads\/sites\/24\/2024\/01\/vilde_1-1376x2048.jpg 1376w, https:\/\/site.uit.no\/momentum\/wp-content\/uploads\/sites\/24\/2024\/01\/vilde_1-scaled.jpg 1720w\" sizes=\"(max-width: 688px) 100vw, 688px\" \/>\t\t\t\t\t\t\t\t\t\t\t<figcaption class=\"widget-image-caption wp-caption-text\">Styreleder - Vilde Kaarby Rygge\u00a0- Romfysikk<\/figcaption>\n\t\t\t\t\t\t\t\t\t\t<\/figure>\n\t\t\t\t\t\t\t\t\t<\/div>\n\t\t\t\t<\/div>\n\t\t\t\t<div class=\"elementor-element elementor-element-3118dd6 elementor-widget elementor-widget-image\" data-id=\"3118dd6\" data-element_type=\"widget\" data-e-type=\"widget\" data-widget_type=\"image.default\">\n\t\t\t\t<div class=\"elementor-widget-container\">\n\t\t\t\t\t\t\t\t\t\t\t\t<figure class=\"wp-caption\">\n\t\t\t\t\t\t\t\t\t\t<img decoding=\"async\" width=\"683\" height=\"1024\" data-src=\"https:\/\/site.uit.no\/momentum\/wp-content\/uploads\/sites\/24\/2024\/01\/Nea_1-1-683x1024.jpg\" class=\"attachment-large size-large wp-image-550 lazyload\" alt=\"\" data-srcset=\"https:\/\/site.uit.no\/momentum\/wp-content\/uploads\/sites\/24\/2024\/01\/Nea_1-1-683x1024.jpg 683w, https:\/\/site.uit.no\/momentum\/wp-content\/uploads\/sites\/24\/2024\/01\/Nea_1-1-200x300.jpg 200w, https:\/\/site.uit.no\/momentum\/wp-content\/uploads\/sites\/24\/2024\/01\/Nea_1-1-768x1152.jpg 768w, https:\/\/site.uit.no\/momentum\/wp-content\/uploads\/sites\/24\/2024\/01\/Nea_1-1-1024x1536.jpg 1024w, https:\/\/site.uit.no\/momentum\/wp-content\/uploads\/sites\/24\/2024\/01\/Nea_1-1-1365x2048.jpg 1365w, https:\/\/site.uit.no\/momentum\/wp-content\/uploads\/sites\/24\/2024\/01\/Nea_1-1-scaled.jpg 1707w\" data-sizes=\"(max-width: 683px) 100vw, 683px\" src=\"data:image\/svg+xml;base64,PHN2ZyB3aWR0aD0iMSIgaGVpZ2h0PSIxIiB4bWxucz0iaHR0cDovL3d3dy53My5vcmcvMjAwMC9zdmciPjwvc3ZnPg==\" style=\"--smush-placeholder-width: 683px; --smush-placeholder-aspect-ratio: 683\/1024;\" \/>\t\t\t\t\t\t\t\t\t\t\t<figcaption class=\"widget-image-caption wp-caption-text\">Nestleder - Nea Moltzau Schr\u00f8der\u00a0- Romfysikk<\/figcaption>\n\t\t\t\t\t\t\t\t\t\t<\/figure>\n\t\t\t\t\t\t\t\t\t<\/div>\n\t\t\t\t<\/div>\n\t\t\t\t<div class=\"elementor-element elementor-element-7d6757c elementor-widget elementor-widget-image\" data-id=\"7d6757c\" data-element_type=\"widget\" data-e-type=\"widget\" data-widget_type=\"image.default\">\n\t\t\t\t<div class=\"elementor-widget-container\">\n\t\t\t\t\t\t\t\t\t\t\t\t<figure class=\"wp-caption\">\n\t\t\t\t\t\t\t\t\t\t<img decoding=\"async\" width=\"683\" height=\"1024\" data-src=\"https:\/\/site.uit.no\/momentum\/wp-content\/uploads\/sites\/24\/2024\/01\/Tobias_1-1-683x1024.jpg\" class=\"attachment-large size-large wp-image-552 lazyload\" alt=\"\" data-srcset=\"https:\/\/site.uit.no\/momentum\/wp-content\/uploads\/sites\/24\/2024\/01\/Tobias_1-1-683x1024.jpg 683w, https:\/\/site.uit.no\/momentum\/wp-content\/uploads\/sites\/24\/2024\/01\/Tobias_1-1-200x300.jpg 200w, https:\/\/site.uit.no\/momentum\/wp-content\/uploads\/sites\/24\/2024\/01\/Tobias_1-1-768x1152.jpg 768w, https:\/\/site.uit.no\/momentum\/wp-content\/uploads\/sites\/24\/2024\/01\/Tobias_1-1-1024x1536.jpg 1024w, https:\/\/site.uit.no\/momentum\/wp-content\/uploads\/sites\/24\/2024\/01\/Tobias_1-1-1365x2048.jpg 1365w, https:\/\/site.uit.no\/momentum\/wp-content\/uploads\/sites\/24\/2024\/01\/Tobias_1-1-scaled.jpg 1707w\" data-sizes=\"(max-width: 683px) 100vw, 683px\" src=\"data:image\/svg+xml;base64,PHN2ZyB3aWR0aD0iMSIgaGVpZ2h0PSIxIiB4bWxucz0iaHR0cDovL3d3dy53My5vcmcvMjAwMC9zdmciPjwvc3ZnPg==\" style=\"--smush-placeholder-width: 683px; --smush-placeholder-aspect-ratio: 683\/1024;\" \/>\t\t\t\t\t\t\t\t\t\t\t<figcaption class=\"widget-image-caption wp-caption-text\">\u00d8konomiansvarlig - Johan Tobias S\u00e4ll - Romfysikk<\/figcaption>\n\t\t\t\t\t\t\t\t\t\t<\/figure>\n\t\t\t\t\t\t\t\t\t<\/div>\n\t\t\t\t<\/div>\n\t\t\t\t<div class=\"elementor-element elementor-element-6156708 elementor-widget elementor-widget-image\" data-id=\"6156708\" data-element_type=\"widget\" data-e-type=\"widget\" data-widget_type=\"image.default\">\n\t\t\t\t<div class=\"elementor-widget-container\">\n\t\t\t\t\t\t\t\t\t\t\t\t<figure class=\"wp-caption\">\n\t\t\t\t\t\t\t\t\t\t\t<a href=\"https:\/\/site.uit.no\/momentum\/wp-content\/uploads\/sites\/24\/2024\/01\/Cecilie_1-1-scaled.jpg\" data-elementor-open-lightbox=\"no\">\n\t\t\t\t\t\t\t<img decoding=\"async\" width=\"683\" height=\"1024\" data-src=\"https:\/\/site.uit.no\/momentum\/wp-content\/uploads\/sites\/24\/2024\/01\/Cecilie_1-1-683x1024.jpg\" class=\"attachment-large size-large wp-image-546 lazyload\" alt=\"\" data-srcset=\"https:\/\/site.uit.no\/momentum\/wp-content\/uploads\/sites\/24\/2024\/01\/Cecilie_1-1-683x1024.jpg 683w, https:\/\/site.uit.no\/momentum\/wp-content\/uploads\/sites\/24\/2024\/01\/Cecilie_1-1-200x300.jpg 200w, https:\/\/site.uit.no\/momentum\/wp-content\/uploads\/sites\/24\/2024\/01\/Cecilie_1-1-768x1152.jpg 768w, https:\/\/site.uit.no\/momentum\/wp-content\/uploads\/sites\/24\/2024\/01\/Cecilie_1-1-1024x1536.jpg 1024w, https:\/\/site.uit.no\/momentum\/wp-content\/uploads\/sites\/24\/2024\/01\/Cecilie_1-1-1365x2048.jpg 1365w, https:\/\/site.uit.no\/momentum\/wp-content\/uploads\/sites\/24\/2024\/01\/Cecilie_1-1-scaled.jpg 1707w\" data-sizes=\"(max-width: 683px) 100vw, 683px\" src=\"data:image\/svg+xml;base64,PHN2ZyB3aWR0aD0iMSIgaGVpZ2h0PSIxIiB4bWxucz0iaHR0cDovL3d3dy53My5vcmcvMjAwMC9zdmciPjwvc3ZnPg==\" style=\"--smush-placeholder-width: 683px; --smush-placeholder-aspect-ratio: 683\/1024;\" \/>\t\t\t\t\t\t\t\t<\/a>\n\t\t\t\t\t\t\t\t\t\t\t<figcaption class=\"widget-image-caption wp-caption-text\">Arrangementsansvarlig - Cecilie Bamer - Romfysikk<\/figcaption>\n\t\t\t\t\t\t\t\t\t\t<\/figure>\n\t\t\t\t\t\t\t\t\t<\/div>\n\t\t\t\t<\/div>\n\t\t\t\t\t<\/div>\n\t\t\t\t<\/div>\n\t\t<div class=\"elementor-element elementor-element-969ef5b e-grid e-con-boxed e-con e-parent\" data-id=\"969ef5b\" data-element_type=\"container\" data-e-type=\"container\">\n\t\t\t\t\t<div class=\"e-con-inner\">\n\t\t\t\t<div class=\"elementor-element elementor-element-a28f194 elementor-widget elementor-widget-image\" data-id=\"a28f194\" data-element_type=\"widget\" data-e-type=\"widget\" data-widget_type=\"image.default\">\n\t\t\t\t<div class=\"elementor-widget-container\">\n\t\t\t\t\t\t\t\t\t\t\t\t<figure class=\"wp-caption\">\n\t\t\t\t\t\t\t\t\t\t<img decoding=\"async\" width=\"683\" height=\"1024\" data-src=\"https:\/\/site.uit.no\/momentum\/wp-content\/uploads\/sites\/24\/2024\/01\/Lukas_1-1-683x1024.jpg\" class=\"attachment-large size-large wp-image-548 lazyload\" alt=\"\" data-srcset=\"https:\/\/site.uit.no\/momentum\/wp-content\/uploads\/sites\/24\/2024\/01\/Lukas_1-1-683x1024.jpg 683w, https:\/\/site.uit.no\/momentum\/wp-content\/uploads\/sites\/24\/2024\/01\/Lukas_1-1-200x300.jpg 200w, https:\/\/site.uit.no\/momentum\/wp-content\/uploads\/sites\/24\/2024\/01\/Lukas_1-1-768x1152.jpg 768w, https:\/\/site.uit.no\/momentum\/wp-content\/uploads\/sites\/24\/2024\/01\/Lukas_1-1-1024x1536.jpg 1024w, https:\/\/site.uit.no\/momentum\/wp-content\/uploads\/sites\/24\/2024\/01\/Lukas_1-1-1365x2048.jpg 1365w, https:\/\/site.uit.no\/momentum\/wp-content\/uploads\/sites\/24\/2024\/01\/Lukas_1-1-scaled.jpg 1707w\" data-sizes=\"(max-width: 683px) 100vw, 683px\" src=\"data:image\/svg+xml;base64,PHN2ZyB3aWR0aD0iMSIgaGVpZ2h0PSIxIiB4bWxucz0iaHR0cDovL3d3dy53My5vcmcvMjAwMC9zdmciPjwvc3ZnPg==\" style=\"--smush-placeholder-width: 683px; --smush-placeholder-aspect-ratio: 683\/1024;\" \/>\t\t\t\t\t\t\t\t\t\t\t<figcaption class=\"widget-image-caption wp-caption-text\">Styremedlem - Lukas Jordbru - Romfysikk<\/figcaption>\n\t\t\t\t\t\t\t\t\t\t<\/figure>\n\t\t\t\t\t\t\t\t\t<\/div>\n\t\t\t\t<\/div>\n\t\t\t\t<div class=\"elementor-element elementor-element-4e6dc7a elementor-widget elementor-widget-image\" data-id=\"4e6dc7a\" data-element_type=\"widget\" data-e-type=\"widget\" data-widget_type=\"image.default\">\n\t\t\t\t<div class=\"elementor-widget-container\">\n\t\t\t\t\t\t\t\t\t\t\t\t<figure class=\"wp-caption\">\n\t\t\t\t\t\t\t\t\t\t<img decoding=\"async\" width=\"683\" height=\"1024\" data-src=\"https:\/\/site.uit.no\/momentum\/wp-content\/uploads\/sites\/24\/2024\/01\/Marieluise_1-1-683x1024.jpg\" class=\"attachment-large size-large wp-image-549 lazyload\" alt=\"\" data-srcset=\"https:\/\/site.uit.no\/momentum\/wp-content\/uploads\/sites\/24\/2024\/01\/Marieluise_1-1-683x1024.jpg 683w, https:\/\/site.uit.no\/momentum\/wp-content\/uploads\/sites\/24\/2024\/01\/Marieluise_1-1-200x300.jpg 200w, https:\/\/site.uit.no\/momentum\/wp-content\/uploads\/sites\/24\/2024\/01\/Marieluise_1-1-768x1152.jpg 768w, https:\/\/site.uit.no\/momentum\/wp-content\/uploads\/sites\/24\/2024\/01\/Marieluise_1-1-1024x1536.jpg 1024w, https:\/\/site.uit.no\/momentum\/wp-content\/uploads\/sites\/24\/2024\/01\/Marieluise_1-1-1365x2048.jpg 1365w, https:\/\/site.uit.no\/momentum\/wp-content\/uploads\/sites\/24\/2024\/01\/Marieluise_1-1-scaled.jpg 1707w\" data-sizes=\"(max-width: 683px) 100vw, 683px\" src=\"data:image\/svg+xml;base64,PHN2ZyB3aWR0aD0iMSIgaGVpZ2h0PSIxIiB4bWxucz0iaHR0cDovL3d3dy53My5vcmcvMjAwMC9zdmciPjwvc3ZnPg==\" style=\"--smush-placeholder-width: 683px; --smush-placeholder-aspect-ratio: 683\/1024;\" \/>\t\t\t\t\t\t\t\t\t\t\t<figcaption class=\"widget-image-caption wp-caption-text\">Styremedlem - Marieluise Schmitt Gran\u00a0- Romfysikk<\/figcaption>\n\t\t\t\t\t\t\t\t\t\t<\/figure>\n\t\t\t\t\t\t\t\t\t<\/div>\n\t\t\t\t<\/div>\n\t\t\t\t<div class=\"elementor-element elementor-element-c8d6752 elementor-widget elementor-widget-text-editor\" data-id=\"c8d6752\" data-element_type=\"widget\" data-e-type=\"widget\" data-widget_type=\"text-editor.default\">\n\t\t\t\t<div class=\"elementor-widget-container\">\n\t\t\t\t\t\t\t\t\t<h6>Medieansvarlig<\/h6>\n<p>Martin Wilsher Loewe<br \/>Prosessteknologi<\/p>\t\t\t\t\t\t\t\t<\/div>\n\t\t\t\t<\/div>\n\t\t\t\t\t<\/div>\n\t\t\t\t<\/div>\n\t\t<div class=\"elementor-element elementor-element-1f098d2 e-flex e-con-boxed e-con e-parent\" data-id=\"1f098d2\" data-element_type=\"container\" data-e-type=\"container\">\n\t\t\t\t\t<div class=\"e-con-inner\">\n\t\t\t\t<div class=\"elementor-element elementor-element-805c348 elementor-widget elementor-widget-text-editor\" data-id=\"805c348\" data-element_type=\"widget\" data-e-type=\"widget\" data-widget_type=\"text-editor.default\">\n\t\t\t\t<div class=\"elementor-widget-container\">\n\t\t\t\t\t\t\t\t\t<h2 class=\"wp-block-heading\">Kontakt informasjon<\/h2>\n<p><!-- \/wp:heading --><!-- wp:paragraph --><\/p>\n<p>Du kan kontakte linjeforeningen her: <a href=\"mailto:linjeforening.momentum@uit.no\">linjeforening.momentum@uit.no<\/a><\/p>\t\t\t\t\t\t\t\t<\/div>\n\t\t\t\t<\/div>\n\t\t\t\t\t<\/div>\n\t\t\t\t<\/div>\n\t\t<div class=\"elementor-element elementor-element-779fa61 e-con-full e-flex e-con e-parent\" data-id=\"779fa61\" data-element_type=\"container\" data-e-type=\"container\">\n\t\t\t\t<div class=\"elementor-element elementor-element-79d83a9 elementor-widget elementor-widget-google_maps\" data-id=\"79d83a9\" data-element_type=\"widget\" data-e-type=\"widget\" data-widget_type=\"google_maps.default\">\n\t\t\t\t<div class=\"elementor-widget-container\">\n\t\t\t\t\t\t\t<div class=\"elementor-custom-embed\">\n\t\t\t<iframe\n\t\t\t\t\tdata-src=\"https:\/\/maps.google.com\/maps?q=Hansine%20Hansens%20veg%2018%2C%209019%20Troms%C3%B8&#038;t=m&#038;z=10&#038;output=embed&#038;iwloc=near\"\n\t\t\t\t\ttitle=\"Hansine Hansens veg 18, 9019 Troms\u00f8\"\n\t\t\t\t\taria-label=\"Hansine Hansens veg 18, 9019 Troms\u00f8\"\n\t\t\t src=\"data:image\/svg+xml;base64,PHN2ZyB3aWR0aD0iMSIgaGVpZ2h0PSIxIiB4bWxucz0iaHR0cDovL3d3dy53My5vcmcvMjAwMC9zdmciPjwvc3ZnPg==\" class=\"lazyload\" data-load-mode=\"1\"><\/iframe>\n\t\t<\/div>\n\t\t\t\t\t\t<\/div>\n\t\t\t\t<\/div>\n\t\t\t\t<\/div>\n\t\t\t\t<\/div>\n\t\t","protected":false},"excerpt":{"rendered":"<p>Om oss Momentum er en linjeforening for realfagsstudenter ved UiT.Vi jobber for \u00e5 skape en platform for v\u00e5re medlemmer hvor de kan m\u00f8tes i b\u00e5de sosiale og faglige settinger arrangert av oss. Styremedlemmer Styreleder &#8211; Vilde Kaarby Rygge\u00a0&#8211; Romfysikk Nestleder &#8211; Nea Moltzau Schr\u00f8der\u00a0&#8211; Romfysikk \u00d8konomiansvarlig &#8211; Johan Tobias S\u00e4ll &#8211; Romfysikk Arrangementsansvarlig &#8211; Cecilie [&hellip;]<\/p>\n","protected":false},"author":123627,"featured_media":0,"parent":0,"menu_order":0,"comment_status":"closed","ping_status":"closed","template":"","meta":{"site-sidebar-layout":"default","site-content-layout":"","ast-site-content-layout":"default","site-content-style":"default","site-sidebar-style":"default","ast-global-header-display":"","ast-banner-title-visibility":"","ast-main-header-display":"","ast-hfb-above-header-display":"","ast-hfb-below-header-display":"","ast-hfb-mobile-header-display":"","site-post-title":"disabled","ast-breadcrumbs-content":"","ast-featured-img":"","footer-sml-layout":"","ast-disable-related-posts":"","theme-transparent-header-meta":"","adv-header-id-meta":"","stick-header-meta":"","header-above-stick-meta":"","header-main-stick-meta":"","header-below-stick-meta":"","astra-migrate-meta-layouts":"","ast-page-background-enabled":"default","ast-page-background-meta":{"desktop":{"background-color":"var(--ast-global-color-4)","background-image":"","background-repeat":"repeat","background-position":"center center","background-size":"auto","background-attachment":"scroll","background-type":"","background-media":"","overlay-type":"","overlay-color":"","overlay-opacity":"","overlay-gradient":""},"tablet":{"background-color":"","background-image":"","background-repeat":"repeat","background-position":"center center","background-size":"auto","background-attachment":"scroll","background-type":"","background-media":"","overlay-type":"","overlay-color":"","overlay-opacity":"","overlay-gradient":""},"mobile":{"background-color":"","background-image":"","background-repeat":"repeat","background-position":"center center","background-size":"auto","background-attachment":"scroll","background-type":"","background-media":"","overlay-type":"","overlay-color":"","overlay-opacity":"","overlay-gradient":""}},"ast-content-background-meta":{"desktop":{"background-color":"var(--ast-global-color-5)","background-image":"","background-repeat":"repeat","background-position":"center center","background-size":"auto","background-attachment":"scroll","background-type":"","background-media":"","overlay-type":"","overlay-color":"","overlay-opacity":"","overlay-gradient":""},"tablet":{"background-color":"var(--ast-global-color-5)","background-image":"","background-repeat":"repeat","background-position":"center center","background-size":"auto","background-attachment":"scroll","background-type":"","background-media":"","overlay-type":"","overlay-color":"","overlay-opacity":"","overlay-gradient":""},"mobile":{"background-color":"var(--ast-global-color-5)","background-image":"","background-repeat":"repeat","background-position":"center center","background-size":"auto","background-attachment":"scroll","background-type":"","background-media":"","overlay-type":"","overlay-color":"","overlay-opacity":"","overlay-gradient":""}},"footnotes":""},"class_list":["post-437","page","type-page","status-publish","hentry"],"_links":{"self":[{"href":"https:\/\/site.uit.no\/momentum\/wp-json\/wp\/v2\/pages\/437","targetHints":{"allow":["GET"]}}],"collection":[{"href":"https:\/\/site.uit.no\/momentum\/wp-json\/wp\/v2\/pages"}],"about":[{"href":"https:\/\/site.uit.no\/momentum\/wp-json\/wp\/v2\/types\/page"}],"author":[{"embeddable":true,"href":"https:\/\/site.uit.no\/momentum\/wp-json\/wp\/v2\/users\/123627"}],"replies":[{"embeddable":true,"href":"https:\/\/site.uit.no\/momentum\/wp-json\/wp\/v2\/comments?post=437"}],"version-history":[{"count":3,"href":"https:\/\/site.uit.no\/momentum\/wp-json\/wp\/v2\/pages\/437\/revisions"}],"predecessor-version":[{"id":736,"href":"https:\/\/site.uit.no\/momentum\/wp-json\/wp\/v2\/pages\/437\/revisions\/736"}],"wp:attachment":[{"href":"https:\/\/site.uit.no\/momentum\/wp-json\/wp\/v2\/media?parent=437"}],"curies":[{"name":"wp","href":"https:\/\/api.w.org\/{rel}","templated":true}]}}