{"id":700,"date":"2025-02-07T10:43:43","date_gmt":"2025-02-07T09:43:43","guid":{"rendered":"https:\/\/site.uit.no\/momentum\/?page_id=700"},"modified":"2025-02-07T11:54:39","modified_gmt":"2025-02-07T10:54:39","slug":"elementor-page-700","status":"publish","type":"page","link":"https:\/\/site.uit.no\/momentum\/elementor-page-700\/","title":{"rendered":"For bedrifter"},"content":{"rendered":"\n<ul class=\"wp-block-social-links is-layout-flex wp-block-social-links-is-layout-flex\"><li class=\"wp-social-link wp-social-link-facebook  wp-block-social-link\"><a href=\"https:\/\/www.facebook.com\/momentumuit\" class=\"wp-block-social-link-anchor\"><svg width=\"24\" height=\"24\" viewBox=\"0 0 24 24\" version=\"1.1\" xmlns=\"http:\/\/www.w3.org\/2000\/svg\" aria-hidden=\"true\" focusable=\"false\"><path d=\"M12 2C6.5 2 2 6.5 2 12c0 5 3.7 9.1 8.4 9.9v-7H7.9V12h2.5V9.8c0-2.5 1.5-3.9 3.8-3.9 1.1 0 2.2.2 2.2.2v2.5h-1.3c-1.2 0-1.6.8-1.6 1.6V12h2.8l-.4 2.9h-2.3v7C18.3 21.1 22 17 22 12c0-5.5-4.5-10-10-10z\"><\/path><\/svg><span class=\"wp-block-social-link-label screen-reader-text\">Facebook<\/span><\/a><\/li>\n\n<li class=\"wp-social-link wp-social-link-instagram  wp-block-social-link\"><a href=\"https:\/\/www.instagram.com\/momentumuit\/\" class=\"wp-block-social-link-anchor\"><svg width=\"24\" height=\"24\" viewBox=\"0 0 24 24\" version=\"1.1\" xmlns=\"http:\/\/www.w3.org\/2000\/svg\" aria-hidden=\"true\" focusable=\"false\"><path d=\"M12,4.622c2.403,0,2.688,0.009,3.637,0.052c0.877,0.04,1.354,0.187,1.671,0.31c0.42,0.163,0.72,0.358,1.035,0.673 c0.315,0.315,0.51,0.615,0.673,1.035c0.123,0.317,0.27,0.794,0.31,1.671c0.043,0.949,0.052,1.234,0.052,3.637 s-0.009,2.688-0.052,3.637c-0.04,0.877-0.187,1.354-0.31,1.671c-0.163,0.42-0.358,0.72-0.673,1.035 c-0.315,0.315-0.615,0.51-1.035,0.673c-0.317,0.123-0.794,0.27-1.671,0.31c-0.949,0.043-1.233,0.052-3.637,0.052 s-2.688-0.009-3.637-0.052c-0.877-0.04-1.354-0.187-1.671-0.31c-0.42-0.163-0.72-0.358-1.035-0.673 c-0.315-0.315-0.51-0.615-0.673-1.035c-0.123-0.317-0.27-0.794-0.31-1.671C4.631,14.688,4.622,14.403,4.622,12 s0.009-2.688,0.052-3.637c0.04-0.877,0.187-1.354,0.31-1.671c0.163-0.42,0.358-0.72,0.673-1.035 c0.315-0.315,0.615-0.51,1.035-0.673c0.317-0.123,0.794-0.27,1.671-0.31C9.312,4.631,9.597,4.622,12,4.622 M12,3 C9.556,3,9.249,3.01,8.289,3.054C7.331,3.098,6.677,3.25,6.105,3.472C5.513,3.702,5.011,4.01,4.511,4.511 c-0.5,0.5-0.808,1.002-1.038,1.594C3.25,6.677,3.098,7.331,3.054,8.289C3.01,9.249,3,9.556,3,12c0,2.444,0.01,2.751,0.054,3.711 c0.044,0.958,0.196,1.612,0.418,2.185c0.23,0.592,0.538,1.094,1.038,1.594c0.5,0.5,1.002,0.808,1.594,1.038 c0.572,0.222,1.227,0.375,2.185,0.418C9.249,20.99,9.556,21,12,21s2.751-0.01,3.711-0.054c0.958-0.044,1.612-0.196,2.185-0.418 c0.592-0.23,1.094-0.538,1.594-1.038c0.5-0.5,0.808-1.002,1.038-1.594c0.222-0.572,0.375-1.227,0.418-2.185 C20.99,14.751,21,14.444,21,12s-0.01-2.751-0.054-3.711c-0.044-0.958-0.196-1.612-0.418-2.185c-0.23-0.592-0.538-1.094-1.038-1.594 c-0.5-0.5-1.002-0.808-1.594-1.038c-0.572-0.222-1.227-0.375-2.185-0.418C14.751,3.01,14.444,3,12,3L12,3z M12,7.378 c-2.552,0-4.622,2.069-4.622,4.622S9.448,16.622,12,16.622s4.622-2.069,4.622-4.622S14.552,7.378,12,7.378z M12,15 c-1.657,0-3-1.343-3-3s1.343-3,3-3s3,1.343,3,3S13.657,15,12,15z M16.804,6.116c-0.596,0-1.08,0.484-1.08,1.08 s0.484,1.08,1.08,1.08c0.596,0,1.08-0.484,1.08-1.08S17.401,6.116,16.804,6.116z\"><\/path><\/svg><span class=\"wp-block-social-link-label screen-reader-text\">Instagram<\/span><\/a><\/li><\/ul>\n\n\n<h2>For bedrifter<\/h2>\n<p>Linjeforeningen Momentum er en dynamisk organisasjon for studenter ved Institutt for kjemi, Institutt for matematikk og statistikk, og Institutt for fysikk og teknologi ved UiT \u2013 Norges Arktiske Universitet. Flertallet av v\u00e5re medlemmer er tilknyttet sistnevnte institutt, og vi har som m\u00e5l \u00e5 skape et engasjerende og sosialt milj\u00f8 p\u00e5 tvers av studieprogram og fagomr\u00e5der.\u00a0<\/p>\n<h3>Bedriftpresentasjoner<\/h3>\n<p>Vi gir bedrifter muligheten til \u00e5 holde bedriftspresentasjoner for v\u00e5re medlemmer, noe som gir en unik sjanse til \u00e5 komme i tett kontakt med studentene. Presentasjonene kan arrangeres enten i et auditorium p\u00e5 campus eller i bedriftens egne lokaler.<\/p>\n<p>Under presentasjonen f\u00e5r bedriften mulighet til \u00e5 presentere seg selv, sine tjenester og arbeidsmetoder. Arrangementet kan gjerne avsluttes med et m\u00e5ltid eller et sosialt opplegg, som legger til rette for uformell mingling mellom studenter og representanter fra bedriften.<\/p>\n<p>Dersom din bedrift \u00f8nsker \u00e5 holde en bedriftspresentasjon for oss, ta kontakt p\u00e5: <strong><a rel=\"noopener\">linjeforening.momentum@uit.no<\/a><\/strong>.<\/p>\n<h3>Faglig arrangementer<\/h3>\n<p>Vi \u00f8nsker \u00e5 arrangere kurs, workshops og andre faglige opplegg i samarbeid med bedrifter. Kursene vil fokusere p\u00e5 teknologiske emner og holdes av bedrifter med spesialisert kompetanse innen relevante fagfelt. Dette gir bedriften en mulighet til \u00e5 dele sin kunnskap, vise frem sine satsningsomr\u00e5der og engasjere seg med studenter.<\/p>\n<p>I l\u00f8pet av kurset f\u00e5r bedriften noen minutter til \u00e5 presentere seg selv, informere om ledige stillinger eller andre relevante muligheter. Det er ogs\u00e5 vanlig \u00e5 tilby bespisning under eller etter arrangementet, noe som legger til rette for b\u00e5de faglige diskusjoner og nettverksbygging.<\/p>\n<p>Dersom din bedrift \u00f8nsker \u00e5 holde en bedrifts\u00adpresentasjon for oss, ta kontakt p\u00e5: <strong><a rel=\"noopener\">linjeforening.momentum@uit.no<\/a><\/strong>.<\/p>","protected":false},"excerpt":{"rendered":"<p>For bedrifter Linjeforeningen Momentum er en dynamisk organisasjon for studenter ved Institutt for kjemi, Institutt for matematikk og statistikk, og Institutt for fysikk og teknologi ved UiT \u2013 Norges Arktiske Universitet. Flertallet av v\u00e5re medlemmer er tilknyttet sistnevnte institutt, og vi har som m\u00e5l \u00e5 skape et engasjerende og sosialt milj\u00f8 p\u00e5 tvers av studieprogram [&hellip;]<\/p>\n","protected":false},"author":123626,"featured_media":0,"parent":0,"menu_order":0,"comment_status":"closed","ping_status":"closed","template":"","meta":{"site-sidebar-layout":"no-sidebar","site-content-layout":"","ast-site-content-layout":"narrow-width-container","site-content-style":"default","site-sidebar-style":"default","ast-global-header-display":"","ast-banner-title-visibility":"","ast-main-header-display":"","ast-hfb-above-header-display":"","ast-hfb-below-header-display":"","ast-hfb-mobile-header-display":"","site-post-title":"disabled","ast-breadcrumbs-content":"","ast-featured-img":"disabled","footer-sml-layout":"","ast-disable-related-posts":"","theme-transparent-header-meta":"","adv-header-id-meta":"","stick-header-meta":"","header-above-stick-meta":"","header-main-stick-meta":"","header-below-stick-meta":"","astra-migrate-meta-layouts":"default","ast-page-background-enabled":"default","ast-page-background-meta":{"desktop":{"background-color":"var(--ast-global-color-4)","background-image":"","background-repeat":"repeat","background-position":"center center","background-size":"auto","background-attachment":"scroll","background-type":"","background-media":"","overlay-type":"","overlay-color":"","overlay-opacity":"","overlay-gradient":""},"tablet":{"background-color":"","background-image":"","background-repeat":"repeat","background-position":"center center","background-size":"auto","background-attachment":"scroll","background-type":"","background-media":"","overlay-type":"","overlay-color":"","overlay-opacity":"","overlay-gradient":""},"mobile":{"background-color":"","background-image":"","background-repeat":"repeat","background-position":"center center","background-size":"auto","background-attachment":"scroll","background-type":"","background-media":"","overlay-type":"","overlay-color":"","overlay-opacity":"","overlay-gradient":""}},"ast-content-background-meta":{"desktop":{"background-color":"var(--ast-global-color-5)","background-image":"","background-repeat":"repeat","background-position":"center center","background-size":"auto","background-attachment":"scroll","background-type":"","background-media":"","overlay-type":"","overlay-color":"","overlay-opacity":"","overlay-gradient":""},"tablet":{"background-color":"var(--ast-global-color-5)","background-image":"","background-repeat":"repeat","background-position":"center center","background-size":"auto","background-attachment":"scroll","background-type":"","background-media":"","overlay-type":"","overlay-color":"","overlay-opacity":"","overlay-gradient":""},"mobile":{"background-color":"var(--ast-global-color-5)","background-image":"","background-repeat":"repeat","background-position":"center center","background-size":"auto","background-attachment":"scroll","background-type":"","background-media":"","overlay-type":"","overlay-color":"","overlay-opacity":"","overlay-gradient":""}},"footnotes":""},"class_list":["post-700","page","type-page","status-publish","hentry"],"_links":{"self":[{"href":"https:\/\/site.uit.no\/momentum\/wp-json\/wp\/v2\/pages\/700","targetHints":{"allow":["GET"]}}],"collection":[{"href":"https:\/\/site.uit.no\/momentum\/wp-json\/wp\/v2\/pages"}],"about":[{"href":"https:\/\/site.uit.no\/momentum\/wp-json\/wp\/v2\/types\/page"}],"author":[{"embeddable":true,"href":"https:\/\/site.uit.no\/momentum\/wp-json\/wp\/v2\/users\/123626"}],"replies":[{"embeddable":true,"href":"https:\/\/site.uit.no\/momentum\/wp-json\/wp\/v2\/comments?post=700"}],"version-history":[{"count":2,"href":"https:\/\/site.uit.no\/momentum\/wp-json\/wp\/v2\/pages\/700\/revisions"}],"predecessor-version":[{"id":734,"href":"https:\/\/site.uit.no\/momentum\/wp-json\/wp\/v2\/pages\/700\/revisions\/734"}],"wp:attachment":[{"href":"https:\/\/site.uit.no\/momentum\/wp-json\/wp\/v2\/media?parent=700"}],"curies":[{"name":"wp","href":"https:\/\/api.w.org\/{rel}","templated":true}]}}