{"id":4977,"date":"2025-08-26T12:58:31","date_gmt":"2025-08-26T10:58:31","guid":{"rendered":"https:\/\/site.uit.no\/muninconf\/?page_id=4977"},"modified":"2025-11-10T16:30:52","modified_gmt":"2025-11-10T15:30:52","slug":"posters2025","status":"publish","type":"page","link":"https:\/\/site.uit.no\/muninconf\/posters2025\/","title":{"rendered":"Confirmed posters"},"content":{"rendered":"\n<p>This page presents an overview of posters that will be displayed during the conference. The names listed are of those who will be physically present at the conference. For a complete view of a poster&#8217;s contributors, follow the link to a poster&#8217;s abstract.<\/p>\n\n\n\n<h2 class=\"wp-block-heading\">Posters that will be pitched on November 18<\/h2>\n\n\n\n<ul class=\"wp-block-list\">\n<li>&#8220;<a href=\"https:\/\/doi.org\/10.7557\/5.8168\">Accelerating scholar-led Diamond Open Access through community support services<\/a>&#8220;, Juliane Finger (ZBW &#8211; Leibniz-Information Centre Economics)<\/li>\n\n\n\n<li>&#8220;<a href=\"https:\/\/doi.org\/10.7557\/5.8352\">Changing the Record: How Author Contribution Statements Shift from Preprint to Publication<\/a>&#8220;, Ewa Zegler-Poleska (University of Warsaw)<\/li>\n\n\n\n<li>&#8220;<a href=\"https:\/\/doi.org\/10.7557\/5.8162\">Cultural periodicals: research marginality, gaps and importance<\/a>&#8220;, Asta Urbanavi\u010di\u016bt\u0117-Globien\u0117 (Vilnius University)<\/li>\n\n\n\n<li>&#8220;<a href=\"https:\/\/septentrio.uit.no\/index.php\/SCS\/article\/view\/8247\">Diamond Discovery Hub: Where Community-Owned Research Shines<\/a>&#8220;, Kelly Achenbach (Max Weber Stiftung)<\/li>\n\n\n\n<li>&#8220;<a href=\"https:\/\/doi.org\/10.7557\/5.8287\">The European Rights Retention Community of Practice: Building institutional capacity for Rights Retention across Europe<\/a>&#8220;, Iva Melin\u0161\u010dak Zlodi (University of Zagreb) &amp; Vanessa Proudman (SPARC Europe)<\/li>\n\n\n\n<li>&#8220;<a href=\"https:\/\/doi.org\/10.7557\/5.8264\">The little mart squirrel or the push for artificial intelligence in Lithuanian book publishin<\/a>&#8220;, Vincas Grigas &amp; Ar\u016bnas Gudinavi\u010dius (Vilnius University)<\/li>\n\n\n\n<li>&#8220;<a href=\"https:\/\/doi.org\/10.7557\/5.8242\">Making Space for Indigenous Knowledge: Weaving Indigenous Knowledge and Geospatial Technology for Sustainable Environmental Monitoring<\/a>&#8220;, Arlynn Martha Valembrun Sinclair (UiT The Arctic University of Norway &amp; University of Saskatchewan)<\/li>\n\n\n\n<li>&#8220;<a href=\"https:\/\/doi.org\/10.7557\/5.8265\">Meeting the challenges of reproducibility and transparency in analyses of cohort and registry data with open source software: examples from the PsychGen Centre for Genetic Epidemiology and Mental Health<\/a>&#8220;, Alejandra Martinez Sanchez &amp; Laurie J. Hannigan (Norwegian Institute of Public Health)<\/li>\n\n\n\n<li>&#8220;<a href=\"https:\/\/doi.org\/10.7557\/5.8342\">Systemic Research on Open Science in Europe: Insights from the SCIROS Network<\/a>&#8220;, Maciej Maryl (Institute of Literary Research of the Polish Academy of Sciences)<\/li>\n\n\n\n<li>&#8220;<a href=\"https:\/\/doi.org\/10.7557\/5.8267\">Transparency in epidemiological analyses of cohort data: A case study of the Norwegian Mother, Father, and Child cohort study (MoBa)<\/a>&#8220;, Laurie Hannigan &amp; Bernt Glaser (Norwegian Institute of Public Health)<\/li>\n\n\n\n<li>&#8220;<a href=\"https:\/\/doi.org\/10.7557\/5.8219\">Who gets to decide what counts? Analysing public responses to Croatia\u2019s national criteria for academic promotion<\/a>&#8220;, Iva Melin\u0161\u010dak Zlodi (University of Zagreb)<\/li>\n<\/ul>\n\n\n\n<h2 class=\"wp-block-heading\">10 minute presentations with posters<\/h2>\n\n\n\n<p>The following four presentations will be presented as short talks without Q&amp;A during the parallel presentation sessions. To ask your questions, please visit the associated posters.<\/p>\n\n\n\n<ul class=\"wp-block-list\">\n<li>&#8220;<a href=\"https:\/\/doi.org\/10.7557\/5.8349\">Monitoring Open Science: it takes a village! Sharing common Principles with the Open Science Monitoring Initiative (OSMI)<\/a>&#8220;, Vanessa Proudman (SPARC Europe)<\/li>\n\n\n\n<li>&#8220;<a href=\"https:\/\/doi.org\/10.7557\/5.8159\">Moving beyond closed silos: liberating workflows based on open metadata to bring about an interoperable and open not-for-profit ecosystem for open access books and chapters<\/a>&#8220;, Toby Steiner (Thoth Open Metadata) &amp; Zoe Wake Hyde (Public Knowledge Project)<\/li>\n\n\n\n<li>&#8220;<a href=\"https:\/\/doi.org\/10.7557\/5.8194\">URGE \u2013 the easiest way to create a great ReadMe file<\/a>&#8220;, Dag-Even Martinsen Tors\u00f8e, Ali Abdurhman Kelil (University of South-Eastern Norway)<\/li>\n\n\n\n<li>\u201c<a href=\"https:\/\/doi.org\/10.7557\/5.8164\">Issues of Scientific Transparency in Small-Language Countries<\/a>\u201c, Milda Baltrimien\u0117 (Vilnius University Press)<\/li>\n<\/ul>\n\n\n\n<p><\/p>\n","protected":false},"excerpt":{"rendered":"<p>This page presents an overview of posters that will be displayed during the conference. The names listed are of those who will be physically present at the conference. For a complete view of a poster&#8217;s contributors, follow the link to &hellip; <a href=\"https:\/\/site.uit.no\/muninconf\/posters2025\/\">Continued<\/a><\/p>\n","protected":false},"author":123652,"featured_media":0,"parent":0,"menu_order":0,"comment_status":"closed","ping_status":"closed","template":"","meta":{"footnotes":""},"class_list":["post-4977","page","type-page","status-publish","hentry"],"yoast_head":"<!-- This site is optimized with the Yoast SEO plugin v27.4 - https:\/\/yoast.com\/product\/yoast-seo-wordpress\/ -->\n<title>Confirmed posters - Munin Conference on Scholarly Publishing<\/title>\n<meta name=\"robots\" content=\"index, follow, max-snippet:-1, max-image-preview:large, max-video-preview:-1\" \/>\n<link rel=\"canonical\" href=\"https:\/\/site.uit.no\/muninconf\/posters2025\/\" \/>\n<meta property=\"og:locale\" content=\"en_GB\" \/>\n<meta property=\"og:type\" content=\"article\" \/>\n<meta property=\"og:title\" content=\"Confirmed posters - Munin Conference on Scholarly Publishing\" \/>\n<meta property=\"og:description\" content=\"This page presents an overview of posters that will be displayed during the conference. The names listed are of those who will be physically present at the conference. For a complete view of a poster&#8217;s contributors, follow the link to &hellip; Continued\" \/>\n<meta property=\"og:url\" content=\"https:\/\/site.uit.no\/muninconf\/posters2025\/\" \/>\n<meta property=\"og:site_name\" content=\"Munin Conference on Scholarly Publishing\" \/>\n<meta property=\"article:modified_time\" content=\"2025-11-10T15:30:52+00:00\" \/>\n<meta name=\"twitter:card\" content=\"summary_large_image\" \/>\n<meta name=\"twitter:label1\" content=\"Estimated reading time\" \/>\n\t<meta name=\"twitter:data1\" content=\"2 minutes\" \/>\n<script type=\"application\/ld+json\" class=\"yoast-schema-graph\">{\"@context\":\"https:\\\/\\\/schema.org\",\"@graph\":[{\"@type\":\"WebPage\",\"@id\":\"https:\\\/\\\/site.uit.no\\\/muninconf\\\/posters2025\\\/\",\"url\":\"https:\\\/\\\/site.uit.no\\\/muninconf\\\/posters2025\\\/\",\"name\":\"Confirmed posters - Munin Conference on Scholarly Publishing\",\"isPartOf\":{\"@id\":\"https:\\\/\\\/site.uit.no\\\/muninconf\\\/#website\"},\"datePublished\":\"2025-08-26T10:58:31+00:00\",\"dateModified\":\"2025-11-10T15:30:52+00:00\",\"breadcrumb\":{\"@id\":\"https:\\\/\\\/site.uit.no\\\/muninconf\\\/posters2025\\\/#breadcrumb\"},\"inLanguage\":\"en-GB\",\"potentialAction\":[{\"@type\":\"ReadAction\",\"target\":[\"https:\\\/\\\/site.uit.no\\\/muninconf\\\/posters2025\\\/\"]}]},{\"@type\":\"BreadcrumbList\",\"@id\":\"https:\\\/\\\/site.uit.no\\\/muninconf\\\/posters2025\\\/#breadcrumb\",\"itemListElement\":[{\"@type\":\"ListItem\",\"position\":1,\"name\":\"Home\",\"item\":\"https:\\\/\\\/site.uit.no\\\/muninconf\\\/\"},{\"@type\":\"ListItem\",\"position\":2,\"name\":\"Confirmed posters\"}]},{\"@type\":\"WebSite\",\"@id\":\"https:\\\/\\\/site.uit.no\\\/muninconf\\\/#website\",\"url\":\"https:\\\/\\\/site.uit.no\\\/muninconf\\\/\",\"name\":\"Munin Conference on Scholarly Publishing\",\"description\":\"Annual Conference in Troms\u00f8, Norway\",\"potentialAction\":[{\"@type\":\"SearchAction\",\"target\":{\"@type\":\"EntryPoint\",\"urlTemplate\":\"https:\\\/\\\/site.uit.no\\\/muninconf\\\/?s={search_term_string}\"},\"query-input\":{\"@type\":\"PropertyValueSpecification\",\"valueRequired\":true,\"valueName\":\"search_term_string\"}}],\"inLanguage\":\"en-GB\"}]}<\/script>\n<!-- \/ Yoast SEO plugin. -->","yoast_head_json":{"title":"Confirmed posters - Munin Conference on Scholarly Publishing","robots":{"index":"index","follow":"follow","max-snippet":"max-snippet:-1","max-image-preview":"max-image-preview:large","max-video-preview":"max-video-preview:-1"},"canonical":"https:\/\/site.uit.no\/muninconf\/posters2025\/","og_locale":"en_GB","og_type":"article","og_title":"Confirmed posters - Munin Conference on Scholarly Publishing","og_description":"This page presents an overview of posters that will be displayed during the conference. The names listed are of those who will be physically present at the conference. For a complete view of a poster&#8217;s contributors, follow the link to &hellip; Continued","og_url":"https:\/\/site.uit.no\/muninconf\/posters2025\/","og_site_name":"Munin Conference on Scholarly Publishing","article_modified_time":"2025-11-10T15:30:52+00:00","twitter_card":"summary_large_image","twitter_misc":{"Estimated reading time":"2 minutes"},"schema":{"@context":"https:\/\/schema.org","@graph":[{"@type":"WebPage","@id":"https:\/\/site.uit.no\/muninconf\/posters2025\/","url":"https:\/\/site.uit.no\/muninconf\/posters2025\/","name":"Confirmed posters - Munin Conference on Scholarly Publishing","isPartOf":{"@id":"https:\/\/site.uit.no\/muninconf\/#website"},"datePublished":"2025-08-26T10:58:31+00:00","dateModified":"2025-11-10T15:30:52+00:00","breadcrumb":{"@id":"https:\/\/site.uit.no\/muninconf\/posters2025\/#breadcrumb"},"inLanguage":"en-GB","potentialAction":[{"@type":"ReadAction","target":["https:\/\/site.uit.no\/muninconf\/posters2025\/"]}]},{"@type":"BreadcrumbList","@id":"https:\/\/site.uit.no\/muninconf\/posters2025\/#breadcrumb","itemListElement":[{"@type":"ListItem","position":1,"name":"Home","item":"https:\/\/site.uit.no\/muninconf\/"},{"@type":"ListItem","position":2,"name":"Confirmed posters"}]},{"@type":"WebSite","@id":"https:\/\/site.uit.no\/muninconf\/#website","url":"https:\/\/site.uit.no\/muninconf\/","name":"Munin Conference on Scholarly Publishing","description":"Annual Conference in Troms\u00f8, Norway","potentialAction":[{"@type":"SearchAction","target":{"@type":"EntryPoint","urlTemplate":"https:\/\/site.uit.no\/muninconf\/?s={search_term_string}"},"query-input":{"@type":"PropertyValueSpecification","valueRequired":true,"valueName":"search_term_string"}}],"inLanguage":"en-GB"}]}},"_links":{"self":[{"href":"https:\/\/site.uit.no\/muninconf\/wp-json\/wp\/v2\/pages\/4977","targetHints":{"allow":["GET"]}}],"collection":[{"href":"https:\/\/site.uit.no\/muninconf\/wp-json\/wp\/v2\/pages"}],"about":[{"href":"https:\/\/site.uit.no\/muninconf\/wp-json\/wp\/v2\/types\/page"}],"author":[{"embeddable":true,"href":"https:\/\/site.uit.no\/muninconf\/wp-json\/wp\/v2\/users\/123652"}],"replies":[{"embeddable":true,"href":"https:\/\/site.uit.no\/muninconf\/wp-json\/wp\/v2\/comments?post=4977"}],"version-history":[{"count":3,"href":"https:\/\/site.uit.no\/muninconf\/wp-json\/wp\/v2\/pages\/4977\/revisions"}],"predecessor-version":[{"id":5326,"href":"https:\/\/site.uit.no\/muninconf\/wp-json\/wp\/v2\/pages\/4977\/revisions\/5326"}],"wp:attachment":[{"href":"https:\/\/site.uit.no\/muninconf\/wp-json\/wp\/v2\/media?parent=4977"}],"curies":[{"name":"wp","href":"https:\/\/api.w.org\/{rel}","templated":true}]}}