{"id":101,"date":"2009-09-17T13:28:14","date_gmt":"2009-09-17T11:28:14","guid":{"rendered":"http:\/\/lamp.uvett.uit.no\/musikklitteratur\/?page_id=101"},"modified":"2022-03-09T15:25:03","modified_gmt":"2022-03-09T14:25:03","slug":"forside","status":"publish","type":"page","link":"https:\/\/site.uit.no\/musikklitteratur\/","title":{"rendered":"Forside"},"content":{"rendered":"<p style=\"text-align: center\"><span style=\"color: #000000\"><strong>Samlet av<\/strong><\/span><\/p>\n<h1 style=\"text-align: center\"><span style=\"color: #000000\">\u00a0Niels Eskild Johansen<\/span><\/h1>\n<h2>Du finner her<\/h2>\n<ul>\n<li><strong><em><span style=\"color: #800000\">En eksempelsamling som viser noen hovedtrekk i klassiske komponisters bruk av akkorder.<\/span><\/em><\/strong><\/li>\n<li><strong><em><span style=\"color: #800000\">En samling lytte\u00f8velser som sikter mot auditiv akkordgjenkjenning.<\/span><\/em><\/strong><\/li>\n<li><strong><em><span style=\"color: #800000\">En mulighet for \u00e5 \u00f8ve akkordgjenkjenning uten spesiell, selektiv lyttemetode.<\/span><\/em><\/strong><\/li>\n<li><strong><em><span style=\"color: #800000\">Studiemateriale for deg som vil l\u00e6re mer om et av de vesentlige elementer i komponering.<\/span><\/em><\/strong><\/li>\n<\/ul>\n<p><strong><em><span style=\"color: #800000\">\u00a0Samlingen er utarbeidet av Niels Eskild Johansen, pensjonert dosent ved <a href=\"http:\/\/uit.no\/ansatte\/organisasjon\/hjem?p_dimension_id=88175&amp;p_menu=42374\" target=\"_blank\" rel=\"noopener noreferrer\">Musikkonservatoriet<\/a> , <a href=\"http:\/\/www.uit.no\/\" target=\"_blank\" rel=\"noopener noreferrer\"> Norges arktiske universitetet i Troms\u00f8 \u00a0<\/a><\/span><\/em><\/strong><\/p>\n<p><strong><em><span style=\"color: #800000\">Den omfatter 352 musikksitater, -er gatis og tilgjenglig for enhver.<\/span><\/em><\/strong><\/p>\n<p><span style=\"color: #800000\"><em><strong>Andre nettsider av samme forfatter: <a href=\"http:\/\/www.polyrytmer.info\" target=\"_blank\" rel=\"noopener noreferrer\"><span style=\"color: #800000\">polyrytmer.info<\/span><\/a> og <a href=\"http:\/\/musikklesing.no\/\" target=\"_blank\" rel=\"noopener noreferrer\"><span style=\"color: #800000\">musikklesing.no<\/span><\/a><\/strong><\/em><\/span><\/p>\n<p><strong><em><span style=\"color: #800000\">Kontakt:<a href=\"mailto:nilsej@online.no\" target=\"_blank\" rel=\"noopener\"> nilsej@online.no<\/a><\/span><\/em><\/strong><\/p>\n<p><strong><em><span style=\"color: #800000\">Noen av eksemplene er funnet av kolleger og tidligere studenter. Jeg takker for dem.<br \/>\n<\/span><\/em><\/strong><\/p>\n<p>&nbsp;<\/p>\n","protected":false},"excerpt":{"rendered":"<p>Samlet av \u00a0Niels Eskild Johansen Du finner her En eksempelsamling som viser noen hovedtrekk i klassiske komponisters bruk av akkorder. En samling lytte\u00f8velser som sikter mot auditiv akkordgjenkjenning. En mulighet for \u00e5 \u00f8ve akkordgjenkjenning uten spesiell, selektiv lyttemetode. Studiemateriale for deg som vil l\u00e6re mer om et av de vesentlige elementer i komponering. \u00a0Samlingen er [&hellip;]<\/p>\n","protected":false},"author":269,"featured_media":0,"parent":0,"menu_order":1,"comment_status":"open","ping_status":"open","template":"listpages.php","meta":{"footnotes":""},"class_list":["post-101","page","type-page","status-publish","hentry"],"_links":{"self":[{"href":"https:\/\/site.uit.no\/musikklitteratur\/wp-json\/wp\/v2\/pages\/101","targetHints":{"allow":["GET"]}}],"collection":[{"href":"https:\/\/site.uit.no\/musikklitteratur\/wp-json\/wp\/v2\/pages"}],"about":[{"href":"https:\/\/site.uit.no\/musikklitteratur\/wp-json\/wp\/v2\/types\/page"}],"author":[{"embeddable":true,"href":"https:\/\/site.uit.no\/musikklitteratur\/wp-json\/wp\/v2\/users\/269"}],"replies":[{"embeddable":true,"href":"https:\/\/site.uit.no\/musikklitteratur\/wp-json\/wp\/v2\/comments?post=101"}],"version-history":[{"count":38,"href":"https:\/\/site.uit.no\/musikklitteratur\/wp-json\/wp\/v2\/pages\/101\/revisions"}],"predecessor-version":[{"id":3175,"href":"https:\/\/site.uit.no\/musikklitteratur\/wp-json\/wp\/v2\/pages\/101\/revisions\/3175"}],"wp:attachment":[{"href":"https:\/\/site.uit.no\/musikklitteratur\/wp-json\/wp\/v2\/media?parent=101"}],"curies":[{"name":"wp","href":"https:\/\/api.w.org\/{rel}","templated":true}]}}