{"id":71,"date":"2021-06-02T09:25:30","date_gmt":"2021-06-02T07:25:30","guid":{"rendered":"https:\/\/site.uit.no\/nanopath\/?page_id=71"},"modified":"2022-01-19T11:39:52","modified_gmt":"2022-01-19T10:39:52","slug":"publications","status":"publish","type":"page","link":"https:\/\/site.uit.no\/nanopath\/publications\/","title":{"rendered":"Publications"},"content":{"rendered":"\t\t<div data-elementor-type=\"wp-page\" data-elementor-id=\"71\" class=\"elementor elementor-71\" data-elementor-post-type=\"page\">\n\t\t\t\t\t\t<section class=\"elementor-section elementor-top-section elementor-element elementor-element-36f36107 elementor-section-boxed elementor-section-height-default elementor-section-height-default\" data-id=\"36f36107\" data-element_type=\"section\" data-e-type=\"section\">\n\t\t\t\t\t\t<div class=\"elementor-container elementor-column-gap-default\">\n\t\t\t\t\t<div class=\"elementor-column elementor-col-100 elementor-top-column elementor-element elementor-element-629df63f\" data-id=\"629df63f\" data-element_type=\"column\" data-e-type=\"column\">\n\t\t\t<div class=\"elementor-widget-wrap elementor-element-populated\">\n\t\t\t\t\t\t<div class=\"elementor-element elementor-element-40df0f88 elementor-widget elementor-widget-text-editor\" data-id=\"40df0f88\" data-element_type=\"widget\" data-e-type=\"widget\" data-widget_type=\"text-editor.default\">\n\t\t\t\t<div class=\"elementor-widget-container\">\n\t\t\t\t\t\t\t\t\t<h1>2021<\/h1><ol><li>Ahmad, Azeem, Vishesh Dubey, Nikhil Jayakumar, Anowarul Habib, Ankit Butola, Mona Nystad, Ganesh Acharya, Purusotam Basnet, Dalip Singh Mehta, and Balpreet Singh Ahluwalia. &#8220;High-throughput spatial sensitive quantitative phase microscopy using low spatial and high temporal coherent illumination.&#8221; Scientific reports 11, no. 1 (2021): 1-13.<\/li><li>Priyadarshi, Anish, Firehun Tsige Dullo, Deanna Lynn Wolfson, Azeem Ahmad, Nikhil Jayakumar, Vishesh Dubey, Jean-Claude Tinguely, Balpreet Singh Ahluwalia, and Ganapathy Senthil Murugan. &#8220;A transparent waveguide chip for versatile total internal reflection fluorescence-based microscopy and nanoscopy.&#8221; Communications Materials 2, no. 1 (2021): 1-11.<\/li><li>Coucheron, David A., \u00d8ystein I. Helle, James S. Wilkinson, Ganapathy Senthil Murugan, Carlos Dom\u00ednguez, Hallvard Angelsk\u00e5r, and Balpreet S. Ahluwalia. &#8220;Study of waveguide background at visible wavelengths for on-chip nanoscopy.&#8221; Optics Express 29, no. 13 (2021): 20735-20746.<\/li><li>Villegas-Hern\u00e1ndez, Luis E., Vishesh Kumar Dubey, et al. &#8220;Chip-based multimodal super-resolution microscopy for histological investigations of cryopreserved tissue sections&#8221; accepted Light: Science &amp; Applications (2021).<\/li><\/ol>\t\t\t\t\t\t\t\t<\/div>\n\t\t\t\t<\/div>\n\t\t\t\t\t<\/div>\n\t\t<\/div>\n\t\t\t\t\t<\/div>\n\t\t<\/section>\n\t\t\t\t<section class=\"elementor-section elementor-top-section elementor-element elementor-element-3cd2f46 elementor-section-boxed elementor-section-height-default elementor-section-height-default\" data-id=\"3cd2f46\" data-element_type=\"section\" data-e-type=\"section\">\n\t\t\t\t\t\t<div class=\"elementor-container elementor-column-gap-default\">\n\t\t\t\t\t<div class=\"elementor-column elementor-col-100 elementor-top-column elementor-element elementor-element-1473755\" data-id=\"1473755\" data-element_type=\"column\" data-e-type=\"column\">\n\t\t\t<div class=\"elementor-widget-wrap elementor-element-populated\">\n\t\t\t\t\t\t<div class=\"elementor-element elementor-element-48541b3 elementor-widget elementor-widget-text-editor\" data-id=\"48541b3\" data-element_type=\"widget\" data-e-type=\"widget\" data-widget_type=\"text-editor.default\">\n\t\t\t\t<div class=\"elementor-widget-container\">\n\t\t\t\t\t\t\t\t\t<h1>2020<\/h1><ol><li>Sebastian Acu\u00f1a, Ida S. Opstad, Fred\u00a0Godtliebsen, Balpreet Singh Ahluwalia, and Krishna Agarwal, &#8220;Soft thresholding schemes for multiple signal classification algorithm,&#8221; Opt. Express\u202f28, 34434-34449 (2020)\u00a0<\/li><li>Sebastian Acu\u00f1a, Florian Str\u00f6hl, Ida S. Opstad, Balpreet S. Ahluwalia, and Krishna Agarwal, &#8220;MusiJ: an ImageJ plugin for video nanoscopy,&#8221; Biomed. Opt. Express\u202f11, 2548-2559 (2020)\u00a0<\/li><li>Ahmad, Azeem, Vishesh Dubey, Ankit\u202fButola, Balpreet Singh Ahluwalia, and Dalip Singh Mehta. &#8220;Highly temporal stable, wavelength-independent, and scalable field-of-view common-path quantitative phase microscope.&#8221;\u202f<i>Journal of Biomedical Optics<\/i>\u202f25, no. 11 (2020): 116501.\u202f\u00a0<\/li><li>Villegas-Hern\u00e1ndez, Luis E., Mona\u202fNystad, Florian\u202fStr\u00f6hl, Purusotam Basnet, Ganesh Acharya, and Balpreet S. Ahluwalia. &#8220;Visualizing ultrastructural details of placental tissue with super-resolution structured illumination microscopy.&#8221;\u202f<i>Placenta<\/i>\u202f97 (2020): 42-45.\u202f\u00a0<\/li><li>Singh, Rajwinder, Vishesh Dubey, Deanna Wolfson, Azeem Ahmad, Ankit\u202fButola, Ganesh Acharya, Dalip Singh Mehta, Purusotam Basnet, and Balpreet Singh Ahluwalia.\u202f&#8221;Quantitative assessment of morphology and sub-cellular changes in macrophages and trophoblasts during inflammation.&#8221;\u202f<i>Biomedical Optics Express<\/i>\u202f11, no. 7 (2020): 3733-3752.\u202f\u00a0<\/li><li>Jayakumar, Nikhil, Azeem Ahmad, Dalip Singh Mehta, and Balpreet Singh Ahluwalia.\u00a0&#8220;Sampling moir\u00e9 method: a tool for sensing quadratic phase distortion and its correction for accurate quantitative phase microscopy.&#8221;\u202f<i>Optics express<\/i>\u202f28, no. 7 (2020): 10062-10077.\u202f\u00a0<\/li><li>Ahmad, Azeem, Vishesh Dubey, Ankit\u202fButola, Jean-Claude Tinguely, Balpreet Singh Ahluwalia, and Dalip Singh Mehta.\u00a0&#8220;Sub-nanometer height sensitivity by phase shifting interference microscopy under environmental fluctuations.&#8221;\u202f<i>Optics express<\/i>\u202f28, no. 7 (2020): 9340-9358.\u202f\u00a0<\/li><\/ol>\t\t\t\t\t\t\t\t<\/div>\n\t\t\t\t<\/div>\n\t\t\t\t\t<\/div>\n\t\t<\/div>\n\t\t\t\t\t<\/div>\n\t\t<\/section>\n\t\t\t\t<section class=\"elementor-section elementor-top-section elementor-element elementor-element-84a9364 elementor-section-boxed elementor-section-height-default elementor-section-height-default\" data-id=\"84a9364\" data-element_type=\"section\" data-e-type=\"section\">\n\t\t\t\t\t\t<div class=\"elementor-container elementor-column-gap-default\">\n\t\t\t\t\t<div class=\"elementor-column elementor-col-100 elementor-top-column elementor-element elementor-element-eeb2f39\" data-id=\"eeb2f39\" data-element_type=\"column\" data-e-type=\"column\">\n\t\t\t<div class=\"elementor-widget-wrap\">\n\t\t\t\t\t\t\t<\/div>\n\t\t<\/div>\n\t\t\t\t\t<\/div>\n\t\t<\/section>\n\t\t\t\t<\/div>\n\t\t","protected":false},"excerpt":{"rendered":"<p>2021 Ahmad, Azeem, Vishesh Dubey, Nikhil Jayakumar, Anowarul Habib, Ankit Butola, Mona Nystad, Ganesh Acharya, Purusotam Basnet, Dalip Singh Mehta, and Balpreet Singh Ahluwalia. &#8220;High-throughput spatial sensitive quantitative phase microscopy using low spatial and high temporal coherent illumination.&#8221; Scientific reports &hellip; <a href=\"https:\/\/site.uit.no\/nanopath\/publications\/\">Continued<\/a><\/p>\n","protected":false},"author":1085,"featured_media":0,"parent":0,"menu_order":0,"comment_status":"closed","ping_status":"closed","template":"","meta":{"footnotes":""},"class_list":["post-71","page","type-page","status-publish","hentry"],"_links":{"self":[{"href":"https:\/\/site.uit.no\/nanopath\/wp-json\/wp\/v2\/pages\/71","targetHints":{"allow":["GET"]}}],"collection":[{"href":"https:\/\/site.uit.no\/nanopath\/wp-json\/wp\/v2\/pages"}],"about":[{"href":"https:\/\/site.uit.no\/nanopath\/wp-json\/wp\/v2\/types\/page"}],"author":[{"embeddable":true,"href":"https:\/\/site.uit.no\/nanopath\/wp-json\/wp\/v2\/users\/1085"}],"replies":[{"embeddable":true,"href":"https:\/\/site.uit.no\/nanopath\/wp-json\/wp\/v2\/comments?post=71"}],"version-history":[{"count":4,"href":"https:\/\/site.uit.no\/nanopath\/wp-json\/wp\/v2\/pages\/71\/revisions"}],"predecessor-version":[{"id":145,"href":"https:\/\/site.uit.no\/nanopath\/wp-json\/wp\/v2\/pages\/71\/revisions\/145"}],"wp:attachment":[{"href":"https:\/\/site.uit.no\/nanopath\/wp-json\/wp\/v2\/media?parent=71"}],"curies":[{"name":"wp","href":"https:\/\/api.w.org\/{rel}","templated":true}]}}