{"id":943,"date":"2021-10-25T15:35:08","date_gmt":"2021-10-25T13:35:08","guid":{"rendered":"https:\/\/site.uit.no\/nanoscopy\/?page_id=943"},"modified":"2023-07-31T16:45:08","modified_gmt":"2023-07-31T14:45:08","slug":"samegiela","status":"publish","type":"page","link":"https:\/\/site.uit.no\/nanoscopy\/se\/samegiela\/","title":{"rendered":"Ruoktu"},"content":{"rendered":"<div class=\"wp-block-image wp-image-984\">\n<figure class=\"alignright is-resized\"><a href=\"https:\/\/site.uit.no\/nanoscopy\"><img decoding=\"async\" src=\"https:\/\/site.uit.no\/nanoscopy\/wp-content\/uploads\/sites\/149\/2021\/10\/1200px-Flag_of_the_United_Kingdom.svg_-1024x512.png\" alt=\"UK Flag\" class=\"wp-image-984\" width=\"50\" height=\"25\" srcset=\"https:\/\/site.uit.no\/nanoscopy\/wp-content\/uploads\/sites\/149\/2021\/10\/1200px-Flag_of_the_United_Kingdom.svg_-1024x512.png 1024w, https:\/\/site.uit.no\/nanoscopy\/wp-content\/uploads\/sites\/149\/2021\/10\/1200px-Flag_of_the_United_Kingdom.svg_-300x150.png 300w, https:\/\/site.uit.no\/nanoscopy\/wp-content\/uploads\/sites\/149\/2021\/10\/1200px-Flag_of_the_United_Kingdom.svg_-768x384.png 768w, https:\/\/site.uit.no\/nanoscopy\/wp-content\/uploads\/sites\/149\/2021\/10\/1200px-Flag_of_the_United_Kingdom.svg_.png 1200w\" sizes=\"(max-width: 50px) 100vw, 50px\" \/><\/a><\/figure>\n<\/div>\n\n<h3 style=\"text-align: center\">Bures boahtin Nanoskopiijai UiT:s!<\/h3>\n<p><span style=\"font-size: 12pt\">Optihkala\u0161 nanoskopiija leat \u0161addan stuorra dutkaf\u00e1dd\u00e1 sihke m\u00e1ilmmis ja Romssa universitehtas kemiija nobelbalkka\u0161umi ma\u014b\u014bel 2014:s. Nanoskopiija joavku lea sturron (ovdde\u0161) unna optihkka joavku universitehtas, ja Balpreet Singh Ahluwalia oa\u010d\u010dui ERC \u00e1lggu stipeanda ja \u00e1lggahii d\u00e1n joavku 2015:s. D\u00e1l Ahluwalia jo\u0111iha joavkku Krishna Agarwal:in mielde, gii oa\u010d\u010dui ie\u017eas ERC \u00e1lggu stipeanda nanoskopiija ovddas 2018:s, ja joavkkus leat sullii 20 dutki, studeantta ja guossedutki 5 nann\u00e1mis eret. Bargojoavkkus leat sihke fysihkkadutkit, dihtordutkit, in\u0161enevrrat ja biologat, ja mii bargat ollu dutkaf\u00e1tt\u00e1in, ovdamearkka dihte njunu\u0161 govven seallaide ja govvameannudeapmi, ja mii ovd\u00e1nit d\u00e1n o\u0111\u0111a f\u00e1tt\u00e1 silisiumskearru-vuo\u0111ul nanoskopiija.<\/span><\/p>\n\n\n<figure class=\"wp-block-gallery has-nested-images columns-4 is-cropped wp-block-gallery-1 is-layout-flex wp-block-gallery-is-layout-flex\">\n<figure class=\"wp-block-image size-thumbnail\"><img decoding=\"async\" width=\"150\" height=\"150\" data-id=\"759\" src=\"https:\/\/site.uit.no\/nanoscopy\/wp-content\/uploads\/sites\/149\/2021\/01\/file4-150x150.jpeg\" alt=\"Photonic chip\" class=\"wp-image-759\" \/><\/figure>\n\n\n\n<figure class=\"wp-block-image size-thumbnail\"><img decoding=\"async\" width=\"150\" height=\"150\" data-id=\"757\" src=\"https:\/\/site.uit.no\/nanoscopy\/wp-content\/uploads\/sites\/149\/2021\/01\/alt4-1-150x150.jpg\" alt=\"Nanofluidic chip\" class=\"wp-image-757\" \/><\/figure>\n\n\n\n<figure class=\"wp-block-image size-thumbnail\"><img loading=\"lazy\" decoding=\"async\" width=\"150\" height=\"150\" data-id=\"751\" src=\"https:\/\/site.uit.no\/nanoscopy\/wp-content\/uploads\/sites\/149\/2021\/01\/Florian_setup-1-150x150.png\" alt=\"Components of an optical setup. Inverted colors.\" class=\"wp-image-751\" \/><\/figure>\n\n\n\n<figure class=\"wp-block-image size-thumbnail\"><img loading=\"lazy\" decoding=\"async\" width=\"150\" height=\"150\" data-id=\"750\" src=\"https:\/\/site.uit.no\/nanoscopy\/wp-content\/uploads\/sites\/149\/2021\/01\/20201222_112554-1-150x150.png\" alt=\"Biological sample excited with a 488nm laser beam for florescence imaging\" class=\"wp-image-750\" \/><\/figure>\n\n\n\n<figure class=\"wp-block-image size-thumbnail\"><img loading=\"lazy\" decoding=\"async\" width=\"150\" height=\"150\" data-id=\"749\" src=\"https:\/\/site.uit.no\/nanoscopy\/wp-content\/uploads\/sites\/149\/2021\/01\/8_PDMS_crystal_sheets-150x150.jpg\" alt=\"EM micrograph of soft lithographic imprint\" class=\"wp-image-749\" \/><\/figure>\n\n\n\n<figure class=\"wp-block-image size-thumbnail\"><img loading=\"lazy\" decoding=\"async\" width=\"150\" height=\"150\" data-id=\"257\" src=\"https:\/\/site.uit.no\/nanoscopy\/wp-content\/uploads\/sites\/149\/2019\/01\/Chip_Wf_ESI_dSTORMpng-150x150.png\" alt=\"Image of a cell at 3 different resolutions\" class=\"wp-image-257\" \/><\/figure>\n\n\n\n<figure class=\"wp-block-image size-thumbnail\"><img loading=\"lazy\" decoding=\"async\" width=\"150\" height=\"150\" data-id=\"236\" src=\"https:\/\/site.uit.no\/nanoscopy\/wp-content\/uploads\/sites\/149\/2019\/01\/Sperm-150x150.jpg\" alt=\"4 color SIM image of human sperm\" class=\"wp-image-236\" \/><\/figure>\n\n\n\n<figure class=\"wp-block-image size-thumbnail\"><img loading=\"lazy\" decoding=\"async\" width=\"150\" height=\"150\" data-id=\"166\" src=\"https:\/\/site.uit.no\/nanoscopy\/wp-content\/uploads\/sites\/149\/2019\/01\/io3-150x150.jpg\" alt=\"An objective imaging a laser-illuminated waveguide\" class=\"wp-image-166\" \/><\/figure>\n<\/figure>\n\n\n<h5 style=\"text-align: center\">Min birra:&nbsp;&nbsp;&nbsp;&nbsp;&nbsp; <a href=\"https:\/\/site.uit.no\/nanoscopy\/olbmot\/\">Olbmot &nbsp; &nbsp;&nbsp;<\/a> <a href=\"https:\/\/site.uit.no\/nanoscopy\/vuoddustruktuvra\/\">Vuo\u0111\u0111ustruktuvra<\/a>&nbsp;&nbsp;&nbsp;&nbsp;&nbsp; <a href=\"https:\/\/site.uit.no\/nanoscopy\/ruhtadeapmi\">Ruhtadeapmi<\/a> &nbsp; &nbsp;&nbsp; <a href=\"https:\/\/site.uit.no\/nanoscopy\/oktavuohta\/\">Oktavuohta<\/a><\/h5>","protected":false},"excerpt":{"rendered":"<p>Bures boahtin Nanoskopiijai UiT:s! Optihkala\u0161 nanoskopiija leat \u0161addan stuorra dutkaf\u00e1dd\u00e1 sihke m\u00e1ilmmis ja Romssa universitehtas kemiija nobelbalkka\u0161umi ma\u014b\u014bel 2014:s. Nanoskopiija joavku lea sturron (ovdde\u0161) unna optihkka joavku universitehtas, ja Balpreet Singh Ahluwalia oa\u010d\u010dui ERC \u00e1lggu stipeanda ja \u00e1lggahii d\u00e1n joavku &hellip; <a href=\"https:\/\/site.uit.no\/nanoscopy\/se\/samegiela\/\">Continued<\/a><\/p>\n","protected":false},"author":123509,"featured_media":0,"parent":0,"menu_order":0,"comment_status":"closed","ping_status":"closed","template":"","meta":{"footnotes":""},"class_list":["post-943","page","type-page","status-publish","hentry"],"_links":{"self":[{"href":"https:\/\/site.uit.no\/nanoscopy\/wp-json\/wp\/v2\/pages\/943","targetHints":{"allow":["GET"]}}],"collection":[{"href":"https:\/\/site.uit.no\/nanoscopy\/wp-json\/wp\/v2\/pages"}],"about":[{"href":"https:\/\/site.uit.no\/nanoscopy\/wp-json\/wp\/v2\/types\/page"}],"author":[{"embeddable":true,"href":"https:\/\/site.uit.no\/nanoscopy\/wp-json\/wp\/v2\/users\/123509"}],"replies":[{"embeddable":true,"href":"https:\/\/site.uit.no\/nanoscopy\/wp-json\/wp\/v2\/comments?post=943"}],"version-history":[{"count":2,"href":"https:\/\/site.uit.no\/nanoscopy\/wp-json\/wp\/v2\/pages\/943\/revisions"}],"predecessor-version":[{"id":1648,"href":"https:\/\/site.uit.no\/nanoscopy\/wp-json\/wp\/v2\/pages\/943\/revisions\/1648"}],"wp:attachment":[{"href":"https:\/\/site.uit.no\/nanoscopy\/wp-json\/wp\/v2\/media?parent=943"}],"curies":[{"name":"wp","href":"https:\/\/api.w.org\/{rel}","templated":true}]}}