{"id":968,"date":"2021-10-26T10:33:27","date_gmt":"2021-10-26T08:33:27","guid":{"rendered":"https:\/\/site.uit.no\/nanoscopy\/?page_id=968"},"modified":"2023-07-31T16:56:50","modified_gmt":"2023-07-31T14:56:50","slug":"videot","status":"publish","type":"page","link":"https:\/\/site.uit.no\/nanoscopy\/se\/videot\/","title":{"rendered":"Videot"},"content":{"rendered":"<div class=\"wp-block-image wp-image-984\">\n<figure class=\"alignright is-resized\"><a href=\"https:\/\/site.uit.no\/nanoscopy\/videos\"><img decoding=\"async\" src=\"https:\/\/site.uit.no\/nanoscopy\/wp-content\/uploads\/sites\/149\/2021\/10\/1200px-Flag_of_the_United_Kingdom.svg_-1024x512.png\" alt=\"UK Flag\" class=\"wp-image-984\" width=\"50\" height=\"25\" srcset=\"https:\/\/site.uit.no\/nanoscopy\/wp-content\/uploads\/sites\/149\/2021\/10\/1200px-Flag_of_the_United_Kingdom.svg_-1024x512.png 1024w, https:\/\/site.uit.no\/nanoscopy\/wp-content\/uploads\/sites\/149\/2021\/10\/1200px-Flag_of_the_United_Kingdom.svg_-300x150.png 300w, https:\/\/site.uit.no\/nanoscopy\/wp-content\/uploads\/sites\/149\/2021\/10\/1200px-Flag_of_the_United_Kingdom.svg_-768x384.png 768w, https:\/\/site.uit.no\/nanoscopy\/wp-content\/uploads\/sites\/149\/2021\/10\/1200px-Flag_of_the_United_Kingdom.svg_.png 1200w\" sizes=\"(max-width: 50px) 100vw, 50px\" \/><\/a><\/figure>\n<\/div>\n\n\n<div style=\"height:50px\" aria-hidden=\"true\" class=\"wp-block-spacer\"><\/div>\n\n\n\n<div class=\"wp-block-group\"><div class=\"wp-block-group__inner-container is-layout-constrained wp-block-group-is-layout-constrained\">\n<figure class=\"wp-block-embed is-type-video is-provider-youtube wp-block-embed-youtube wp-embed-aspect-16-9 wp-has-aspect-ratio\"><div class=\"wp-block-embed__wrapper\">\n<iframe title=\"Student and postdoc experiences traveling to Troms\u00f8 with INTPART\" width=\"500\" height=\"281\" src=\"https:\/\/www.youtube.com\/embed\/EHK8Scf7Pwg?feature=oembed\" frameborder=\"0\" allow=\"accelerometer; autoplay; clipboard-write; encrypted-media; gyroscope; picture-in-picture; web-share\" referrerpolicy=\"strict-origin-when-cross-origin\" allowfullscreen><\/iframe>\n<\/div><\/figure>\n\n\n\n<figure class=\"wp-block-embed is-type-video is-provider-youtube wp-block-embed-youtube wp-embed-aspect-16-9 wp-has-aspect-ratio\"><div class=\"wp-block-embed__wrapper\">\n<iframe title=\"Instant Volume Imaging\" width=\"500\" height=\"281\" src=\"https:\/\/www.youtube.com\/embed\/JAnzREt6IZE?feature=oembed\" frameborder=\"0\" allow=\"accelerometer; autoplay; clipboard-write; encrypted-media; gyroscope; picture-in-picture; web-share\" referrerpolicy=\"strict-origin-when-cross-origin\" allowfullscreen><\/iframe>\n<\/div><\/figure>\n\n\n\n<figure class=\"wp-block-embed is-type-video is-provider-youtube wp-block-embed-youtube wp-embed-aspect-16-9 wp-has-aspect-ratio\"><div class=\"wp-block-embed__wrapper\">\n<iframe title=\"Chip nanoscopy at UiT\" width=\"500\" height=\"281\" src=\"https:\/\/www.youtube.com\/embed\/DZSo_Gvfobg?feature=oembed\" frameborder=\"0\" allow=\"accelerometer; autoplay; clipboard-write; encrypted-media; gyroscope; picture-in-picture; web-share\" referrerpolicy=\"strict-origin-when-cross-origin\" allowfullscreen><\/iframe>\n<\/div><\/figure>\n\n\n\n<figure class=\"wp-block-embed is-type-video is-provider-youtube wp-block-embed-youtube wp-embed-aspect-16-9 wp-has-aspect-ratio\"><div class=\"wp-block-embed__wrapper\">\n<iframe title=\"The Quint: Meet The Indian Scientist On The Verge of Revolutionising Medicine\" width=\"500\" height=\"281\" src=\"https:\/\/www.youtube.com\/embed\/SWdR9H7Y9u8?feature=oembed\" frameborder=\"0\" allow=\"accelerometer; autoplay; clipboard-write; encrypted-media; gyroscope; picture-in-picture; web-share\" referrerpolicy=\"strict-origin-when-cross-origin\" allowfullscreen><\/iframe>\n<\/div><\/figure>\n\n\n\n<figure class=\"wp-block-embed is-type-video is-provider-youtube wp-block-embed-youtube wp-embed-aspect-16-9 wp-has-aspect-ratio\"><div class=\"wp-block-embed__wrapper\">\n<iframe title=\"Virtual lab visit to study fish skin cells using advanced microscopes\" width=\"500\" height=\"281\" src=\"https:\/\/www.youtube.com\/embed\/J1Hyj6OTqjE?feature=oembed\" frameborder=\"0\" allow=\"accelerometer; autoplay; clipboard-write; encrypted-media; gyroscope; picture-in-picture; web-share\" referrerpolicy=\"strict-origin-when-cross-origin\" allowfullscreen><\/iframe>\n<\/div><\/figure>\n\n\n\n<figure class=\"wp-block-embed is-type-video is-provider-youtube wp-block-embed-youtube wp-embed-aspect-4-3 wp-has-aspect-ratio\"><div class=\"wp-block-embed__wrapper\">\n<iframe title=\"Microscopy of fish skin cells moving with microplastics\" width=\"500\" height=\"375\" src=\"https:\/\/www.youtube.com\/embed\/PnXgukTyLB8?feature=oembed\" frameborder=\"0\" allow=\"accelerometer; autoplay; clipboard-write; encrypted-media; gyroscope; picture-in-picture; web-share\" referrerpolicy=\"strict-origin-when-cross-origin\" allowfullscreen><\/iframe>\n<\/div><\/figure>\n\n\n\n<figure class=\"wp-block-embed is-type-video is-provider-youtube wp-block-embed-youtube wp-embed-aspect-4-3 wp-has-aspect-ratio\"><div class=\"wp-block-embed__wrapper\">\n<iframe title=\"Label-free 3D imaging of fish cells carrying microplastic particles\" width=\"500\" height=\"375\" src=\"https:\/\/www.youtube.com\/embed\/OR0JwN2OAcs?feature=oembed\" frameborder=\"0\" allow=\"accelerometer; autoplay; clipboard-write; encrypted-media; gyroscope; picture-in-picture; web-share\" referrerpolicy=\"strict-origin-when-cross-origin\" allowfullscreen><\/iframe>\n<\/div><\/figure>\n\n\n\n<figure class=\"wp-block-embed is-type-video is-provider-youtube wp-block-embed-youtube wp-embed-aspect-16-9 wp-has-aspect-ratio\"><div class=\"wp-block-embed__wrapper\">\n<iframe title=\"How to see very small things like viruses\" width=\"500\" height=\"281\" src=\"https:\/\/www.youtube.com\/embed\/_pdXjPyJ9ls?feature=oembed\" frameborder=\"0\" allow=\"accelerometer; autoplay; clipboard-write; encrypted-media; gyroscope; picture-in-picture; web-share\" referrerpolicy=\"strict-origin-when-cross-origin\" allowfullscreen><\/iframe>\n<\/div><\/figure>\n\n\n\n<figure class=\"wp-block-embed is-type-video is-provider-youtube wp-block-embed-youtube wp-embed-aspect-16-9 wp-has-aspect-ratio\"><div class=\"wp-block-embed__wrapper\">\n<iframe title=\"nanoRIP: Label-free nanoscopy\" width=\"500\" height=\"281\" src=\"https:\/\/www.youtube.com\/embed\/xrO6B84MXk8?feature=oembed\" frameborder=\"0\" allow=\"accelerometer; autoplay; clipboard-write; encrypted-media; gyroscope; picture-in-picture; web-share\" referrerpolicy=\"strict-origin-when-cross-origin\" allowfullscreen><\/iframe>\n<\/div><\/figure>\n\n\n\n<figure class=\"wp-block-embed is-type-video is-provider-youtube wp-block-embed-youtube wp-embed-aspect-16-9 wp-has-aspect-ratio\"><div class=\"wp-block-embed__wrapper\">\n<iframe title=\"Norway Singapore Science Week 2021  Digital Health 1 of 2\" width=\"500\" height=\"281\" src=\"https:\/\/www.youtube.com\/embed\/FSteeH19cME?start=4011&#038;feature=oembed\" frameborder=\"0\" allow=\"accelerometer; autoplay; clipboard-write; encrypted-media; gyroscope; picture-in-picture; web-share\" referrerpolicy=\"strict-origin-when-cross-origin\" allowfullscreen><\/iframe>\n<\/div><\/figure>\n\n\n\n<figure class=\"wp-block-embed is-type-video is-provider-youtube wp-block-embed-youtube wp-embed-aspect-16-9 wp-has-aspect-ratio\"><div class=\"wp-block-embed__wrapper\">\n<iframe title=\"Frontier research to fight COVID-19\" width=\"500\" height=\"281\" src=\"https:\/\/www.youtube.com\/embed\/kN5qa6V4VL4?feature=oembed\" frameborder=\"0\" allow=\"accelerometer; autoplay; clipboard-write; encrypted-media; gyroscope; picture-in-picture; web-share\" referrerpolicy=\"strict-origin-when-cross-origin\" allowfullscreen><\/iframe>\n<\/div><\/figure>\n<\/div><\/div>\n\n\n\n<h5 class=\"wp-block-heading\">Gaskkusteapmi:&nbsp; &nbsp;&nbsp;&nbsp; <a href=\"https:\/\/site.uit.no\/nanoscopy\/publikasuvnnat\/\">Publika\u0161uvnnat<\/a>&nbsp;&nbsp;&nbsp;&nbsp;&nbsp; <a href=\"https:\/\/site.uit.no\/nanoscopy\/videot\/\">Videot<\/a>&nbsp; &nbsp;&nbsp; <a href=\"https:\/\/site.uit.no\/nanoscopy\/almmolas-dahta\/\">D\u00e1hta&nbsp;&nbsp;&nbsp;&nbsp;&nbsp; <\/a><a href=\"https:\/\/site.uit.no\/nanoscopy\/oddasat-ja-balkkasumit\/\">O\u0111\u0111asat\/b\u00e1lkka\u0161umit<\/a><\/h5>\n","protected":false},"excerpt":{"rendered":"<p>Gaskkusteapmi:&nbsp; &nbsp;&nbsp;&nbsp; Publika\u0161uvnnat&nbsp;&nbsp;&nbsp;&nbsp;&nbsp; Videot&nbsp; &nbsp;&nbsp; D\u00e1hta&nbsp;&nbsp;&nbsp;&nbsp;&nbsp; O\u0111\u0111asat\/b\u00e1lkka\u0161umit<\/p>\n","protected":false},"author":123509,"featured_media":0,"parent":0,"menu_order":0,"comment_status":"closed","ping_status":"closed","template":"","meta":{"footnotes":""},"class_list":["post-968","page","type-page","status-publish","hentry"],"_links":{"self":[{"href":"https:\/\/site.uit.no\/nanoscopy\/wp-json\/wp\/v2\/pages\/968","targetHints":{"allow":["GET"]}}],"collection":[{"href":"https:\/\/site.uit.no\/nanoscopy\/wp-json\/wp\/v2\/pages"}],"about":[{"href":"https:\/\/site.uit.no\/nanoscopy\/wp-json\/wp\/v2\/types\/page"}],"author":[{"embeddable":true,"href":"https:\/\/site.uit.no\/nanoscopy\/wp-json\/wp\/v2\/users\/123509"}],"replies":[{"embeddable":true,"href":"https:\/\/site.uit.no\/nanoscopy\/wp-json\/wp\/v2\/comments?post=968"}],"version-history":[{"count":3,"href":"https:\/\/site.uit.no\/nanoscopy\/wp-json\/wp\/v2\/pages\/968\/revisions"}],"predecessor-version":[{"id":1664,"href":"https:\/\/site.uit.no\/nanoscopy\/wp-json\/wp\/v2\/pages\/968\/revisions\/1664"}],"wp:attachment":[{"href":"https:\/\/site.uit.no\/nanoscopy\/wp-json\/wp\/v2\/media?parent=968"}],"curies":[{"name":"wp","href":"https:\/\/api.w.org\/{rel}","templated":true}]}}