{"id":2,"date":"2018-02-20T14:01:35","date_gmt":"2018-02-20T14:01:35","guid":{"rendered":"https:\/\/site.uit.no\/nks-nn\/?page_id=2"},"modified":"2024-02-05T13:16:01","modified_gmt":"2024-02-05T12:16:01","slug":"sample-page","status":"publish","type":"page","link":"https:\/\/site.uit.no\/nks-nn\/","title":{"rendered":"Velkommen til Norsk Kjemisk Selskap &#8211; Nord-Norge avdeling"},"content":{"rendered":"<hr \/>\n<p align=\"justify\">Vi formidler kjemi i Nord-Norge! V\u00e5r lokalavdeling av Norsk kjemisk selskap har som m\u00e5l \u00e5 v\u00e6re et sentralt organ for formidling av kjemifaget, vekke engasjement hos befolkningen og inspirere til naturvitenskapelig tenkning i nord. Dette \u00f8nsker vi \u00e5 realisere gjennom \u00e5 arrangere akademiske og popul\u00e6rvitenskapelige foredrag, st\u00f8tte undervisningen i skolene og \u00e5 samarbeide med kjemi-milj\u00f8ene i Nord-Norge om nettverksbygging og arrangementer.<\/p>\n<p><a href=\"http:\/\/www.mn.uio.no\/kjemi\/tjenester\/kunnskap\/periodesystemet\/\" target=\"new\" rel=\"noopener\"><img decoding=\"async\" class=\"alignnone wp-image-173 size-full\" src=\"https:\/\/site.uit.no\/nks-nn\/wp-content\/uploads\/sites\/353\/2018\/03\/ikon3-periodesystemet.jpg\" alt=\"\" width=\"190\" height=\"56\" \/><\/a><a href=\"http:\/\/kjemi.no\/spor\/\"><img decoding=\"async\" class=\"alignnone size-full wp-image-178\" src=\"https:\/\/site.uit.no\/nks-nn\/wp-content\/uploads\/sites\/353\/2018\/03\/blank200.jpg\" alt=\"\" width=\"200\" height=\"1\" srcset=\"https:\/\/site.uit.no\/nks-nn\/wp-content\/uploads\/sites\/353\/2018\/03\/blank200.jpg 200w, https:\/\/site.uit.no\/nks-nn\/wp-content\/uploads\/sites\/353\/2018\/03\/blank200-150x1.jpg 150w\" sizes=\"(max-width: 200px) 100vw, 200px\" \/><\/a><a href=\"http:\/\/kjemi.no\/spor\/\" target=\"new\" rel=\"noopener\"><img decoding=\"async\" class=\"alignnone wp-image-157 size-full\" src=\"https:\/\/site.uit.no\/nks-nn\/wp-content\/uploads\/sites\/353\/2018\/03\/spor_oss_link.gif\" alt=\"\" width=\"200\" height=\"56\" \/><\/a><a href=\"http:\/\/kjemi.no\/spor\/\"><br \/>\n<\/a><\/p>\n<hr \/>\n<p><a href=\"https:\/\/www.facebook.com\/search\/top\/?q=norsk%20kjemisk%20selskap%20-%20avdeling%20nord-norge\" target=\"new\" rel=\"noopener\">F\u00f8lg oss p\u00e5 Facebook <\/a> -|-<a href=\"http:\/\/www.kjemi.no\/medlemskap\/\" target=\"new\" rel=\"noopener\">Bli medlem i NKS!<\/a> -|- Nettsidene til <a href=\"http:\/\/www.kjemi.no\/selskapet\/\" target=\"new\" rel=\"noopener\">Norsk Kjemisk Selskap<\/a><\/p>\n","protected":false},"excerpt":{"rendered":"<p>Vi formidler kjemi i Nord-Norge! V\u00e5r lokalavdeling av Norsk kjemisk selskap har som m\u00e5l \u00e5 v\u00e6re et sentralt organ for formidling av kjemifaget, vekke engasjement hos befolkningen og inspirere til naturvitenskapelig tenkning i nord. Dette \u00f8nsker vi \u00e5 realisere gjennom &hellip; <a href=\"https:\/\/site.uit.no\/nks-nn\/\">Les videre <span class=\"meta-nav\">&rarr;<\/span><\/a><\/p>\n","protected":false},"author":843,"featured_media":0,"parent":0,"menu_order":0,"comment_status":"closed","ping_status":"open","template":"","meta":{"footnotes":""},"class_list":["post-2","page","type-page","status-publish","hentry"],"_links":{"self":[{"href":"https:\/\/site.uit.no\/nks-nn\/wp-json\/wp\/v2\/pages\/2","targetHints":{"allow":["GET"]}}],"collection":[{"href":"https:\/\/site.uit.no\/nks-nn\/wp-json\/wp\/v2\/pages"}],"about":[{"href":"https:\/\/site.uit.no\/nks-nn\/wp-json\/wp\/v2\/types\/page"}],"author":[{"embeddable":true,"href":"https:\/\/site.uit.no\/nks-nn\/wp-json\/wp\/v2\/users\/843"}],"replies":[{"embeddable":true,"href":"https:\/\/site.uit.no\/nks-nn\/wp-json\/wp\/v2\/comments?post=2"}],"version-history":[{"count":3,"href":"https:\/\/site.uit.no\/nks-nn\/wp-json\/wp\/v2\/pages\/2\/revisions"}],"predecessor-version":[{"id":324,"href":"https:\/\/site.uit.no\/nks-nn\/wp-json\/wp\/v2\/pages\/2\/revisions\/324"}],"wp:attachment":[{"href":"https:\/\/site.uit.no\/nks-nn\/wp-json\/wp\/v2\/media?parent=2"}],"curies":[{"name":"wp","href":"https:\/\/api.w.org\/{rel}","templated":true}]}}