{"id":436,"date":"2026-04-17T15:20:32","date_gmt":"2026-04-17T13:20:32","guid":{"rendered":"https:\/\/site.uit.no\/nordicepi-norpen-2026\/?page_id=436"},"modified":"2026-04-17T15:20:34","modified_gmt":"2026-04-17T13:20:34","slug":"explore-tromso","status":"publish","type":"page","link":"https:\/\/site.uit.no\/nordicepi-norpen-2026\/explore-tromso\/","title":{"rendered":"Explore Troms\u00f8"},"content":{"rendered":"\n<p>Troms\u00f8, situated at 69\u00b0 North, is surrounded by breathtaking landscapes, including mountains, fjords, and small island villages. Famous for its northern lights in winter and the midnight sun in summer, the city draws countless visitors from around the globe each year.<\/p>\n\n\n<div class=\"wp-block-image\">\n<figure class=\"aligncenter size-full is-resized\"><img fetchpriority=\"high\" decoding=\"async\" width=\"758\" height=\"512\" src=\"https:\/\/site.uit.no\/nordicepi-norpen-2026\/wp-content\/uploads\/sites\/537\/2026\/04\/Picture1.png\" alt=\"\" class=\"wp-image-437\" style=\"aspect-ratio:1.4804867813680236;width:627px;height:auto\" srcset=\"https:\/\/site.uit.no\/nordicepi-norpen-2026\/wp-content\/uploads\/sites\/537\/2026\/04\/Picture1.png 758w, https:\/\/site.uit.no\/nordicepi-norpen-2026\/wp-content\/uploads\/sites\/537\/2026\/04\/Picture1-300x203.png 300w\" sizes=\"(max-width: 758px) 100vw, 758px\" \/><\/figure>\n<\/div>\n\n\n<p>By attending the 2026 Nordic Epi &amp; NorPen Conference, you will have the opportunity to experience the midnight sun, when the sun never sets! During these bright summer nights, the atmosphere becomes calmer while the sun continues to shine. This unique natural occurrence offers you a new perspective and allows you to explore Troms\u00f8 at any time, whether it\u2019s day or night.<\/p>\n\n\n\n<p>Troms\u00f8 offers a wonderful combination of urban charm and natural wonders, all within easy reach. The city is packed with activities, cultural sites, and museums, while the surrounding wilderness invites you to enjoy the Arctic scenery. Kayaking is especially popular in the region, offering a chance to embrace the stillness of the Arctic waters. You could also try a nighttime hike or take a refreshing swim at Telegrafbukta beach. Although summer usually arrives in the Arctic capital around May, keep in mind that Troms\u00f8\u2019s summer weather can be unpredictable, with the occasional snowfall even in June. However, no matter the weather, you can still enjoy the <strong><em>Troms\u00f8 floating sauna<\/em><\/strong> for a cozy and relaxing experience, which has been pre-booked for conference attendees at one\u2019s own expense.<\/p>\n\n\n\n<p>For your exploration, you may refer to the overview below or find these and more information through <a href=\"https:\/\/www.visittromso.no\/\">Visit Troms\u00f8<\/a>.<\/p>\n\n\n\n<figure class=\"wp-block-image size-large\"><img decoding=\"async\" width=\"1024\" height=\"729\" src=\"https:\/\/site.uit.no\/nordicepi-norpen-2026\/wp-content\/uploads\/sites\/537\/2026\/04\/1031_cropped-1-1024x729.jpg\" alt=\"\" class=\"wp-image-439\" srcset=\"https:\/\/site.uit.no\/nordicepi-norpen-2026\/wp-content\/uploads\/sites\/537\/2026\/04\/1031_cropped-1-1024x729.jpg 1024w, https:\/\/site.uit.no\/nordicepi-norpen-2026\/wp-content\/uploads\/sites\/537\/2026\/04\/1031_cropped-1-300x214.jpg 300w, https:\/\/site.uit.no\/nordicepi-norpen-2026\/wp-content\/uploads\/sites\/537\/2026\/04\/1031_cropped-1-768x547.jpg 768w, https:\/\/site.uit.no\/nordicepi-norpen-2026\/wp-content\/uploads\/sites\/537\/2026\/04\/1031_cropped-1-1536x1093.jpg 1536w, https:\/\/site.uit.no\/nordicepi-norpen-2026\/wp-content\/uploads\/sites\/537\/2026\/04\/1031_cropped-1-2048x1458.jpg 2048w\" sizes=\"(max-width: 1024px) 100vw, 1024px\" \/><\/figure>\n\n\n\n<figure class=\"wp-block-image size-large\"><img decoding=\"async\" width=\"1024\" height=\"617\" src=\"https:\/\/site.uit.no\/nordicepi-norpen-2026\/wp-content\/uploads\/sites\/537\/2026\/04\/1032_edited-1024x617.jpg\" alt=\"\" class=\"wp-image-440\" srcset=\"https:\/\/site.uit.no\/nordicepi-norpen-2026\/wp-content\/uploads\/sites\/537\/2026\/04\/1032_edited-1024x617.jpg 1024w, https:\/\/site.uit.no\/nordicepi-norpen-2026\/wp-content\/uploads\/sites\/537\/2026\/04\/1032_edited-300x181.jpg 300w, https:\/\/site.uit.no\/nordicepi-norpen-2026\/wp-content\/uploads\/sites\/537\/2026\/04\/1032_edited-768x463.jpg 768w, https:\/\/site.uit.no\/nordicepi-norpen-2026\/wp-content\/uploads\/sites\/537\/2026\/04\/1032_edited-1536x925.jpg 1536w, https:\/\/site.uit.no\/nordicepi-norpen-2026\/wp-content\/uploads\/sites\/537\/2026\/04\/1032_edited-2048x1234.jpg 2048w\" sizes=\"(max-width: 1024px) 100vw, 1024px\" \/><\/figure>\n\n\n\n<p><strong>Troms\u00f8pass:<\/strong><\/p>\n\n\n\n<p>The Troms\u00f8 Pass discount card is a great option for those who want to visit museums and sights in the city. The Troms\u00f8 Pass is available at the Tourist Information Centre in Troms\u00f8.&nbsp;<a href=\"https:\/\/www.visittromso.no\/tromso-pass\">Read more about Troms\u00f8 Pass here.<\/a><\/p>\n\n\n\n<p><strong>Food and Drinks<\/strong><\/p>\n\n\n\n<p>Troms\u00f8 is home to a diverse selection of restaurants, caf\u00e9s, and bars, offering something for every preference. Whether you\u2019re in the mood to sample local Arctic dishes or enjoy a drink by the harbour or in the city center, there are plenty of options to choose from. Visit Troms\u00f8 provides a great overview of <a href=\"https:\/\/www.visittromso.no\/restaurants\">restaurants<\/a>, <a href=\"https:\/\/www.visittromso.no\/cafes\">cafes<\/a>, and <a href=\"https:\/\/www.visittromso.no\/nightlife\">nightlife<\/a> in Troms\u00f8.<\/p>\n\n\n\n<p><\/p>\n","protected":false},"excerpt":{"rendered":"<p>Troms\u00f8, situated at 69\u00b0 North, is surrounded by breathtaking landscapes, including mountains, fjords, and small island villages. Famous for its northern lights in winter and the midnight sun in summer, the city draws countless visitors from around the globe each year. By attending the 2026 Nordic Epi &amp; NorPen Conference, [&hellip;]<\/p>\n","protected":false},"author":123727,"featured_media":0,"parent":0,"menu_order":0,"comment_status":"closed","ping_status":"closed","template":"","meta":{"footnotes":""},"class_list":["post-436","page","type-page","status-publish","hentry"],"_links":{"self":[{"href":"https:\/\/site.uit.no\/nordicepi-norpen-2026\/wp-json\/wp\/v2\/pages\/436","targetHints":{"allow":["GET"]}}],"collection":[{"href":"https:\/\/site.uit.no\/nordicepi-norpen-2026\/wp-json\/wp\/v2\/pages"}],"about":[{"href":"https:\/\/site.uit.no\/nordicepi-norpen-2026\/wp-json\/wp\/v2\/types\/page"}],"author":[{"embeddable":true,"href":"https:\/\/site.uit.no\/nordicepi-norpen-2026\/wp-json\/wp\/v2\/users\/123727"}],"replies":[{"embeddable":true,"href":"https:\/\/site.uit.no\/nordicepi-norpen-2026\/wp-json\/wp\/v2\/comments?post=436"}],"version-history":[{"count":1,"href":"https:\/\/site.uit.no\/nordicepi-norpen-2026\/wp-json\/wp\/v2\/pages\/436\/revisions"}],"predecessor-version":[{"id":441,"href":"https:\/\/site.uit.no\/nordicepi-norpen-2026\/wp-json\/wp\/v2\/pages\/436\/revisions\/441"}],"wp:attachment":[{"href":"https:\/\/site.uit.no\/nordicepi-norpen-2026\/wp-json\/wp\/v2\/media?parent=436"}],"curies":[{"name":"wp","href":"https:\/\/api.w.org\/{rel}","templated":true}]}}