{"id":10,"date":"2019-07-12T14:21:09","date_gmt":"2019-07-12T12:21:09","guid":{"rendered":"https:\/\/site.uit.no\/norskehistoriedager2020\/?page_id=10"},"modified":"2021-08-19T11:50:59","modified_gmt":"2021-08-19T09:50:59","slug":"pamelding","status":"publish","type":"page","link":"https:\/\/site.uit.no\/norskehistoriedager2020\/pamelding\/","title":{"rendered":"P\u00c5MELDING"},"content":{"rendered":"<p><strong>P\u00c5MELDING TIL KONFERANSEN<\/strong><\/p>\n<p>Alle bidragsytere m\u00e5 melde seg p\u00e5 konferansen (mulig \u00e5 melde seg p\u00e5 uten bidrag) og betale konferanseavgift p\u00e5 1600,-<\/p>\n<p><em>Fristen for p\u00e5melding falt 1 august 2015<\/em><\/p>\n<p><strong>Konferanseavgiften<\/strong> betales via faktura, som sendes til oppgitt fakturaadresse etter at p\u00e5meldingsfristen er g\u00e5tt ut. Eventuell deltakelse p\u00e5 f\u00f8reksursjon til Trondenes (500,-) kommer som separat regning, se informasjon under fanen <a href=\"https:\/\/site.uit.no\/norskehistoriedager2020\/forekskursjon\/\">F\u00f8rekskursjon.<\/a><\/p>\n<p>P\u00e5melding til ekskursjonene p\u00e5 s\u00f8ndagen finner dere under fanen <a href=\"https:\/\/site.uit.no\/norskehistoriedager2020\/ekskursjoner\/\">Ekskursjoner<\/a>.<\/p>\n<p>Eventuelle avbud meldes pr.\u00a0<a href=\"mailto:christine.smith-simonsen@uit.no\">epost<\/a>\u00a0 <strong>OBS!<\/strong>\u00a0Etter 1 august\u00a0regnes p\u00e5meldingene som bindende, og konferanseavgiften vil ikke refunderes.<\/p>\n<p><strong>NB! HIFO sponser deltakelse for Masterstudenter:<\/strong>\u00a0HIFO \u00f8nsker flere masterstudenter i historie som deltakere p\u00e5 Norske historiedager. HIFO sponser derfor 1000 kroner av deltakeravgiften for alle masterstudenter som er medlem av HIFO. Enkel s\u00f8knad med bekreftelse p\u00e5 betalt deltakeravgift og bankopplysninger sendes p\u00e5 epost til <a href=\"mailto:post@hifo.no\">post@hifo.no<\/a>, og vil bli behandlet fortl\u00f8pende. Masterstudenter i historie som enn\u00e5 ikke er medlem av HIFO, m\u00e5 f\u00f8rst melde seg inn for \u00e5 f\u00e5 st\u00f8tte til deltakeravgiften. Studentmedlemskap koster 300 kroner i \u00e5ret.<\/p>\n<p>&nbsp;<\/p>\n<p><strong>INNMELDING AV FAGLIGE BIDRAG<\/strong><\/p>\n<p><strong>Sesjoner:<\/strong>\u00a0Hver sesjon er p\u00e5 1,5 timer, s\u00e5 beregn anntall innlegg og rom for diskusjon deretter. Ved innmelding av ferdig sesjon, vennligst legg ved abstract med tittel (maks. 400 ord), navn og institusjonstilh\u00f8righet\/staus p\u00e5 sesjonsleder og innledere, og evnt tittel p\u00e5 de ulike innleggene.<\/p>\n<p><strong>Frittst\u00e5ende innlegg:<\/strong>\u00a0Programmet er ogs\u00e5 \u00e5pent for frittst\u00e5ende innlegg, berammet til 30 minutter hver, inkludert tid for sp\u00f8rsm\u00e5l og kommentarer. Disse settes sammen i sesjoner p\u00e5 1,5 timer av arrang\u00f8rene, med en av innlederne oppnevnt som ordstyrer. Ved innmelding, vennligst last opp abstract (maks. 300 ord) med tittel, navn og institusjonstilh\u00f8righet\/status.<\/p>\n<p><strong>Postere:<\/strong> Disse m\u00e5 ferdigstilles og tas med til venue av deltaker. Der vil de stilles ut p\u00e5 lettvegger i sekretariatsomr\u00e5det. Ved innmelding, vennligst oppgi tema og ca. st\u00f8rrelse p\u00e5 posteren i skjemaets merknadsfelt.<\/p>\n<p><em>Fristen for innmelding av faglige bidrag falt 15 juni 2021<\/em><\/p>\n","protected":false},"excerpt":{"rendered":"<p>P\u00c5MELDING TIL KONFERANSEN Alle bidragsytere m\u00e5 melde seg p\u00e5 konferansen (mulig \u00e5 melde seg p\u00e5 uten bidrag) og betale konferanseavgift p\u00e5 1600,- Fristen for p\u00e5melding falt 1 august 2015 Konferanseavgiften betales via faktura, som sendes til oppgitt fakturaadresse etter at p\u00e5meldingsfristen er g\u00e5tt ut. Eventuell deltakelse p\u00e5 f\u00f8reksursjon til Trondenes (500,-) kommer som separat regning, <a class=\"read-more\" href=\"https:\/\/site.uit.no\/norskehistoriedager2020\/pamelding\/\">Read More<\/a><\/p>\n","protected":false},"author":22,"featured_media":0,"parent":0,"menu_order":0,"comment_status":"closed","ping_status":"closed","template":"","meta":{"footnotes":""},"class_list":["post-10","page","type-page","status-publish","hentry"],"_links":{"self":[{"href":"https:\/\/site.uit.no\/norskehistoriedager2020\/wp-json\/wp\/v2\/pages\/10","targetHints":{"allow":["GET"]}}],"collection":[{"href":"https:\/\/site.uit.no\/norskehistoriedager2020\/wp-json\/wp\/v2\/pages"}],"about":[{"href":"https:\/\/site.uit.no\/norskehistoriedager2020\/wp-json\/wp\/v2\/types\/page"}],"author":[{"embeddable":true,"href":"https:\/\/site.uit.no\/norskehistoriedager2020\/wp-json\/wp\/v2\/users\/22"}],"replies":[{"embeddable":true,"href":"https:\/\/site.uit.no\/norskehistoriedager2020\/wp-json\/wp\/v2\/comments?post=10"}],"version-history":[{"count":49,"href":"https:\/\/site.uit.no\/norskehistoriedager2020\/wp-json\/wp\/v2\/pages\/10\/revisions"}],"predecessor-version":[{"id":538,"href":"https:\/\/site.uit.no\/norskehistoriedager2020\/wp-json\/wp\/v2\/pages\/10\/revisions\/538"}],"wp:attachment":[{"href":"https:\/\/site.uit.no\/norskehistoriedager2020\/wp-json\/wp\/v2\/media?parent=10"}],"curies":[{"name":"wp","href":"https:\/\/api.w.org\/{rel}","templated":true}]}}