{"id":12,"date":"2019-10-24T13:24:54","date_gmt":"2019-10-24T11:24:54","guid":{"rendered":"https:\/\/site.uit.no\/novemberseminaret\/?page_id=12"},"modified":"2020-09-01T09:26:33","modified_gmt":"2020-09-01T07:26:33","slug":"program","status":"publish","type":"page","link":"https:\/\/site.uit.no\/novemberseminaret\/program\/","title":{"rendered":"Program 2019"},"content":{"rendered":"<h1>Novemberseminaret i russisk 2019<\/h1>\n<h2>Dato: \u00a0 fredag 29. november<br \/>\nTid:\u00a0\u00a0\u00a0\u00a0\u00a0 09:00-14:30<br \/>\nSted: \u00a0\u00a0 B-1003 (SV- og HUM-bygget), UiT<\/h2>\n<h2>Vi skal ha meget korte foredrag p\u00e5 10 minutter pluss 5 minutter til sp\u00f8rsm\u00e5l og overgang til neste foredrag.<\/h2>\n<h2>Program<\/h2>\n<h3>(The printable version can be downloaded here\u00a0<a href=\"https:\/\/site.uit.no\/novemberseminaret\/wp-content\/uploads\/sites\/444\/2019\/11\/Novemberseminaret-2019-program-1.pdf\" target=\"_blank\" rel=\"noopener\">Novemberseminaret 2019 program<\/a>)<\/h3>\n<h2>9.00 \u2013 9.10 \u2013 <strong>Welkommen<\/strong><\/h2>\n<h2 style=\"padding-left: 90px\">\u00a0 \u00a0 Tore Nesset (Professor i russisk spr\u00e5kvitenskap, leder av CLEAR-gruppen)<\/h2>\n<h2 style=\"padding-left: 90px\">\u00a0 \u00a0 Andrei Rogatchevski (Professor i russisk litteraturvitenskap, leder av RSCPR-gruppen)<\/h2>\n<p>&nbsp;<\/p>\n<h2>9.15 \u2013 9.25 \u2013 <strong>\u201cPusjkin for nordmenn\u201d<\/strong><\/h2>\n<h2 style=\"padding-left: 90px\">\u00a0 \u00a0 Erik H. Egeberg (Professor emeritus i russisk litteraturvitenskap, UiT)<\/h2>\n<p>&nbsp;<\/p>\n<h2>9.30 \u2013 9.40 \u2013 <strong>\u201c<\/strong><strong>Hvordan oversette sammensatte ord til russisk?\u201d<\/strong><\/h2>\n<h2 style=\"padding-left: 90px\">\u00a0 \u00a0 Tore Nesset (Professor i russisk spr\u00e5kvitenskap, UiT, CLEAR-gruppen)<\/h2>\n<p>&nbsp;<\/p>\n<h2>9.45 \u2013 9.55 \u2013 <strong>\u201cInvestigative Journalism in Post-1991 Fiction: A Comparative Perspective\u201d <a href=\"https:\/\/site.uit.no\/novemberseminaret\/wp-content\/uploads\/sites\/444\/2019\/12\/Journos.pptx\">ppt<\/a><\/strong><\/h2>\n<h2 style=\"padding-left: 90px\">\u00a0 \u00a0 \u00a0Andrei Rogatchevski (Professor i russisk litteraturvitenskap, UiT, RSCPR-gruppen),\u00a0Patrik \u00c5ker (S\u00f6dert\u00f6rn University)<\/h2>\n<p>&nbsp;<\/p>\n<h2>10.00 \u2013 10.10 \u2013 <strong>\u201c<\/strong><strong>Motsatte forventninger: aspekt i spansk og russisk\u201d <a href=\"https:\/\/site.uit.no\/novemberseminaret\/wp-content\/uploads\/sites\/444\/2019\/12\/SPA-RUS_Novemberseminaret2019.pptx\">ppt<\/a><\/strong><\/h2>\n<h2 style=\"padding-left: 90px\">\u00a0 \u00a0 \u00a0 \u00a0 \u00a0Laura A. Janda (Professor i russisk spr\u00e5kvitenskap, UiT, CLEAR-gruppen)<\/h2>\n<p>&nbsp;<\/p>\n<h2><strong><span style=\"color: #ff6600\">10.15 \u2013 10.45 \u2013 Kaffepause<\/span><\/strong><\/h2>\n<p>&nbsp;<\/p>\n<h2>10.45 \u2013 10.55 \u2013 <strong>\u201cVincent, Vincent!\u201d \u2013 \/Mainnsjit-estetikk\/ og russisk konseptualisme<\/strong><\/h2>\n<h2 style=\"padding-left: 90px\">\u00a0 \u00a0 \u00a0 \u00a0 Yngvar B. Steinholt (F\u00f8rsteamanuensis i russisk kultur og litteratur, UiT, RSCPR-gruppen)<\/h2>\n<p>&nbsp;<\/p>\n<h2>11.00 \u2013 11.10 \u2013 <strong>\u201cRabota i rabota: Russian constructions with reduplication\u201d\u00a0<\/strong><a href=\"https:\/\/site.uit.no\/novemberseminaret\/wp-content\/uploads\/sites\/444\/2019\/12\/Endresen_Novemberseminaret2019.pdf\">Handout<\/a><\/h2>\n<h2 style=\"padding-left: 90px\">\u00a0 \u00a0 \u00a0 \u00a0 Anna Endresen (Postdoktor i russisk lingvistikk, UiT, CLEAR-gruppen)<\/h2>\n<p>&nbsp;<\/p>\n<h2>11.15 \u2013 11.25 \u2013 <strong>\u201cRussian Poetry on the Internet\u201d<\/strong><\/h2>\n<h2 style=\"padding-left: 90px\">\u00a0 \u00a0 \u00a0 \u00a0 \u00a0Josephine von Zitzewitz (MSCA fellow, UiT, RSCPR-gruppen)<\/h2>\n<p>&nbsp;<\/p>\n<h2>11.30 \u2013 11.40 \u2013 <strong>\u201cWhy on earth\u00a0<\/strong><strong><em>\u017ee<\/em><\/strong><strong>? A small presentation of my Master\u2019s dissertation\u201d <a href=\"https:\/\/site.uit.no\/novemberseminaret\/wp-content\/uploads\/sites\/444\/2019\/12\/Novemberseminaret_McDonald.pptx\" target=\"_blank\" rel=\"noopener\">ppt<\/a><\/strong><\/h2>\n<h2 style=\"padding-left: 90px\">\u00a0 \u00a0 \u00a0 \u00a0 \u00a0 James McDonald (MA-student, UiT, CLEAR-gruppen)<\/h2>\n<p>&nbsp;<\/p>\n<h2>11.45 \u2013 11.55 \u2013 <strong>\u201c<\/strong><strong>The role of heritage Russian in the acquisition of a third language<\/strong><strong>\u201d<\/strong><\/h2>\n<h2 style=\"padding-left: 90px\">\u00a0 \u00a0 \u00a0 \u00a0 \u00a0 Natalia Mitrofanova (Forsker, UiT, LAVA-gruppen)<\/h2>\n<p>&nbsp;<\/p>\n<h2><strong><span style=\"color: #ff6600\">12.00 \u201313.00 \u2013 Lunsj (gratis for alle foredragsholdere)<\/span><\/strong><\/h2>\n<p>&nbsp;<\/p>\n<h2>13.00 \u2013 13.10 \u2013 <strong>\u201cKan suffikser flagge politiske synspunkter?\u201d<\/strong><\/h2>\n<h2 style=\"padding-left: 90px\">\u00a0 \u00a0 \u00a0 \u00a0 Svetlana Sokolova (Universitetslektor i russisk spr\u00e5kvitenskap, UiT, CLEAR-gruppen)<\/h2>\n<p>&nbsp;<\/p>\n<h2>13.15 \u2013 13.25 \u2013 <strong>\u00abV\u00e5r felles seier\u00bb &#8211; et nytt samarbeidsprosjekt st\u00f8ttet av Barentssekretariatet. <a href=\"https:\/\/site.uit.no\/novemberseminaret\/wp-content\/uploads\/sites\/444\/2019\/12\/V\u00c5R-FELLES-SEIER.pptx\">ppt<\/a><\/strong><\/h2>\n<h2 style=\"padding-left: 90px\">\u00a0 \u00a0 \u00a0 \u00a0 \u00a0Elena Bj\u00f8rgve (Universitetslektor i russisk spr\u00e5kvitenskap, UiT, CLEAR-gruppen)<\/h2>\n<p>&nbsp;<\/p>\n<h2>13.30 \u2013 13.40 \u2013 <strong>\u201c<\/strong><strong><em>Gjeng me fr\u00e5 vettet?<\/em><\/strong><strong>\u00a0<\/strong><strong>(<\/strong><strong>\u0421<\/strong><strong>\u00a0<\/strong><strong>\u0443\u043c\u0430<\/strong><strong>\u00a0<\/strong><strong>\u0441\u043e\u0439\u0442\u0438<\/strong><strong>!, 1994) og identitetskrisa p\u00e5 1990-talet<\/strong><strong>\u201d<\/strong><\/h2>\n<h2 style=\"padding-left: 90px\">\u00a0 \u00a0 \u00a0 \u00a0 \u00c5sne \u00d8. H\u00f8getveit (Ph.d i russisk litteraturvitenskap, Fyrstebibliotekar, UiT)<\/h2>\n<p>&nbsp;<\/p>\n<h2>13.45 \u2013 13.55 \u2013\u00a0<strong>\u201c<\/strong><strong>On the emerging genitive\/locative syncretism in the plural of Russian nouns<\/strong><strong>\u201d <a href=\"https:\/\/site.uit.no\/novemberseminaret\/wp-content\/uploads\/sites\/444\/2020\/01\/Piperski-Gen-Loc-Pl-Nov2019.pdf\" target=\"_blank\" rel=\"noopener\">ppt<\/a><\/strong><\/h2>\n<h2 style=\"padding-left: 120px\">Alexander Piperski (Higher School of Economics, Moscow)<\/h2>\n<p>&nbsp;<\/p>\n<h2>14.00 \u2013 14.10 \u2013\u00a0<strong>\u201c<\/strong><strong>Litt om framtida i russisk<\/strong><strong>\u201d<\/strong><\/h2>\n<h2 style=\"padding-left: 90px\">\u00a0 \u00a0 \u00a0 Daria Kosheleva (PhD-student, UiT, CLEAR-gruppen)<\/h2>\n<p>&nbsp;<\/p>\n<h2>14.15 \u2013 14.25 \u2013<strong> \u201c<\/strong><strong>Hvordan \u00e5 si \u2018hoppe\u2019 p\u00e5 russisk<\/strong><strong>\u201d\u00a0<\/strong><a href=\"https:\/\/site.uit.no\/novemberseminaret\/wp-content\/uploads\/sites\/444\/2019\/12\/Hoppe-p\u00e5-russisk.pdf\">ppt<\/a><\/h2>\n<h2 style=\"padding-left: 90px\">\u00a0 \u00a0 \u00a0 \u00a0 Maria Nordrum (PhD-student, UiT, CLEAR-gruppen)<\/h2>\n<p>&nbsp;<\/p>\n","protected":false},"excerpt":{"rendered":"<p>Novemberseminaret i russisk 2019 Dato: \u00a0 fredag 29. november Tid:\u00a0\u00a0\u00a0\u00a0\u00a0 09:00-14:30 Sted: \u00a0\u00a0 B-1003 (SV- og HUM-bygget), UiT Vi skal ha meget korte foredrag p\u00e5 10 minutter pluss 5 minutter til sp\u00f8rsm\u00e5l og overgang til neste foredrag. Program (The printable version can be downloaded here\u00a0Novemberseminaret 2019 program) 9.00 \u2013 9.10 \u2013 Welkommen \u00a0 \u00a0 Tore [&hellip;]<\/p>\n","protected":false},"author":1052,"featured_media":0,"parent":0,"menu_order":0,"comment_status":"closed","ping_status":"closed","template":"page-templates\/full-width.php","meta":{"footnotes":""},"class_list":["post-12","page","type-page","status-publish","hentry"],"_links":{"self":[{"href":"https:\/\/site.uit.no\/novemberseminaret\/wp-json\/wp\/v2\/pages\/12","targetHints":{"allow":["GET"]}}],"collection":[{"href":"https:\/\/site.uit.no\/novemberseminaret\/wp-json\/wp\/v2\/pages"}],"about":[{"href":"https:\/\/site.uit.no\/novemberseminaret\/wp-json\/wp\/v2\/types\/page"}],"author":[{"embeddable":true,"href":"https:\/\/site.uit.no\/novemberseminaret\/wp-json\/wp\/v2\/users\/1052"}],"replies":[{"embeddable":true,"href":"https:\/\/site.uit.no\/novemberseminaret\/wp-json\/wp\/v2\/comments?post=12"}],"version-history":[{"count":32,"href":"https:\/\/site.uit.no\/novemberseminaret\/wp-json\/wp\/v2\/pages\/12\/revisions"}],"predecessor-version":[{"id":131,"href":"https:\/\/site.uit.no\/novemberseminaret\/wp-json\/wp\/v2\/pages\/12\/revisions\/131"}],"wp:attachment":[{"href":"https:\/\/site.uit.no\/novemberseminaret\/wp-json\/wp\/v2\/media?parent=12"}],"curies":[{"name":"wp","href":"https:\/\/api.w.org\/{rel}","templated":true}]}}