{"id":133,"date":"2020-09-01T09:29:58","date_gmt":"2020-09-01T07:29:58","guid":{"rendered":"https:\/\/site.uit.no\/novemberseminaret\/?page_id=133"},"modified":"2020-09-01T09:30:46","modified_gmt":"2020-09-01T07:30:46","slug":"seminaret-i-2019","status":"publish","type":"page","link":"https:\/\/site.uit.no\/novemberseminaret\/seminaret-i-2019\/","title":{"rendered":"Seminaret 2019"},"content":{"rendered":"<h1 style=\"text-align: left\"><strong>Velkommen til Novemberseminaret 2019 i russisk og russlandsstudier!<\/strong> [English text below]<\/h1>\n<h3>I mange \u00e5r har russisk faggruppe organisert &#8220;Novemberseminaret&#8221; &#8211; et uformelt seminar der forskere og studenter forteller hverandre om p\u00e5g\u00e5ende prosjekter. \u00c5rets utgave av seminaret vil finne sted fredag 29. november.<\/h3>\n<h3>Vi inviterer dere til \u00e5 holde foredrag om russisk spr\u00e5k, litteratur, kultur, og historie.\u00a0Form\u00e5let ved arrangementet er \u00e5 bli bedre kjent med p\u00e5g\u00e5ende forskningsprosjekter som v\u00e5re kolleger, PhD- og MA-studenter jobber med. Alternativt kan man fortelle om et prosjekt (eller en del av et prosjekt) som nylig er avsluttet.<\/h3>\n<h3>Med dette seminaret \u00f8nsker vi \u00e5 gi plass til s\u00e5 mange faglige foredrag som mulig. Derfor inviterer vi dere til \u00e5 holde meget korte foredrag p\u00e5 10 minutter pluss 5 minutter til sp\u00f8rsm\u00e5l og overgang til neste foredrag. Foredraget kan holdes p\u00e5 norsk, russisk eller engelsk.\u00a0Vi tenker ogs\u00e5 \u00e5 invitere v\u00e5re BA-studenter til \u00e5 h\u00f8re p\u00e5 de foredragene.\u00a0Vi h\u00e5per at s\u00e5 mange som mulig \u00f8nsker \u00e5 delta p\u00e5 seminaret.\u00a0Vi vil servere kaffe i kaffepausene til alle deltakere og lunsj til alle foredragsholdere.<\/h3>\n<h3>Om dere har sp\u00f8rsm\u00e5l rundt arrangementet, ta kontakt med Anna Endresen <a href=\"mailto:anna.endresen@uit.no\">anna.endresen@uit.no<\/a>.<\/h3>\n<h3>Vel m\u00f8tt!<\/h3>\n<h3>Arrangementskomit\u00e9en.<\/h3>\n<h3><\/h3>\n<h1><strong>Welcome to November Seminar 2019 in Russian and Russian Studies!<\/strong><\/h1>\n<h3>For many years, the Russian faculty at UiT has organized the &#8220;November seminar&#8221;, an informal seminar where scholars and students present their ongoing projects to each other. This year\u2019s edition of the seminar will take place on Friday, November 29.<\/h3>\n<h3>We invite talks about the Russian language, literature, culture, and history.\u00a0The purpose of the event is to become better acquainted with ongoing research projects that our colleagues, PhD and MA students are working on. Alternatively, you can tell us about a project (or part of a project) that has just been completed.<\/h3>\n<h3>At November Seminar 2019 we want to give room for as many relevant talks as possible. Therefore, we want you to hold super-short presentations (10 minutes + 5 minutes for questions and transition to the next talk). You can give your talk in Norwegian, Russian or English.\u00a0We also plan to invite our BA students to come and listen to the talks.\u00a0We hope to see as many of you as possible!\u00a0There will be coffee in coffee breaks for all participants and lunch for all presenters.<\/h3>\n<h3>If you have any questions about the event, contact Anna Endresen <a href=\"mailto:anna.endresen@uit.no\">anna.endresen@uit.no<\/a><\/h3>\n<h3>All welcome!<\/h3>\n<h3>Organizing committee.<\/h3>\n<p><img decoding=\"async\" class=\"alignnone size-medium wp-image-65 alignright\" src=\"https:\/\/site.uit.no\/novemberseminaret\/wp-content\/uploads\/sites\/444\/2019\/11\/UiT_Logo_Bok_2l_Bla_RGB-300x59.png\" alt=\"\" width=\"300\" height=\"59\" srcset=\"https:\/\/site.uit.no\/novemberseminaret\/wp-content\/uploads\/sites\/444\/2019\/11\/UiT_Logo_Bok_2l_Bla_RGB-300x59.png 300w, https:\/\/site.uit.no\/novemberseminaret\/wp-content\/uploads\/sites\/444\/2019\/11\/UiT_Logo_Bok_2l_Bla_RGB-768x151.png 768w, https:\/\/site.uit.no\/novemberseminaret\/wp-content\/uploads\/sites\/444\/2019\/11\/UiT_Logo_Bok_2l_Bla_RGB-1024x202.png 1024w, https:\/\/site.uit.no\/novemberseminaret\/wp-content\/uploads\/sites\/444\/2019\/11\/UiT_Logo_Bok_2l_Bla_RGB-624x123.png 624w\" sizes=\"(max-width: 300px) 100vw, 300px\" \/><\/p>\n","protected":false},"excerpt":{"rendered":"<p>Velkommen til Novemberseminaret 2019 i russisk og russlandsstudier! [English text below] I mange \u00e5r har russisk faggruppe organisert &#8220;Novemberseminaret&#8221; &#8211; et uformelt seminar der forskere og studenter forteller hverandre om p\u00e5g\u00e5ende prosjekter. \u00c5rets utgave av seminaret vil finne sted fredag 29. november. Vi inviterer dere til \u00e5 holde foredrag om russisk spr\u00e5k, litteratur, kultur, og [&hellip;]<\/p>\n","protected":false},"author":1052,"featured_media":0,"parent":0,"menu_order":0,"comment_status":"closed","ping_status":"closed","template":"","meta":{"footnotes":""},"class_list":["post-133","page","type-page","status-publish","hentry"],"_links":{"self":[{"href":"https:\/\/site.uit.no\/novemberseminaret\/wp-json\/wp\/v2\/pages\/133","targetHints":{"allow":["GET"]}}],"collection":[{"href":"https:\/\/site.uit.no\/novemberseminaret\/wp-json\/wp\/v2\/pages"}],"about":[{"href":"https:\/\/site.uit.no\/novemberseminaret\/wp-json\/wp\/v2\/types\/page"}],"author":[{"embeddable":true,"href":"https:\/\/site.uit.no\/novemberseminaret\/wp-json\/wp\/v2\/users\/1052"}],"replies":[{"embeddable":true,"href":"https:\/\/site.uit.no\/novemberseminaret\/wp-json\/wp\/v2\/comments?post=133"}],"version-history":[{"count":2,"href":"https:\/\/site.uit.no\/novemberseminaret\/wp-json\/wp\/v2\/pages\/133\/revisions"}],"predecessor-version":[{"id":135,"href":"https:\/\/site.uit.no\/novemberseminaret\/wp-json\/wp\/v2\/pages\/133\/revisions\/135"}],"wp:attachment":[{"href":"https:\/\/site.uit.no\/novemberseminaret\/wp-json\/wp\/v2\/media?parent=133"}],"curies":[{"name":"wp","href":"https:\/\/api.w.org\/{rel}","templated":true}]}}