{"id":2,"date":"2019-10-18T10:08:40","date_gmt":"2019-10-18T10:08:40","guid":{"rendered":"https:\/\/site.uit.no\/novemberseminaret\/?page_id=2"},"modified":"2020-11-10T09:34:28","modified_gmt":"2020-11-10T08:34:28","slug":"home","status":"publish","type":"page","link":"https:\/\/site.uit.no\/novemberseminaret\/","title":{"rendered":"Home"},"content":{"rendered":"<h1 style=\"text-align: left\"><strong>Velkommen til Novemberseminaret i russisk og russlandsstudier 2020!<\/strong> [English text below]<\/h1>\n<h3>I mange \u00e5r har russisk faggruppe organisert &#8220;Novemberseminaret&#8221; &#8211; et uformelt seminar der forskere og studenter forteller hverandre om p\u00e5g\u00e5ende prosjekter.\u00a0Novemberseminaret arrangeres av to forskningsgrupper <a href=\"https:\/\/site.uit.no\/clear\/\">CLEAR<\/a> og <a href=\"https:\/\/en.uit.no\/forskning\/forskningsgrupper\/gruppe?p_document_id=408709\">RSCPR<\/a> ved Institutt for spr\u00e5k og kultur ved HSL, UiT.\u00a0\u00c5rets utgave av seminaret skal finne sted\u00a0<b>torsdag 19. november\u00a0(9.00-14.20). <\/b>Seminaret\u00a0skal\u00a0gjennomf\u00f8res digitalt via Zoom\u00a0pga smitteverntiltak.<\/h3>\n<h3>Vi gleder oss til 13 spennende foredrag om russisk spr\u00e5k, litteratur, kultur, og historie.\u00a0Form\u00e5let ved arrangementet er \u00e5 bli bedre kjent med p\u00e5g\u00e5ende forskningsprosjekter som v\u00e5re kolleger, PhD- og MA-studenter jobber med. Alternativt forteller man om et prosjekt (eller en del av et prosjekt) som nylig er avsluttet. De foredragene skal holdes p\u00e5 norsk, engelsk eller russisk.\u00a0I \u00e5r skal vi ha foredrag p\u00e5 15 minutter pluss 5 minutter til sp\u00f8rsm\u00e5l og overgang til neste foredrag.<\/h3>\n<h3>Vi h\u00e5per at s\u00e5 mange som mulig \u00f8nsker \u00e5 delta p\u00e5 seminaret.<\/h3>\n<h3>Programmet er tilgjengelig her <a href=\"https:\/\/site.uit.no\/novemberseminaret\/program-2020\/\">https:\/\/site.uit.no\/novemberseminaret\/program-2020\/<\/a><\/h3>\n<h3>Zoom-l<span lang=\"NO-BOK\">enke<\/span>\u00a0vil bli\u00a0sendt\u00a0ut til\u00a0alle\u00a0p\u00e5meldte. Man melder seg p\u00e5 ved \u00e5 sende en e-post til <a href=\"mailto:anna.endresen@uit.no\">anna.endresen@uit.no<\/a>. P\u00e5meldingsfrist er fredag det 13. november. Alle foredragsholdere er allerede p\u00e5meldt.<\/h3>\n<h3>Vel m\u00f8tt!<\/h3>\n<h3>Arrangementskomit\u00e9en.<\/h3>\n<hr \/>\n<h1><strong>Welcome to November Seminar on Russian and Russian Studies 2020!<\/strong><\/h1>\n<h3>For many years, the Russian faculty at UiT has organized the &#8220;November seminar&#8221;, an informal seminar where scholars and students present their ongoing projects to each other.\u00a0The November Seminar is organized by the research groups <a href=\"https:\/\/site.uit.no\/clear\/\">CLEAR<\/a> and <a href=\"https:\/\/en.uit.no\/forskning\/forskningsgrupper\/gruppe?p_document_id=408709\">RSCPR<\/a> at the Department of Language and Culture at HSL, UiT.\u00a0This year\u2019s edition of the seminar will take place on <strong>Thursday, November 19\u00a0(at 9.00-14.20 Troms\u00f8 time) <\/strong>in Zoom\u00a0<span lang=\"EN-US\">due to the corona situation.<\/span><\/h3>\n<h3>We are looking forward to thirteen talks on the Russian language, literature, culture, and history.\u00a0The purpose of the event is to become better acquainted with ongoing research projects that our colleagues, PhD and MA students are working on. Alternatively, a talk can tell us about a project (or part of a project) that has just been completed. The presentations will be in Norwegian, English, and Russian. Each talk will be 15 minutes long followed by 5 minutes for questions and transition to the text talk.<\/h3>\n<h3>We hope to see as many of you as possible!<\/h3>\n<h3>The program is available at <a href=\"https:\/\/site.uit.no\/novemberseminaret\/program-2020\/\">https:\/\/site.uit.no\/novemberseminaret\/program-2020\/<\/a><\/h3>\n<h3>The zoom-link will be sent to all registered participants. You can register by sending an e-mail to\u00a0<a href=\"mailto:anna.endresen@uit.no\">anna.endresen@uit.no<\/a>.<\/h3>\n<h3>\u00a0The deadline for registration is Friday November 13. The presenters are already registered.<\/h3>\n<h3>All welcome!<\/h3>\n<h3>Organizing committee.<\/h3>\n<p><img decoding=\"async\" class=\"size-medium wp-image-65 alignright\" src=\"https:\/\/site.uit.no\/novemberseminaret\/wp-content\/uploads\/sites\/444\/2019\/11\/UiT_Logo_Bok_2l_Bla_RGB-300x59.png\" alt=\"\" width=\"300\" height=\"59\" srcset=\"https:\/\/site.uit.no\/novemberseminaret\/wp-content\/uploads\/sites\/444\/2019\/11\/UiT_Logo_Bok_2l_Bla_RGB-300x59.png 300w, https:\/\/site.uit.no\/novemberseminaret\/wp-content\/uploads\/sites\/444\/2019\/11\/UiT_Logo_Bok_2l_Bla_RGB-768x151.png 768w, https:\/\/site.uit.no\/novemberseminaret\/wp-content\/uploads\/sites\/444\/2019\/11\/UiT_Logo_Bok_2l_Bla_RGB-1024x202.png 1024w, https:\/\/site.uit.no\/novemberseminaret\/wp-content\/uploads\/sites\/444\/2019\/11\/UiT_Logo_Bok_2l_Bla_RGB-624x123.png 624w\" sizes=\"(max-width: 300px) 100vw, 300px\" \/><\/p>\n","protected":false},"excerpt":{"rendered":"<p>Velkommen til Novemberseminaret i russisk og russlandsstudier 2020! [English text below] I mange \u00e5r har russisk faggruppe organisert &#8220;Novemberseminaret&#8221; &#8211; et uformelt seminar der forskere og studenter forteller hverandre om p\u00e5g\u00e5ende prosjekter.\u00a0Novemberseminaret arrangeres av to forskningsgrupper CLEAR og RSCPR ved Institutt for spr\u00e5k og kultur ved HSL, UiT.\u00a0\u00c5rets utgave av seminaret skal finne sted\u00a0torsdag 19. [&hellip;]<\/p>\n","protected":false},"author":1052,"featured_media":0,"parent":0,"menu_order":0,"comment_status":"closed","ping_status":"open","template":"","meta":{"footnotes":""},"class_list":["post-2","page","type-page","status-publish","hentry"],"_links":{"self":[{"href":"https:\/\/site.uit.no\/novemberseminaret\/wp-json\/wp\/v2\/pages\/2","targetHints":{"allow":["GET"]}}],"collection":[{"href":"https:\/\/site.uit.no\/novemberseminaret\/wp-json\/wp\/v2\/pages"}],"about":[{"href":"https:\/\/site.uit.no\/novemberseminaret\/wp-json\/wp\/v2\/types\/page"}],"author":[{"embeddable":true,"href":"https:\/\/site.uit.no\/novemberseminaret\/wp-json\/wp\/v2\/users\/1052"}],"replies":[{"embeddable":true,"href":"https:\/\/site.uit.no\/novemberseminaret\/wp-json\/wp\/v2\/comments?post=2"}],"version-history":[{"count":40,"href":"https:\/\/site.uit.no\/novemberseminaret\/wp-json\/wp\/v2\/pages\/2\/revisions"}],"predecessor-version":[{"id":194,"href":"https:\/\/site.uit.no\/novemberseminaret\/wp-json\/wp\/v2\/pages\/2\/revisions\/194"}],"wp:attachment":[{"href":"https:\/\/site.uit.no\/novemberseminaret\/wp-json\/wp\/v2\/media?parent=2"}],"curies":[{"name":"wp","href":"https:\/\/api.w.org\/{rel}","templated":true}]}}