{"id":294,"date":"2024-11-04T20:56:01","date_gmt":"2024-11-04T19:56:01","guid":{"rendered":"https:\/\/site.uit.no\/novemberseminaret\/?page_id=294"},"modified":"2024-11-17T09:44:59","modified_gmt":"2024-11-17T08:44:59","slug":"novemberseminaret-2024","status":"publish","type":"page","link":"https:\/\/site.uit.no\/novemberseminaret\/novemberseminaret-2024\/","title":{"rendered":"Seminaret 2024"},"content":{"rendered":"\n<h1 class=\"wp-block-heading has-large-font-size\"><strong>Novemberseminaret 2024 \u2013 50 \u00e5r med russisk ved UiT<\/strong><\/h1>\n\n\n\n<h1 class=\"wp-block-heading has-medium-font-size\">I h\u00f8st er det 50 \u00e5r siden russiskfaget ble etablert ved v\u00e5rt universitet. Velkommen til jubileumsseminar!<\/h1>\n\n\n\n<h1 class=\"wp-block-heading has-medium-font-size\">Sted: B-1004 i SVHUM-bygningen<\/h1>\n\n\n\n<h1 class=\"wp-block-heading has-medium-font-size\">Tid: 9.30 (MERK TIDEN!) \u201316.00, 29. november 2024<\/h1>\n\n\n\n<h2 class=\"wp-block-heading has-large-font-size\"><strong>Program<\/strong><\/h2>\n\n\n\n<figure class=\"wp-block-table has-medium-font-size\"><table class=\"has-dark-gray-color has-text-color has-link-color\"><tbody><tr><td>9.30<\/td><td>\u00c5pning ved prorektor for utdanning Kathrine Tveiter\u00e5s <br>Hilsen fra dekanen ved HSL-fakultetet Anne Britt Flemmen<br>Hilsen fra instituttstyrer ved Institutt for Spr\u00e5k og Kultur Cathrine Theodorsen<\/td><\/tr><tr><td>9.45<\/td><td>Jon Elvedal Fredriksen, ekspedisjonssjef i UD, tidligere ambassad\u00f8r til Ukraina og tidligere russiskstudent ved UiT: <br>Fra Barents til Bucha. Hvorfor gikk Russland seg vill?<\/td><\/tr><tr><td>10.30<\/td><td>PAUSE<\/td><\/tr><tr><td>10.45<\/td><td>Erik Egeberg og Tore Nesset:<br>Russisk i Troms\u00f8 i 50 \u00e5r<\/td><\/tr><tr><td>11.15<\/td><td>Erik Egeberg og Andrei Rogatchevski: <br>Presentasjon av boken <em>Nikolaj Karamzin: Noveller og reisebrev<\/em> (oversatt av Erik Egeberg)<\/td><\/tr><tr><td>12.00<\/td><td>LUNSJ I B-1004<br>Koret Libertas synger.<\/td><\/tr><tr><td>13.00<\/td><td>Tamara L\u00f6nngren: <br>\u0412\u043e\u0439\u043d\u0430 \u0438 \u0441\u043b\u0430\u0432\u0438\u0441\u0442\u044b: \u0432\u043e\u043b\u043e\u043d\u0442\u0435\u0440 \u041e\u043b\u0430\u0444 \u0411\u0440\u043e\u043a<\/td><\/tr><tr><td>13.30<\/td><td>Lennart L\u00f6nngren:<br>Mina kolorerade strukturer<\/td><\/tr><tr><td>14.00<\/td><td>PAUSE<\/td><\/tr><tr><td>14.15<\/td><td>Andrei Rogatchevski: <br>Presentasjon av forskningsgruppen <a href=\"https:\/\/uit.no\/research\/rscpr\" data-type=\"link\" data-id=\"https:\/\/uit.no\/research\/rscpr\">PSIF<\/a> (Pax Slavica in Flux: European Contexts)<br>Stipendiat Libbie Katsev forteller om sin p\u00e5g\u00e5ende forskning.<\/td><\/tr><tr><td>14.45<\/td><td>Laura A. Janda og Tore Nesset: <br>Presentasjon av forskningsgruppen <a href=\"https:\/\/site.uit.no\/clear\/\" data-type=\"link\" data-id=\"https:\/\/site.uit.no\/clear\/\">CLEAR<\/a> (Cognitive Linguistics: Empirical Approaches to Russian)<br>Stipendiat Valentina Zhukova forteller om sin p\u00e5g\u00e5ende forskning.<\/td><\/tr><tr><td>15.15<\/td><td>PAUSE<\/td><\/tr><tr><td>15.30<\/td><td>G\u00f8ril Johansen, daglig leder i ProTroms\u00f8 og tidligere russiskstudent ved UiT: <br>Fra russiske predikativer ved UiT til diplomatiet<\/td><\/tr><tr><td>15.45<\/td><td>Svetlana Sokolova, programstyreleder: <br>Sluttord<\/td><\/tr><\/tbody><\/table><\/figure>\n","protected":false},"excerpt":{"rendered":"<p>Novemberseminaret 2024 \u2013 50 \u00e5r med russisk ved UiT I h\u00f8st er det 50 \u00e5r siden russiskfaget ble etablert ved v\u00e5rt universitet. Velkommen til jubileumsseminar! Sted: B-1004 i SVHUM-bygningen Tid: 9.30 (MERK TIDEN!) \u201316.00, 29. november 2024 Program 9.30 \u00c5pning ved prorektor for utdanning Kathrine Tveiter\u00e5s Hilsen fra dekanen ved HSL-fakultetet Anne Britt FlemmenHilsen fra [&hellip;]<\/p>\n","protected":false},"author":1052,"featured_media":0,"parent":0,"menu_order":0,"comment_status":"closed","ping_status":"closed","template":"","meta":{"footnotes":""},"class_list":["post-294","page","type-page","status-publish","hentry"],"_links":{"self":[{"href":"https:\/\/site.uit.no\/novemberseminaret\/wp-json\/wp\/v2\/pages\/294","targetHints":{"allow":["GET"]}}],"collection":[{"href":"https:\/\/site.uit.no\/novemberseminaret\/wp-json\/wp\/v2\/pages"}],"about":[{"href":"https:\/\/site.uit.no\/novemberseminaret\/wp-json\/wp\/v2\/types\/page"}],"author":[{"embeddable":true,"href":"https:\/\/site.uit.no\/novemberseminaret\/wp-json\/wp\/v2\/users\/1052"}],"replies":[{"embeddable":true,"href":"https:\/\/site.uit.no\/novemberseminaret\/wp-json\/wp\/v2\/comments?post=294"}],"version-history":[{"count":3,"href":"https:\/\/site.uit.no\/novemberseminaret\/wp-json\/wp\/v2\/pages\/294\/revisions"}],"predecessor-version":[{"id":336,"href":"https:\/\/site.uit.no\/novemberseminaret\/wp-json\/wp\/v2\/pages\/294\/revisions\/336"}],"wp:attachment":[{"href":"https:\/\/site.uit.no\/novemberseminaret\/wp-json\/wp\/v2\/media?parent=294"}],"curies":[{"name":"wp","href":"https:\/\/api.w.org\/{rel}","templated":true}]}}