{"id":31,"date":"2024-04-09T20:56:33","date_gmt":"2024-04-09T18:56:33","guid":{"rendered":"https:\/\/site.uit.no\/opptakseksamen\/?page_id=31"},"modified":"2024-04-24T11:07:19","modified_gmt":"2024-04-24T09:07:19","slug":"fase-5","status":"publish","type":"page","link":"https:\/\/site.uit.no\/opptakseksamen\/fase-5\/","title":{"rendered":"Fase 5"},"content":{"rendered":"\n<h2 class=\"wp-block-heading\">Hvem er s\u00f8kerne til h\u00f8yere musikkutdanning i dag?<\/h2>\n\n\n\n<p><strong>Oversikt over aktiviteter:<\/strong><\/p>\n\n\n\n<ul class=\"wp-block-list\">\n<li>Sp\u00f8rreskjemaunders\u00f8kelse av de som s\u00f8ker h\u00f8yere musikkutdanning for \u00e5 finne ut hvilken bakgrunn de har, hvordan de har l\u00e6rt seg det som kreves for \u00e5 best\u00e5 TG-pr\u00f8ven m.m. <\/li>\n\n\n\n<li>Bruke resultater fra unders\u00f8kelsen til \u00e5 lage en plan for hvordan vi kan heve niv\u00e5et i TG hos s\u00f8kerne. Mulige l\u00f8sninger: innf\u00f8ring av forkurs, opprettelsen av digitale kurs (MOOCs eller hybride digitale kurs).<\/li>\n<\/ul>\n","protected":false},"excerpt":{"rendered":"<p>Hvem er s\u00f8kerne til h\u00f8yere musikkutdanning i dag? Oversikt over aktiviteter:<\/p>\n","protected":false},"author":409,"featured_media":0,"parent":0,"menu_order":0,"comment_status":"closed","ping_status":"closed","template":"","meta":{"footnotes":""},"class_list":["post-31","page","type-page","status-publish","hentry"],"_links":{"self":[{"href":"https:\/\/site.uit.no\/opptakseksamen\/wp-json\/wp\/v2\/pages\/31","targetHints":{"allow":["GET"]}}],"collection":[{"href":"https:\/\/site.uit.no\/opptakseksamen\/wp-json\/wp\/v2\/pages"}],"about":[{"href":"https:\/\/site.uit.no\/opptakseksamen\/wp-json\/wp\/v2\/types\/page"}],"author":[{"embeddable":true,"href":"https:\/\/site.uit.no\/opptakseksamen\/wp-json\/wp\/v2\/users\/409"}],"replies":[{"embeddable":true,"href":"https:\/\/site.uit.no\/opptakseksamen\/wp-json\/wp\/v2\/comments?post=31"}],"version-history":[{"count":2,"href":"https:\/\/site.uit.no\/opptakseksamen\/wp-json\/wp\/v2\/pages\/31\/revisions"}],"predecessor-version":[{"id":262,"href":"https:\/\/site.uit.no\/opptakseksamen\/wp-json\/wp\/v2\/pages\/31\/revisions\/262"}],"wp:attachment":[{"href":"https:\/\/site.uit.no\/opptakseksamen\/wp-json\/wp\/v2\/media?parent=31"}],"curies":[{"name":"wp","href":"https:\/\/api.w.org\/{rel}","templated":true}]}}