{"id":324,"date":"2025-04-18T15:01:34","date_gmt":"2025-04-18T13:01:34","guid":{"rendered":"https:\/\/site.uit.no\/opptakseksamen\/?page_id=324"},"modified":"2025-11-13T09:48:56","modified_gmt":"2025-11-13T08:48:56","slug":"resultater","status":"publish","type":"page","link":"https:\/\/site.uit.no\/opptakseksamen\/resultater\/","title":{"rendered":"Resultater"},"content":{"rendered":"\n<h2 class=\"wp-block-heading\">Fase 1<\/h2>\n\n\n\n<ul class=\"wp-block-list\">\n<li><a href=\"https:\/\/cdforskning.no\/cdf\/catalog\/book\/269\"><\/a><a href=\"https:\/\/cdforskning.no\/cdf\/catalog\/book\/269\" target=\"_blank\" rel=\"noreferrer noopener\">Vurdering av geh\u00f8r- og musikkteorikompetanse i opptaket til h\u00f8yere musikkutdanning<\/a>(Tollefsen, Lilja &amp; Gaustad, 2025). I Vurderingsformer og tilbakemelding i kunstfaglig utdanning (Blix et al., red., 2025 ). Cappellen Damm Forskning.<\/li>\n\n\n\n<li>Artikkelen &laquo;Vurdering av geh\u00f8r- og musikkteorikompetanse i opptaket til h\u00f8yere musikkutdanning&raquo; (2025, Tollefsen, Lilja &amp; Gaustad. In print).<\/li>\n\n\n\n<li>Den popul\u00e6rvitenskapelige artikkelen &laquo;Opptakspr\u00f8ven under lupen&raquo; (2025, Tollefsen, Lilja &amp; Gaustad). I <a href=\"https:\/\/intranett.uit.no\/Content\/877414\/cache=20250404102739\/Podium%202025%20web.pdf\" target=\"_blank\" rel=\"noreferrer noopener\">Podium #16<\/a>: Kunstnerisk intelligens, s.19 (Tollefsen, 2025). UiT.<\/li>\n\n\n\n<li>Artikkelen <a href=\"https:\/\/site.uit.no\/opptakseksamen\/wp-content\/uploads\/sites\/516\/2025\/04\/Lilja_2024_Harmony-analysis-tasks-in-the-entrance-exams-in-Norway_postprint.pdf\" target=\"_blank\" rel=\"noreferrer noopener\">&laquo;Harmony Analysis Tasks in the Music Theory Admission Test for Higher Music Education in Norway: A Proposal for Development&raquo;<\/a> I PlaySpace, vol 3, no 1 (Lilja, 2024). UiS.<\/li>\n\n\n\n<li>\u00abOpptakspr\u00f8ven i teori og geh\u00f8r til h\u00f8yere musikkutdanning \u2013 et prosjekt i fem faser\u00bb. Paperpresentasjon med p\u00e5f\u00f8lgende plenumsdebatt.<a href=\"https:\/\/www.uis.no\/en\/research\/ear-training-pedagogic-conference\" data-type=\"link\" data-id=\"https:\/\/www.uis.no\/en\/research\/ear-training-pedagogic-conference\" target=\"_blank\" rel=\"noreferrer noopener\"> Skandinavisk ghe\u00f8rpedagogisk konferanse<\/a>, Stavanger (2023, Lilja, Tollefsen &amp; Gorbe-Ferrer).<\/li>\n\n\n\n<li>\u00abLas pruebas de acceso en la ensenanza superior en Noruega.&nbsp;Primeros pasos hacia una revision sistematica\u00bb. Posterpresentasjon. Congresso internacional SATSMUS: Una aproximacion pedagogica e interdisciplinary al analisis y la teoria musical, Madrid (2023, Gorbe-Ferrer, Tollefsen &amp; Lilja).<\/li>\n\n\n\n<li><a href=\"https:\/\/site.uit.no\/opptakseksamen\/wp-content\/uploads\/sites\/516\/2024\/05\/Poster-Tollefsen-Gorbe-Ferrer-Lilja_2023_CEMPE-Poster_rev2024-4.pdf\" data-type=\"link\" data-id=\"https:\/\/site.uit.no\/opptakseksamen\/wp-content\/uploads\/sites\/516\/2024\/05\/Poster-Tollefsen-Gorbe-Ferrer-Lilja_2023_CEMPE-Poster_rev2024-4.pdf\" target=\"_blank\" rel=\"noreferrer noopener\">\u00abOpptakspr\u00f8vene til h\u00f8yere musikkutdanning\u00bb. Posterpresentasjon. Cempe\/ NMH: Connection, Collaboration &amp; Co-creation \u2013 Ways forward for higher music education, Oslo (2023, Tollefsen, Gorbe-Ferrer &amp; Lilja).<\/a><\/li>\n<\/ul>\n\n\n\n<h2 class=\"wp-block-heading\">Fase 2<\/h2>\n\n\n\n<ul class=\"wp-block-list\">\n<li>Sammendrag av analyse og sammenligning av skandinaviske opptakspr\u00f8ver<\/li>\n<\/ul>\n\n\n\n<ol class=\"wp-block-list\">\n<li><a href=\"https:\/\/site.uit.no\/opptakseksamen\/wp-content\/uploads\/sites\/516\/2025\/10\/analyse-av-opptaksprover-fra-andre-skandinaviske-land-sept-25-2.pdf\" target=\"_blank\" rel=\"noreferrer noopener\">Del 1<\/a><\/li>\n\n\n\n<li><a href=\"https:\/\/site.uit.no\/opptakseksamen\/wp-content\/uploads\/sites\/516\/2025\/10\/Metaanalyse-del-2-fagstoff-2.pdf\" target=\"_blank\" rel=\"noreferrer noopener\">Del 2<\/a><\/li>\n<\/ol>\n\n\n\n<ul class=\"wp-block-list\">\n<li>\u00abOpptakspr\u00f8ver i geh\u00f8r og musikkteori i Skandinavia\u2013 en fellesstandard eller et mylder av meninger?\u00bb&nbsp;Paperpresentasjon. Nordisk Geh\u00f6rspedagogisk konferens, Arvika (2025, Tollefsen, S\u00e6tre Hveem &amp; Lilja).<\/li>\n<\/ul>\n\n\n\n<h2 class=\"wp-block-heading\">Fase 3<\/h2>\n\n\n\n<p><a href=\"https:\/\/site.uit.no\/opptakseksamen\/wp-content\/uploads\/sites\/516\/2025\/10\/Rapport-fra-sporreundersokelse-var25-hjemmesideversjon-1.pdf\" target=\"_blank\" rel=\"noreferrer noopener\">Rapport etter sp\u00f8rreunders\u00f8kelse blant ansatte i h\u00f8yere musikkutdanning<\/a> <\/p>\n\n\n\n<div style=\"height:100px\" aria-hidden=\"true\" class=\"wp-block-spacer\"><\/div>\n\n\n\n<figure class=\"wp-block-gallery has-nested-images columns-default is-cropped wp-block-gallery-1 is-layout-flex wp-block-gallery-is-layout-flex\">\n<figure class=\"wp-block-image size-large\"><img fetchpriority=\"high\" decoding=\"async\" width=\"1024\" height=\"768\" data-id=\"527\" src=\"https:\/\/site.uit.no\/opptakseksamen\/wp-content\/uploads\/sites\/516\/2025\/11\/Unknown-1024x768.jpg\" alt=\"\" class=\"wp-image-527\" srcset=\"https:\/\/site.uit.no\/opptakseksamen\/wp-content\/uploads\/sites\/516\/2025\/11\/Unknown-1024x768.jpg 1024w, https:\/\/site.uit.no\/opptakseksamen\/wp-content\/uploads\/sites\/516\/2025\/11\/Unknown-300x225.jpg 300w, https:\/\/site.uit.no\/opptakseksamen\/wp-content\/uploads\/sites\/516\/2025\/11\/Unknown-768x576.jpg 768w, https:\/\/site.uit.no\/opptakseksamen\/wp-content\/uploads\/sites\/516\/2025\/11\/Unknown-1536x1152.jpg 1536w, https:\/\/site.uit.no\/opptakseksamen\/wp-content\/uploads\/sites\/516\/2025\/11\/Unknown.jpg 2048w\" sizes=\"(max-width: 1024px) 100vw, 1024px\" \/><\/figure>\n\n\n\n<figure class=\"wp-block-image size-large\"><img decoding=\"async\" width=\"683\" height=\"1024\" data-id=\"528\" src=\"https:\/\/site.uit.no\/opptakseksamen\/wp-content\/uploads\/sites\/516\/2025\/11\/2C769FE1-B868-4C12-B2AC-F22513E80641_1_105_c-683x1024.jpeg\" alt=\"\" class=\"wp-image-528\" srcset=\"https:\/\/site.uit.no\/opptakseksamen\/wp-content\/uploads\/sites\/516\/2025\/11\/2C769FE1-B868-4C12-B2AC-F22513E80641_1_105_c-683x1024.jpeg 683w, https:\/\/site.uit.no\/opptakseksamen\/wp-content\/uploads\/sites\/516\/2025\/11\/2C769FE1-B868-4C12-B2AC-F22513E80641_1_105_c-200x300.jpeg 200w, https:\/\/site.uit.no\/opptakseksamen\/wp-content\/uploads\/sites\/516\/2025\/11\/2C769FE1-B868-4C12-B2AC-F22513E80641_1_105_c.jpeg 724w\" sizes=\"(max-width: 683px) 100vw, 683px\" \/><\/figure>\n<\/figure>\n\n\n\n<p>Bilder fra lanseringen av antologien der artikkelen Vurdering av geh\u00f8r- og musikkteorikompetanse i opptaket til h\u00f8yere musikkutdanning (Tollefsen, Lilja og Gaustad) er publisert.<\/p>\n","protected":false},"excerpt":{"rendered":"<p>Fase 1 Fase 2 Fase 3 Rapport etter sp\u00f8rreunders\u00f8kelse blant ansatte i h\u00f8yere musikkutdanning Bilder fra lanseringen av antologien der artikkelen Vurdering av geh\u00f8r- og musikkteorikompetanse i opptaket til h\u00f8yere musikkutdanning (Tollefsen, Lilja og Gaustad) er publisert.<\/p>\n","protected":false},"author":409,"featured_media":0,"parent":0,"menu_order":0,"comment_status":"closed","ping_status":"closed","template":"","meta":{"footnotes":""},"class_list":["post-324","page","type-page","status-publish","hentry"],"_links":{"self":[{"href":"https:\/\/site.uit.no\/opptakseksamen\/wp-json\/wp\/v2\/pages\/324","targetHints":{"allow":["GET"]}}],"collection":[{"href":"https:\/\/site.uit.no\/opptakseksamen\/wp-json\/wp\/v2\/pages"}],"about":[{"href":"https:\/\/site.uit.no\/opptakseksamen\/wp-json\/wp\/v2\/types\/page"}],"author":[{"embeddable":true,"href":"https:\/\/site.uit.no\/opptakseksamen\/wp-json\/wp\/v2\/users\/409"}],"replies":[{"embeddable":true,"href":"https:\/\/site.uit.no\/opptakseksamen\/wp-json\/wp\/v2\/comments?post=324"}],"version-history":[{"count":2,"href":"https:\/\/site.uit.no\/opptakseksamen\/wp-json\/wp\/v2\/pages\/324\/revisions"}],"predecessor-version":[{"id":530,"href":"https:\/\/site.uit.no\/opptakseksamen\/wp-json\/wp\/v2\/pages\/324\/revisions\/530"}],"wp:attachment":[{"href":"https:\/\/site.uit.no\/opptakseksamen\/wp-json\/wp\/v2\/media?parent=324"}],"curies":[{"name":"wp","href":"https:\/\/api.w.org\/{rel}","templated":true}]}}