{"id":2187,"date":"2025-01-17T13:57:45","date_gmt":"2025-01-17T12:57:45","guid":{"rendered":"https:\/\/site.uit.no\/polar\/?page_id=2187"},"modified":"2025-01-17T13:57:45","modified_gmt":"2025-01-17T12:57:45","slug":"polar-pa-norsk","status":"publish","type":"page","link":"https:\/\/site.uit.no\/polar\/polar-pa-norsk\/","title":{"rendered":"PoLaR p\u00e5 norsk"},"content":{"rendered":"\n\n\n<p>The&nbsp;<strong>P<\/strong>sycholinguistics of&nbsp;<strong>L<\/strong>anguage&nbsp;<strong>R<\/strong>epresentation (<strong>P<\/strong>o<strong>L<\/strong>a<strong>R<\/strong>) (Psykolingvistikk i spr\u00e5krepresentasjon) lab er en av labene assosiert med&nbsp;<a href=\"https:\/\/uit.no\/research\/clabl\">Senteret for Spr\u00e5k, Hjerne &amp; L\u00e6ring<\/a>&nbsp;p\u00e5&nbsp;<a href=\"https:\/\/uit.no\/om\/enhet\/forsiden?p_dimension_id=210121\" target=\"_blank\" rel=\"noreferrer noopener\">Institutt for Spr\u00e5k og Kultur<\/a>&nbsp;ved UiT Norges Arktiske Universitet. PoLaR husertopp moderne utstyr og laboratoriumsplass som legger til rette for medlemmenes arbeid i to-\/flerespr\u00e5klig spr\u00e5ktilegnelse og spr\u00e5kprosessering, spr\u00e5k som kognitiv nevrovitenskap, samtskj\u00e6ringspunktet mellom flerspr\u00e5klighet og domene-generelle kognitive og nevroanatomiske endringer i hjernen gjennom livet.<\/p>\n\n\n\n<p>Arbeidet i v\u00e5r lab er sjener\u00f8st finansiert av&nbsp;<a href=\"https:\/\/ec.europa.eu\/\" target=\"_blank\" rel=\"noreferrer noopener\">den Europeiske Union<\/a>&nbsp;og&nbsp;<a href=\"https:\/\/tfstiftelse.no\/\" target=\"_blank\" rel=\"noreferrer noopener\">Troms\u00f8 Forskningsstiftelse<\/a>. Vi jobber med befolkninger p\u00e5 tvers av alder, fra sv\u00e6rt sm\u00e5 barn til eldre voksne.&nbsp; Vi bruker en variasjon av metodologier i v\u00e5rt empiriske arbeid, fra spr\u00e5kproduksjon, korpus, grammatikalitetsvurderinger, prosesseringsm\u00e5l som reaksjonstid\/lesetid, blikksporing, EEG\/ERP til ulike typer av metoder i nevroradiologi.<\/p>\n","protected":false},"excerpt":{"rendered":"<p>The&nbsp;Psycholinguistics of&nbsp;Language&nbsp;Representation (PoLaR) (Psykolingvistikk i spr\u00e5krepresentasjon) lab er en av labene assosiert med&nbsp;Senteret for Spr\u00e5k, Hjerne &amp; L\u00e6ring&nbsp;p\u00e5&nbsp;Institutt for Spr\u00e5k og Kultur&nbsp;ved UiT Norges Arktiske Universitet. PoLaR husertopp moderne utstyr og laboratoriumsplass som legger til rette for medlemmenes arbeid i to-\/flerespr\u00e5klig spr\u00e5ktilegnelse og spr\u00e5kprosessering, spr\u00e5k som kognitiv nevrovitenskap, samtskj\u00e6ringspunktet mellom &hellip;<\/p>\n","protected":false},"author":514,"featured_media":0,"parent":0,"menu_order":0,"comment_status":"closed","ping_status":"closed","template":"","meta":{"footnotes":""},"class_list":["post-2187","page","type-page","status-publish","hentry"],"_links":{"self":[{"href":"https:\/\/site.uit.no\/polar\/wp-json\/wp\/v2\/pages\/2187","targetHints":{"allow":["GET"]}}],"collection":[{"href":"https:\/\/site.uit.no\/polar\/wp-json\/wp\/v2\/pages"}],"about":[{"href":"https:\/\/site.uit.no\/polar\/wp-json\/wp\/v2\/types\/page"}],"author":[{"embeddable":true,"href":"https:\/\/site.uit.no\/polar\/wp-json\/wp\/v2\/users\/514"}],"replies":[{"embeddable":true,"href":"https:\/\/site.uit.no\/polar\/wp-json\/wp\/v2\/comments?post=2187"}],"version-history":[{"count":1,"href":"https:\/\/site.uit.no\/polar\/wp-json\/wp\/v2\/pages\/2187\/revisions"}],"predecessor-version":[{"id":2189,"href":"https:\/\/site.uit.no\/polar\/wp-json\/wp\/v2\/pages\/2187\/revisions\/2189"}],"wp:attachment":[{"href":"https:\/\/site.uit.no\/polar\/wp-json\/wp\/v2\/media?parent=2187"}],"curies":[{"name":"wp","href":"https:\/\/api.w.org\/{rel}","templated":true}]}}