{"id":1809,"date":"2013-07-08T12:28:18","date_gmt":"2013-07-08T10:28:18","guid":{"rendered":"https:\/\/site.uit.no\/polyrytmer\/?page_id=1809"},"modified":"2014-06-03T09:05:34","modified_gmt":"2014-06-03T07:05:34","slug":"lyttestoff","status":"publish","type":"page","link":"https:\/\/site.uit.no\/polyrytmer\/lyttestoff\/","title":{"rendered":"Lyttestoff, lytt til polyrytmer i naturlige omgivelser."},"content":{"rendered":"<p>&nbsp;<\/p>\n<p>&nbsp;<\/p>\n<p>Links til Spotify med tidsangivelse.<br \/>\nEkstramateriale til 24 polyrytmiske etuder, Niels Eskild Johansen, Norsk Musikforlag.<\/p>\n<p>Arbeid med polyrytmer b\u00f8r starte med lytting. Polyrytmer opptrer i levende musikk ofte temmelig sporadisk, \u00f8ret vil dermed ikke p\u00e5 samme m\u00e5te v\u00e6re fortrolig med de mange kombinasjoner av polyrytmer som det er tilfelles med mange andre rytmiske og musikalske elementer. Du kan gi deg mulighet for denne fortrolighet ved \u00e5 lytte til polyrytmer i denne samling og i tillegg lytte til innspilningene av etydene. Du vil dermed oppn\u00e5 et godt grunnlag for selv \u00e5 utf\u00f8re polyrytmene.<\/p>\n<p>&nbsp;<\/p>\n<h3>Kombinasjon av to og tre<\/h3>\n<p>&nbsp;<\/p>\n<h4>Chopin Etude nr. 27 i ass-dur op. Posthum<\/h4>\n<p><img fetchpriority=\"high\" decoding=\"async\" class=\"alignnone size-full wp-image-1913\" src=\"https:\/\/site.uit.no\/polyrytmer\/wp-content\/uploads\/sites\/142\/2013\/07\/13.jpg\" alt=\"1\" width=\"751\" height=\"156\" srcset=\"https:\/\/site.uit.no\/polyrytmer\/wp-content\/uploads\/sites\/142\/2013\/07\/13.jpg 751w, https:\/\/site.uit.no\/polyrytmer\/wp-content\/uploads\/sites\/142\/2013\/07\/13-300x62.jpg 300w\" sizes=\"(max-width: 751px) 100vw, 751px\" \/><\/p>\n<p>Boleslaw Woytowicz:<\/p>\n<p><a href=\"http:\/\/open.spotify.com\/track\/3OhJfIaMo2VUdA7yayFxoW\" target=\"_blank\">Frederic Chopin \u2013 Etude in A-Flat major, Op. 10, No. 27 Posth. <\/a><\/p>\n<p>Istvan Szekely:<\/p>\n<p><a href=\"http:\/\/open.spotify.com\/track\/70B9uxXr2bIbA52Scks3Bi\" target=\"_blank\">Istvan Szekely \u2013 3 Nouvelles etudes, Op. posth.: Etude No. 26 in A flat major<\/a><\/p>\n<h3><\/h3>\n<h4>Mahler, Erinnerung fra Vierzehn Lieder und Ges\u00e4nge. Aus der Jugenzeit.<\/h4>\n<p><img decoding=\"async\" class=\"alignnone size-full wp-image-1928\" src=\"https:\/\/site.uit.no\/polyrytmer\/wp-content\/uploads\/sites\/142\/2013\/07\/21.jpg\" alt=\"2\" width=\"769\" height=\"217\" srcset=\"https:\/\/site.uit.no\/polyrytmer\/wp-content\/uploads\/sites\/142\/2013\/07\/21.jpg 769w, https:\/\/site.uit.no\/polyrytmer\/wp-content\/uploads\/sites\/142\/2013\/07\/21-300x84.jpg 300w\" sizes=\"(max-width: 769px) 100vw, 769px\" \/><\/p>\n<p>&nbsp;<\/p>\n<p>Christianne Stotijn, Julius Drake<\/p>\n<p><a href=\"http:\/\/open.spotify.com\/track\/0OfrBiySlmFatKS8UxyhDg\" target=\"_blank\">Gustav Mahler \u2013 Mahler &#8211; Erinnerung<\/a><\/p>\n<p>Julie Fuchs, Alphonse Cemin<\/p>\n<p><a href=\"http:\/\/open.spotify.com\/track\/2ivudzeOrBjlODkdTpvVEj\" target=\"_blank\">Julie Fuchs \u2013 Erinnerung<\/a><\/p>\n<p>&nbsp;<\/p>\n<h4>Rachmaninov Preludium op. 23 nr. 4<\/h4>\n<p><img decoding=\"async\" class=\"alignnone size-full wp-image-1929\" src=\"https:\/\/site.uit.no\/polyrytmer\/wp-content\/uploads\/sites\/142\/2013\/07\/31.jpg\" alt=\"3\" width=\"743\" height=\"145\" srcset=\"https:\/\/site.uit.no\/polyrytmer\/wp-content\/uploads\/sites\/142\/2013\/07\/31.jpg 743w, https:\/\/site.uit.no\/polyrytmer\/wp-content\/uploads\/sites\/142\/2013\/07\/31-300x58.jpg 300w\" sizes=\"(max-width: 743px) 100vw, 743px\" \/><\/p>\n<p>Lovro Pogorelich,\u00a0 1:24<\/p>\n<p><a href=\"http:\/\/open.spotify.com\/track\/4bvh2DOS5sqTmgrVd2furP\" target=\"_blank\">Lovro Pogorelich \u2013 Prelude In D Major, Op. 23, No. 4<\/a><\/p>\n<p>Simon Trpceski, 1:22<\/p>\n<p><a href=\"http:\/\/open.spotify.com\/track\/5JysZzoorR2gzTfr8ej5MB\" target=\"_blank\">Simon Trp\u010deski \u2013 Prelude Op 23 No 4 in D major <\/a><\/p>\n<p>Christian Parent, 1:13<\/p>\n<p><a href=\"http:\/\/open.spotify.com\/track\/6I0nueogTBcYTMJ4W6kCtahttp:\/\/\" target=\"_blank\">Christian Parent \u2013 Pr\u00e9lude En R\u00e9 Majeur: In D Major Op. 23, No. 4<\/a><\/p>\n<p>&nbsp;<\/p>\n<h4>Brahms, Pianokvartett nr. 3 op. 60, Andante<\/h4>\n<p><strong><img loading=\"lazy\" decoding=\"async\" class=\"alignnone size-full wp-image-1930\" src=\"https:\/\/site.uit.no\/polyrytmer\/wp-content\/uploads\/sites\/142\/2013\/07\/42.jpg\" alt=\"4\" width=\"780\" height=\"283\" srcset=\"https:\/\/site.uit.no\/polyrytmer\/wp-content\/uploads\/sites\/142\/2013\/07\/42.jpg 780w, https:\/\/site.uit.no\/polyrytmer\/wp-content\/uploads\/sites\/142\/2013\/07\/42-300x108.jpg 300w\" sizes=\"(max-width: 780px) 100vw, 780px\" \/><br \/>\n<\/strong><\/p>\n<p>La Gaia Scienza 5:20<\/p>\n<p><a href=\"http:\/\/open.spotify.com\/track\/6V6x7hNwAR6fv9smpttWK2\" target=\"_blank\">La Gaia Scienza \u2013 Quartett F\u00fcr Pianoforte, Violine, Viola &amp; Violoncell, C-moll, Op. 60: Andante<\/a><\/p>\n<p>Faur\u00e9 Quartett, 5:52<\/p>\n<p><a href=\"http:\/\/open.spotify.com\/track\/59PDbrK1ySmHgbtr0y2hxq\" target=\"_blank\">Brahms, Johannes [Composer] \u2013 Brahms: Piano Quartet No.3 in C minor, Op.60 &#8211; 3. Andante<\/a><\/p>\n<p>&nbsp;<\/p>\n<h4>Brahms\u00a0 Symfoni nr. 1 , 2 sats<\/h4>\n<p><strong><img loading=\"lazy\" decoding=\"async\" class=\"alignnone size-full wp-image-1916\" src=\"https:\/\/site.uit.no\/polyrytmer\/wp-content\/uploads\/sites\/142\/2013\/07\/92.jpg\" alt=\"9\" width=\"841\" height=\"303\" srcset=\"https:\/\/site.uit.no\/polyrytmer\/wp-content\/uploads\/sites\/142\/2013\/07\/92.jpg 841w, https:\/\/site.uit.no\/polyrytmer\/wp-content\/uploads\/sites\/142\/2013\/07\/92-300x108.jpg 300w\" sizes=\"(max-width: 841px) 100vw, 841px\" \/><br \/>\n<\/strong><\/p>\n<p>Todelt melodi over triolakkompagnement, til sist trioletterslag som etter hvert danner fire mot tre solofiolin.<a href=\"https:\/\/site.uit.no\/polyrytmer\/lyttestoff\/#Brahms_Symfoni_nr_1_2_sats-2\"> Minuttall for 4 mot tre delen. <\/a><\/p>\n<p>Sir Simon Rattle, 6:10<\/p>\n<p><a href=\"http:\/\/open.spotify.com\/track\/2egJeJA0TWqCVdJHqv6MPA\" target=\"_blank\">Sir Simon Rattle \u2013 Symphony No. 1 in C Minor, Op.68: II. Andante sostenuto<\/a><\/p>\n<p>Mariss Jansons, 6:05<\/p>\n<p><a href=\"http:\/\/open.spotify.com\/track\/1dPyFrNOWwJHVlDtsVAhNo\" target=\"_blank\">Mariss Jansons \u2013 Symphony No. 1 in C minor, Op. 68: II. Andante sostenuto<\/a><\/p>\n<p>Marin Alsop, 6:23<\/p>\n<p><a href=\"http:\/\/open.spotify.com\/local\/London+Philharmonic+Orchestra+%2f+Marin+Alsop%2c+conductor\/\/BRAHMS%3a+Symphony+No.+1+in+C+minor%2c+Op.+68+-+II.+Andante+sostenuto\/563\" target=\"_blank\">London Philharmonic Orchestra \/ Marin Alsop, conductor \u2013 BRAHMS: Symphony No. 1 in C minor, Op. 68 &#8211; II. Andante sostenuto<\/a><\/p>\n<h3><\/h3>\n<h3><i>Kombinasjoner av tre og fire <\/i><\/h3>\n<p>&nbsp;<\/p>\n<h4>Chopin Etude nr. 25 i f-moll op. posthum.<\/h4>\n<p><img loading=\"lazy\" decoding=\"async\" class=\"alignnone size-full wp-image-1934\" src=\"https:\/\/site.uit.no\/polyrytmer\/wp-content\/uploads\/sites\/142\/2013\/07\/61.jpg\" alt=\"6\" width=\"771\" height=\"151\" srcset=\"https:\/\/site.uit.no\/polyrytmer\/wp-content\/uploads\/sites\/142\/2013\/07\/61.jpg 771w, https:\/\/site.uit.no\/polyrytmer\/wp-content\/uploads\/sites\/142\/2013\/07\/61-300x58.jpg 300w\" sizes=\"(max-width: 771px) 100vw, 771px\" \/><\/p>\n<p>Boleslaw Woytowicz:<\/p>\n<p><a href=\"http:\/\/open.spotify.com\/track\/1VFIUVURQQVObwKkWhcpmX\" target=\"_blank\">Frederic Chopin \u2013 Etude in F Minor, Op. 10, No. 25 Posth.<\/a><\/p>\n<p>Boris Berezovsky<\/p>\n<p><a href=\"http:\/\/open.spotify.com\/track\/2mHsFKteiVgc6FvB96WHtJ\" target=\"_blank\">Boris Berezovsky \u2013 Chopin : 3 Nouvelles Etudes Op. posth. : No.1 in F minor<\/a><\/p>\n<p>Shura Cherkassky<\/p>\n<p><a href=\"http:\/\/open.spotify.com\/track\/5gp1CnpKjSBaDo6dp0aVbR\" target=\"_blank\">Shura Cherkassky \u2013 3 Nouvelles Etudes: No. 1 In F Minor (Chopin)<\/a><\/p>\n<p>&nbsp;<\/p>\n<h4><span style=\"font-size: 1.17em\">Beethoven Klaverkonsert nr. 5, 2. sats<\/span><\/h4>\n<p><strong><img loading=\"lazy\" decoding=\"async\" class=\"alignnone size-full wp-image-1933\" src=\"https:\/\/site.uit.no\/polyrytmer\/wp-content\/uploads\/sites\/142\/2013\/07\/7.jpg\" alt=\"7\" width=\"771\" height=\"148\" srcset=\"https:\/\/site.uit.no\/polyrytmer\/wp-content\/uploads\/sites\/142\/2013\/07\/7.jpg 771w, https:\/\/site.uit.no\/polyrytmer\/wp-content\/uploads\/sites\/142\/2013\/07\/7-300x57.jpg 300w\" sizes=\"(max-width: 771px) 100vw, 771px\" \/><br \/>\n<\/strong><\/p>\n<p>De fleste innspilninger er anvendelige.<\/p>\n<p>Peter Toperczer, 2:05 og 3:05.<\/p>\n<p><a href=\"http:\/\/open.spotify.com\/track\/2W11asbEOfVWAaVGYZiRGb\" target=\"_blank\">Ludwig van Beethoven \u2013 Concerto No. 5 in E-Flat Major for Piano and Orchestra, Op. 73, &#8220;Emperor&#8221;: II. Adagio un poco mosso (attacca)<\/a><\/p>\n<p>Georgi Cherkin, 2:00 og 2:55<\/p>\n<p><a href=\"http:\/\/open.spotify.com\/track\/3MEKrQVB3b3rJ7lpNWn7to\" target=\"_blank\">Georgi Cherkin \u2013 Concerto No. 5 in E Flat Major for Piano and Orchestra, Op. 73 &#8220;Emperor&#8221;: I. Adagio un poco moto &#8211; Live Concert Recording<br \/>\n<\/a><\/p>\n<p>Cristina Ortiz, 2:12 og 3:03<\/p>\n<p><a href=\"http:\/\/open.spotify.com\/track\/3Lszcck7k35BbvvX7H5ky1\" target=\"_blank\">Ludwig van Beethoven \u2013 Concerto No. 5 in E-Flat Major for Piano and Orchestra, Op. 73, &#8220;Emperor&#8221;: II. Adagio un poco mosso (attacca)<\/a><\/p>\n<p>&nbsp;<\/p>\n<p>&nbsp;<\/p>\n<h4>Bruckner, Symfoni nr. 5, 2. sats<\/h4>\n<p><img loading=\"lazy\" decoding=\"async\" class=\"alignnone size-full wp-image-1915\" src=\"https:\/\/site.uit.no\/polyrytmer\/wp-content\/uploads\/sites\/142\/2013\/07\/82.jpg\" alt=\"8\" width=\"799\" height=\"172\" srcset=\"https:\/\/site.uit.no\/polyrytmer\/wp-content\/uploads\/sites\/142\/2013\/07\/82.jpg 799w, https:\/\/site.uit.no\/polyrytmer\/wp-content\/uploads\/sites\/142\/2013\/07\/82-300x64.jpg 300w\" sizes=\"(max-width: 799px) 100vw, 799px\" \/><\/p>\n<p>Eugen Jochum: 1:37<\/p>\n<p><a href=\"http:\/\/open.spotify.com\/track\/6XOeg2elEzIU0lLEWLai97\" target=\"_blank\">Staatskapelle Dresden \u2013 Symphony No. 5 in B Flat (1878 Version): II. Adagio (Sehr langsam)<\/a><\/p>\n<p>Kurt Masur, 1:15<\/p>\n<p><a href=\"http:\/\/open.spotify.com\/track\/5CIB0MOXuFBBbaXJ211Uel\" target=\"_blank\">Kurt Masur \u2013 Symphony No. 5 in B flat major (Original Version): Adagio &#8211; sehr langsam<\/a><\/p>\n<p>Lorin Maazel. 0:50<\/p>\n<p><a href=\"http:\/\/open.spotify.com\/track\/1F1FRw29EkaexMxnuKzYb3\" target=\"_blank\">Lorin Maazel \u2013 Symphony No. 5 in B flat major, WAB 105: II. Adagio<br \/>\n<\/a><\/p>\n<p>Sergiu Celibidache 1:44<\/p>\n<p><a href=\"http:\/\/open.spotify.com\/track\/4W5NGwtK2vApR1kPOuA1qd\" target=\"_blank\">Anton Bruckner \u2013 Anton Bruckner: Symphony No.5 in B flat major &#8211; 2. Adagio. Sehr langsam<\/a><\/p>\n<p>&nbsp;<\/p>\n<h4>Brahms Symfoni nr. 1,\u00a0 2 sats<\/h4>\n<p><strong><img loading=\"lazy\" decoding=\"async\" class=\"alignnone size-full wp-image-1931\" src=\"https:\/\/site.uit.no\/polyrytmer\/wp-content\/uploads\/sites\/142\/2013\/07\/51.jpg\" alt=\"5\" width=\"841\" height=\"303\" srcset=\"https:\/\/site.uit.no\/polyrytmer\/wp-content\/uploads\/sites\/142\/2013\/07\/51.jpg 841w, https:\/\/site.uit.no\/polyrytmer\/wp-content\/uploads\/sites\/142\/2013\/07\/51-300x108.jpg 300w\" sizes=\"(max-width: 841px) 100vw, 841px\" \/><br \/>\n<\/strong><\/p>\n<p>Todelt melodi over triolakkompagnement, til sist trioletterslag som etter hvert danner fire mot tre solofiolin. <a href=\"https:\/\/site.uit.no\/polyrytmer\/lyttestoff\/#Brahms_Symfoni_nr_1_2_sats\">Minuttall for tre mot to delen.<\/a><\/p>\n<p>Sir Simon Rattle, del 2 med\u00a0 fire mot tre 6:50<\/p>\n<p><a href=\"http:\/\/open.spotify.com\/track\/2egJeJA0TWqCVdJHqv6MPA\" target=\"_blank\">Sir Simon Rattle \u2013 Symphony No. 1 in C Minor, Op.68: II. Andante sostenuto<\/a><\/p>\n<p>Mariss Jansons, del 2 med fire mot tre 6:45<\/p>\n<p><a href=\"http:\/\/open.spotify.com\/track\/1dPyFrNOWwJHVlDtsVAhNo\" target=\"_blank\">Mariss Jansons \u2013 Symphony No. 1 in C minor, Op. 68: II. Andante sostenuto<\/a><\/p>\n<p>Marin Alsop, del 2 med fire mot tre 7:08<\/p>\n<p><a href=\"http:\/\/open.spotify.com\/local\/London+Philharmonic+Orchestra+%2f+Marin+Alsop%2c+conductor\/\/BRAHMS%3a+Symphony+No.+1+in+C+minor%2c+Op.+68+-+II.+Andante+sostenuto\/563\">London Philharmonic Orchestra \/ Marin Alsop, conductor \u2013 BRAHMS: Symphony No. 1 in C minor, Op. 68 &#8211; II. Andante sostenuto<\/a><\/p>\n<p>&nbsp;<\/p>\n<h4>Rachmaninov Pianokonsert nr. 2, 2. sats<\/h4>\n<p><img loading=\"lazy\" decoding=\"async\" class=\"alignnone size-full wp-image-1917\" src=\"https:\/\/site.uit.no\/polyrytmer\/wp-content\/uploads\/sites\/142\/2013\/07\/102.jpg\" alt=\"10\" width=\"807\" height=\"299\" srcset=\"https:\/\/site.uit.no\/polyrytmer\/wp-content\/uploads\/sites\/142\/2013\/07\/102.jpg 807w, https:\/\/site.uit.no\/polyrytmer\/wp-content\/uploads\/sites\/142\/2013\/07\/102-300x111.jpg 300w\" sizes=\"(max-width: 807px) 100vw, 807px\" \/><\/p>\n<p>Komponisten noterer ikke 3 mot 4 men strukturerer klaverstemmen med en klar trestruktur mot orkestrets 4\/4. <em>Satsen innholder lange passager med to mot tre.<\/em><\/p>\n<p>Leif Ove Andsnes, 3:05<\/p>\n<p><a href=\"http:\/\/open.spotify.com\/track\/6UArWvyVWzNudOCNHIqc11\" target=\"_blank\">Antonio Pappano \u2013 Piano Concerto No. 2 in C Minor, Op.18: II. Adagio sostenuto<\/a><\/p>\n<p>Andrei Gavrilov, Riccardi Muti, 3:55<\/p>\n<p><a href=\"http:\/\/open.spotify.com\/track\/1PNCvfHs3YfWPKsWwTVTbN\" target=\"_blank\">Philadelphia Orchestra \u2013 Piano Concerto No. 2 in C Minor, Op.18: II. Adagio sostenuto<\/a><\/p>\n<p>Cecilie Ousset, Sir Simon Rattle, 3:43<\/p>\n<p><a href=\"http:\/\/open.spotify.com\/track\/71VnoSqa2ycMGf4kqmKHbg\" target=\"_blank\">Cecile Ousset \u2013 Piano Concerto No. 2 in C Minor, Op.18: II. Adagio sostenuto<\/a><\/p>\n<h3><\/h3>\n<h3>Fem og tre og fire<\/h3>\n<p>&nbsp;<\/p>\n<h4>Scriabin prelude op 39. nr. 3<\/h4>\n<p><strong><a href=\"https:\/\/site.uit.no\/polyrytmer\/wp-content\/uploads\/sites\/142\/2013\/07\/112.jpg\"><img loading=\"lazy\" decoding=\"async\" class=\"alignnone size-full wp-image-1918\" src=\"https:\/\/site.uit.no\/polyrytmer\/wp-content\/uploads\/sites\/142\/2013\/07\/112.jpg\" alt=\"11\" width=\"691\" height=\"155\" srcset=\"https:\/\/site.uit.no\/polyrytmer\/wp-content\/uploads\/sites\/142\/2013\/07\/112.jpg 691w, https:\/\/site.uit.no\/polyrytmer\/wp-content\/uploads\/sites\/142\/2013\/07\/112-300x67.jpg 300w\" sizes=\"(max-width: 691px) 100vw, 691px\" \/><\/a><\/strong><\/p>\n<p>Tre mot fem-rytmen er karakteristisk og gjennomg\u00e5ende i hele satsen, enkelte forekomster av andre polyrytmer.<\/p>\n<p>Claudio Colombo<\/p>\n<p><a href=\"http:\/\/open.spotify.com\/track\/3JmrNCG7r9eSwe9lG7Lidy\" target=\"_blank\">Claudio Colombo \u2013 Pr\u00e9lude No. 3, Op. 39<\/a><\/p>\n<p>&nbsp;<\/p>\n<h4>Scriabin Etudes op. 13 nr. 4<\/h4>\n<p><img loading=\"lazy\" decoding=\"async\" class=\"alignnone size-full wp-image-1919\" src=\"https:\/\/site.uit.no\/polyrytmer\/wp-content\/uploads\/sites\/142\/2013\/07\/122.jpg\" alt=\"12\" width=\"721\" height=\"151\" srcset=\"https:\/\/site.uit.no\/polyrytmer\/wp-content\/uploads\/sites\/142\/2013\/07\/122.jpg 721w, https:\/\/site.uit.no\/polyrytmer\/wp-content\/uploads\/sites\/142\/2013\/07\/122-300x62.jpg 300w\" sizes=\"(max-width: 721px) 100vw, 721px\" \/><\/p>\n<p>Hele satsen bygger p\u00e5 denne polyrytme. Ogs\u00e5 her enkelte andre polyrytmer.<\/p>\n<p>Claudio Colombo<\/p>\n<p><a href=\"http:\/\/open.spotify.com\/track\/28WkR6pS0mzxw5DO3G24MS\" target=\"_blank\">Claudio Colombo \u2013 Pr\u00e9lude No. 4 In E Minor, Op. 13<\/a><\/p>\n<p>Evgeny Zarafiants<\/p>\n<p><a href=\"http:\/\/open.spotify.com\/track\/5jgQPIoKTB98JD6TDQc2jY\" target=\"_blank\">Evgeny Zarafiants \u2013 6 Preludes, Op. 13: IV. Prelude No. 4 in E minor: Allegro<\/a><\/p>\n<p>&nbsp;<\/p>\n<h4>F.Chopin Nocturne op. 32 nr.2<\/h4>\n<p><img loading=\"lazy\" decoding=\"async\" class=\"alignnone size-full wp-image-1920\" src=\"https:\/\/site.uit.no\/polyrytmer\/wp-content\/uploads\/sites\/142\/2013\/07\/131.jpg\" alt=\"13\" width=\"776\" height=\"141\" srcset=\"https:\/\/site.uit.no\/polyrytmer\/wp-content\/uploads\/sites\/142\/2013\/07\/131.jpg 776w, https:\/\/site.uit.no\/polyrytmer\/wp-content\/uploads\/sites\/142\/2013\/07\/131-300x54.jpg 300w\" sizes=\"(max-width: 776px) 100vw, 776px\" \/><\/p>\n<p>&nbsp;<\/p>\n<p>Peter Schmallfuss 4:10<\/p>\n<p><a href=\"http:\/\/open.spotify.com\/track\/6uGYxt1M0Z0BfKAa6FwzyJ\" target=\"_blank\">Peter Schmalfuss \u2013 Nocturne op. 32, 2<\/a><\/p>\n<p>Justin Lamb 5:05<\/p>\n<p><a href=\"http:\/\/open.spotify.com\/track\/3F8JCrDxApOp1gSVtOcsfA\" target=\"_blank\">Justin Lamb \u2013 Nocturne in A-flat major, Op. 32, No. 2<\/a><\/p>\n<p>Bernard D&#8217; Ascoli, 4:15<\/p>\n<p><a href=\"http:\/\/open.spotify.com\/track\/0BFFuleGhbmdT0Ylf0nCL0\" target=\"_blank\">Bernard D&#8217; Ascoli \u2013 Nocturne No. 10 In A Flat Major, Op. 32 No. 2 &#8212;&#8211;<\/a><\/p>\n<p>&nbsp;<\/p>\n<h4>Rachmaninov Pianokonsert nr. 2, 1. sats<\/h4>\n<p><img loading=\"lazy\" decoding=\"async\" class=\"alignnone size-full wp-image-1921\" src=\"https:\/\/site.uit.no\/polyrytmer\/wp-content\/uploads\/sites\/142\/2013\/07\/14.jpg\" alt=\"14\" width=\"810\" height=\"316\" srcset=\"https:\/\/site.uit.no\/polyrytmer\/wp-content\/uploads\/sites\/142\/2013\/07\/14.jpg 810w, https:\/\/site.uit.no\/polyrytmer\/wp-content\/uploads\/sites\/142\/2013\/07\/14-300x117.jpg 300w\" sizes=\"(max-width: 810px) 100vw, 810px\" \/><\/p>\n<p>Seks takter med tre mot fem etterp\u00e5 kort passage med tre mot 5.<\/p>\n<p>Leif Ove Andsnes\/Antonio Pappano 9:00.<\/p>\n<p><a href=\"http:\/\/open.spotify.com\/track\/7q9lRp5zU4VEzI5EJmZUvD\" target=\"_blank\">Antonio Pappano \u2013 Piano Concerto No. 2 in C Minor, Op.18: I. Moderato<\/a><a href=\"http:\/\/open.spotify.com\/track\/2sn1bbSWqMC6xLO2wYLOFL\"><br \/>\n<\/a><\/p>\n<p>Andrei Gavrilov\/Riccardo Muti, 9:20<\/p>\n<p><a href=\"http:\/\/open.spotify.com\/track\/7v12TCjg9n67kdm9R5NWoZ\" target=\"_blank\">Philadelphia Orchestra \u2013 Piano Concerto No. 2 in C Minor, Op.18: I. Moderato<br \/>\n<\/a><\/p>\n<p>&nbsp;<\/p>\n<h4>Rachmaninov Preludium op 32 nr.5<\/h4>\n<p><img loading=\"lazy\" decoding=\"async\" class=\"alignnone size-full wp-image-1922\" src=\"https:\/\/site.uit.no\/polyrytmer\/wp-content\/uploads\/sites\/142\/2013\/07\/15.jpg\" alt=\"15\" width=\"787\" height=\"159\" srcset=\"https:\/\/site.uit.no\/polyrytmer\/wp-content\/uploads\/sites\/142\/2013\/07\/15.jpg 787w, https:\/\/site.uit.no\/polyrytmer\/wp-content\/uploads\/sites\/142\/2013\/07\/15-300x60.jpg 300w\" sizes=\"(max-width: 787px) 100vw, 787px\" \/><\/p>\n<p>Disse er klare I formuleringene og forskjellige: John Ogdon, Gesa Anda, Dmitry Paperno, Lovro Pogorelich<\/p>\n<p>4 mot 5 i siste minutt av satsen. Variasjon med sekstendedele mot akkompagnementets kvintol.<\/p>\n<p>John Ogdon<\/p>\n<p><a title=\"John Ogdon \u2013 Preludes Opp. 23 &amp; 32: Prelude in G (Moderato) Op. 32 No. 5\" href=\"http:\/\/open.spotify.com\/track\/3pX5u91Be0I2TaMLwWRka4\" target=\"_blank\">John Ogdon \u2013 Preludes Opp. 23 &amp; 32: Prelude in G (Moderato) Op. 32 No. 5<\/a><\/p>\n<p>Dmitri Alexeev<\/p>\n<p><a href=\"http:\/\/open.spotify.com\/track\/1mT20fvMBC29SWPkYpM7Wm\" target=\"_blank\">Dmitri Alexeev \u2013 24 Preludes: Prelude in G (Moderato) Op. 32 No. 5\u00a0\u00a0 <\/a><\/p>\n<p>Lovro Pogorelich<\/p>\n<p><a href=\"http:\/\/open.spotify.com\/track\/0cR3rJMyPI6jO53Gwce8Xn\" target=\"_blank\">Lovro Pogorelich \u2013 Prelude In G Major, Op. 32, No. 5<\/a><\/p>\n<p>Sergei Rachmaninov<\/p>\n<p><a href=\"http:\/\/open.spotify.com\/track\/5T4gGRkVBNNRPvZMZBCIj8\" target=\"_blank\">Sergei Rachmaninoff \u2013 Prelude No. 5 In G Major, Op. 32<\/a><\/p>\n<h3><\/h3>\n<h3>Skiftende polyrytmer<\/h3>\n<p>&nbsp;<\/p>\n<h4>Chopin Sonate nr. 1 op. 4, Larghetto.<\/h4>\n<p><img loading=\"lazy\" decoding=\"async\" class=\"alignnone size-full wp-image-1923\" src=\"https:\/\/site.uit.no\/polyrytmer\/wp-content\/uploads\/sites\/142\/2013\/07\/16.jpg\" alt=\"16\" width=\"816\" height=\"148\" srcset=\"https:\/\/site.uit.no\/polyrytmer\/wp-content\/uploads\/sites\/142\/2013\/07\/16.jpg 816w, https:\/\/site.uit.no\/polyrytmer\/wp-content\/uploads\/sites\/142\/2013\/07\/16-300x54.jpg 300w\" sizes=\"(max-width: 816px) 100vw, 816px\" \/><\/p>\n<p>&nbsp;<\/p>\n<p>God som spille\u00f8velse med to akt\u00f8rer. Senere i satsen f\u00f8lge av 3 mot 2 og 5 mot 4, senere i satsen 5 mot 2 .<\/p>\n<p>Vladimir Ashkenazi 1:48<\/p>\n<p><a href=\"http:\/\/open.spotify.com\/track\/2IQygRMsZt7ufIE3vD5Nci\" target=\"_blank\">Frederic Chopin \u2013 Fr\u00e9d\u00e9ric Chopin: Piano Sonata No.1 in C minor, Op.4 &#8211; 3. Larghetto<\/a><\/p>\n<p>Ian Hobson, 1:27<\/p>\n<p><a href=\"http:\/\/open.spotify.com\/track\/5cbWrk2ZeYh9A94xR3BmOT\" target=\"_blank\">Ian Hobson \u2013 Sonata No. 1 In C Minor, Op. 4 &#8211; Larghetto<\/a><\/p>\n<p>Leif Ove Andsnes, 1:52<\/p>\n<p><a href=\"http:\/\/open.spotify.com\/track\/5CiaupjjBB82GnByvUjvqj\" target=\"_blank\">Leif Ove Andsnes \u2013 Piano Sonata No. 1 in C Minor, Op.4: III. Larghetto<\/a><\/p>\n<p>&nbsp;<\/p>\n<h4>Scriabin prelude op. 15 nr. 1<\/h4>\n<p><img loading=\"lazy\" decoding=\"async\" class=\"alignnone size-full wp-image-1924\" src=\"https:\/\/site.uit.no\/polyrytmer\/wp-content\/uploads\/sites\/142\/2013\/07\/17.jpg\" alt=\"17\" width=\"761\" height=\"158\" srcset=\"https:\/\/site.uit.no\/polyrytmer\/wp-content\/uploads\/sites\/142\/2013\/07\/17.jpg 761w, https:\/\/site.uit.no\/polyrytmer\/wp-content\/uploads\/sites\/142\/2013\/07\/17-300x62.jpg 300w\" sizes=\"(max-width: 761px) 100vw, 761px\" \/><\/p>\n<p>Claudio Colombo<\/p>\n<p><a title=\"Claudio Colombo \u2013 Pr\u00e9ludeNo. 1 In A Major, Op. 15\" href=\"http:\/\/open.spotify.com\/track\/3vLM6umJDNAssq1o5jhoa1\" target=\"_blank\">Claudio Colombo \u2013 Pr\u00e9ludeNo. 1 In A Major, Op. 15<br \/>\n<\/a><\/p>\n<p>Vincent Russo<\/p>\n<p><a href=\"http:\/\/open.spotify.com\/track\/2U6eHu6k5qPKsgCqBUXAfo\" target=\"_blank\">Vincent Russo \u2013 24 Preludes, Op. 15: Prelude No. 1<\/a><\/p>\n<p>Alexander Scriabin<\/p>\n<p><a href=\"http:\/\/open.spotify.com\/track\/0VWTvIkiqAcVcrfmmFiJSr\" target=\"_blank\">Alexander Scriabin \u2013 Prelude Op. 15 #1<\/a><\/p>\n<p>&nbsp;<\/p>\n<h4>\u00a0Scriabin, Preludium op. 17, nr. 1<\/h4>\n<p><img loading=\"lazy\" decoding=\"async\" class=\"alignnone size-full wp-image-1925\" src=\"https:\/\/site.uit.no\/polyrytmer\/wp-content\/uploads\/sites\/142\/2013\/07\/18.jpg\" alt=\"18\" width=\"747\" height=\"154\" srcset=\"https:\/\/site.uit.no\/polyrytmer\/wp-content\/uploads\/sites\/142\/2013\/07\/18.jpg 747w, https:\/\/site.uit.no\/polyrytmer\/wp-content\/uploads\/sites\/142\/2013\/07\/18-300x61.jpg 300w\" sizes=\"(max-width: 747px) 100vw, 747px\" \/><\/p>\n<p>Claudio Colombo<\/p>\n<p><a href=\"http:\/\/open.spotify.com\/track\/30ZnxQclfVHtgZNwyEjqPq\" target=\"_blank\">Claudio Colombo \u2013 Pr\u00e9lude No. 1 In D Minor, Op. 17<br \/>\n<\/a><\/p>\n<p>Valeri Kastelsky<\/p>\n<p><a href=\"http:\/\/open.spotify.com\/track\/1isRM6mKgJ28LU4UcNF1qC\" target=\"_blank\">Valeri Kastelsky \u2013 Prelude op.17 no.1<\/a><\/p>\n<p>&nbsp;<\/p>\n<h4>Scriabin Etude Op. 8 nr. 4<\/h4>\n<p><strong><img loading=\"lazy\" decoding=\"async\" class=\"alignnone size-full wp-image-1926\" src=\"https:\/\/site.uit.no\/polyrytmer\/wp-content\/uploads\/sites\/142\/2013\/07\/19.jpg\" alt=\"19\" width=\"785\" height=\"146\" srcset=\"https:\/\/site.uit.no\/polyrytmer\/wp-content\/uploads\/sites\/142\/2013\/07\/19.jpg 785w, https:\/\/site.uit.no\/polyrytmer\/wp-content\/uploads\/sites\/142\/2013\/07\/19-300x55.jpg 300w\" sizes=\"(max-width: 785px) 100vw, 785px\" \/><br \/>\n<\/strong><\/p>\n<p>Garrick Ohlsson<\/p>\n<p><a href=\"http:\/\/open.spotify.com\/track\/7845lmDU1CHDCpY0Lf2Du8\" target=\"_blank\">Alexander Scriabin \u2013 Etude in B Major, Op. 8, No. 4 <\/a><\/p>\n<p>Alexander Paley<\/p>\n<p><a href=\"http:\/\/open.spotify.com\/track\/5LoAUbz7IC3lRzRgDSnwdM\" target=\"_blank\">Alexander Paley \u2013 12 Etudes, Op. 8 : No. 4 Piacevole<\/a><\/p>\n<p>&nbsp;<\/p>\n<h4>Chopin Nocturne op. 9 nr 3,<\/h4>\n<p><img loading=\"lazy\" decoding=\"async\" class=\"alignnone size-full wp-image-1927\" src=\"https:\/\/site.uit.no\/polyrytmer\/wp-content\/uploads\/sites\/142\/2013\/07\/20.jpg\" alt=\"20\" width=\"801\" height=\"141\" srcset=\"https:\/\/site.uit.no\/polyrytmer\/wp-content\/uploads\/sites\/142\/2013\/07\/20.jpg 801w, https:\/\/site.uit.no\/polyrytmer\/wp-content\/uploads\/sites\/142\/2013\/07\/20-300x52.jpg 300w\" sizes=\"(max-width: 801px) 100vw, 801px\" \/><\/p>\n<p>Varierte polyrytmer, klare eksempler p\u00e5 5 mot 3 og 4 mot 3.<\/p>\n<p>Henryk Sztompka 0:22<\/p>\n<p><a href=\"http:\/\/open.spotify.com\/track\/1pn6grAzorRIKazWjLPHEk\" target=\"_blank\">Henryk Sztompka \u2013 Nocturnes in B Major, Op. 9: Nocturne No. 3<\/a><\/p>\n<p>Elisabeth Leonskaja 0:27<\/p>\n<p><a href=\"http:\/\/open.spotify.com\/track\/5qQRvqCXuO3uZTazifcGvO\" target=\"_blank\">Elisabeth Leonskaja \u2013 Chopin : Nocturne No.3 in B major Op.9 No.3<\/a><\/p>\n<p>Adam Harasiewicz 0:18<\/p>\n<p><a href=\"http:\/\/open.spotify.com\/track\/08Dtlx5AE4KcEvy3B4xQ5E\" target=\"_blank\">Frederic Chopin \u2013 Fr\u00e9d\u00e9ric Chopin: Nocturne No.3 in B, Op.9 No.3<\/a><\/p>\n<p>&nbsp;<\/p>\n<p>&nbsp;<\/p>\n<hr \/>\n<p>&nbsp;<\/p>\n","protected":false},"excerpt":{"rendered":"<p>&nbsp; &nbsp; Links til Spotify med tidsangivelse. Ekstramateriale til 24 polyrytmiske etuder, Niels Eskild Johansen, Norsk Musikforlag. Arbeid med polyrytmer b\u00f8r starte med lytting. Polyrytmer opptrer i levende musikk ofte temmelig sporadisk, \u00f8ret vil dermed ikke p\u00e5 samme m\u00e5te v\u00e6re fortrolig med de mange kombinasjoner av polyrytmer som det er tilfelles med mange andre rytmiske [&hellip;]<\/p>\n","protected":false},"author":148,"featured_media":0,"parent":0,"menu_order":2,"comment_status":"closed","ping_status":"closed","template":"","meta":{"footnotes":""},"class_list":["post-1809","page","type-page","status-publish","hentry"],"_links":{"self":[{"href":"https:\/\/site.uit.no\/polyrytmer\/wp-json\/wp\/v2\/pages\/1809","targetHints":{"allow":["GET"]}}],"collection":[{"href":"https:\/\/site.uit.no\/polyrytmer\/wp-json\/wp\/v2\/pages"}],"about":[{"href":"https:\/\/site.uit.no\/polyrytmer\/wp-json\/wp\/v2\/types\/page"}],"author":[{"embeddable":true,"href":"https:\/\/site.uit.no\/polyrytmer\/wp-json\/wp\/v2\/users\/148"}],"replies":[{"embeddable":true,"href":"https:\/\/site.uit.no\/polyrytmer\/wp-json\/wp\/v2\/comments?post=1809"}],"version-history":[{"count":65,"href":"https:\/\/site.uit.no\/polyrytmer\/wp-json\/wp\/v2\/pages\/1809\/revisions"}],"predecessor-version":[{"id":1814,"href":"https:\/\/site.uit.no\/polyrytmer\/wp-json\/wp\/v2\/pages\/1809\/revisions\/1814"}],"wp:attachment":[{"href":"https:\/\/site.uit.no\/polyrytmer\/wp-json\/wp\/v2\/media?parent=1809"}],"curies":[{"name":"wp","href":"https:\/\/api.w.org\/{rel}","templated":true}]}}