{"id":116,"date":"2019-02-22T13:44:25","date_gmt":"2019-02-22T12:44:25","guid":{"rendered":"https:\/\/site.uit.no\/psykhel\/?page_id=116"},"modified":"2022-09-14T14:04:09","modified_gmt":"2022-09-14T12:04:09","slug":"psykologi-for-sjukskoterskor","status":"publish","type":"page","link":"https:\/\/site.uit.no\/psykhel\/","title":{"rendered":"Psykisk helseportalen"},"content":{"rendered":"<p>[et_pb_section fb_built=&#8221;1&#8243; fullwidth=&#8221;on&#8221; _builder_version=&#8221;4.16&#8243; global_colors_info=&#8221;{}&#8221;][et_pb_fullwidth_slider _builder_version=&#8221;4.16&#8243; body_font_size=&#8221;16px&#8221; body_letter_spacing=&#8221;1px&#8221; box_shadow_style=&#8221;preset6&#8243; box_shadow_blur=&#8221;10px&#8221; box_shadow_color=&#8221;rgba(0,0,0,0.1)&#8221; global_colors_info=&#8221;{}&#8221; button_text_size__hover_enabled=&#8221;off&#8221; button_one_text_size__hover_enabled=&#8221;off&#8221; button_two_text_size__hover_enabled=&#8221;off&#8221; button_text_color__hover_enabled=&#8221;off&#8221; button_one_text_color__hover_enabled=&#8221;off&#8221; button_two_text_color__hover_enabled=&#8221;off&#8221; button_border_width__hover_enabled=&#8221;off&#8221; button_one_border_width__hover_enabled=&#8221;off&#8221; button_two_border_width__hover_enabled=&#8221;off&#8221; button_border_color__hover_enabled=&#8221;off&#8221; button_one_border_color__hover_enabled=&#8221;off&#8221; button_two_border_color__hover_enabled=&#8221;off&#8221; button_border_radius__hover_enabled=&#8221;off&#8221; button_one_border_radius__hover_enabled=&#8221;off&#8221; button_two_border_radius__hover_enabled=&#8221;off&#8221; button_letter_spacing__hover_enabled=&#8221;off&#8221; button_one_letter_spacing__hover_enabled=&#8221;off&#8221; button_two_letter_spacing__hover_enabled=&#8221;off&#8221; button_bg_color__hover_enabled=&#8221;off&#8221; button_one_bg_color__hover_enabled=&#8221;off&#8221; button_two_bg_color__hover_enabled=&#8221;off&#8221;][et_pb_slide heading=&#8221;Modul1: Psykologi f\u00f6r sjuksk\u00f6terskor&#8221; button_text=&#8221;Start modul&#8221; button_link=&#8221;\/psykhel\/modul-1\/&#8221; use_bg_overlay=&#8221;off&#8221; use_text_overlay=&#8221;on&#8221; text_overlay_color=&#8221;rgba(30,30,30,0.5)&#8221; text_border_radius=&#8221;6&#8243; _builder_version=&#8221;4.16&#8243; background_color=&#8221;#ffffff&#8221; background_image=&#8221;https:\/\/site.uit.no\/psykhel\/wp-content\/uploads\/sites\/386\/2019\/07\/banner-modul-1-1280&#215;590.jpg&#8221; global_colors_info=&#8221;{}&#8221; button_text_size__hover_enabled=&#8221;off&#8221; button_one_text_size__hover_enabled=&#8221;off&#8221; button_two_text_size__hover_enabled=&#8221;off&#8221; button_text_color__hover_enabled=&#8221;off&#8221; button_one_text_color__hover_enabled=&#8221;off&#8221; button_two_text_color__hover_enabled=&#8221;off&#8221; button_border_width__hover_enabled=&#8221;off&#8221; button_one_border_width__hover_enabled=&#8221;off&#8221; button_two_border_width__hover_enabled=&#8221;off&#8221; button_border_color__hover_enabled=&#8221;off&#8221; button_one_border_color__hover_enabled=&#8221;off&#8221; button_two_border_color__hover_enabled=&#8221;off&#8221; button_border_radius__hover_enabled=&#8221;off&#8221; button_one_border_radius__hover_enabled=&#8221;off&#8221; button_two_border_radius__hover_enabled=&#8221;off&#8221; button_letter_spacing__hover_enabled=&#8221;off&#8221; button_one_letter_spacing__hover_enabled=&#8221;off&#8221; button_two_letter_spacing__hover_enabled=&#8221;off&#8221; button_bg_color__hover_enabled=&#8221;off&#8221; button_one_bg_color__hover_enabled=&#8221;off&#8221; button_two_bg_color__hover_enabled=&#8221;off&#8221; sticky_transition=&#8221;on&#8221;]<\/p>\n<p>Modul 1 \u00e4r upplagd som en resurs kopplad till boken Psykologi f\u00f6r sjuksk\u00f6terskor\/Psykologi for sykepleiere, och f\u00f6ljer bokens struktur. I tjugo teman presenteras psykologiska teorier och begrepp som kan vara till st\u00f6d f\u00f6r att f\u00f6rst\u00e5 olika aspekter av h\u00e4lsa, oh\u00e4lsa och omv\u00e5rdnad.<\/p>\n<p>&nbsp;<\/p>\n<p>[\/et_pb_slide][et_pb_slide heading=&#8221;Modul 2: Rus, psykisk helse og recovery&#8221; button_text=&#8221;Start modul&#8221; button_link=&#8221;\/psykhel\/modul-2-rus-psykisk-helse-og-recovery\/&#8221; use_bg_overlay=&#8221;off&#8221; use_text_overlay=&#8221;on&#8221; text_overlay_color=&#8221;rgba(30,30,30,0.5)&#8221; text_border_radius=&#8221;6&#8243; _builder_version=&#8221;4.16&#8243; background_color=&#8221;#ffffff&#8221; background_image=&#8221;https:\/\/site.uit.no\/psykhel\/wp-content\/uploads\/sites\/386\/2019\/02\/psyhel-banner-homepage-v4-1280&#215;570.jpg&#8221; global_colors_info=&#8221;{}&#8221; button_text_size__hover_enabled=&#8221;off&#8221; button_one_text_size__hover_enabled=&#8221;off&#8221; button_two_text_size__hover_enabled=&#8221;off&#8221; button_text_color__hover_enabled=&#8221;off&#8221; button_one_text_color__hover_enabled=&#8221;off&#8221; button_two_text_color__hover_enabled=&#8221;off&#8221; button_border_width__hover_enabled=&#8221;off&#8221; button_one_border_width__hover_enabled=&#8221;off&#8221; button_two_border_width__hover_enabled=&#8221;off&#8221; button_border_color__hover_enabled=&#8221;off&#8221; button_one_border_color__hover_enabled=&#8221;off&#8221; button_two_border_color__hover_enabled=&#8221;off&#8221; button_border_radius__hover_enabled=&#8221;off&#8221; button_one_border_radius__hover_enabled=&#8221;off&#8221; button_two_border_radius__hover_enabled=&#8221;off&#8221; button_letter_spacing__hover_enabled=&#8221;off&#8221; button_one_letter_spacing__hover_enabled=&#8221;off&#8221; button_two_letter_spacing__hover_enabled=&#8221;off&#8221; button_bg_color__hover_enabled=&#8221;off&#8221; button_one_bg_color__hover_enabled=&#8221;off&#8221; button_two_bg_color__hover_enabled=&#8221;off&#8221; sticky_transition=&#8221;on&#8221;]<\/p>\n<p>Denne modulen fokuserer p\u00e5&#8230;<\/p>\n<p>&nbsp;<\/p>\n<p>[\/et_pb_slide][et_pb_slide heading=&#8221;Modul 3: Motiverande Intervju&#8221; button_text=&#8221;Start modul&#8221; button_link=&#8221;\/psykhel\/modul-3-motiverande-intervju\/&#8221; use_bg_overlay=&#8221;off&#8221; use_text_overlay=&#8221;on&#8221; text_overlay_color=&#8221;rgba(30,30,30,0.5)&#8221; text_border_radius=&#8221;6&#8243; _builder_version=&#8221;4.16&#8243; background_color=&#8221;#ffffff&#8221; background_image=&#8221;https:\/\/site.uit.no\/psykhel\/wp-content\/uploads\/sites\/386\/2019\/07\/banner-v2-modul-3-intervju-1280&#215;590-1.jpg&#8221; custom_button=&#8221;on&#8221; button_bg_color=&#8221;rgba(30,30,30,0.15)&#8221; global_colors_info=&#8221;{}&#8221; button_text_size__hover_enabled=&#8221;off&#8221; button_one_text_size__hover_enabled=&#8221;off&#8221; button_two_text_size__hover_enabled=&#8221;off&#8221; button_text_color__hover_enabled=&#8221;off&#8221; button_one_text_color__hover_enabled=&#8221;off&#8221; button_two_text_color__hover_enabled=&#8221;off&#8221; button_border_width__hover_enabled=&#8221;off&#8221; button_one_border_width__hover_enabled=&#8221;off&#8221; button_two_border_width__hover_enabled=&#8221;off&#8221; button_border_color__hover_enabled=&#8221;off&#8221; button_one_border_color__hover_enabled=&#8221;off&#8221; button_two_border_color__hover_enabled=&#8221;off&#8221; button_border_radius__hover_enabled=&#8221;off&#8221; button_one_border_radius__hover_enabled=&#8221;off&#8221; button_two_border_radius__hover_enabled=&#8221;off&#8221; button_letter_spacing__hover_enabled=&#8221;off&#8221; button_one_letter_spacing__hover_enabled=&#8221;off&#8221; button_two_letter_spacing__hover_enabled=&#8221;off&#8221; button_bg_color__hover_enabled=&#8221;off&#8221; button_one_bg_color__hover_enabled=&#8221;off&#8221; button_two_bg_color__hover_enabled=&#8221;off&#8221; sticky_transition=&#8221;on&#8221;]<\/p>\n<p>Denne modulen fokuserer p\u00e5&#8230;<\/p>\n<p>&nbsp;<\/p>\n<p>[\/et_pb_slide][et_pb_slide heading=&#8221;Modul 4: F\u00f6r l\u00e4rare&#8221; button_text=&#8221;Start modul&#8221; button_link=&#8221;\/psykhel\/modul-for-larare\/&#8221; use_bg_overlay=&#8221;off&#8221; use_text_overlay=&#8221;on&#8221; text_overlay_color=&#8221;rgba(30,30,30,0.5)&#8221; text_border_radius=&#8221;6&#8243; _builder_version=&#8221;4.16&#8243; background_color=&#8221;#ffffff&#8221; background_image=&#8221;https:\/\/site.uit.no\/psykhel\/wp-content\/uploads\/sites\/386\/2019\/07\/banner-v1-modul-for-l\u00e6rere-1280&#215;590-1.jpg&#8221; custom_button=&#8221;on&#8221; button_bg_color=&#8221;rgba(30,30,30,0.15)&#8221; global_colors_info=&#8221;{}&#8221; button_text_size__hover_enabled=&#8221;off&#8221; button_one_text_size__hover_enabled=&#8221;off&#8221; button_two_text_size__hover_enabled=&#8221;off&#8221; button_text_color__hover_enabled=&#8221;off&#8221; button_one_text_color__hover_enabled=&#8221;off&#8221; button_two_text_color__hover_enabled=&#8221;off&#8221; button_border_width__hover_enabled=&#8221;off&#8221; button_one_border_width__hover_enabled=&#8221;off&#8221; button_two_border_width__hover_enabled=&#8221;off&#8221; button_border_color__hover_enabled=&#8221;off&#8221; button_one_border_color__hover_enabled=&#8221;off&#8221; button_two_border_color__hover_enabled=&#8221;off&#8221; button_border_radius__hover_enabled=&#8221;off&#8221; button_one_border_radius__hover_enabled=&#8221;off&#8221; button_two_border_radius__hover_enabled=&#8221;off&#8221; button_letter_spacing__hover_enabled=&#8221;off&#8221; button_one_letter_spacing__hover_enabled=&#8221;off&#8221; button_two_letter_spacing__hover_enabled=&#8221;off&#8221; button_bg_color__hover_enabled=&#8221;off&#8221; button_one_bg_color__hover_enabled=&#8221;off&#8221; button_two_bg_color__hover_enabled=&#8221;off&#8221; sticky_transition=&#8221;on&#8221;]<\/p>\n<p>Modul 4 utg\u00f6rs av en l\u00e4rarhandledning. D\u00e4r ges f\u00f6rslag p\u00e5 l\u00e4randem\u00e5l och olika l\u00e4raktiviteter till de olika lektionerna.<\/p>\n<p>&nbsp;<\/p>\n<p>[\/et_pb_slide][\/et_pb_fullwidth_slider][\/et_pb_section][et_pb_section fb_built=&#8221;1&#8243; _builder_version=&#8221;4.16&#8243; global_colors_info=&#8221;{}&#8221;][et_pb_row _builder_version=&#8221;4.16&#8243; background_size=&#8221;initial&#8221; background_position=&#8221;top_left&#8221; background_repeat=&#8221;repeat&#8221; global_colors_info=&#8221;{}&#8221;][et_pb_column type=&#8221;4_4&#8243; _builder_version=&#8221;4.16&#8243; custom_padding=&#8221;|||&#8221; global_colors_info=&#8221;{}&#8221; custom_padding__hover=&#8221;|||&#8221;][et_pb_text _builder_version=&#8221;4.16&#8243; text_font_size=&#8221;16px&#8221; text_letter_spacing=&#8221;1px&#8221; text_font_size_tablet=&#8221;&#8221; text_font_size_phone=&#8221;14px&#8221; text_font_size_last_edited=&#8221;on|phone&#8221; global_colors_info=&#8221;{}&#8221;]<\/p>\n<h2>V\u00e4lkommen till psykisk helseportalen!<\/h2>\n<p>\u00c4r du intresserad av att l\u00e4ra dig mer om hur m\u00e4nniskor fungerar psykologiskt i samband med h\u00e4lsa och oh\u00e4lsa? Vill du veta mer om missbruk (rus), psykisk oh\u00e4lsa och \u00e5terh\u00e4mtning (recovery)? Vill du utveckla din f\u00f6rm\u00e5ga att samtala med m\u00e4nniskor p\u00e5 ett s\u00e5dant s\u00e4tt att du kan st\u00e4rka deras egen motivation och f\u00f6rm\u00e5ga att g\u00f6ra positiva f\u00f6r\u00e4ndringar i livet? I s\u00e5 fall vill vi uppmuntra dig att utforska den h\u00e4r webbplatsen n\u00e4rmare!<\/p>\n<p>H\u00e4r hittar du tre olika moduler som behandlar dessa omr\u00e5den. Dessutom finns en modul f\u00f6r l\u00e4rare, t\u00e4nkt som inspiration f\u00f6r dig som undervisar inom dessa omr\u00e5den.<\/p>\n<p>&nbsp;<\/p>\n<p>[\/et_pb_text][\/et_pb_column][\/et_pb_row][et_pb_row _builder_version=&#8221;4.17.3&#8243; _module_preset=&#8221;default&#8221; global_colors_info=&#8221;{}&#8221;][et_pb_column type=&#8221;4_4&#8243; _builder_version=&#8221;4.17.3&#8243; _module_preset=&#8221;default&#8221; global_colors_info=&#8221;{}&#8221;][et_pb_video src=&#8221;https:\/\/vimeo.com\/749516682\/dac570f300&#8243; _builder_version=&#8221;4.17.3&#8243; _module_preset=&#8221;default&#8221; hover_enabled=&#8221;0&#8243; sticky_enabled=&#8221;0&#8243;][\/et_pb_video][\/et_pb_column][\/et_pb_row][et_pb_row _builder_version=&#8221;4.17.3&#8243; _module_preset=&#8221;default&#8221; global_colors_info=&#8221;{}&#8221;][et_pb_column type=&#8221;4_4&#8243; _builder_version=&#8221;4.17.3&#8243; _module_preset=&#8221;default&#8221; global_colors_info=&#8221;{}&#8221;][et_pb_code _builder_version=&#8221;4.17.3&#8243; _module_preset=&#8221;default&#8221; global_colors_info=&#8221;{}&#8221;][\/et_pb_code][\/et_pb_column][\/et_pb_row][\/et_pb_section][et_pb_section fb_built=&#8221;1&#8243; _builder_version=&#8221;4.16&#8243; background_color=&#8221;#384351&#8243; global_colors_info=&#8221;{}&#8221;][et_pb_row column_structure=&#8221;1_3,1_3,1_3&#8243; _builder_version=&#8221;4.16&#8243; global_colors_info=&#8221;{}&#8221;][et_pb_column type=&#8221;1_3&#8243; _builder_version=&#8221;4.16&#8243; custom_padding=&#8221;|||&#8221; global_colors_info=&#8221;{}&#8221; custom_padding__hover=&#8221;|||&#8221;][et_pb_blurb title=&#8221;Generell info&#8221; use_icon=&#8221;on&#8221; font_icon=&#8221;&#x61;||divi||400&#8243; icon_color=&#8221;#68d1b8&#8243; image_icon_width=&#8221;56px&#8221; image_icon_width_tablet=&#8221;46px&#8221; image_icon_width_phone=&#8221;40px&#8221; image_icon_width_last_edited=&#8221;on|phone&#8221; admin_label=&#8221;Blurb &#8211; generell info&#8221; _builder_version=&#8221;4.16&#8243; text_orientation=&#8221;center&#8221; background_layout=&#8221;dark&#8221; animation=&#8221;off&#8221; icon_font_size=&#8221;56px&#8221; icon_font_size_tablet=&#8221;46px&#8221; icon_font_size_phone=&#8221;40px&#8221; icon_font_size_last_edited=&#8221;on|phone&#8221; global_colors_info=&#8221;{}&#8221;]<\/p>\n<p>Psykisk helseportalen \u00e4r ett samverkansprojekt mellan UiT\/Norges arktiske universitet, Korus Nor (Kompetansesenter Rus Nord-Norge) och M\u00e4lardalens h\u00f6gskola, Sverige. V\u00e5r ambition \u00e4r att inspirera personer som vill utveckla sin f\u00f6rst\u00e5else f\u00f6r psykisk h\u00e4lsa och oh\u00e4lsa och f\u00f6r hur man kan fr\u00e4mja m\u00e4nniskors \u00e5terh\u00e4mtning. M\u00e5lgruppen \u00e4r f\u00f6rst och fr\u00e4mst personer som utbildar sig eller arbetar inom h\u00e4lso- och sjukv\u00e5rd samt omsorg, men \u00e4ven den som har ett allm\u00e4nt intresse f\u00f6r omr\u00e5det kan ha beh\u00e5llning av portalen.<\/p>\n<p>[\/et_pb_blurb][\/et_pb_column][et_pb_column type=&#8221;1_3&#8243; _builder_version=&#8221;4.16&#8243; custom_padding=&#8221;|||&#8221; global_colors_info=&#8221;{}&#8221; custom_padding__hover=&#8221;|||&#8221;][et_pb_blurb title=&#8221;Bakgrund&#8221; use_icon=&#8221;on&#8221; font_icon=&#8221;&#xe101;||divi||400&#8243; icon_color=&#8221;#eb99d7&#8243; image_icon_width=&#8221;56px&#8221; image_icon_width_tablet=&#8221;46px&#8221; image_icon_width_phone=&#8221;40px&#8221; image_icon_width_last_edited=&#8221;on|phone&#8221; admin_label=&#8221;Blurb &#8211; Bakgrunn&#8221; _builder_version=&#8221;4.16&#8243; text_orientation=&#8221;center&#8221; background_layout=&#8221;dark&#8221; animation=&#8221;off&#8221; icon_font_size=&#8221;56px&#8221; icon_font_size_tablet=&#8221;46px&#8221; icon_font_size_phone=&#8221;40px&#8221; icon_font_size_last_edited=&#8221;on|phone&#8221; global_colors_info=&#8221;{}&#8221;]<\/p>\n<p>N\u00e4r boken &#8220;Psykologi for sykepleiere&#8221; kom p\u00e5 norska 2016 framf\u00f6rdes \u00f6nskem\u00e5l om att f\u00f6rfattaren skulle ge st\u00f6d till l\u00e4rare vid UiT som \u00f6nskade anv\u00e4nde boken i sin undervisning. D\u00e5 f\u00f6ddes id\u00e9n om en n\u00e4tresurs f\u00f6r UiTs l\u00e4rare och studenter. Tack vare projektmedel fr\u00e5n \u00a0UiT\/Result kunde id\u00e9n utvecklas, och \u00e4ven andra omr\u00e5den inkluderas. \u00a0Detta ledde vidare till samarbete med verksamheter utanf\u00f6r UiT, och till att \u00a0denna resurs nu ligger fritt tillg\u00e4nglig p\u00e5 n\u00e4tet f\u00f6r alla med intresse f\u00f6r omr\u00e5det.<\/p>\n<p>[\/et_pb_blurb][\/et_pb_column][et_pb_column type=&#8221;1_3&#8243; _builder_version=&#8221;4.16&#8243; custom_padding=&#8221;|||&#8221; global_colors_info=&#8221;{}&#8221; custom_padding__hover=&#8221;|||&#8221;][et_pb_blurb title=&#8221;Modulernas uppbyggnad&#8221; use_icon=&#8221;on&#8221; font_icon=&#8221;&#xe00a;||divi||400&#8243; icon_color=&#8221;#7ab4e6&#8243; image_icon_width=&#8221;56px&#8221; image_icon_width_tablet=&#8221;46px&#8221; image_icon_width_phone=&#8221;40px&#8221; image_icon_width_last_edited=&#8221;on|phone&#8221; admin_label=&#8221;Blurb &#8211; Oppbygging moduler&#8221; _builder_version=&#8221;4.16&#8243; text_orientation=&#8221;center&#8221; background_layout=&#8221;dark&#8221; animation=&#8221;off&#8221; icon_font_size=&#8221;56px&#8221; icon_font_size_tablet=&#8221;46px&#8221; icon_font_size_phone=&#8221;40px&#8221; icon_font_size_last_edited=&#8221;on|phone&#8221; global_colors_info=&#8221;{}&#8221;]<\/p>\n<p><span class=\"name\">Sidan \u00e4r uppbyggd av tre huvudmoduler, samt en l\u00e4rarhandledning.\u00a0<\/span><span class=\"name\">I varje modul finns olika teman. De \u00e4r uppbyggda av korta texter, videofilmer samt reflektionsfr\u00e5gor och sj\u00e4lvtest. Tanken \u00e4r att dessa sidor skall introducera tematiken, stimulera till fortsatt l\u00e4sning och vara ett st\u00f6d i l\u00e4rande och undervisning &#8211; inte att ge en fullst\u00e4ndig bild av omr\u00e5det. D\u00e4rf\u00f6r finns ocks\u00e5 f\u00f6rslag p\u00e5 vidare l\u00e4sning till varje tema.<\/span><\/p>\n<p>[\/et_pb_blurb][\/et_pb_column][\/et_pb_row][\/et_pb_section]<\/p>\n","protected":false},"excerpt":{"rendered":"<p>Modul 1 \u00e4r upplagd som en resurs kopplad till boken Psykologi f\u00f6r sjuksk\u00f6terskor\/Psykologi for sykepleiere, och f\u00f6ljer bokens struktur. I tjugo teman presenteras psykologiska teorier och begrepp som kan vara till st\u00f6d f\u00f6r att f\u00f6rst\u00e5 olika aspekter av h\u00e4lsa, oh\u00e4lsa och omv\u00e5rdnad. &nbsp; Denne modulen fokuserer p\u00e5&#8230; &nbsp; Denne modulen fokuserer p\u00e5&#8230; &nbsp; Modul 4 [&hellip;]<\/p>\n","protected":false},"author":538,"featured_media":0,"parent":0,"menu_order":0,"comment_status":"closed","ping_status":"closed","template":"","meta":{"_et_pb_use_builder":"on","_et_pb_old_content":"","_et_gb_content_width":"","footnotes":""},"class_list":["post-116","page","type-page","status-publish","hentry"],"_links":{"self":[{"href":"https:\/\/site.uit.no\/psykhel\/wp-json\/wp\/v2\/pages\/116","targetHints":{"allow":["GET"]}}],"collection":[{"href":"https:\/\/site.uit.no\/psykhel\/wp-json\/wp\/v2\/pages"}],"about":[{"href":"https:\/\/site.uit.no\/psykhel\/wp-json\/wp\/v2\/types\/page"}],"author":[{"embeddable":true,"href":"https:\/\/site.uit.no\/psykhel\/wp-json\/wp\/v2\/users\/538"}],"replies":[{"embeddable":true,"href":"https:\/\/site.uit.no\/psykhel\/wp-json\/wp\/v2\/comments?post=116"}],"version-history":[{"count":58,"href":"https:\/\/site.uit.no\/psykhel\/wp-json\/wp\/v2\/pages\/116\/revisions"}],"predecessor-version":[{"id":3823,"href":"https:\/\/site.uit.no\/psykhel\/wp-json\/wp\/v2\/pages\/116\/revisions\/3823"}],"wp:attachment":[{"href":"https:\/\/site.uit.no\/psykhel\/wp-json\/wp\/v2\/media?parent=116"}],"curies":[{"name":"wp","href":"https:\/\/api.w.org\/{rel}","templated":true}]}}