{"id":3620,"date":"2019-12-11T14:07:11","date_gmt":"2019-12-11T13:07:11","guid":{"rendered":"https:\/\/site.uit.no\/psykhel\/?page_id=3620"},"modified":"2021-01-29T10:47:43","modified_gmt":"2021-01-29T09:47:43","slug":"om-oss-ny","status":"publish","type":"page","link":"https:\/\/site.uit.no\/psykhel\/om-oss-ny\/","title":{"rendered":"Om oss (ny)"},"content":{"rendered":"<p>[et_pb_section fb_built=&#8221;1&#8243; admin_label=&#8221;Om prosjektet&#8221; _builder_version=&#8221;4.0.4&#8243; use_background_color_gradient=&#8221;on&#8221; background_color_gradient_start=&#8221;#7262d9&#8243; background_color_gradient_end=&#8221;#00c3b6&#8243; background_color_gradient_direction=&#8221;105deg&#8221; background_color_gradient_start_position=&#8221;5%&#8221; custom_margin=&#8221;|||&#8221; custom_padding=&#8221;60px|0px|60px|0px&#8221; locked=&#8221;off&#8221;][et_pb_row _builder_version=&#8221;3.25&#8243;][et_pb_column type=&#8221;4_4&#8243; _builder_version=&#8221;3.25&#8243; custom_padding=&#8221;|||&#8221; custom_padding__hover=&#8221;|||&#8221;][et_pb_text _builder_version=&#8221;4.0.4&#8243; text_font=&#8221;Poppins||||||||&#8221; text_text_color=&#8221;rgba(255,255,255,0.8)&#8221; text_font_size=&#8221;18px&#8221; text_line_height=&#8221;1.8em&#8221; header_font=&#8221;Poppins|600|||||||&#8221; header_text_color=&#8221;#ffffff&#8221; header_font_size=&#8221;48px&#8221; header_line_height=&#8221;1.4em&#8221; header_3_font=&#8221;Poppins|600|||||||&#8221; header_3_font_size=&#8221;36px&#8221; header_3_line_height=&#8221;1.4em&#8221; background_layout=&#8221;dark&#8221; module_alignment=&#8221;left&#8221; custom_margin=&#8221;|||&#8221;]<\/p>\n<h1>Psykisk helseportal<\/h1>\n<p><span>\u00c4r ett projekt som delvis finansierats med pedagogiska utvecklingsmedel fr\u00e5n <strong>UiT &#8211; Norges arktiske universitet<\/strong>, delvis genom att UiT\/<strong>Campus Narvik<\/strong>, <strong>M\u00e4lardalens h\u00f6gskola<\/strong> och <strong>KoRusNor<\/strong> gett utrymme f\u00f6r deltagande l\u00e4rare att utveckla undervisningsmaterialet.<\/span><\/p>\n<p>[\/et_pb_text][et_pb_text _builder_version=&#8221;4.0.4&#8243; text_font=&#8221;Poppins||||||||&#8221; text_text_color=&#8221;rgba(255,255,255,0.8)&#8221; text_font_size=&#8221;18px&#8221; text_line_height=&#8221;1.8em&#8221; link_text_color=&#8221;#8300e9&#8243; header_font=&#8221;Poppins|600|||||||&#8221; header_text_color=&#8221;#ffffff&#8221; header_font_size=&#8221;48px&#8221; header_line_height=&#8221;1.4em&#8221; header_3_font=&#8221;Poppins|600|||||||&#8221; header_3_font_size=&#8221;36px&#8221; header_3_line_height=&#8221;1.4em&#8221; background_layout=&#8221;dark&#8221; module_alignment=&#8221;left&#8221; custom_margin=&#8221;|||&#8221;]<\/p>\n<p>Den \u00f6vergripande m\u00e5ls\u00e4ttningen med projektet var att <strong>utveckla en digital plattform<\/strong> f\u00f6r att fr\u00e4mja studenters l\u00e4rande och skapa underlag f\u00f6r fleksibelt l\u00e4rande utanf\u00f6r campus samt <strong>skapa grund f\u00f6r nya och innovativa undervisningsuppl\u00e4gg<\/strong> som st\u00f6ttar studentaktivt l\u00e4rande. \u00a0Under arbetet med projektet besl\u00f6ts att portalen skulle publiceras som <strong>open access f\u00f6r att ocks\u00e5 kunna anv\u00e4ndas<\/strong>, <strong>helt eller till delar, s\u00e5v\u00e4l vid andra l\u00e4ros\u00e4ten, som f\u00f6r kompetensutveckling i klinisk verksamhet, samt f\u00f6r en intresserad allm\u00e4nhet.<\/strong> De prim\u00e4ra m\u00e5lgruppen har dock varit studenter och deras l\u00e4rare, vilket ligger till grund f\u00f6r portalen utforning.<\/p>\n<p>[\/et_pb_text][\/et_pb_column][\/et_pb_row][\/et_pb_section][et_pb_section fb_built=&#8221;1&#8243; admin_label=&#8221;Our Teachers Section&#8221; _builder_version=&#8221;3.22&#8243; background_color=&#8221;#fafbfc&#8221; custom_padding=&#8221;49px|0px|110px|0px||&#8221;][et_pb_row _builder_version=&#8221;4.0.4&#8243;][et_pb_column type=&#8221;4_4&#8243; _builder_version=&#8221;4.0.4&#8243;][et_pb_text _builder_version=&#8221;4.0.4&#8243; text_font=&#8221;||||||||&#8221; header_font=&#8221;||||||||&#8221; header_text_align=&#8221;center&#8221; header_3_font=&#8221;Poppins|600|||||||&#8221; header_3_text_color=&#8221;#00c4b7&#8243; header_3_font_size=&#8221;36px&#8221; header_3_line_height=&#8221;1.4em&#8221; text_orientation=&#8221;center&#8221;]<\/p>\n<h3>Prosjektdeltakere<\/h3>\n<p>[\/et_pb_text][\/et_pb_column][\/et_pb_row][et_pb_row column_structure=&#8221;1_3,1_3,1_3&#8243; use_custom_gutter=&#8221;on&#8221; gutter_width=&#8221;2&#8243; custom_padding_last_edited=&#8221;on|desktop&#8221; _builder_version=&#8221;3.25&#8243; custom_padding=&#8221;|||&#8221; custom_padding_tablet=&#8221;0px||0px|&#8221; custom_padding_phone=&#8221;&#8221; locked=&#8221;off&#8221;][et_pb_column type=&#8221;1_3&#8243; _builder_version=&#8221;3.25&#8243; custom_padding=&#8221;|||&#8221; custom_padding__hover=&#8221;|||&#8221;][et_pb_team_member name=&#8221;Lena Wiklund Gustin&#8221; position=&#8221;Professor, Sykepleie Bsc og videreutd. i Narvik&#8221; image_url=&#8221;https:\/\/site.uit.no\/psykhel\/wp-content\/uploads\/sites\/386\/2019\/09\/Lena_studentlitt.jpg&#8221; icon_color=&#8221;#00c4b7&#8243; _builder_version=&#8221;4.0.4&#8243; header_font=&#8221;Poppins|500|||||||&#8221; header_text_color=&#8221;#313274&#8243; header_font_size=&#8221;18px&#8221; body_font=&#8221;Open Sans||||||||&#8221; body_line_height=&#8221;1.8em&#8221; background_color=&#8221;#ffffff&#8221; text_orientation=&#8221;center&#8221; max_width=&#8221;360px&#8221; module_alignment=&#8221;center&#8221; custom_margin=&#8221;|||&#8221; custom_padding=&#8221;30px|30px|30px|30px&#8221; animation_style=&#8221;fade&#8221; hover_enabled=&#8221;0&#8243; border_radii=&#8221;on|6px|6px|6px|6px&#8221; box_shadow_style=&#8221;preset1&#8243; box_shadow_vertical=&#8221;10px&#8221; box_shadow_blur=&#8221;24px&#8221; box_shadow_spread=&#8221;6px&#8221; box_shadow_color=&#8221;rgba(0,0,0,0.06)&#8221; icon_hover_color=&#8221;#353740&#8243; icon_color__hover=&#8221;#353740&#8243; icon_color__hover_enabled=&#8221;on&#8221;]<\/p>\n<p>Jag har en bakgrund som specialistsjuksk\u00f6terska inom psykiatrisk v\u00e5rd, psykoterapeut och handledare. \u00a0Jag har en 30% tj\u00e4nst som professor vid UiT, Norges Arktiske Universitet, Campus Narvik d\u00e4r jag medverkat i olika vidareutdanningar med fokus mot rus och psykisk h\u00e4lsa samt motiverande samtal (MI).<\/p>\n<p>Jag bor i Sverige d\u00e4r jag har programansvar f\u00f6r specialistsjuksk\u00f6terskeutbildningen med inriktning mot psykiatrisk v\u00e5rd vid\u00a0<a href=\"http:\/\/www.mdh.se\/hvv\/personal\/vae\/lwd01\">M\u00e4lardalens H\u00f6gskola<\/a>. Jag \u00e4r ocks\u00e5 engagerad i andra utbildningar p\u00e5 grund-, avancerad och forskarutbildningsniv\u00e5, dels i undervisning som ber\u00f6r psykisk h\u00e4lsa, oh\u00e4lsa och \u00e5terh\u00e4mtning, dels i kurser med fokus p\u00e5 \u00a0kvalitativa forskningsmetoder.<\/p>\n<p>[\/et_pb_team_member][\/et_pb_column][et_pb_column type=&#8221;1_3&#8243; _builder_version=&#8221;4.0.4&#8243;][et_pb_team_member name=&#8221;Johanne T Punsvik&#8221; position=&#8221;Universitetslektor&#8221; image_url=&#8221;https:\/\/site.uit.no\/psykhel\/wp-content\/uploads\/sites\/386\/2019\/12\/JOhanne-P.png&#8221; icon_color=&#8221;#00c4b7&#8243; _builder_version=&#8221;4.0.4&#8243; header_font=&#8221;Poppins|500|||||||&#8221; header_text_color=&#8221;#313274&#8243; header_font_size=&#8221;18px&#8221; body_font=&#8221;Open Sans||||||||&#8221; body_line_height=&#8221;1.8em&#8221; background_color=&#8221;#ffffff&#8221; text_orientation=&#8221;center&#8221; max_width=&#8221;360px&#8221; module_alignment=&#8221;center&#8221; custom_margin=&#8221;|||&#8221; custom_padding=&#8221;30px|30px|30px|30px&#8221; animation_style=&#8221;fade&#8221; border_radii=&#8221;on|6px|6px|6px|6px&#8221; box_shadow_style=&#8221;preset1&#8243; box_shadow_vertical=&#8221;10px&#8221; box_shadow_blur=&#8221;24px&#8221; box_shadow_spread=&#8221;6px&#8221; box_shadow_color=&#8221;rgba(0,0,0,0.06)&#8221; icon_hover_color=&#8221;#353740&#8243; icon_color__hover=&#8221;#353740&#8243; icon_color__hover_enabled=&#8221;on&#8221;]<\/p>\n<p><span>Jeg er sykepleier, med mesteparten av min praksiserfaring innen rusbehandling. Siden 2016 har jeg jobbet som universitetslektor ved UiT Narvik, hvor jeg er engasjert i videreutdaning i rus og psykisk helse og ulike emner p\u00e5 bachelor i sykepleie.<\/span><\/p>\n<p>[\/et_pb_team_member][\/et_pb_column][et_pb_column type=&#8221;1_3&#8243; _builder_version=&#8221;3.25&#8243; custom_padding=&#8221;|||&#8221; custom_padding__hover=&#8221;|||&#8221;][et_pb_team_member name=&#8221;Turi Enoksen&#8221; position=&#8221;R\u00e5dgiver&#8221; image_url=&#8221;https:\/\/site.uit.no\/psykhel\/wp-content\/uploads\/sites\/386\/2019\/09\/20190919_190818-e1569125704126.jpg&#8221; icon_color=&#8221;#00c4b7&#8243; _builder_version=&#8221;4.0.4&#8243; header_font=&#8221;Poppins|500|||||||&#8221; header_text_color=&#8221;#313274&#8243; header_font_size=&#8221;18px&#8221; body_font=&#8221;Open Sans||||||||&#8221; body_line_height=&#8221;1.8em&#8221; background_color=&#8221;#ffffff&#8221; text_orientation=&#8221;center&#8221; max_width=&#8221;360px&#8221; module_alignment=&#8221;center&#8221; custom_margin=&#8221;|||&#8221; custom_padding=&#8221;30px|30px|30px|30px&#8221; animation_style=&#8221;fade&#8221; hover_enabled=&#8221;0&#8243; border_radii=&#8221;on|6px|6px|6px|6px&#8221; box_shadow_style=&#8221;preset1&#8243; box_shadow_vertical=&#8221;10px&#8221; box_shadow_blur=&#8221;24px&#8221; box_shadow_spread=&#8221;6px&#8221; box_shadow_color=&#8221;rgba(0,0,0,0.06)&#8221; icon_hover_color=&#8221;#353740&#8243; icon_color__hover=&#8221;#353740&#8243; icon_color__hover_enabled=&#8221;on&#8221;]<\/p>\n<p>Jeg er utdannet r\u00e5dgiver og 1. lektor i pedagogikk. Jeg er medlem av MINT \u00abmotivational Interview network of trainers\u00bb. N\u00e5 arbeider jeg p\u00e5 KoRus-Nord, som er et av syv kompetansesenter for rus finansiert av Helsedirektoratet.<\/p>\n<p>Her arbeider jeg i hovedsak innen tidlig innsats og motiverende samtale. Jeg har tidligere erfaring fra blant annet fra Pedagogisk psykologisk tjeneste og l\u00e6rerutdanning.<\/p>\n<p>[\/et_pb_team_member][\/et_pb_column][\/et_pb_row][\/et_pb_section][et_pb_section fb_built=&#8221;1&#8243; admin_label=&#8221;Our Partners Section&#8221; _builder_version=&#8221;4.0.4&#8243; use_background_color_gradient=&#8221;on&#8221; background_color_gradient_start=&#8221;#ffffff&#8221; background_color_gradient_end=&#8221;#ffffff&#8221; background_color_gradient_direction=&#8221;-60deg&#8221; background_color_gradient_start_position=&#8221;60%&#8221; background_color_gradient_end_position=&#8221;60%&#8221; background_image=&#8221;https:\/\/site.uit.no\/psykhel\/wp-content\/uploads\/sites\/386\/2019\/12\/job_recruitement_11-1.png&#8221; background_size=&#8221;contain&#8221; background_position=&#8221;center_left&#8221; custom_padding=&#8221;110px|0px|110px|0px&#8221;][et_pb_row _builder_version=&#8221;4.0.4&#8243; background_enable_color=&#8221;off&#8221; transform_scale_tablet=&#8221;&#8221; transform_scale_phone=&#8221;&#8221; transform_scale_last_edited=&#8221;on|phone&#8221; transform_translate=&#8221;150px|0px&#8221; transform_translate_tablet=&#8221;&#8221; transform_translate_phone=&#8221;0px|0px&#8221; transform_translate_last_edited=&#8221;on|tablet&#8221; transform_translate_linked=&#8221;off&#8221; transform_rotate_tablet=&#8221;&#8221; transform_rotate_phone=&#8221;&#8221; transform_rotate_last_edited=&#8221;on|phone&#8221; transform_skew_tablet=&#8221;&#8221; transform_skew_phone=&#8221;&#8221; transform_skew_last_edited=&#8221;on|phone&#8221; transform_origin_tablet=&#8221;&#8221; transform_origin_phone=&#8221;&#8221; transform_origin_last_edited=&#8221;on|phone&#8221; transform_styles_last_edited=&#8221;on|tablet&#8221; width=&#8221;45%&#8221; width_tablet=&#8221;&#8221; width_phone=&#8221;&#8221; width_last_edited=&#8221;on|phone&#8221; animation_style=&#8221;slide&#8221; animation_direction=&#8221;right&#8221; transform_styles_tablet=&#8221;&#8221; transform_styles_phone=&#8221;&#8221;][et_pb_column type=&#8221;4_4&#8243; _builder_version=&#8221;4.0.4&#8243;][et_pb_text _builder_version=&#8221;4.0.4&#8243; text_font=&#8221;Poppins||||||||&#8221; text_text_color=&#8221;rgba(0,0,0,0.8)&#8221; text_font_size=&#8221;18px&#8221; text_line_height=&#8221;1.8em&#8221; header_font=&#8221;Poppins|600|||||||&#8221; header_text_color=&#8221;#ffffff&#8221; header_font_size=&#8221;48px&#8221; header_line_height=&#8221;1.4em&#8221; header_3_font=&#8221;Poppins|600|||||||&#8221; header_3_font_size=&#8221;36px&#8221; header_3_line_height=&#8221;1.4em&#8221; background_layout=&#8221;dark&#8221; module_alignment=&#8221;left&#8221; custom_margin=&#8221;|||&#8221; text_text_color__hover_enabled=&#8221;on|desktop&#8221;]<\/p>\n<p>F\u00f6rutom de projektdeltagare som presenteras nedan, och som utvecklat det material som finns tillg\u00e4ngligt p\u00e5 portalen har f\u00f6ljande personer medverkat:<\/p>\n<ul>\n<li><a href=\"https:\/\/uit.no\/forskning\/forskningsgrupper\/gruppe?p_document_id=379080\" target=\"_blank\" rel=\"noopener noreferrer\">HelPed<\/a> \u2013 Senter for helsefaglig pedagogisk utvikling, UiT: <a href=\"https:\/\/uit.no\/om\/enhet\/ansatte\/person?p_document_id=343764&amp;p_dimension_id=217864\" target=\"_blank\" rel=\"noopener noreferrer\">Rigmor Furu<\/a><\/li>\n<li><a href=\"https:\/\/result.uit.no\" target=\"_blank\" rel=\"noopener noreferrer\">Result<\/a> \u2013 \u00a0Ressurssenter for undervisning, l\u00e6ring og teknologi, UiT:\u00a0<a href=\"https:\/\/uit.no\/ub\/ansatte\/person?p_document_id=315550\" target=\"_blank\" rel=\"noopener noreferrer\">KineD\u00f8rum<\/a>,\u00a0<a href=\"https:\/\/uit.no\/ub\/ansatte\/person?p_document_id=50526\" target=\"_blank\" rel=\"noopener noreferrer\">Jelena N. Larsen<\/a>, <a href=\"https:\/\/uit.no\/ub\/ansatte\/person?p_document_id=43996\" target=\"_blank\" rel=\"noopener noreferrer\">Per Frank Hansen<\/a> &amp; <a href=\"https:\/\/uit.no\/ub\/ansatte\/person?p_document_id=41292\" target=\"_blank\" rel=\"noopener noreferrer\">Mark Stenersen<\/a><\/li>\n<li><a href=\"https:\/\/www.mdh.se\/\" target=\"_blank\" rel=\"noopener noreferrer\">M\u00e4lardalens h\u00f6gskola<\/a>, Akademin f\u00f6r innovation, design och teknik (IDT): <a href=\"https:\/\/www.mdh.se\/staff?id=bfg02\">Bj\u00f6rn Fundberg<\/a><\/li>\n<\/ul>\n<p>[\/et_pb_text][\/et_pb_column][\/et_pb_row][\/et_pb_section][et_pb_section fb_built=&#8221;1&#8243; admin_label=&#8221;Om bruk av video og bilder&#8221; _builder_version=&#8221;4.0.4&#8243; use_background_color_gradient=&#8221;on&#8221; background_color_gradient_start=&#8221;#7262d9&#8243; background_color_gradient_end=&#8221;#00c4b7&#8243; background_color_gradient_direction=&#8221;221deg&#8221; custom_margin=&#8221;|||&#8221; custom_padding=&#8221;110px|0px|110px|0px&#8221;][et_pb_row column_structure=&#8221;2_3,1_3&#8243; _builder_version=&#8221;3.25&#8243;][et_pb_column type=&#8221;2_3&#8243; _builder_version=&#8221;3.25&#8243; custom_padding=&#8221;|||&#8221; custom_padding__hover=&#8221;|||&#8221;][et_pb_text _builder_version=&#8221;4.0.4&#8243; text_font=&#8221;Poppins||||||||&#8221; text_text_color=&#8221;rgba(255,255,255,0.8)&#8221; text_font_size=&#8221;18px&#8221; text_line_height=&#8221;1.8em&#8221; link_text_color=&#8221;#8300e9&#8243; header_font=&#8221;||||||||&#8221; header_text_color=&#8221;#ffffff&#8221; header_font_size=&#8221;24px&#8221; header_3_font=&#8221;Poppins|600|||||||&#8221; header_3_font_size=&#8221;36px&#8221; header_3_line_height=&#8221;1.4em&#8221; background_layout=&#8221;dark&#8221; custom_margin=&#8221;|||&#8221;]<\/p>\n<h3>Om bruk av bild- och videomaterial<\/h3>\n<p>Om inget annat anges \u00e4r bilderna i denna l\u00e4randeresurs h\u00e4mtade fr\u00e5n Colourbox.com<\/p>\n<p>Videor, med undantag av l\u00e4nkade filmklipp, \u00e4r egenproducerade och\/eller utvecklade i samarbete med <a href=\"https:\/\/result.uit.no\" target=\"_blank\" rel=\"noopener noreferrer\">Result <\/a>|\u00a0<a href=\"https:\/\/result.uit.no\" target=\"_blank\" rel=\"noopener noreferrer\"><\/a>UiT &#8211; Norges arktiske universitet.<\/p>\n<p>[\/et_pb_text][\/et_pb_column][et_pb_column type=&#8221;1_3&#8243; _builder_version=&#8221;3.25&#8243; custom_padding=&#8221;|||&#8221; custom_padding__hover=&#8221;|||&#8221;][et_pb_image src=&#8221;https:\/\/site.uit.no\/psykhel\/wp-content\/uploads\/sites\/386\/2019\/12\/Clipper-Isometric.png&#8221; _builder_version=&#8221;4.0.4&#8243; transform_scale=&#8221;150%|150%&#8221; transform_scale_tablet=&#8221;100%|100%&#8221; transform_scale_phone=&#8221;&#8221; transform_scale_last_edited=&#8221;on|phone&#8221; transform_translate_tablet=&#8221;&#8221; transform_translate_phone=&#8221;&#8221; transform_translate_last_edited=&#8221;on|desktop&#8221; transform_rotate_tablet=&#8221;&#8221; transform_rotate_phone=&#8221;&#8221; transform_rotate_last_edited=&#8221;on|desktop&#8221; transform_skew_tablet=&#8221;&#8221; transform_skew_phone=&#8221;&#8221; transform_skew_last_edited=&#8221;on|desktop&#8221; transform_origin_tablet=&#8221;&#8221; transform_origin_phone=&#8221;&#8221; transform_origin_last_edited=&#8221;on|desktop&#8221; transform_styles_last_edited=&#8221;on|desktop&#8221; animation_style=&#8221;slide&#8221; animation_direction=&#8221;bottom&#8221; transform_styles_tablet=&#8221;&#8221; transform_styles_phone=&#8221;&#8221;][\/et_pb_image][\/et_pb_column][\/et_pb_row][\/et_pb_section]<\/p>\n","protected":false},"excerpt":{"rendered":"<p>Psykisk helseportal \u00c4r ett projekt som delvis finansierats med pedagogiska utvecklingsmedel fr\u00e5n UiT &#8211; Norges arktiske universitet, delvis genom att UiT\/Campus Narvik, M\u00e4lardalens h\u00f6gskola och KoRusNor gett utrymme f\u00f6r deltagande l\u00e4rare att utveckla undervisningsmaterialet.Den \u00f6vergripande m\u00e5ls\u00e4ttningen med projektet var att utveckla en digital plattform f\u00f6r att fr\u00e4mja studenters l\u00e4rande och skapa underlag f\u00f6r fleksibelt l\u00e4rande [&hellip;]<\/p>\n","protected":false},"author":538,"featured_media":0,"parent":0,"menu_order":0,"comment_status":"closed","ping_status":"closed","template":"","meta":{"_et_pb_use_builder":"on","_et_pb_old_content":"","_et_gb_content_width":"","footnotes":""},"class_list":["post-3620","page","type-page","status-publish","hentry"],"_links":{"self":[{"href":"https:\/\/site.uit.no\/psykhel\/wp-json\/wp\/v2\/pages\/3620","targetHints":{"allow":["GET"]}}],"collection":[{"href":"https:\/\/site.uit.no\/psykhel\/wp-json\/wp\/v2\/pages"}],"about":[{"href":"https:\/\/site.uit.no\/psykhel\/wp-json\/wp\/v2\/types\/page"}],"author":[{"embeddable":true,"href":"https:\/\/site.uit.no\/psykhel\/wp-json\/wp\/v2\/users\/538"}],"replies":[{"embeddable":true,"href":"https:\/\/site.uit.no\/psykhel\/wp-json\/wp\/v2\/comments?post=3620"}],"version-history":[{"count":17,"href":"https:\/\/site.uit.no\/psykhel\/wp-json\/wp\/v2\/pages\/3620\/revisions"}],"predecessor-version":[{"id":3704,"href":"https:\/\/site.uit.no\/psykhel\/wp-json\/wp\/v2\/pages\/3620\/revisions\/3704"}],"wp:attachment":[{"href":"https:\/\/site.uit.no\/psykhel\/wp-json\/wp\/v2\/media?parent=3620"}],"curies":[{"name":"wp","href":"https:\/\/api.w.org\/{rel}","templated":true}]}}