{"id":379,"date":"2019-03-05T12:50:46","date_gmt":"2019-03-05T11:50:46","guid":{"rendered":"https:\/\/site.uit.no\/psykhel\/?page_id=379"},"modified":"2020-01-09T21:45:34","modified_gmt":"2020-01-09T20:45:34","slug":"modul-3-motiverande-intervju","status":"publish","type":"page","link":"https:\/\/site.uit.no\/psykhel\/modul-3-motiverande-intervju\/","title":{"rendered":"Modul 3 &#8211; Motiverande Intervju"},"content":{"rendered":"<p>[et_pb_section fb_built=&#8221;1&#8243; fullwidth=&#8221;on&#8221; _builder_version=&#8221;4.0.4&#8243; background_image=&#8221;https:\/\/site.uit.no\/psykhel\/wp-content\/uploads\/sites\/386\/2019\/07\/banner-v2-modul-3-intervju-1280&#215;590-1.jpg&#8221;][et_pb_fullwidth_slider _builder_version=&#8221;4.0.4&#8243; background_image=&#8221;https:\/\/site.uit.no\/psykhel\/wp-content\/uploads\/sites\/386\/2019\/07\/banner-v2-modul-3-intervju-1280&#215;590-1.jpg&#8221; box_shadow_style=&#8221;preset6&#8243; box_shadow_blur=&#8221;10px&#8221; box_shadow_color=&#8221;rgba(0,0,0,0.1)&#8221; button_text_size__hover_enabled=&#8221;off&#8221; button_one_text_size__hover_enabled=&#8221;off&#8221; button_two_text_size__hover_enabled=&#8221;off&#8221; button_text_color__hover_enabled=&#8221;off&#8221; button_one_text_color__hover_enabled=&#8221;off&#8221; button_two_text_color__hover_enabled=&#8221;off&#8221; button_border_width__hover_enabled=&#8221;off&#8221; button_one_border_width__hover_enabled=&#8221;off&#8221; button_two_border_width__hover_enabled=&#8221;off&#8221; button_border_color__hover_enabled=&#8221;off&#8221; button_one_border_color__hover_enabled=&#8221;off&#8221; button_two_border_color__hover_enabled=&#8221;off&#8221; button_border_radius__hover_enabled=&#8221;off&#8221; button_one_border_radius__hover_enabled=&#8221;off&#8221; button_two_border_radius__hover_enabled=&#8221;off&#8221; button_letter_spacing__hover_enabled=&#8221;off&#8221; button_one_letter_spacing__hover_enabled=&#8221;off&#8221; button_two_letter_spacing__hover_enabled=&#8221;off&#8221; button_bg_color__hover_enabled=&#8221;off&#8221; button_one_bg_color__hover_enabled=&#8221;off&#8221; button_two_bg_color__hover_enabled=&#8221;off&#8221;][et_pb_slide heading=&#8221;Modul 3: Motiverende intervju&#8221; use_bg_overlay=&#8221;off&#8221; use_text_overlay=&#8221;on&#8221; text_overlay_color=&#8221;rgba(30,30,30,0.6)&#8221; _builder_version=&#8221;4.0.4&#8243; background_color=&#8221;#ffffff&#8221; background_image=&#8221;https:\/\/site.uit.no\/psykhel\/wp-content\/uploads\/sites\/386\/2019\/07\/banner-v2-modul-3-intervju-1280&#215;590-1.jpg&#8221; background_enable_image=&#8221;on&#8221; button_text_size__hover_enabled=&#8221;off&#8221; button_one_text_size__hover_enabled=&#8221;off&#8221; button_two_text_size__hover_enabled=&#8221;off&#8221; button_text_color__hover_enabled=&#8221;off&#8221; button_one_text_color__hover_enabled=&#8221;off&#8221; button_two_text_color__hover_enabled=&#8221;off&#8221; button_border_width__hover_enabled=&#8221;off&#8221; button_one_border_width__hover_enabled=&#8221;off&#8221; button_two_border_width__hover_enabled=&#8221;off&#8221; button_border_color__hover_enabled=&#8221;off&#8221; button_one_border_color__hover_enabled=&#8221;off&#8221; button_two_border_color__hover_enabled=&#8221;off&#8221; button_border_radius__hover_enabled=&#8221;off&#8221; button_one_border_radius__hover_enabled=&#8221;off&#8221; button_two_border_radius__hover_enabled=&#8221;off&#8221; button_letter_spacing__hover_enabled=&#8221;off&#8221; button_one_letter_spacing__hover_enabled=&#8221;off&#8221; button_two_letter_spacing__hover_enabled=&#8221;off&#8221; button_bg_color__hover_enabled=&#8221;off&#8221; button_one_bg_color__hover_enabled=&#8221;off&#8221; button_two_bg_color__hover_enabled=&#8221;off&#8221;][\/et_pb_slide][\/et_pb_fullwidth_slider][\/et_pb_section][et_pb_section fb_built=&#8221;1&#8243; _builder_version=&#8221;3.22&#8243;][et_pb_row column_structure=&#8221;2_3,1_3&#8243; _builder_version=&#8221;3.25&#8243; background_size=&#8221;initial&#8221; background_position=&#8221;top_left&#8221; background_repeat=&#8221;repeat&#8221;][et_pb_column type=&#8221;2_3&#8243; _builder_version=&#8221;3.25&#8243; custom_padding=&#8221;|||&#8221; custom_padding__hover=&#8221;|||&#8221;][et_pb_text _builder_version=&#8221;3.27.4&#8243; text_font_size=&#8221;16px&#8221; text_letter_spacing=&#8221;1px&#8221;]<\/p>\n<p>\u00a0<span style=\"font-size: 16px\">Motiverende Intervju (MI) er f\u00f8rst og fremst en holdning \u00e5 m\u00f8te mennesker med som gj\u00f8r det lettere for personen p\u00e5 gjennomf\u00f8re de endringer han eller hun \u00f8nsker \u00e5 gj\u00f8re i sitt liv. I tillegg er MI et sett av kunnskaper og ferdigheter som hviler p\u00e5 denne grunnholdningen.\u00a0 Mi er en samtaleform som bidrar til \u00e5 hente frem og styrke en persons indre motivasjon til \u00e5 utvikle og endre seg. Filmene er ment \u00e5 gi et kort innblikk i hva motiverende intervju er og v\u00e5r tanke er at det skal vekke interesse for \u00e5 sette seg n\u00e6rmere inn i dette gjennom litteratur, undervisning og \u00f8velse.<\/span><\/p>\n<p><span>Noen emner er utelatt, for eksempel ambivalensutforskning og diskrepans. Dette er det mulig \u00e5 sette seg inn i de litteraturtips som oppgis.\u00a0 <\/span><\/p>\n<p>I denne filmserien vil du f\u00e5 en kort introduksjon av hva motiverende Intervju\u00a0\u00a0er og hva det kan brukes til.\u00a0Filmene gir en oversikt over noen av de vesentlige elementer i MI.Kanskje gir det inspirasjon til \u00e5 fordype seg mer temaet.<\/p>\n<p><span>Vi har i disse filmene valgt \u00e5 bruke begrepene r\u00e5dgiver og klient.\u00a0 Det er mange alternative begreper som kunne v\u00e6rt brukt som: bruker, pasient, veis\u00f8ker og helsearbeider, hjelper eller behandler.\u00a0 Motiverende Intervju er den internasjonale betegnelsen som brukes mest og viser til ordene \u00abInter\u00bb og \u00abview\u00bb som sammen betyr \u00ab\u00e5 se p\u00e5 sammen\u00bb. I Norge forbinder vi ofte noe annet med begrepet intervju og mange kaller det i stedet motiverende samtale.<\/span><\/p>\n<p>[\/et_pb_text][et_pb_button button_url=&#8221;https:\/\/site.uit.no\/psykhel\/2019\/03\/05\/hva-er-mi\/&#8221; button_text=&#8221;Start modul&#8221; button_alignment=&#8221;center&#8221; admin_label=&#8221;Button &#8211; start modul&#8221; _builder_version=&#8221;4.0.4&#8243; custom_button=&#8221;on&#8221; button_text_color=&#8221;#494bb8&#8243; button_border_color=&#8221;#494bb8&#8243; button_icon_color=&#8221;#494bb8&#8243; button_border_color_hover=&#8221;rgba(73,75,184,0)&#8221; saved_tabs=&#8221;all&#8221; button_text_size__hover_enabled=&#8221;off&#8221; button_one_text_size__hover_enabled=&#8221;off&#8221; button_two_text_size__hover_enabled=&#8221;off&#8221; button_text_color__hover_enabled=&#8221;off&#8221; button_one_text_color__hover_enabled=&#8221;off&#8221; button_two_text_color__hover_enabled=&#8221;off&#8221; button_border_width__hover_enabled=&#8221;off&#8221; button_one_border_width__hover_enabled=&#8221;off&#8221; button_two_border_width__hover_enabled=&#8221;off&#8221; button_border_color__hover_enabled=&#8221;on&#8221; button_border_color__hover=&#8221;rgba(73,75,184,0)&#8221; button_one_border_color__hover_enabled=&#8221;off&#8221; button_two_border_color__hover_enabled=&#8221;off&#8221; button_border_radius__hover_enabled=&#8221;off&#8221; button_one_border_radius__hover_enabled=&#8221;off&#8221; button_two_border_radius__hover_enabled=&#8221;off&#8221; button_letter_spacing__hover_enabled=&#8221;off&#8221; button_one_letter_spacing__hover_enabled=&#8221;off&#8221; button_two_letter_spacing__hover_enabled=&#8221;off&#8221; button_bg_color__hover_enabled=&#8221;off&#8221; button_one_bg_color__hover_enabled=&#8221;off&#8221; button_two_bg_color__hover_enabled=&#8221;off&#8221;][\/et_pb_button][\/et_pb_column][et_pb_column type=&#8221;1_3&#8243; _builder_version=&#8221;3.25&#8243; custom_padding=&#8221;|||&#8221; custom_padding__hover=&#8221;|||&#8221;][et_pb_text admin_label=&#8221;Text &#8211; tittel modul 3&#8243; _builder_version=&#8221;3.0.90&#8243; header_3_font=&#8221;|600||||on|||&#8221; header_3_font_size=&#8221;20px&#8221; background_color=&#8221;#494bb8&#8243; background_layout=&#8221;dark&#8221; custom_margin=&#8221;||0px|&#8221; custom_padding=&#8221;10px|15px|10px|15px&#8221; global_module=&#8221;2135&#8243; saved_tabs=&#8221;all&#8221;]<\/p>\n<h3 style=\"text-align: left\">Tema for modul 3:<\/h3>\n<p>[\/et_pb_text][et_pb_text admin_label=&#8221;Text &#8211; oversikt tema modul 3&#8243; _builder_version=&#8221;4.0.4&#8243; custom_padding=&#8221;10px|15px|10px|15px&#8221; border_width_top=&#8221;5px&#8221; border_color_top=&#8221;#7262d9&#8243; box_shadow_style=&#8221;preset2&#8243; saved_tabs=&#8221;all&#8221;]<\/p>\n<ol>\n<li><a href=\"https:\/\/site.uit.no\/psykhel\/2019\/03\/05\/hva-er-mi\/\">Hva er MI<\/a><\/li>\n<li><a href=\"https:\/\/site.uit.no\/psykhel\/2019\/03\/05\/tema-2-endringsproeessene\/\">Endringsproeessene i MI<\/a><\/li>\n<li><a href=\"https:\/\/site.uit.no\/psykhel\/2019\/03\/05\/tema-3-grunnholdninger\/\">Grunnholdninger i MI<\/a><\/li>\n<li><a href=\"https:\/\/site.uit.no\/psykhel\/2019\/03\/05\/tema-4-planere\/\">Kommunikasjonsferdighetene i MI<\/a><\/li>\n<li><a href=\"https:\/\/site.uit.no\/psykhel\/2019\/03\/05\/tema-5-utu-informera-i-dialog\/\">Endrings- og vedlikeholdssnakk<\/a><\/li>\n<li><a href=\"https:\/\/site.uit.no\/psykhel\/2019\/03\/05\/tema-6-etikk\/\">Etikk<\/a><\/li>\n<\/ol>\n<p>&nbsp;<\/p>\n<p>[\/et_pb_text][\/et_pb_column][\/et_pb_row][\/et_pb_section]<\/p>\n","protected":false},"excerpt":{"rendered":"<p>\u00a0Motiverende Intervju (MI) er f\u00f8rst og fremst en holdning \u00e5 m\u00f8te mennesker med som gj\u00f8r det lettere for personen p\u00e5 gjennomf\u00f8re de endringer han eller hun \u00f8nsker \u00e5 gj\u00f8re i sitt liv. I tillegg er MI et sett av kunnskaper og ferdigheter som hviler p\u00e5 denne grunnholdningen.\u00a0 Mi er en samtaleform som bidrar til \u00e5 [&hellip;]<\/p>\n","protected":false},"author":538,"featured_media":0,"parent":0,"menu_order":0,"comment_status":"closed","ping_status":"closed","template":"","meta":{"_et_pb_use_builder":"on","_et_pb_old_content":"<h1>Tittel 1<\/h1><p>VIDEO<\/p><h2>Tekst (tittel 2)<\/h2><p>Lorem ipsum dolor sit amet, eos ne aeterno disputationi, sed in mediocrem voluptatum. Nulla mediocritatem ei quo, ut per prima essent. Qui justo verear te, ea munere saperet vim, in est dicit suscipiantur. Vero platonem maluisset vix ea, per et equidem mandamus. Cu temporibus scribentur ius.<\/p><p>Sea ut graeco volumus eligendi. Id pri doctus persius adipisci, in labitur ancillae democritum vis. Eum brute apeirian ea, id nec augue luptatum. Nisl iusto salutatus ei duo. Homero senserit vix an, omnium voluptatum at ius, in doctus eripuit denique vis. Ad oportere suavitate his, populo dissentiunt at vim, te case insolens vix.<\/p><p>Ta en quizze:<\/p><p>[streamquiz id=\"1\"]<\/p>","_et_gb_content_width":"","footnotes":""},"class_list":["post-379","page","type-page","status-publish","hentry"],"_links":{"self":[{"href":"https:\/\/site.uit.no\/psykhel\/wp-json\/wp\/v2\/pages\/379","targetHints":{"allow":["GET"]}}],"collection":[{"href":"https:\/\/site.uit.no\/psykhel\/wp-json\/wp\/v2\/pages"}],"about":[{"href":"https:\/\/site.uit.no\/psykhel\/wp-json\/wp\/v2\/types\/page"}],"author":[{"embeddable":true,"href":"https:\/\/site.uit.no\/psykhel\/wp-json\/wp\/v2\/users\/538"}],"replies":[{"embeddable":true,"href":"https:\/\/site.uit.no\/psykhel\/wp-json\/wp\/v2\/comments?post=379"}],"version-history":[{"count":26,"href":"https:\/\/site.uit.no\/psykhel\/wp-json\/wp\/v2\/pages\/379\/revisions"}],"predecessor-version":[{"id":3668,"href":"https:\/\/site.uit.no\/psykhel\/wp-json\/wp\/v2\/pages\/379\/revisions\/3668"}],"wp:attachment":[{"href":"https:\/\/site.uit.no\/psykhel\/wp-json\/wp\/v2\/media?parent=379"}],"curies":[{"name":"wp","href":"https:\/\/api.w.org\/{rel}","templated":true}]}}