{"id":409,"date":"2019-03-05T13:41:00","date_gmt":"2019-03-05T12:41:00","guid":{"rendered":"https:\/\/site.uit.no\/psykhel\/?page_id=409"},"modified":"2019-12-11T09:22:59","modified_gmt":"2019-12-11T08:22:59","slug":"modul-for-larare","status":"publish","type":"page","link":"https:\/\/site.uit.no\/psykhel\/modul-for-larare\/","title":{"rendered":"Modul f\u00f6r l\u00e4rare"},"content":{"rendered":"<p>[et_pb_section fb_built=&#8221;1&#8243; fullwidth=&#8221;on&#8221; _builder_version=&#8221;3.22&#8243; background_image=&#8221;https:\/\/site.uit.no\/psykhel\/wp-content\/uploads\/sites\/386\/2019\/07\/banner-v1-modul-for-l\u00e6rere-1280&#215;590-1.jpg&#8221;][et_pb_fullwidth_slider _builder_version=&#8221;4.0.4&#8243; box_shadow_style=&#8221;preset6&#8243; box_shadow_blur=&#8221;10px&#8221; box_shadow_color=&#8221;rgba(0,0,0,0.1)&#8221; button_text_size__hover_enabled=&#8221;off&#8221; button_one_text_size__hover_enabled=&#8221;off&#8221; button_two_text_size__hover_enabled=&#8221;off&#8221; button_text_color__hover_enabled=&#8221;off&#8221; button_one_text_color__hover_enabled=&#8221;off&#8221; button_two_text_color__hover_enabled=&#8221;off&#8221; button_border_width__hover_enabled=&#8221;off&#8221; button_one_border_width__hover_enabled=&#8221;off&#8221; button_two_border_width__hover_enabled=&#8221;off&#8221; button_border_color__hover_enabled=&#8221;off&#8221; button_one_border_color__hover_enabled=&#8221;off&#8221; button_two_border_color__hover_enabled=&#8221;off&#8221; button_border_radius__hover_enabled=&#8221;off&#8221; button_one_border_radius__hover_enabled=&#8221;off&#8221; button_two_border_radius__hover_enabled=&#8221;off&#8221; button_letter_spacing__hover_enabled=&#8221;off&#8221; button_one_letter_spacing__hover_enabled=&#8221;off&#8221; button_two_letter_spacing__hover_enabled=&#8221;off&#8221; button_bg_color__hover_enabled=&#8221;off&#8221; button_one_bg_color__hover_enabled=&#8221;off&#8221; button_two_bg_color__hover_enabled=&#8221;off&#8221;][et_pb_slide heading=&#8221;Modul f\u00f6r l\u00e4rare&#8221; use_bg_overlay=&#8221;off&#8221; use_text_overlay=&#8221;on&#8221; text_overlay_color=&#8221;rgba(30,30,30,0.6)&#8221; _builder_version=&#8221;4.0.4&#8243; background_color=&#8221;#ffffff&#8221; background_image=&#8221;https:\/\/site.uit.no\/psykhel\/wp-content\/uploads\/sites\/386\/2019\/07\/banner-v1-modul-for-l\u00e6rere-1280&#215;590-1.jpg&#8221; background_enable_image=&#8221;on&#8221; button_text_size__hover_enabled=&#8221;off&#8221; button_one_text_size__hover_enabled=&#8221;off&#8221; button_two_text_size__hover_enabled=&#8221;off&#8221; button_text_color__hover_enabled=&#8221;off&#8221; button_one_text_color__hover_enabled=&#8221;off&#8221; button_two_text_color__hover_enabled=&#8221;off&#8221; button_border_width__hover_enabled=&#8221;off&#8221; button_one_border_width__hover_enabled=&#8221;off&#8221; button_two_border_width__hover_enabled=&#8221;off&#8221; button_border_color__hover_enabled=&#8221;off&#8221; button_one_border_color__hover_enabled=&#8221;off&#8221; button_two_border_color__hover_enabled=&#8221;off&#8221; button_border_radius__hover_enabled=&#8221;off&#8221; button_one_border_radius__hover_enabled=&#8221;off&#8221; button_two_border_radius__hover_enabled=&#8221;off&#8221; button_letter_spacing__hover_enabled=&#8221;off&#8221; button_one_letter_spacing__hover_enabled=&#8221;off&#8221; button_two_letter_spacing__hover_enabled=&#8221;off&#8221; button_bg_color__hover_enabled=&#8221;off&#8221; button_one_bg_color__hover_enabled=&#8221;off&#8221; button_two_bg_color__hover_enabled=&#8221;off&#8221;][\/et_pb_slide][\/et_pb_fullwidth_slider][\/et_pb_section][et_pb_section fb_built=&#8221;1&#8243; _builder_version=&#8221;3.22&#8243;][et_pb_row column_structure=&#8221;2_3,1_3&#8243; _builder_version=&#8221;4.0.4&#8243; background_size=&#8221;initial&#8221; background_position=&#8221;top_left&#8221; background_repeat=&#8221;repeat&#8221; hover_enabled=&#8221;0&#8243;][et_pb_column type=&#8221;2_3&#8243; _builder_version=&#8221;3.25&#8243; custom_padding=&#8221;|||&#8221; custom_padding__hover=&#8221;|||&#8221;][et_pb_text _builder_version=&#8221;3.27.4&#8243; text_font_size=&#8221;16px&#8221; text_letter_spacing=&#8221;1px&#8221;]<strong>Den h\u00e4r modulen \u00e4r t\u00e4nkt som ett st\u00f6d till dig som undervisar<\/strong><\/p>\n<p><span class=\"name\">V\u00e5r ambition \u00e4r att l\u00e4rarhandledningen skall vara tillr\u00e4ckligt flexibel f\u00f6r att kunna anpassas till hur undervisningen \u00e4r upplagd p\u00e5 ditt l\u00e4ros\u00e4te &#8211; eller inom en klinisk verksamhet d\u00e4r man vill anv\u00e4nda den i fortbildning. \u00a0Handledningen inneh\u00e5ller n\u00e5gra f\u00f6rslag p\u00e5 vad man <i>kan<\/i> g\u00f6ra i relation till olika teman. Vi vill emellertid uppmuntra dig att reflektera \u00f6ver vilken plats de olika modulernaoch temana har i den utbildning d\u00e4r du undervisar och att anv\u00e4nda materialet, men \u00e4ven andra resurser och undervisningsaktiviter, p\u00e5 det s\u00e4tt som du uppfattar vara till b\u00e4st st\u00f6d f\u00f6r just dina studenter.<\/span><\/p>\n<p><span class=\"name\">Vill du, kan du och dina studenter\/kolleger arbeta er igenom den tema f\u00f6r tema, i kronologisk ordning exempelvis i en kurs i v\u00e5rdpsykologi. <\/span><\/p>\n<p><span class=\"name\">Ett annat alternativ \u00e4r att plocka teman som knyter an till tematik i andra kurser, och ha boken och webbplatsen som delar som integreras med annan litteratur inom ramen f\u00f6r respektive kurs. Exempelvis kan kapitlet om anknytning och relationsm\u00f6nster integreras i en kurs med fokus p\u00e5 barns h\u00e4lsa och oh\u00e4lsa, men kapitlet kan \u00e4ven l\u00e4sas tillsammans med kapitlen Sj\u00e4lv och andra, Att leva sig in i andras situation och Mellanm\u00e4nskligt samspel och d\u00e5 utg\u00f6ra ett komplement till v\u00e5rdvetenskaplig litteratur f\u00f6r att bredda f\u00f6rst\u00e5elsen f\u00f6r den v\u00e5rdande relationen. Du kan ocks\u00e5 knyta ihop exempelvis teman fr\u00e5n modul 1, t ex om motivation och f\u00f6r\u00e4ndring med modulen f\u00f6r motiverande intervju och\/eller modulen f\u00f6r rus, psykisk helse og recovery.<\/span><\/p>\n<p><span class=\"name\">K\u00e4nn dig s\u00e5ledes fri att anv\u00e4nda denna resurs som det passar dig.<\/span><br \/>\n[\/et_pb_text][et_pb_toggle title=&#8221;Om l\u00e4randem\u00e5l&#8221; _builder_version=&#8221;3.0.90&#8243;]<span class=\"name\">Till varje tema finns l\u00e4randem\u00e5l f\u00f6reslagna. De utg\u00e5r fr\u00e5n att webb och litteratur anv\u00e4nds tillsammans. Tanken \u00e4r att du skall kunna v\u00e4lja l\u00e4randem\u00e5l som passar just din kurs och dina studenters utbildningsniv\u00e5, och att materialet som helhet (bok + n\u00e4tresurs inklusive f\u00f6rslag p\u00e5 l\u00e4raktiviteter) skall skapa f\u00f6ruts\u00e4ttningar f\u00f6r m\u00e5luppfyllelse.<\/span><\/p>\n<p><span class=\"name\">I l\u00e4rarhandledningen har l\u00e4randem\u00e5len relaterade till modul 1 och 2 delats in i steg (om ingen stegindelning finns s\u00e5 \u00e5terfinns l\u00e4randem\u00e5len i regel p\u00e5 steg 1):<\/span><\/p>\n<p><span class=\"name\"><strong>Steg 1<\/strong> \u00e4r formulerade p\u00e5 ett s\u00e5dant vis att det skall vara m\u00f6jligt att uppn\u00e5 dem med sj\u00e4lvstudier. De kan s\u00e5ledes fungera i en utbildning med f\u00e5 campusmoment, och kunskaper och f\u00e4rdigheter som relaterar till dessa l\u00e4randem\u00e5l f\u00f6rbereder \u00e4ven studenten f\u00f6r l\u00e4randem\u00e5len i steg 2. Fokus ligger p\u00e5 sakinneh\u00e5llet i respektive kapitel, och p\u00e5 att reflektera \u00f6ver det i relation till egna erfarenheter och f\u00f6rv\u00e4ntningar p\u00e5 yrket. Det \u00e4r dessa l\u00e4randem\u00e5l som kommer upp p\u00e5 &#8220;studentsidorna&#8221;.\u00a0<\/span><\/p>\n<p><span class=\"name\"><strong>Steg 2<\/strong>\u00a0beskriver mer komplexa l\u00e4randem\u00e5l, och \u00e5terfinns enbart i denna l\u00e4rarhandledning. Tanken \u00a0\u00e4r att de l\u00e4raktiviteter som beskrivs h\u00e4r beh\u00f6ver ing\u00e5 f\u00f6r att bidra till m\u00e5luppfyllelsen. Dessa l\u00e4randem\u00e5l \u00e4r mer komplexa, och tar i h\u00f6gre grad fasta p\u00e5 integration med v\u00e5rdvetenskap. De kan d\u00e4rf\u00f6r passa b\u00e4ttre i utbildningens senare del (alternativt p\u00e5 avancerad niv\u00e5\/i vidareutdanning) d\u00e5 studenten har s\u00e5v\u00e4l mer kliniska erfarenheter som andra teorier att knyta resonemanget till, samt har utvecklat kompetenser relaterat till h\u00f6gre niv\u00e5er i Blooms taxonomi. <\/span><\/p>\n<p><span class=\"name\">Beroende p\u00e5 hur just din kurs ser ut och hur du v\u00e4ljer att l\u00e4gga upp undervisningen kan materialet f\u00f6rhoppningsvis ocks\u00e5 anv\u00e4ndas som st\u00f6d f\u00f6r andra m\u00e5l \u00e4n de som f\u00f6resl\u00e5s h\u00e4r.<\/span><br \/>\n[\/et_pb_toggle][et_pb_toggle title=&#8221;Om l\u00e4raktiviteter&#8221; _builder_version=&#8221;3.0.90&#8243;]<span class=\"name\">Till varje tema finns f\u00f6rslag p\u00e5 l\u00e4raktiviteter som kan anv\u00e4ndas f\u00f6r att fr\u00e4mja \u00a0reflektion och studentaktivt l\u00e4rande. Om inget annat st\u00e5r \u00e4r en l\u00e4mplig f\u00f6rberedelse att studenten arbetar igenom temat och det tillh\u00f6rande kapitlet i boken <em>Psykologi f\u00f6r sjuksk\u00f6terskor<\/em>. N\u00e5gra f\u00f6rslag \u00e4r l\u00e4nkade till externa resurser\/appar som Quizlet och Socrative. Andra kan genomf\u00f6ras utan digitala hj\u00e4lpmedel. <\/span><\/p>\n<p><span class=\"name\">De f\u00f6rslag som ges \u00e4r givetvis inte de enda m\u00f6jliga. Anv\u00e4nd din kunskap och din kreativitet f\u00f6r att forma utbildningsaktiviteter som passar din kurs och dina studenter.<\/span><\/p>\n<p><span class=\"name\">Ju fler studenter i en kurs, desto mer tid g\u00e5r i regel \u00e5t till gruppindelning, uppf\u00f6ljning av \u00f6vningar etcetera. Studenternas vana med studentaktivt l\u00e4rande har ocks\u00e5 betydelse f\u00f6r hur mycket tid som g\u00e5r, liksom om det finns m\u00f6jlighet att arbeta i en flexibel l\u00e4rosal.\u00a0Eftersom studenter, kurser och l\u00e4ros\u00e4ten har olika behov och f\u00f6ruts\u00e4ttningar \u00e4r beskrivningen av l\u00e4raktiviteterna inte tidssatta.<\/span><\/p>\n<p><span class=\"name\">De reflektionsfr\u00e5gor som finns till respektive tema under rubriken &#8220;L\u00e4s och reflektera&#8221; kan ocks\u00e5 anv\u00e4ndas som underlag f\u00f6r diskussioner i kursen.<\/span><br \/>\n[\/et_pb_toggle][et_pb_toggle title=&#8221;Om kompletterande material&#8221; _builder_version=&#8221;3.0.90&#8243;]Sist i varje tema finns rubriken &#8220;kompletterande material&#8221;. \u00a0D\u00e4r kan du tillexempel hitta l\u00e4stips till n\u00e4rliggande omr\u00e5den om du har behov av att fr\u00e4scha upp din egen kunskap, men \u00e4ven artiklar om studenters l\u00e4rande inom omr\u00e5det.<br \/>\n[\/et_pb_toggle][\/et_pb_column][et_pb_column type=&#8221;1_3&#8243; _builder_version=&#8221;3.25&#8243; custom_padding=&#8221;|||&#8221; custom_padding__hover=&#8221;|||&#8221;][et_pb_toggle title=&#8221;L\u00e4rarhandledning modul 1&#8243; open_toggle_text_color=&#8221;#000000&#8243; closed_toggle_background_color=&#8221;#00c4b7&#8243; icon_color=&#8221;#7262d9&#8243; use_icon_font_size=&#8221;on&#8221; icon_font_size=&#8221;20px&#8221; admin_label=&#8221;sidemeny l\u00e6rer: modul 1&#8243; _builder_version=&#8221;4.0.4&#8243; title_text_color=&#8221;#ffffff&#8221; title_font=&#8221;|600||||on|||&#8221; title_font_size=&#8221;20px&#8221; border_width_all=&#8221;0px&#8221; border_width_bottom=&#8221;5px&#8221; border_color_bottom=&#8221;#7262d9&#8243; box_shadow_style=&#8221;preset2&#8243; global_module=&#8221;3361&#8243;]<\/p>\n<ol>\n<li><a href=\"https:\/\/site.uit.no\/psykhel\/2019\/06\/01\/lararhandledning-1-vardpsykologi\/\">V\u00e5rdpsykologi<\/a><\/li>\n<li><a href=\"https:\/\/site.uit.no\/psykhel\/2019\/06\/01\/lararhandledning-2-psykologiska-inriktningar\/\">Psykologiska inriktningar<\/a><\/li>\n<li><a href=\"https:\/\/site.uit.no\/psykhel\/2019\/06\/01\/lararhandledning-3-kropp-och-sjal\/\">Kropp och sj\u00e4l<\/a><\/li>\n<li><a href=\"https:\/\/site.uit.no\/psykhel\/2019\/06\/01\/lararhandledning-4-kanslolivet\/\">K\u00e4nslolivet<\/a><\/li>\n<li><a href=\"https:\/\/site.uit.no\/psykhel\/2019\/06\/01\/lararhandledning-5-perception\/\">Perception<\/a><\/li>\n<li><a href=\"https:\/\/site.uit.no\/psykhel\/2019\/06\/01\/lararhandledning-6-minne-och-informationsbearbetning\/\">Minne och informationsbearbetning<\/a><\/li>\n<li><a href=\"https:\/\/site.uit.no\/psykhel\/2019\/06\/01\/lararhandledning-7-att-bemastra-sin-tillvaro\/\">Att bem\u00e4stra sin tillvaro<\/a><\/li>\n<li><a href=\"https:\/\/site.uit.no\/psykhel\/2019\/06\/01\/lararhandledning-8-anknytning-och-relationsmonster\/\">Anknytning och relationsm\u00f6nster<\/a><\/li>\n<li><a href=\"https:\/\/site.uit.no\/psykhel\/2019\/06\/01\/lararhandledning-9-sjalv-och-andra\/\">Sj\u00e4lv och andra<\/a><\/li>\n<li><a href=\"https:\/\/site.uit.no\/psykhel\/2019\/06\/01\/lararhandledning-10-fran-vaggan-till-graven\/\">Fr\u00e5n vaggan till graven<\/a><\/li>\n<li><a href=\"https:\/\/site.uit.no\/psykhel\/2019\/06\/01\/lararhandledning-11-att-tillgodose-behov\/\">Att tillgodose behov<\/a><\/li>\n<li><a href=\"https:\/\/site.uit.no\/psykhel\/2019\/04\/24\/lararhandledning-12-halsa\/\">H\u00e4lsa<\/a><\/li>\n<li><a href=\"https:\/\/site.uit.no\/psykhel\/2019\/06\/01\/lararhandledning-13-stressrelaterad-ohalsa\/\">Stressrelaterad oh\u00e4lsa<\/a><\/li>\n<li><a href=\"https:\/\/site.uit.no\/psykhel\/2019\/06\/01\/lararhandledning-14-trauma-hot-och-forluster\/\">Trauma, hot och f\u00f6rluster<\/a><\/li>\n<li><a href=\"https:\/\/site.uit.no\/psykhel\/2019\/06\/01\/lararhandledning-15-smarta\/\">Sm\u00e4rta<\/a><\/li>\n<li><a href=\"https:\/\/site.uit.no\/psykhel\/2019\/06\/01\/lararhandledning-16-att-forebygga-ohalsa-och-framja-halsa\/\">Att f\u00f6rebygga oh\u00e4lsa och fr\u00e4mja h\u00e4lsa<\/a><\/li>\n<li><a href=\"https:\/\/site.uit.no\/psykhel\/2019\/06\/01\/lararhandledning-17-motivation-och-forandring\/\">Motivation och f\u00f6r\u00e4ndring<\/a><\/li>\n<li><a href=\"https:\/\/site.uit.no\/psykhel\/2019\/06\/01\/lararhandledning-18-att-leva-sig-in-i-andras-situation\/\">Att leva sig in i andras situation<\/a><\/li>\n<li><a href=\"https:\/\/site.uit.no\/psykhel\/2019\/06\/01\/lararhandledning-19-mellanmanskligt-samspel\/\">Mellanm\u00e4nskligt samspel<\/a><\/li>\n<li><a href=\"https:\/\/site.uit.no\/psykhel\/2019\/06\/01\/lararhandledning-20-att-vara-delaktig-i-en-grupp\/\">Att vara delaktig i en grupp<\/a><\/li>\n<\/ol>\n<p>[\/et_pb_toggle][et_pb_toggle title=&#8221;L\u00e4rarhandledning modul 2&#8243; _builder_version=&#8221;4.0.4&#8243; use_icon_font_size=&#8221;on&#8221; icon_font_size=&#8221;20px&#8221; closed_toggle_background_color=&#8221;#00c4b7&#8243; border_width_all=&#8221;0px&#8221; border_width_bottom=&#8221;5px&#8221; border_color_bottom=&#8221;#7262d9&#8243; icon_color=&#8221;#7262d9&#8243; box_shadow_style=&#8221;preset2&#8243; title_font=&#8221;|600||||on|||&#8221; title_font_size=&#8221;20px&#8221; closed_toggle_text_color=&#8221;#ffffff&#8221; hover_enabled=&#8221;0&#8243; global_module=&#8221;3495&#8243; saved_tabs=&#8221;all&#8221;]<\/p>\n<ol>\n<li><a href=\"https:\/\/site.uit.no\/psykhel\/2019\/10\/01\/lararhandledning_modul-2tema-01-hva-er-recovery\/\">Hva er recovery<\/a><\/li>\n<li><a href=\"https:\/\/site.uit.no\/psykhel\/2019\/10\/01\/lararhandledning_modul2-tema-02-recoveryorientert-helsearbeid\/\">Helsearbeid<\/a><\/li>\n<li><a href=\"https:\/\/site.uit.no\/psykhel\/2019\/10\/01\/lararhandledning-modul2-tema-03-tidal-model\/\">Om tidevannsmodellen<\/a><\/li>\n<li><a href=\"https:\/\/site.uit.no\/psykhel\/2019\/10\/01\/lararhandledning-modul-2_tema-04-tidal-model-ataganden\/\">Tidevannsmodellens forpliktelser<\/a><\/li>\n<li><a href=\"https:\/\/site.uit.no\/psykhel\/2019\/10\/01\/lararhandledning-modul2_tema-05-tidalmodel-den-holistiska-bedomningen\/\">Den holistiske vurderingen<\/a><\/li>\n<li><a href=\"https:\/\/site.uit.no\/psykhel\/2019\/10\/01\/lararhandledning-modul2-tema-06-tidvattenmodellen-samtalet-pa-tu-man-hand\/\">Samtalen p\u00e5 tommans h\u00e5nd<\/a><\/li>\n<li><a href=\"https:\/\/site.uit.no\/psykhel\/2019\/10\/01\/lararhandledning-tema-07-tidevannsmodellen-a-skape-trygghet\/\">\u00c5 skape trygghet<\/a><\/li>\n<li><a href=\"https:\/\/site.uit.no\/psykhel\/2019\/10\/02\/lararhandledning-modul2_tema-08-tidvattenmodellen-grupper_ny\/\">Grupper<\/a><\/li>\n<\/ol>\n<p>[\/et_pb_toggle][et_pb_toggle title=&#8221;L\u00e4rarhandledning modul 3&#8243; _builder_version=&#8221;4.0.4&#8243; use_icon_font_size=&#8221;on&#8221; icon_font_size=&#8221;20px&#8221; closed_toggle_background_color=&#8221;#00c4b7&#8243; border_width_all=&#8221;0px&#8221; border_width_bottom=&#8221;5px&#8221; border_color_bottom=&#8221;#7262d9&#8243; icon_color=&#8221;#7262d9&#8243; box_shadow_style=&#8221;preset2&#8243; title_font=&#8221;|600||||on|||&#8221; title_font_size=&#8221;20px&#8221; closed_toggle_text_color=&#8221;#ffffff&#8221; hover_enabled=&#8221;0&#8243; global_module=&#8221;3496&#8243; saved_tabs=&#8221;all&#8221;]<\/p>\n<ul>\n<li><a href=\"https:\/\/site.uit.no\/psykhel\/2019\/10\/03\/modul-3-lararhandledning-motiverende-samtal\/\">Motiverende samtal<\/a><\/li>\n<\/ul>\n<p>[\/et_pb_toggle][et_pb_button button_url=&#8221;https:\/\/site.uit.no\/psykhel\/2019\/06\/01\/lararhandledning-1-vardpsykologi\/&#8221; button_text=&#8221;Start modul&#8221; button_alignment=&#8221;center&#8221; admin_label=&#8221;Button &#8211; start modul&#8221; _builder_version=&#8221;3.16&#8243; custom_button=&#8221;on&#8221; button_text_color=&#8221;#494bb8&#8243; button_border_color=&#8221;#494bb8&#8243; button_icon_color=&#8221;#494bb8&#8243; button_border_color_hover=&#8221;rgba(73,75,184,0)&#8221; saved_tabs=&#8221;all&#8221; button_text_size__hover_enabled=&#8221;off&#8221; button_one_text_size__hover_enabled=&#8221;off&#8221; button_two_text_size__hover_enabled=&#8221;off&#8221; button_text_color__hover_enabled=&#8221;off&#8221; button_one_text_color__hover_enabled=&#8221;off&#8221; button_two_text_color__hover_enabled=&#8221;off&#8221; button_border_width__hover_enabled=&#8221;off&#8221; button_one_border_width__hover_enabled=&#8221;off&#8221; button_two_border_width__hover_enabled=&#8221;off&#8221; button_border_color__hover_enabled=&#8221;on&#8221; button_border_color__hover=&#8221;rgba(73,75,184,0)&#8221; button_one_border_color__hover_enabled=&#8221;off&#8221; button_two_border_color__hover_enabled=&#8221;off&#8221; button_border_radius__hover_enabled=&#8221;off&#8221; button_one_border_radius__hover_enabled=&#8221;off&#8221; button_two_border_radius__hover_enabled=&#8221;off&#8221; button_letter_spacing__hover_enabled=&#8221;off&#8221; button_one_letter_spacing__hover_enabled=&#8221;off&#8221; button_two_letter_spacing__hover_enabled=&#8221;off&#8221; button_bg_color__hover_enabled=&#8221;off&#8221; button_one_bg_color__hover_enabled=&#8221;off&#8221; button_two_bg_color__hover_enabled=&#8221;off&#8221;][\/et_pb_button][\/et_pb_column][\/et_pb_row][\/et_pb_section]<\/p>\n","protected":false},"excerpt":{"rendered":"<p>Den h\u00e4r modulen \u00e4r t\u00e4nkt som ett st\u00f6d till dig som undervisar V\u00e5r ambition \u00e4r att l\u00e4rarhandledningen skall vara tillr\u00e4ckligt flexibel f\u00f6r att kunna anpassas till hur undervisningen \u00e4r upplagd p\u00e5 ditt l\u00e4ros\u00e4te &#8211; eller inom en klinisk verksamhet d\u00e4r man vill anv\u00e4nda den i fortbildning. \u00a0Handledningen inneh\u00e5ller n\u00e5gra f\u00f6rslag p\u00e5 vad man kan g\u00f6ra [&hellip;]<\/p>\n","protected":false},"author":538,"featured_media":0,"parent":0,"menu_order":0,"comment_status":"closed","ping_status":"closed","template":"","meta":{"_et_pb_use_builder":"on","_et_pb_old_content":"<h1>Tittel 1<\/h1><p>VIDEO<\/p><h2>Tekst (tittel 2)<\/h2><p>Lorem ipsum dolor sit amet, eos ne aeterno disputationi, sed in mediocrem voluptatum. Nulla mediocritatem ei quo, ut per prima essent. Qui justo verear te, ea munere saperet vim, in est dicit suscipiantur. Vero platonem maluisset vix ea, per et equidem mandamus. Cu temporibus scribentur ius.<\/p><p>Sea ut graeco volumus eligendi. Id pri doctus persius adipisci, in labitur ancillae democritum vis. Eum brute apeirian ea, id nec augue luptatum. Nisl iusto salutatus ei duo. Homero senserit vix an, omnium voluptatum at ius, in doctus eripuit denique vis. Ad oportere suavitate his, populo dissentiunt at vim, te case insolens vix.<\/p><p>Ta en quizze:<\/p><p>[streamquiz id=\"1\"]<\/p>","_et_gb_content_width":"","footnotes":""},"class_list":["post-409","page","type-page","status-publish","hentry"],"_links":{"self":[{"href":"https:\/\/site.uit.no\/psykhel\/wp-json\/wp\/v2\/pages\/409","targetHints":{"allow":["GET"]}}],"collection":[{"href":"https:\/\/site.uit.no\/psykhel\/wp-json\/wp\/v2\/pages"}],"about":[{"href":"https:\/\/site.uit.no\/psykhel\/wp-json\/wp\/v2\/types\/page"}],"author":[{"embeddable":true,"href":"https:\/\/site.uit.no\/psykhel\/wp-json\/wp\/v2\/users\/538"}],"replies":[{"embeddable":true,"href":"https:\/\/site.uit.no\/psykhel\/wp-json\/wp\/v2\/comments?post=409"}],"version-history":[{"count":57,"href":"https:\/\/site.uit.no\/psykhel\/wp-json\/wp\/v2\/pages\/409\/revisions"}],"predecessor-version":[{"id":3497,"href":"https:\/\/site.uit.no\/psykhel\/wp-json\/wp\/v2\/pages\/409\/revisions\/3497"}],"wp:attachment":[{"href":"https:\/\/site.uit.no\/psykhel\/wp-json\/wp\/v2\/media?parent=409"}],"curies":[{"name":"wp","href":"https:\/\/api.w.org\/{rel}","templated":true}]}}