{"id":52,"date":"2024-10-09T15:09:17","date_gmt":"2024-10-09T13:09:17","guid":{"rendered":"https:\/\/site.uit.no\/realfagspraksis\/?page_id=52"},"modified":"2026-05-04T13:16:53","modified_gmt":"2026-05-04T11:16:53","slug":"blogg","status":"publish","type":"page","link":"https:\/\/site.uit.no\/realfagspraksis\/blogg\/","title":{"rendered":"Studentblogg"},"content":{"rendered":"\n<div id=\"wp-block-themeisle-blocks-advanced-columns-678cc482\" class=\"wp-block-themeisle-blocks-advanced-columns alignfull has-1-columns has-desktop-equal-layout has-tablet-equal-layout has-mobile-collapsedRows-layout has-reverse-columns-mobile has-vertical-bottom ticss-c00aadba\"><div class=\"wp-block-themeisle-blocks-advanced-columns-overlay\"><\/div><div class=\"innerblocks-wrap\">\n<div id=\"wp-block-themeisle-blocks-advanced-column-9b770330\" class=\"wp-block-themeisle-blocks-advanced-column\">\n<h2 id=\"wp-block-themeisle-blocks-advanced-heading-43117afd\" class=\"wp-block-themeisle-blocks-advanced-heading wp-block-themeisle-blocks-advanced-heading-43117afd\">Studentblogger<\/h2>\n<\/div>\n<\/div><\/div>\n\n\n\n<div style=\"height:38px\" aria-hidden=\"true\" class=\"wp-block-spacer\"><\/div>\n\n\n\n<p>I RealfagsPraksis skal studentene dokumentere sine opplevelser og l\u00e6ringsutbytte i form av en blogg eller en vlogg. Her kan du f\u00f8lge studentenes opplevelser med praksis:<\/p>\n\n\n\n<div id=\"wp-block-themeisle-blocks-advanced-columns-62d8b11c\" class=\"wp-block-themeisle-blocks-advanced-columns has-4-columns has-desktop-equal-layout has-tablet-equal-layout has-mobile-collapsedRows-layout has-vertical-unset\"><div class=\"wp-block-themeisle-blocks-advanced-columns-overlay\"><\/div><div class=\"innerblocks-wrap\">\n<div id=\"wp-block-themeisle-blocks-advanced-column-4e3012f1\" class=\"wp-block-themeisle-blocks-advanced-column\">\n<h2 id=\"wp-block-themeisle-blocks-advanced-heading-3867f3fd\" class=\"wp-block-themeisle-blocks-advanced-heading wp-block-themeisle-blocks-advanced-heading-3867f3fd\">Informatikk<\/h2>\n\n\n\n<div id=\"wp-block-themeisle-blocks-button-group-4e694c15\" class=\"wp-block-themeisle-blocks-button-group wp-block-buttons\">\n<div id=\"wp-block-themeisle-blocks-button-28293b7c\" class=\"wp-block-themeisle-blocks-button wp-block-button\"><a href=\"https:\/\/site.uit.no\/realfagspraksis\/category\/informatikk-2026\/\" target=\"_self\" rel=\"noopener noreferrer\" class=\"wp-block-button__link\"><span>2026<\/span><\/a><\/div>\n\n\n\n<div id=\"wp-block-themeisle-blocks-button-e98e46d4\" class=\"wp-block-themeisle-blocks-button wp-block-button is-style-outline\"><a href=\"https:\/\/site.uit.no\/realfagspraksis\/category\/informatikk-2025\/\" target=\"_self\" rel=\"noopener noreferrer\" class=\"wp-block-button__link\"><span><strong>2025<\/strong><\/span><\/a><\/div>\n\n\n\n<div id=\"wp-block-themeisle-blocks-button-dee6dad4\" class=\"wp-block-themeisle-blocks-button wp-block-button is-style-outline\"><a href=\"https:\/\/site.uit.no\/realfagspraksis\/category\/informatikk-2024\/\" target=\"_self\" rel=\"noopener noreferrer\" class=\"wp-block-button__link\"><span>2024<\/span><\/a><\/div>\n<\/div>\n<\/div>\n\n\n\n<div id=\"wp-block-themeisle-blocks-advanced-column-ee2239da\" class=\"wp-block-themeisle-blocks-advanced-column\"><\/div>\n\n\n\n<div id=\"wp-block-themeisle-blocks-advanced-column-3038b57b\" class=\"wp-block-themeisle-blocks-advanced-column\">\n<h4 id=\"wp-block-themeisle-blocks-advanced-heading-17451c60\" class=\"wp-block-themeisle-blocks-advanced-heading wp-block-themeisle-blocks-advanced-heading-17451c60\">\u2728 Fremhevet innlegg<\/h4>\n\n\n\n<figure class=\"wp-block-embed is-type-video is-provider-youtube wp-block-embed-youtube wp-embed-aspect-16-9 wp-has-aspect-ratio\" style=\"margin-top:0;margin-right:0;margin-bottom:0;margin-left:0\"><div class=\"wp-block-embed__wrapper\">\n<iframe title=\"Praksis ved Microsoft - Sivert Bottolfsen\" width=\"500\" height=\"281\" data-src=\"https:\/\/www.youtube.com\/embed\/DoQjwfzs6lE?feature=oembed\" frameborder=\"0\" allow=\"accelerometer; autoplay; clipboard-write; encrypted-media; gyroscope; picture-in-picture; web-share\" referrerpolicy=\"strict-origin-when-cross-origin\" allowfullscreen src=\"data:image\/svg+xml;base64,PHN2ZyB3aWR0aD0iMSIgaGVpZ2h0PSIxIiB4bWxucz0iaHR0cDovL3d3dy53My5vcmcvMjAwMC9zdmciPjwvc3ZnPg==\" class=\"lazyload\" data-load-mode=\"1\"><\/iframe>\n<\/div><\/figure>\n<\/div>\n\n\n\n<div id=\"wp-block-themeisle-blocks-advanced-column-d4cf0c51\" class=\"wp-block-themeisle-blocks-advanced-column\"><\/div>\n<\/div><\/div>\n\n\n\n<div style=\"height:59px\" aria-hidden=\"true\" class=\"wp-block-spacer\"><\/div>\n\n\n\n<div id=\"wp-block-themeisle-blocks-advanced-columns-486e3731\" class=\"wp-block-themeisle-blocks-advanced-columns has-4-columns has-desktop-equal-layout has-tablet-equal-layout has-mobile-collapsedRows-layout has-vertical-unset\"><div class=\"wp-block-themeisle-blocks-advanced-columns-overlay\"><\/div><div class=\"innerblocks-wrap\">\n<div id=\"wp-block-themeisle-blocks-advanced-column-40e29c13\" class=\"wp-block-themeisle-blocks-advanced-column\">\n<h2 id=\"wp-block-themeisle-blocks-advanced-heading-bee33d52\" class=\"wp-block-themeisle-blocks-advanced-heading wp-block-themeisle-blocks-advanced-heading-bee33d52\">Geologi<\/h2>\n\n\n\n<div id=\"wp-block-themeisle-blocks-button-group-75bbdf93\" class=\"wp-block-themeisle-blocks-button-group wp-block-buttons\">\n<div id=\"wp-block-themeisle-blocks-button-fce0b488\" class=\"wp-block-themeisle-blocks-button wp-block-button\"><a href=\"https:\/\/site.uit.no\/realfagspraksis\/category\/geologi-2026\/\" target=\"_self\" rel=\"noopener noreferrer\" class=\"wp-block-button__link\"><span>2026<\/span><\/a><\/div>\n\n\n\n<div id=\"wp-block-themeisle-blocks-button-dd6c8023\" class=\"wp-block-themeisle-blocks-button wp-block-button is-style-outline\"><a href=\"https:\/\/site.uit.no\/realfagspraksis\/category\/geologi-2025\/\" target=\"_self\" rel=\"noopener noreferrer\" class=\"wp-block-button__link\"><span><strong>2025<\/strong><\/span><\/a><\/div>\n\n\n\n<div id=\"wp-block-themeisle-blocks-button-da1c2ceb\" class=\"wp-block-themeisle-blocks-button wp-block-button is-style-outline\"><a href=\"https:\/\/site.uit.no\/realfagspraksis\/category\/geologi-2024\/\" target=\"_self\" rel=\"noopener noreferrer\" class=\"wp-block-button__link\"><span>2024<\/span><\/a><\/div>\n<\/div>\n\n\n\n<div style=\"height:15px\" aria-hidden=\"true\" class=\"wp-block-spacer\"><\/div>\n\n\n\n<div id=\"wp-block-themeisle-blocks-button-group-fa1cb848\" class=\"wp-block-themeisle-blocks-button-group wp-block-buttons\">\n<div id=\"wp-block-themeisle-blocks-button-e183283a\" class=\"wp-block-themeisle-blocks-button wp-block-button is-style-outline\"><a href=\"https:\/\/site.uit.no\/realfagspraksis\/category\/geologi-2023\/\" target=\"_self\" rel=\"noopener noreferrer\" class=\"wp-block-button__link\"><span>2023<\/span><\/a><\/div>\n\n\n\n<div id=\"wp-block-themeisle-blocks-button-786155a0\" class=\"wp-block-themeisle-blocks-button wp-block-button is-style-outline\"><a href=\"https:\/\/site.uit.no\/realfagspraksis\/category\/geologi-2022\/\" target=\"_self\" rel=\"noopener noreferrer\" class=\"wp-block-button__link\"><span>2022<\/span><\/a><\/div>\n<\/div>\n\n\n\n<div style=\"height:15px\" aria-hidden=\"true\" class=\"wp-block-spacer\"><\/div>\n\n\n\n<div id=\"wp-block-themeisle-blocks-button-group-09d8539f\" class=\"wp-block-themeisle-blocks-button-group wp-block-buttons\">\n<div id=\"wp-block-themeisle-blocks-button-000a6ecb\" class=\"wp-block-themeisle-blocks-button wp-block-button is-style-outline\"><a href=\"https:\/\/site.uit.no\/realfagspraksis\/category\/geologi-2021\/\" target=\"_self\" rel=\"noopener noreferrer\" class=\"wp-block-button__link\"><span>2021<\/span><\/a><\/div>\n\n\n\n<div id=\"wp-block-themeisle-blocks-button-c3b34520\" class=\"wp-block-themeisle-blocks-button wp-block-button is-style-outline\"><a href=\"https:\/\/uit.no\/project\/geopraksis\/studentblogg\" target=\"_self\" rel=\"noopener noreferrer\" class=\"wp-block-button__link\"><span>Tidligere<\/span><\/a><\/div>\n<\/div>\n<\/div>\n\n\n\n<div id=\"wp-block-themeisle-blocks-advanced-column-f9aa9b6e\" class=\"wp-block-themeisle-blocks-advanced-column\"><\/div>\n\n\n\n<div id=\"wp-block-themeisle-blocks-advanced-column-dcd1d920\" class=\"wp-block-themeisle-blocks-advanced-column\">\n<h4 id=\"wp-block-themeisle-blocks-advanced-heading-fa075719\" class=\"wp-block-themeisle-blocks-advanced-heading wp-block-themeisle-blocks-advanced-heading-fa075719\">\u2728 Fremhevet innlegg<\/h4>\n\n\n<div class=\"is-style-boxed wp-block-themeisle-blocks-posts-grid\" id=\"wp-block-themeisle-blocks-posts-grid-3470267a\"><div class=\"is-grid o-posts-grid-columns-3\"><div class=\"o-posts-grid-post-blog o-posts-grid-post-plain\"><div class=\"o-posts-grid-post\"><div class=\"o-posts-grid-post-body is-full\"><h4 class=\"o-posts-grid-post-title\"><a href=\"https:\/\/site.uit.no\/realfagspraksis\/2026\/04\/28\/sokkeldirektoratet-vlog-solveig-skeie\/\">Sokkeldirektoratet Vlog Solveig Skeie<\/a><\/h4><div class=\"o-posts-grid-post-description\"><p>av Solveig Skeie<\/p><\/div><\/div><\/div><\/div><div class=\"o-posts-grid-post-blog o-posts-grid-post-plain\"><div class=\"o-posts-grid-post\"><div class=\"o-posts-grid-post-body is-full\"><h4 class=\"o-posts-grid-post-title\"><a href=\"https:\/\/site.uit.no\/realfagspraksis\/2026\/04\/08\/nussir-vlog-av-nora-marie-hansen\/\">Nussir vlog av Nora Marie Hansen<\/a><\/h4><div class=\"o-posts-grid-post-description\"><p>Nora Marie Hansen deler sine erfaringer med praksis hos Nussir ASA<\/p><\/div><\/div><\/div><\/div><div class=\"o-posts-grid-post-blog o-posts-grid-post-plain\"><div class=\"o-posts-grid-post\"><div class=\"o-posts-grid-post-image\"><a href=\"https:\/\/site.uit.no\/realfagspraksis\/2025\/05\/14\/fra-blalys-til-snoprofil-en-uke-i-geofaglig-praksis\/\"><img fetchpriority=\"high\" decoding=\"async\" width=\"2560\" height=\"1920\" src=\"https:\/\/site.uit.no\/realfagspraksis\/wp-content\/uploads\/sites\/523\/2025\/05\/hogneskredgrop-scaled.jpg\" class=\"attachment-full size-full\" alt=\"Fra bl\u00e5lys til sn\u00f8profil \u2013 \u00e9n uke i geofaglig praksis\" srcset=\"https:\/\/site.uit.no\/realfagspraksis\/wp-content\/uploads\/sites\/523\/2025\/05\/hogneskredgrop-scaled.jpg 2560w, https:\/\/site.uit.no\/realfagspraksis\/wp-content\/uploads\/sites\/523\/2025\/05\/hogneskredgrop-300x225.jpg 300w, https:\/\/site.uit.no\/realfagspraksis\/wp-content\/uploads\/sites\/523\/2025\/05\/hogneskredgrop-1024x768.jpg 1024w, https:\/\/site.uit.no\/realfagspraksis\/wp-content\/uploads\/sites\/523\/2025\/05\/hogneskredgrop-768x576.jpg 768w, https:\/\/site.uit.no\/realfagspraksis\/wp-content\/uploads\/sites\/523\/2025\/05\/hogneskredgrop-1536x1152.jpg 1536w, https:\/\/site.uit.no\/realfagspraksis\/wp-content\/uploads\/sites\/523\/2025\/05\/hogneskredgrop-2048x1536.jpg 2048w\" sizes=\"(max-width: 2560px) 100vw, 2560px\" \/><\/a><\/div><div class=\"o-posts-grid-post-body\"><h4 class=\"o-posts-grid-post-title\"><a href=\"https:\/\/site.uit.no\/realfagspraksis\/2025\/05\/14\/fra-blalys-til-snoprofil-en-uke-i-geofaglig-praksis\/\">Fra bl\u00e5lys til sn\u00f8profil \u2013 \u00e9n uke i geofaglig praksis<\/a><\/h4><div class=\"o-posts-grid-post-description\"><p>Hogne Lid Bretten Uke 2\/3 i praksis hos Troms fylkeskommune, teknisk seksjon Det finnes mange m\u00e5ter \u2026<\/p><\/div><\/div><\/div><\/div><\/div> <\/div><\/div>\n\n\n\n<div id=\"wp-block-themeisle-blocks-advanced-column-008cd0c1\" class=\"wp-block-themeisle-blocks-advanced-column\"><\/div>\n<\/div><\/div>\n\n\n\n<div style=\"height:59px\" aria-hidden=\"true\" class=\"wp-block-spacer\"><\/div>\n\n\n\n<div id=\"wp-block-themeisle-blocks-advanced-columns-c4e766b0\" class=\"wp-block-themeisle-blocks-advanced-columns has-4-columns has-desktop-equal-layout has-tablet-equal-layout has-mobile-collapsedRows-layout has-vertical-unset\"><div class=\"wp-block-themeisle-blocks-advanced-columns-overlay\"><\/div><div class=\"innerblocks-wrap\">\n<div id=\"wp-block-themeisle-blocks-advanced-column-ee79d0bd\" class=\"wp-block-themeisle-blocks-advanced-column\">\n<h2 id=\"wp-block-themeisle-blocks-advanced-heading-cb57d357\" class=\"wp-block-themeisle-blocks-advanced-heading wp-block-themeisle-blocks-advanced-heading-cb57d357\">Biologi<\/h2>\n\n\n\n<div id=\"wp-block-themeisle-blocks-button-group-7421256b\" class=\"wp-block-themeisle-blocks-button-group wp-block-buttons\">\n<div id=\"wp-block-themeisle-blocks-button-c6da174b\" class=\"wp-block-themeisle-blocks-button wp-block-button\"><a href=\"https:\/\/site.uit.no\/realfagspraksis\/category\/biologi-2026\/\" target=\"_self\" rel=\"noopener noreferrer\" class=\"wp-block-button__link\"><span>2026<\/span><\/a><\/div>\n\n\n\n<div id=\"wp-block-themeisle-blocks-button-76e966cf\" class=\"wp-block-themeisle-blocks-button wp-block-button is-style-outline\"><a href=\"https:\/\/site.uit.no\/realfagspraksis\/category\/biologi-2025\/\" target=\"_self\" rel=\"noopener noreferrer\" class=\"wp-block-button__link\"><span><strong>2025<\/strong><\/span><\/a><\/div>\n<\/div>\n\n\n\n<div style=\"height:15px\" aria-hidden=\"true\" class=\"wp-block-spacer\"><\/div>\n\n\n\n<div style=\"height:15px\" aria-hidden=\"true\" class=\"wp-block-spacer\"><\/div>\n<\/div>\n\n\n\n<div id=\"wp-block-themeisle-blocks-advanced-column-af806993\" class=\"wp-block-themeisle-blocks-advanced-column\"><\/div>\n\n\n\n<div id=\"wp-block-themeisle-blocks-advanced-column-22fc0d9f\" class=\"wp-block-themeisle-blocks-advanced-column\">\n<h4 id=\"wp-block-themeisle-blocks-advanced-heading-6fb8761e\" class=\"wp-block-themeisle-blocks-advanced-heading wp-block-themeisle-blocks-advanced-heading-6fb8761e\">\u2728 Fremhevet innlegg<\/h4>\n\n\n<div class=\"is-style-boxed wp-block-themeisle-blocks-posts-grid\" id=\"wp-block-themeisle-blocks-posts-grid-0059f37e\"><div class=\"is-grid o-posts-grid-columns-3\"><div class=\"o-posts-grid-post-blog o-posts-grid-post-plain\"><div class=\"o-posts-grid-post\"><div class=\"o-posts-grid-post-image\"><a href=\"https:\/\/site.uit.no\/realfagspraksis\/2025\/05\/28\/natt-dag-pa-museets-botaniske-fagenhet\/\"><img decoding=\"async\" width=\"1707\" height=\"2560\" data-src=\"https:\/\/site.uit.no\/realfagspraksis\/wp-content\/uploads\/sites\/523\/2025\/05\/EraNG_Blogg5-scaled.jpg\" class=\"attachment-full size-full lazyload\" alt=\"(Natt) Dag p\u00e5 Museet(s botaniske fagenhet)\" data-srcset=\"https:\/\/site.uit.no\/realfagspraksis\/wp-content\/uploads\/sites\/523\/2025\/05\/EraNG_Blogg5-scaled.jpg 1707w, https:\/\/site.uit.no\/realfagspraksis\/wp-content\/uploads\/sites\/523\/2025\/05\/EraNG_Blogg5-200x300.jpg 200w, https:\/\/site.uit.no\/realfagspraksis\/wp-content\/uploads\/sites\/523\/2025\/05\/EraNG_Blogg5-683x1024.jpg 683w, https:\/\/site.uit.no\/realfagspraksis\/wp-content\/uploads\/sites\/523\/2025\/05\/EraNG_Blogg5-768x1152.jpg 768w, https:\/\/site.uit.no\/realfagspraksis\/wp-content\/uploads\/sites\/523\/2025\/05\/EraNG_Blogg5-1024x1536.jpg 1024w, https:\/\/site.uit.no\/realfagspraksis\/wp-content\/uploads\/sites\/523\/2025\/05\/EraNG_Blogg5-1365x2048.jpg 1365w\" data-sizes=\"(max-width: 1707px) 100vw, 1707px\" src=\"data:image\/svg+xml;base64,PHN2ZyB3aWR0aD0iMSIgaGVpZ2h0PSIxIiB4bWxucz0iaHR0cDovL3d3dy53My5vcmcvMjAwMC9zdmciPjwvc3ZnPg==\" style=\"--smush-placeholder-width: 1707px; --smush-placeholder-aspect-ratio: 1707\/2560;\" \/><\/a><\/div><div class=\"o-posts-grid-post-body\"><h4 class=\"o-posts-grid-post-title\"><a href=\"https:\/\/site.uit.no\/realfagspraksis\/2025\/05\/28\/natt-dag-pa-museets-botaniske-fagenhet\/\">(Natt) Dag p\u00e5 Museet(s botaniske fagenhet)<\/a><\/h4><div class=\"o-posts-grid-post-description\"><p>Natt Dag p\u00e5 Museet(s botansike fagenhet) av Era Nikoline Gr\u00f8vo Har du noen gang lurt p\u00e5 hva som skje\u2026<\/p><\/div><\/div><\/div><\/div><\/div> <\/div><\/div>\n\n\n\n<div id=\"wp-block-themeisle-blocks-advanced-column-3ee9e49a\" class=\"wp-block-themeisle-blocks-advanced-column\"><\/div>\n<\/div><\/div>\n\n\n\n<div style=\"height:59px\" aria-hidden=\"true\" class=\"wp-block-spacer\"><\/div>\n\n\n\n<div id=\"wp-block-themeisle-blocks-advanced-columns-167a62bd\" class=\"wp-block-themeisle-blocks-advanced-columns has-4-columns has-desktop-equal-layout has-tablet-equal-layout has-mobile-collapsedRows-layout has-vertical-unset\"><div class=\"wp-block-themeisle-blocks-advanced-columns-overlay\"><\/div><div class=\"innerblocks-wrap\">\n<div id=\"wp-block-themeisle-blocks-advanced-column-39ca9857\" class=\"wp-block-themeisle-blocks-advanced-column\">\n<h2 id=\"wp-block-themeisle-blocks-advanced-heading-e0dd682b\" class=\"wp-block-themeisle-blocks-advanced-heading wp-block-themeisle-blocks-advanced-heading-e0dd682b\">Fysikk<\/h2>\n\n\n\n<div id=\"wp-block-themeisle-blocks-button-group-c61cabed\" class=\"wp-block-themeisle-blocks-button-group wp-block-buttons\">\n<div id=\"wp-block-themeisle-blocks-button-d6679c9b\" class=\"wp-block-themeisle-blocks-button wp-block-button is-style-outline\"><a href=\"https:\/\/site.uit.no\/realfagspraksis\/category\/Fysikk-2026\/\" target=\"_self\" rel=\"noopener noreferrer\" class=\"wp-block-button__link\"><span><strong>202<\/strong>6<\/span><\/a><\/div>\n<\/div>\n\n\n\n<div style=\"height:15px\" aria-hidden=\"true\" class=\"wp-block-spacer\"><\/div>\n\n\n\n<div style=\"height:15px\" aria-hidden=\"true\" class=\"wp-block-spacer\"><\/div>\n<\/div>\n\n\n\n<div id=\"wp-block-themeisle-blocks-advanced-column-b1a0a5e9\" class=\"wp-block-themeisle-blocks-advanced-column\"><\/div>\n\n\n\n<div id=\"wp-block-themeisle-blocks-advanced-column-38bc5cd1\" class=\"wp-block-themeisle-blocks-advanced-column\">\n<h4 id=\"wp-block-themeisle-blocks-advanced-heading-ab42a100\" class=\"wp-block-themeisle-blocks-advanced-heading wp-block-themeisle-blocks-advanced-heading-ab42a100\">\u2728 Fremhevet innlegg<\/h4>\n\n\n<div class=\"is-style-boxed wp-block-themeisle-blocks-posts-grid\" id=\"wp-block-themeisle-blocks-posts-grid-32c8f72e\"><div class=\"is-grid o-posts-grid-columns-3\"><div class=\"o-posts-grid-post-blog o-posts-grid-post-plain\"><div class=\"o-posts-grid-post\"><div class=\"o-posts-grid-post-image\"><a href=\"https:\/\/site.uit.no\/realfagspraksis\/2025\/05\/28\/natt-dag-pa-museets-botaniske-fagenhet\/\"><img decoding=\"async\" width=\"1707\" height=\"2560\" data-src=\"https:\/\/site.uit.no\/realfagspraksis\/wp-content\/uploads\/sites\/523\/2025\/05\/EraNG_Blogg5-scaled.jpg\" class=\"attachment-full size-full lazyload\" alt=\"(Natt) Dag p\u00e5 Museet(s botaniske fagenhet)\" data-srcset=\"https:\/\/site.uit.no\/realfagspraksis\/wp-content\/uploads\/sites\/523\/2025\/05\/EraNG_Blogg5-scaled.jpg 1707w, https:\/\/site.uit.no\/realfagspraksis\/wp-content\/uploads\/sites\/523\/2025\/05\/EraNG_Blogg5-200x300.jpg 200w, https:\/\/site.uit.no\/realfagspraksis\/wp-content\/uploads\/sites\/523\/2025\/05\/EraNG_Blogg5-683x1024.jpg 683w, https:\/\/site.uit.no\/realfagspraksis\/wp-content\/uploads\/sites\/523\/2025\/05\/EraNG_Blogg5-768x1152.jpg 768w, https:\/\/site.uit.no\/realfagspraksis\/wp-content\/uploads\/sites\/523\/2025\/05\/EraNG_Blogg5-1024x1536.jpg 1024w, https:\/\/site.uit.no\/realfagspraksis\/wp-content\/uploads\/sites\/523\/2025\/05\/EraNG_Blogg5-1365x2048.jpg 1365w\" data-sizes=\"(max-width: 1707px) 100vw, 1707px\" src=\"data:image\/svg+xml;base64,PHN2ZyB3aWR0aD0iMSIgaGVpZ2h0PSIxIiB4bWxucz0iaHR0cDovL3d3dy53My5vcmcvMjAwMC9zdmciPjwvc3ZnPg==\" style=\"--smush-placeholder-width: 1707px; --smush-placeholder-aspect-ratio: 1707\/2560;\" \/><\/a><\/div><div class=\"o-posts-grid-post-body\"><h4 class=\"o-posts-grid-post-title\"><a href=\"https:\/\/site.uit.no\/realfagspraksis\/2025\/05\/28\/natt-dag-pa-museets-botaniske-fagenhet\/\">(Natt) Dag p\u00e5 Museet(s botaniske fagenhet)<\/a><\/h4><div class=\"o-posts-grid-post-description\"><p>Natt Dag p\u00e5 Museet(s botansike fagenhet) av Era Nikoline Gr\u00f8vo Har du noen gang lurt p\u00e5 hva som skje\u2026<\/p><\/div><\/div><\/div><\/div><\/div> <\/div><\/div>\n\n\n\n<div id=\"wp-block-themeisle-blocks-advanced-column-b2eedcc7\" class=\"wp-block-themeisle-blocks-advanced-column\"><\/div>\n<\/div><\/div>\n\n\n\n<div style=\"height:59px\" aria-hidden=\"true\" class=\"wp-block-spacer\"><\/div>\n\n\n\n<div id=\"wp-block-themeisle-blocks-advanced-columns-b77e912f\" class=\"wp-block-themeisle-blocks-advanced-columns has-4-columns has-desktop-equal-layout has-tablet-equal-layout has-mobile-collapsedRows-layout has-vertical-unset\"><div class=\"wp-block-themeisle-blocks-advanced-columns-overlay\"><\/div><div class=\"innerblocks-wrap\">\n<div id=\"wp-block-themeisle-blocks-advanced-column-f558f43b\" class=\"wp-block-themeisle-blocks-advanced-column\">\n<h2 id=\"wp-block-themeisle-blocks-advanced-heading-35df50a1\" class=\"wp-block-themeisle-blocks-advanced-heading wp-block-themeisle-blocks-advanced-heading-35df50a1\">Kjemi<\/h2>\n\n\n\n<div id=\"wp-block-themeisle-blocks-button-group-76f48db6\" class=\"wp-block-themeisle-blocks-button-group wp-block-buttons\">\n<div id=\"wp-block-themeisle-blocks-button-c47a11e9\" class=\"wp-block-themeisle-blocks-button wp-block-button is-style-outline\"><a href=\"https:\/\/site.uit.no\/realfagspraksis\/category\/kjemi-2025\/\" target=\"_self\" rel=\"noopener noreferrer\" class=\"wp-block-button__link\"><span><strong>2025<\/strong><\/span><\/a><\/div>\n<\/div>\n\n\n\n<div style=\"height:15px\" aria-hidden=\"true\" class=\"wp-block-spacer\"><\/div>\n\n\n\n<div style=\"height:15px\" aria-hidden=\"true\" class=\"wp-block-spacer\"><\/div>\n<\/div>\n\n\n\n<div id=\"wp-block-themeisle-blocks-advanced-column-82e6696f\" class=\"wp-block-themeisle-blocks-advanced-column\"><\/div>\n\n\n\n<div id=\"wp-block-themeisle-blocks-advanced-column-3ff9c6fe\" class=\"wp-block-themeisle-blocks-advanced-column\">\n<h4 id=\"wp-block-themeisle-blocks-advanced-heading-745fa32d\" class=\"wp-block-themeisle-blocks-advanced-heading wp-block-themeisle-blocks-advanced-heading-745fa32d\">\u2728 Fremhevet innlegg<\/h4>\n\n\n<div class=\"is-style-boxed wp-block-themeisle-blocks-posts-grid\" id=\"wp-block-themeisle-blocks-posts-grid-6d30ab06\"><div class=\"is-grid o-posts-grid-columns-3\"><\/div> <\/div><\/div>\n\n\n\n<div id=\"wp-block-themeisle-blocks-advanced-column-1c1374aa\" class=\"wp-block-themeisle-blocks-advanced-column\"><\/div>\n<\/div><\/div>\n\n\n\n<div style=\"height:59px\" aria-hidden=\"true\" class=\"wp-block-spacer\"><\/div>\n\n\n\n<p>Se tidligere studentblogger her: <a href=\"https:\/\/uit.no\/project\/geopraksis\/studentblogg\">https:\/\/uit.no\/project\/geopraksis\/studentblogg<\/a><\/p>\n\n\n\n<div style=\"height:59px\" aria-hidden=\"true\" class=\"wp-block-spacer\"><\/div>\n","protected":false},"excerpt":{"rendered":"<p>I RealfagsPraksis skal studentene dokumentere sine opplevelser og l\u00e6ringsutbytte i form av en blogg eller en vlogg. Her kan du [&hellip;]<\/p>\n","protected":false},"author":123670,"featured_media":0,"parent":0,"menu_order":0,"comment_status":"closed","ping_status":"closed","template":"","meta":{"site-sidebar-layout":"default","site-content-layout":"","ast-site-content-layout":"default","site-content-style":"default","site-sidebar-style":"default","ast-global-header-display":"","ast-banner-title-visibility":"","ast-main-header-display":"","ast-hfb-above-header-display":"","ast-hfb-below-header-display":"","ast-hfb-mobile-header-display":"","site-post-title":"disabled","ast-breadcrumbs-content":"","ast-featured-img":"","footer-sml-layout":"","ast-disable-related-posts":"","theme-transparent-header-meta":"","adv-header-id-meta":"","stick-header-meta":"","header-above-stick-meta":"","header-main-stick-meta":"","header-below-stick-meta":"","astra-migrate-meta-layouts":"default","ast-page-background-enabled":"default","ast-page-background-meta":{"desktop":{"background-color":"var(--ast-global-color-4)","background-image":"","background-repeat":"repeat","background-position":"center center","background-size":"auto","background-attachment":"scroll","background-type":"","background-media":"","overlay-type":"","overlay-color":"","overlay-opacity":"","overlay-gradient":""},"tablet":{"background-color":"","background-image":"","background-repeat":"repeat","background-position":"center center","background-size":"auto","background-attachment":"scroll","background-type":"","background-media":"","overlay-type":"","overlay-color":"","overlay-opacity":"","overlay-gradient":""},"mobile":{"background-color":"","background-image":"","background-repeat":"repeat","background-position":"center center","background-size":"auto","background-attachment":"scroll","background-type":"","background-media":"","overlay-type":"","overlay-color":"","overlay-opacity":"","overlay-gradient":""}},"ast-content-background-meta":{"desktop":{"background-color":"var(--ast-global-color-5)","background-image":"","background-repeat":"repeat","background-position":"center center","background-size":"auto","background-attachment":"scroll","background-type":"","background-media":"","overlay-type":"","overlay-color":"","overlay-opacity":"","overlay-gradient":""},"tablet":{"background-color":"var(--ast-global-color-5)","background-image":"","background-repeat":"repeat","background-position":"center center","background-size":"auto","background-attachment":"scroll","background-type":"","background-media":"","overlay-type":"","overlay-color":"","overlay-opacity":"","overlay-gradient":""},"mobile":{"background-color":"var(--ast-global-color-5)","background-image":"","background-repeat":"repeat","background-position":"center center","background-size":"auto","background-attachment":"scroll","background-type":"","background-media":"","overlay-type":"","overlay-color":"","overlay-opacity":"","overlay-gradient":""}},"_themeisle_gutenberg_block_has_review":false,"footnotes":""},"class_list":["post-52","page","type-page","status-publish","hentry"],"_links":{"self":[{"href":"https:\/\/site.uit.no\/realfagspraksis\/wp-json\/wp\/v2\/pages\/52","targetHints":{"allow":["GET"]}}],"collection":[{"href":"https:\/\/site.uit.no\/realfagspraksis\/wp-json\/wp\/v2\/pages"}],"about":[{"href":"https:\/\/site.uit.no\/realfagspraksis\/wp-json\/wp\/v2\/types\/page"}],"author":[{"embeddable":true,"href":"https:\/\/site.uit.no\/realfagspraksis\/wp-json\/wp\/v2\/users\/123670"}],"replies":[{"embeddable":true,"href":"https:\/\/site.uit.no\/realfagspraksis\/wp-json\/wp\/v2\/comments?post=52"}],"version-history":[{"count":3,"href":"https:\/\/site.uit.no\/realfagspraksis\/wp-json\/wp\/v2\/pages\/52\/revisions"}],"predecessor-version":[{"id":2108,"href":"https:\/\/site.uit.no\/realfagspraksis\/wp-json\/wp\/v2\/pages\/52\/revisions\/2108"}],"wp:attachment":[{"href":"https:\/\/site.uit.no\/realfagspraksis\/wp-json\/wp\/v2\/media?parent=52"}],"curies":[{"name":"wp","href":"https:\/\/api.w.org\/{rel}","templated":true}]}}