{"id":19,"date":"2019-06-17T12:03:27","date_gmt":"2019-06-17T10:03:27","guid":{"rendered":"https:\/\/site.uit.no\/rescape\/?page_id=19"},"modified":"2025-11-27T20:24:34","modified_gmt":"2025-11-27T19:24:34","slug":"recent-projects","status":"publish","type":"page","link":"https:\/\/site.uit.no\/rescape\/recent-projects\/","title":{"rendered":"Recent projects"},"content":{"rendered":"<h1><\/h1>\n<h1>#10 Agathe Backer Gr\u00f8ndahl and Edvard Grieg meet in Leipzig (2025)<\/h1>\n<p>RESCAPE has been invited by the <a href=\"https:\/\/www.edvard-grieg.de\" data-wplink-edit=\"true\">Grieg Begegnungsst\u00e4tte Leipzig<\/a>. The event is scheduled for 25th of January 2026.<\/p>\n<h1>#9 RESCAPE film (2024)<\/h1>\n<p>In collaboration with RESULT and The Polar Museum we are excited to make our first cinematic collage. Forthcoming.<\/p>\n<h1>#8 \u00c1igi lea skiipa mii ii \u00e1\u014bkorastte. Tiden er et skip som aldri kaster anker. Times is a ship that never casts anchor. (2024)<\/h1>\n<p>In collaboration with <a href=\"https:\/\/uit.no\/research\/craft\">CRAFT-lab<\/a> and Vokal Nord. Verdenteater Troms\u00f8; Sj\u00f8mannskirke Narvik; Harstad Kulturhus, 13-14. September, 2024. <a href=\"https:\/\/uit.no\/tavla\/artikkel\/860275\/tiden_er_et_skip_som_aldri_kaster_anker\">https:\/\/uit.no\/tavla\/artikkel\/860275\/tiden_er_et_skip_som_aldri_kaster_anker<\/a><\/p>\n<h1>#7\u00a0 Wanny Woldstad, Christiane Ritter and Sara Fabricius (Cora Sandel) meet in Troms\u00f8 (2023)<\/h1>\n<p>In collaboration with the permanent exhibition\u00a0<a href=\"https:\/\/en.uit.no\/tmu\/utstillinger\/utstilling?p_document_id=634721\">WANNY AND HENRY: HUNTING AND TRAPPING IN THE ARCTIC<\/a>\u00a0at <a href=\"https:\/\/en.uit.no\/tmu\">The Polar Museum<\/a>.<\/p>\n<p>More information <a href=\"https:\/\/uit.no\/tavla\/artikkel\/829197\/voices_of_women_in_the_arctic_and_beyond_hva_vil\">here<\/a>.<\/p>\n<p>This assemblage is the fourth episode of a travelogue through Europe created for the <a href=\"https:\/\/www.voicesofwomen.eu\/\">&#8216;Voices of Women&#8217;<\/a> project.<\/p>\n<h1>#6 Jenny Fleischer-Alt, Agathe Backer Gr\u00f8ndal and Christiane Ritter meet in Weimar (2023)<\/h1>\n<p>This assemblage is the third episode of a travelogue through Europe created for the <a href=\"https:\/\/www.voicesofwomen.eu\/\">&#8216;Voices of Women&#8217;<\/a> project.<\/p>\n<h1>#5 Betsy Bakker-Nort, Betsy Dornay-Culp and Jenny Fleischer-Alt meet in Groningen (2022)<\/h1>\n<p>This assemblage is the second episode of a travelogue through Europe created for the <a href=\"https:\/\/www.voicesofwomen.eu\/\">&#8216;Voices of Women&#8217;<\/a> project.<\/p>\n<h1>#4 Kirsten Helliesen Iversen and Betsy Bakker-Nort meet in Stavanger (2022)<\/h1>\n<p>This assemblage is the first episode of a travelogue through Europe created for the <a href=\"https:\/\/www.voicesofwomen.eu\/\">&#8216;Voices of Women&#8217;<\/a> project.<\/p>\n<h1>#3 Christiane Ritter and \u00c5got Gjems Selmer meet in Balsfjord (2020)<\/h1>\n<p>In collaboration with <a href=\"https:\/\/doi.org\/10.7557\/13.5657\">chronobiologist Gabi Wagner<\/a>.<\/p>\n<h1>#2 Agathe Backer Gr\u00f8ndahl and Betzy Akersloot Berg meet in Kristiania (2019)<\/h1>\n<p>In collaboration with the <a href=\"https:\/\/www.nnkm.no\/en\/exhibitions\">Northern Norway Art Museum<\/a>, <a href=\"https:\/\/uit.no\/enhet\/skk\">Centre for Women- and Gender Research<\/a> at UiT &#8211; The Arctic University of Norway and research group <a href=\"https:\/\/en.uit.no\/forskning\/forskningsgrupper\/medlemmer?p_document_id=542283\">MAGIC &#8211; Multimodality, Art, and Gender in Interdisciplinary Communication.<\/a><\/p>\n<h1>#1 Camilla Collett and Agathe Backer Gr\u00f8ndahl meet in Berlin (2017)<\/h1>\n<p class=\"Title\">In collaboration with <a href=\"https:\/\/www.nordischebotschaften.org\/veranstaltungen\/dat-soll-auch-nicht-jehen-dat-soll-fahren\">the Nordic Embassies in Berlin<\/a><\/p>\n<p>*************************************************************************<\/p>\n<p><img fetchpriority=\"high\" decoding=\"async\" class=\"alignnone size-medium wp-image-68\" src=\"https:\/\/site.uit.no\/rescape\/wp-content\/uploads\/sites\/421\/2019\/06\/RESCAPE-pa\u030a-NNKM-160619-77-300x200.jpg\" alt=\"\" width=\"300\" height=\"200\" srcset=\"https:\/\/site.uit.no\/rescape\/wp-content\/uploads\/sites\/421\/2019\/06\/RESCAPE-pa\u030a-NNKM-160619-77-300x200.jpg 300w, https:\/\/site.uit.no\/rescape\/wp-content\/uploads\/sites\/421\/2019\/06\/RESCAPE-pa\u030a-NNKM-160619-77-768x513.jpg 768w, https:\/\/site.uit.no\/rescape\/wp-content\/uploads\/sites\/421\/2019\/06\/RESCAPE-pa\u030a-NNKM-160619-77-1024x684.jpg 1024w, https:\/\/site.uit.no\/rescape\/wp-content\/uploads\/sites\/421\/2019\/06\/RESCAPE-pa\u030a-NNKM-160619-77-624x417.jpg 624w\" sizes=\"(max-width: 300px) 100vw, 300px\" \/> <img decoding=\"async\" class=\"alignnone size-medium wp-image-74\" src=\"https:\/\/site.uit.no\/rescape\/wp-content\/uploads\/sites\/421\/2019\/06\/RESCAPE-pa\u030a-NNKM-160619-65-300x200.jpg\" alt=\"\" width=\"300\" height=\"200\" srcset=\"https:\/\/site.uit.no\/rescape\/wp-content\/uploads\/sites\/421\/2019\/06\/RESCAPE-pa\u030a-NNKM-160619-65-300x200.jpg 300w, https:\/\/site.uit.no\/rescape\/wp-content\/uploads\/sites\/421\/2019\/06\/RESCAPE-pa\u030a-NNKM-160619-65-768x513.jpg 768w, https:\/\/site.uit.no\/rescape\/wp-content\/uploads\/sites\/421\/2019\/06\/RESCAPE-pa\u030a-NNKM-160619-65-1024x684.jpg 1024w, https:\/\/site.uit.no\/rescape\/wp-content\/uploads\/sites\/421\/2019\/06\/RESCAPE-pa\u030a-NNKM-160619-65-624x417.jpg 624w\" sizes=\"(max-width: 300px) 100vw, 300px\" \/><img decoding=\"async\" class=\"alignnone size-medium wp-image-65\" src=\"https:\/\/site.uit.no\/rescape\/wp-content\/uploads\/sites\/421\/2019\/06\/RESCAPE-pa\u030a-NNKM-160619-40-2-300x200.jpg\" alt=\"\" width=\"300\" height=\"200\" srcset=\"https:\/\/site.uit.no\/rescape\/wp-content\/uploads\/sites\/421\/2019\/06\/RESCAPE-pa\u030a-NNKM-160619-40-2-300x200.jpg 300w, https:\/\/site.uit.no\/rescape\/wp-content\/uploads\/sites\/421\/2019\/06\/RESCAPE-pa\u030a-NNKM-160619-40-2-768x513.jpg 768w, https:\/\/site.uit.no\/rescape\/wp-content\/uploads\/sites\/421\/2019\/06\/RESCAPE-pa\u030a-NNKM-160619-40-2-1024x684.jpg 1024w, https:\/\/site.uit.no\/rescape\/wp-content\/uploads\/sites\/421\/2019\/06\/RESCAPE-pa\u030a-NNKM-160619-40-2-624x417.jpg 624w\" sizes=\"(max-width: 300px) 100vw, 300px\" \/><img loading=\"lazy\" decoding=\"async\" class=\"alignnone size-medium wp-image-69\" src=\"https:\/\/site.uit.no\/rescape\/wp-content\/uploads\/sites\/421\/2019\/06\/RESCAPE-pa\u030a-NNKM-160619-132-2-300x200.jpg\" alt=\"\" width=\"300\" height=\"200\" srcset=\"https:\/\/site.uit.no\/rescape\/wp-content\/uploads\/sites\/421\/2019\/06\/RESCAPE-pa\u030a-NNKM-160619-132-2-300x200.jpg 300w, https:\/\/site.uit.no\/rescape\/wp-content\/uploads\/sites\/421\/2019\/06\/RESCAPE-pa\u030a-NNKM-160619-132-2-768x513.jpg 768w, https:\/\/site.uit.no\/rescape\/wp-content\/uploads\/sites\/421\/2019\/06\/RESCAPE-pa\u030a-NNKM-160619-132-2-1024x684.jpg 1024w, https:\/\/site.uit.no\/rescape\/wp-content\/uploads\/sites\/421\/2019\/06\/RESCAPE-pa\u030a-NNKM-160619-132-2-624x417.jpg 624w\" sizes=\"(max-width: 300px) 100vw, 300px\" \/> <img loading=\"lazy\" decoding=\"async\" class=\"alignnone size-medium wp-image-70\" src=\"https:\/\/site.uit.no\/rescape\/wp-content\/uploads\/sites\/421\/2019\/06\/RESCAPE-pa\u030a-NNKM-160619-134-300x200.jpg\" alt=\"\" width=\"300\" height=\"200\" srcset=\"https:\/\/site.uit.no\/rescape\/wp-content\/uploads\/sites\/421\/2019\/06\/RESCAPE-pa\u030a-NNKM-160619-134-300x200.jpg 300w, https:\/\/site.uit.no\/rescape\/wp-content\/uploads\/sites\/421\/2019\/06\/RESCAPE-pa\u030a-NNKM-160619-134-768x513.jpg 768w, https:\/\/site.uit.no\/rescape\/wp-content\/uploads\/sites\/421\/2019\/06\/RESCAPE-pa\u030a-NNKM-160619-134-1024x684.jpg 1024w, https:\/\/site.uit.no\/rescape\/wp-content\/uploads\/sites\/421\/2019\/06\/RESCAPE-pa\u030a-NNKM-160619-134-624x417.jpg 624w\" sizes=\"(max-width: 300px) 100vw, 300px\" \/> <img loading=\"lazy\" decoding=\"async\" class=\"alignnone size-medium wp-image-71\" src=\"https:\/\/site.uit.no\/rescape\/wp-content\/uploads\/sites\/421\/2019\/06\/RESCAPE-pa\u030a-NNKM-160619-177-2-300x200.jpg\" alt=\"\" width=\"300\" height=\"200\" srcset=\"https:\/\/site.uit.no\/rescape\/wp-content\/uploads\/sites\/421\/2019\/06\/RESCAPE-pa\u030a-NNKM-160619-177-2-300x200.jpg 300w, https:\/\/site.uit.no\/rescape\/wp-content\/uploads\/sites\/421\/2019\/06\/RESCAPE-pa\u030a-NNKM-160619-177-2-768x513.jpg 768w, https:\/\/site.uit.no\/rescape\/wp-content\/uploads\/sites\/421\/2019\/06\/RESCAPE-pa\u030a-NNKM-160619-177-2-1024x684.jpg 1024w, https:\/\/site.uit.no\/rescape\/wp-content\/uploads\/sites\/421\/2019\/06\/RESCAPE-pa\u030a-NNKM-160619-177-2-624x417.jpg 624w\" sizes=\"(max-width: 300px) 100vw, 300px\" \/> <img loading=\"lazy\" decoding=\"async\" class=\"alignnone size-medium wp-image-72\" src=\"https:\/\/site.uit.no\/rescape\/wp-content\/uploads\/sites\/421\/2019\/06\/RESCAPE-pa\u030a-NNKM-160619-174-2-300x200.jpg\" alt=\"\" width=\"300\" height=\"200\" srcset=\"https:\/\/site.uit.no\/rescape\/wp-content\/uploads\/sites\/421\/2019\/06\/RESCAPE-pa\u030a-NNKM-160619-174-2-300x200.jpg 300w, https:\/\/site.uit.no\/rescape\/wp-content\/uploads\/sites\/421\/2019\/06\/RESCAPE-pa\u030a-NNKM-160619-174-2-768x513.jpg 768w, https:\/\/site.uit.no\/rescape\/wp-content\/uploads\/sites\/421\/2019\/06\/RESCAPE-pa\u030a-NNKM-160619-174-2-1024x684.jpg 1024w, https:\/\/site.uit.no\/rescape\/wp-content\/uploads\/sites\/421\/2019\/06\/RESCAPE-pa\u030a-NNKM-160619-174-2-624x417.jpg 624w\" sizes=\"(max-width: 300px) 100vw, 300px\" \/> <img loading=\"lazy\" decoding=\"async\" class=\"alignnone size-medium wp-image-73\" src=\"https:\/\/site.uit.no\/rescape\/wp-content\/uploads\/sites\/421\/2019\/06\/RESCAPE-pa\u030a-NNKM-160619-176-300x200.jpg\" alt=\"\" width=\"300\" height=\"200\" srcset=\"https:\/\/site.uit.no\/rescape\/wp-content\/uploads\/sites\/421\/2019\/06\/RESCAPE-pa\u030a-NNKM-160619-176-300x200.jpg 300w, https:\/\/site.uit.no\/rescape\/wp-content\/uploads\/sites\/421\/2019\/06\/RESCAPE-pa\u030a-NNKM-160619-176-768x513.jpg 768w, https:\/\/site.uit.no\/rescape\/wp-content\/uploads\/sites\/421\/2019\/06\/RESCAPE-pa\u030a-NNKM-160619-176-1024x684.jpg 1024w, https:\/\/site.uit.no\/rescape\/wp-content\/uploads\/sites\/421\/2019\/06\/RESCAPE-pa\u030a-NNKM-160619-176-624x417.jpg 624w\" sizes=\"(max-width: 300px) 100vw, 300px\" \/><\/p>\n<p class=\"Title\">\n","protected":false},"excerpt":{"rendered":"<p>#10 Agathe Backer Gr\u00f8ndahl and Edvard Grieg meet in Leipzig (2025) RESCAPE has been invited by the Grieg Begegnungsst\u00e4tte Leipzig. The event is scheduled for 25th of January 2026. #9 RESCAPE film (2024) In collaboration with RESULT and The Polar Museum we are excited to make our first cinematic collage. Forthcoming. #8 \u00c1igi lea skiipa [&hellip;]<\/p>\n","protected":false},"author":746,"featured_media":10,"parent":0,"menu_order":0,"comment_status":"closed","ping_status":"closed","template":"","meta":{"footnotes":""},"class_list":["post-19","page","type-page","status-publish","has-post-thumbnail","hentry"],"_links":{"self":[{"href":"https:\/\/site.uit.no\/rescape\/wp-json\/wp\/v2\/pages\/19","targetHints":{"allow":["GET"]}}],"collection":[{"href":"https:\/\/site.uit.no\/rescape\/wp-json\/wp\/v2\/pages"}],"about":[{"href":"https:\/\/site.uit.no\/rescape\/wp-json\/wp\/v2\/types\/page"}],"author":[{"embeddable":true,"href":"https:\/\/site.uit.no\/rescape\/wp-json\/wp\/v2\/users\/746"}],"replies":[{"embeddable":true,"href":"https:\/\/site.uit.no\/rescape\/wp-json\/wp\/v2\/comments?post=19"}],"version-history":[{"count":3,"href":"https:\/\/site.uit.no\/rescape\/wp-json\/wp\/v2\/pages\/19\/revisions"}],"predecessor-version":[{"id":473,"href":"https:\/\/site.uit.no\/rescape\/wp-json\/wp\/v2\/pages\/19\/revisions\/473"}],"wp:featuredmedia":[{"embeddable":true,"href":"https:\/\/site.uit.no\/rescape\/wp-json\/wp\/v2\/media\/10"}],"wp:attachment":[{"href":"https:\/\/site.uit.no\/rescape\/wp-json\/wp\/v2\/media?parent=19"}],"curies":[{"name":"wp","href":"https:\/\/api.w.org\/{rel}","templated":true}]}}