{"id":16,"date":"2020-09-17T07:00:57","date_gmt":"2020-09-17T07:00:57","guid":{"rendered":"https:\/\/site.uit.no\/rios-phd\/?page_id=16"},"modified":"2021-11-11T08:10:00","modified_gmt":"2021-11-11T08:10:00","slug":"grupper","status":"publish","type":"page","link":"https:\/\/site.uit.no\/rios-phd\/organisering\/grupper\/","title":{"rendered":"Grupper"},"content":{"rendered":"<h2>Gruppe 1: Prosjektledelse<\/h2>\n<table style=\"height: 255px\" width=\"579\">\n<tbody>\n<tr>\n<td><\/td>\n<td>Ansvar<\/td>\n<td>Medlemmer<\/td>\n<\/tr>\n<tr>\n<td><\/td>\n<td>Oversikt\u200b<br \/>\nKoordinering<br \/>\nFremdrift\u200b<br \/>\nAvtaler\u200b<br \/>\nDatah\u00e5ndtering<br \/>\nFormidling<\/td>\n<td><a href=\"https:\/\/uit.no\/ub\/ansatte\/person?p_document_id=43786\">Andreassen, Helene N. (UiT)<\/a><a href=\"https:\/\/www.ntnu.no\/ansatte\/lene.bertheussen\"><br \/>\nBertheussen, Lene E. (NTNU)<\/a><br \/>\n<a href=\"https:\/\/uit.no\/ub\/ansatte\/person?p_document_id=424394\">Ekanger, Aysa (UiT)<\/a><\/td>\n<\/tr>\n<\/tbody>\n<\/table>\n<h2>Gruppe 2: Fokusgruppeintervjuer<\/h2>\n<table style=\"height: 254px\" width=\"582\">\n<tbody>\n<tr>\n<td>Ansvar<\/td>\n<td>Medlemmer<\/td>\n<\/tr>\n<tr>\n<td>Litteraturs\u00f8k<br \/>\nIntervjuguide<br \/>\nGjennomf\u00f8ring<br \/>\nDatah\u00e5ndtering<br \/>\nAnalyse<\/td>\n<td><a href=\"https:\/\/www.hvl.no\/person\/?user=6019046\">Arnesen, Sondre S.<\/a>\u00a0 (HVL)<br \/>\n<a href=\"https:\/\/www.ub.uio.no\/om\/ansatte\/uhs\/uhsfagstudier\/ninie\/\">Ebeltoft, Nini (UiO)<\/a><br \/>\n<a href=\"https:\/\/www.ntnu.no\/ansatte\/hege.faber\">Faber, Hege C. L. (NTNU)<\/a><br \/>\n<a href=\"http:\/\/Moltubakk,\u00a0Stine T. (NTNU)\">Moltubakk, Stine T. (NTNU)<\/a><br \/>\n<a href=\"https:\/\/www.hvl.no\/person\/?user=3610738\">Seland, Eli H. (HVL)<\/a><br \/>\n<a href=\"https:\/\/www.usn.no\/om-usn\/kontakt-oss\/ansatte\/herman-strom-1\">Str\u00f8m, Herman (USN)<\/a><br \/>\n<a href=\"https:\/\/www.vid.no\/ansatte\/margrethe-b-sovik\/\">S\u00f8vik, Margrethe B. (VID)<\/a><\/td>\n<\/tr>\n<\/tbody>\n<\/table>\n<h2>Gruppe 3: Sp\u00f8rreunders\u00f8kelse<\/h2>\n<table>\n<tbody>\n<tr>\n<td>Ansvar<\/td>\n<td>Medlemmer<\/td>\n<\/tr>\n<tr>\n<td>Litteraturs\u00f8k\u200b<br \/>\nSp\u00f8rreskjema\u200b<br \/>\nGjennomf\u00f8ring\u200b<br \/>\nDatah\u00e5ndtering\u200b<br \/>\nAnalyse<\/td>\n<td><a href=\"https:\/\/www.uib.no\/personer\/Michael.Grote\">Grote, Michael (UiB)<\/a><br \/>\n<a href=\"https:\/\/www.uib.no\/personer\/Marta.Lorenz\">Lorentz, Marta (UiB)<\/a><br \/>\n<a href=\"https:\/\/www.ub.uio.no\/om\/ansatte\/mednat\/undervisning\/jessiclo\/index.html\">L\u00f6nn-Stensrud, Jessica (UiO)*<\/a><br \/>\n<a href=\"https:\/\/uit.no\/ub\/ansatte\/person?p_document_id=42306\">L\u00e5g, Torstein (UiT)<\/a><br \/>\n<a href=\"https:\/\/www.usn.no\/om-usn\/kontakt-oss\/ansatte\/shea-allison-sundstol\">Sundst\u00f8l, Shea A. (USN)<\/a><\/p>\n<p>*Prosjektledelse til og med juni 2021<\/td>\n<\/tr>\n<\/tbody>\n<\/table>\n<p>&nbsp;<\/p>\n","protected":false},"excerpt":{"rendered":"<p>Gruppe 1: Prosjektledelse Ansvar Medlemmer Oversikt\u200b Koordinering Fremdrift\u200b Avtaler\u200b Datah\u00e5ndtering Formidling Andreassen, Helene N. (UiT) Bertheussen, Lene E. (NTNU) Ekanger, Aysa (UiT) Gruppe 2: Fokusgruppeintervjuer Ansvar Medlemmer Litteraturs\u00f8k Intervjuguide Gjennomf\u00f8ring Datah\u00e5ndtering Analyse Arnesen, Sondre S.\u00a0 (HVL) Ebeltoft, Nini (UiO) Faber, Hege C. L. (NTNU) Moltubakk, Stine T. (NTNU) Seland, Eli H. (HVL) Str\u00f8m, Herman (USN) &hellip; <\/p>\n<p class=\"link-more\"><a href=\"https:\/\/site.uit.no\/rios-phd\/organisering\/grupper\/\" class=\"more-link\">Fortsett \u00e5 lese<span class=\"screen-reader-text\"> \u00abGrupper\u00bb<\/span><\/a><\/p>\n","protected":false},"author":1116,"featured_media":0,"parent":12,"menu_order":0,"comment_status":"closed","ping_status":"closed","template":"","meta":{"footnotes":""},"class_list":["post-16","page","type-page","status-publish","hentry"],"_links":{"self":[{"href":"https:\/\/site.uit.no\/rios-phd\/wp-json\/wp\/v2\/pages\/16","targetHints":{"allow":["GET"]}}],"collection":[{"href":"https:\/\/site.uit.no\/rios-phd\/wp-json\/wp\/v2\/pages"}],"about":[{"href":"https:\/\/site.uit.no\/rios-phd\/wp-json\/wp\/v2\/types\/page"}],"author":[{"embeddable":true,"href":"https:\/\/site.uit.no\/rios-phd\/wp-json\/wp\/v2\/users\/1116"}],"replies":[{"embeddable":true,"href":"https:\/\/site.uit.no\/rios-phd\/wp-json\/wp\/v2\/comments?post=16"}],"version-history":[{"count":6,"href":"https:\/\/site.uit.no\/rios-phd\/wp-json\/wp\/v2\/pages\/16\/revisions"}],"predecessor-version":[{"id":143,"href":"https:\/\/site.uit.no\/rios-phd\/wp-json\/wp\/v2\/pages\/16\/revisions\/143"}],"up":[{"embeddable":true,"href":"https:\/\/site.uit.no\/rios-phd\/wp-json\/wp\/v2\/pages\/12"}],"wp:attachment":[{"href":"https:\/\/site.uit.no\/rios-phd\/wp-json\/wp\/v2\/media?parent=16"}],"curies":[{"name":"wp","href":"https:\/\/api.w.org\/{rel}","templated":true}]}}