{"id":5,"date":"2020-09-17T06:55:24","date_gmt":"2020-09-17T06:55:24","guid":{"rendered":"https:\/\/site.uit.no\/rios-phd\/?page_id=5"},"modified":"2021-02-08T12:24:21","modified_gmt":"2021-02-08T12:24:21","slug":"om-prosjektet","status":"publish","type":"page","link":"https:\/\/site.uit.no\/rios-phd\/om-prosjektet\/","title":{"rendered":"Om prosjektet"},"content":{"rendered":"<p><strong>Bakgrunn<\/strong><\/p>\n<p>De siste \u00e5rene har \u00e5pen vitenskap f\u00e5tt gradvis mer oppmerksomhet i norske og internasjonale forskningsorganisasjoner. Temaet bakes inn i strategidokumenter, retningslinjer og forskrifter, og det f\u00e5r en stadig st\u00f8rre plass i undervisning, veiledning og st\u00f8ttetjenester. I tillegg stiller flere og flere finansi\u00f8rer og forlag krav til \u00e5penhet.<\/p>\n<p>Parallelt med \u00f8kt fokus p\u00e5 \u00e5pen vitenskap ser vi et \u00f8kt fokus p\u00e5 forskningsintegritet, til dels grunnet manglende transparens i forskningen og for h\u00f8y bruk av tvilsomme forskningspraksiser. Vi ser ogs\u00e5 et gryende fokus p\u00e5 sammenhengen mellom \u00e5pen vitenskap og forskningsintegritet, at f\u00f8rstnevnte handler vel s\u00e5 mye om etiske verdier som om tekniske l\u00f8sninger og insentiver.<\/p>\n<p>Ph.d.-kandidatene er neste generasjon med forskere. De b\u00f8r f\u00e5 undervisning og veiledning p\u00e5 god forskningspraksis, som m\u00f8ter dem p\u00e5 deres niv\u00e5 og som gj\u00f8r dem rustet til \u00e5 m\u00f8te ulike krav og forventninger p\u00e5 en reflektert m\u00e5te.<\/p>\n<p><strong>Prosjektet<\/strong><\/p>\n<p>Dette forskningsprosjektet er en flerinstitusjonell studie av forskningsintegritet og \u00e5pen vitenskap (\u00e5pen tilgang til publikasjoner og \u00e5pne data), med fokus p\u00e5 ph.d.-kandidater i Norge. Omr\u00e5dene utforskes hver for seg og i relasjon til hverandre. Gjennom \u00e5 unders\u00f8ke kunnskap, holdninger og normer tilknyttet disse omr\u00e5dene blant ph.d.-kandidater, har prosjektet som hovedform\u00e5l \u00e5: 1. Forbedre undervisningstilbudet rettet mot ph.d.-kandidater. 2. Videre-\/utvikle relevante st\u00f8ttetjenester p\u00e5 institusjoner i universitets- og h\u00f8yskolesektoren. 3. Bidra med empiriske data til forskning regionalt, nasjonalt og internasjonalt.<\/p>\n<p>Data samles inn gjennom fokusgruppeintervjuer og en sp\u00f8rreunders\u00f8kelse. Prosjektet \u00f8nsker \u00e5 identifisere eventuelle ulikheter mellom deltakere basert p\u00e5 stadium i ph.d.-utdanningen, fagomr\u00e5de og type institusjon. Av den grunn samler prosjektet inn en begrenset mengde personopplysninger, som h\u00e5ndteres i tr\u00e5d med gjeldende regelverk.<\/p>\n<p>Prosjektet er godkjent av NSD, og har prosjektnummer 960709.<\/p>\n<p><strong>Tittel<\/strong><\/p>\n<p>Den engelske tittelen p\u00e5 prosjektet er <em>Research integrity and open science: Knowledge, attitudes, and norms among PhD candidates i Norway<\/em>. En allerede mye brukt kortform er utledet fra denne tittelen, <em>RIOS-PHD<\/em>.<\/p>\n","protected":false},"excerpt":{"rendered":"<p>Bakgrunn De siste \u00e5rene har \u00e5pen vitenskap f\u00e5tt gradvis mer oppmerksomhet i norske og internasjonale forskningsorganisasjoner. Temaet bakes inn i strategidokumenter, retningslinjer og forskrifter, og det f\u00e5r en stadig st\u00f8rre plass i undervisning, veiledning og st\u00f8ttetjenester. I tillegg stiller flere og flere finansi\u00f8rer og forlag krav til \u00e5penhet. Parallelt med \u00f8kt fokus p\u00e5 \u00e5pen vitenskap &hellip; <\/p>\n<p class=\"link-more\"><a href=\"https:\/\/site.uit.no\/rios-phd\/om-prosjektet\/\" class=\"more-link\">Fortsett \u00e5 lese<span class=\"screen-reader-text\"> \u00abOm prosjektet\u00bb<\/span><\/a><\/p>\n","protected":false},"author":1116,"featured_media":0,"parent":0,"menu_order":0,"comment_status":"closed","ping_status":"closed","template":"","meta":{"footnotes":""},"class_list":["post-5","page","type-page","status-publish","hentry"],"_links":{"self":[{"href":"https:\/\/site.uit.no\/rios-phd\/wp-json\/wp\/v2\/pages\/5","targetHints":{"allow":["GET"]}}],"collection":[{"href":"https:\/\/site.uit.no\/rios-phd\/wp-json\/wp\/v2\/pages"}],"about":[{"href":"https:\/\/site.uit.no\/rios-phd\/wp-json\/wp\/v2\/types\/page"}],"author":[{"embeddable":true,"href":"https:\/\/site.uit.no\/rios-phd\/wp-json\/wp\/v2\/users\/1116"}],"replies":[{"embeddable":true,"href":"https:\/\/site.uit.no\/rios-phd\/wp-json\/wp\/v2\/comments?post=5"}],"version-history":[{"count":8,"href":"https:\/\/site.uit.no\/rios-phd\/wp-json\/wp\/v2\/pages\/5\/revisions"}],"predecessor-version":[{"id":60,"href":"https:\/\/site.uit.no\/rios-phd\/wp-json\/wp\/v2\/pages\/5\/revisions\/60"}],"wp:attachment":[{"href":"https:\/\/site.uit.no\/rios-phd\/wp-json\/wp\/v2\/media?parent=5"}],"curies":[{"name":"wp","href":"https:\/\/api.w.org\/{rel}","templated":true}]}}