{"id":4,"date":"2018-02-09T14:55:56","date_gmt":"2018-02-09T13:55:56","guid":{"rendered":"https:\/\/site.uit.no\/sami-entrepreneurs\/?page_id=4"},"modified":"2021-11-29T11:31:25","modified_gmt":"2021-11-29T10:31:25","slug":"dialogbasert-forskning-med-reiselivsentreprenorer-i-samiske-omrader","status":"publish","type":"page","link":"https:\/\/site.uit.no\/sami-entrepreneurs\/dialogbasert-forskning-med-reiselivsentreprenorer-i-samiske-omrader\/","title":{"rendered":"Dialogbasert forskning med reiselivsentrepren\u00f8rer i samiske omr\u00e5der"},"content":{"rendered":"<section id=\"h.p_92vIULrZupIk\" class=\"yaqOZd LB7kq tpmmCb gk8rDe\">\n<div class=\"mYVXT\">\n<div class=\"LS81yb VICjCf\">\n<div class=\"hJDwNd-AhqUyc-uQSCkd purZT-AhqUyc-II5mzb pSzOP-AhqUyc-qWD73c JNdkSc\">\n<div class=\"oKdM2c\">\n<div id=\"h.p_Kh_GbKo7Ym43\" class=\"hJDwNd-AhqUyc-uQSCkd jXK9ad D2fZ2 OjCsFc wHaque GNzUNc\">\n<div class=\"jXK9ad-SmKAyb jXK9ad-SmKAyb-c4YZDc\">\n<div class=\"tyJCtd mGzaTb baZpAe\">\n<h3 id=\"h.p_BFV5jODCYm49\" class=\"zfr3Q duRjpb\">Velkommen til bloggen for forskningsprosjektet <a href=\"https:\/\/www.norceresearch.no\/prosjekter\/sami-entrepreneurs-and-research-collaboration\"><em>Sami entrepreneurs and research collaboratio<\/em>n<\/a> som vi har gitt den norske tittelen <em>Dialogbasert forskning med reiselivsentrepren\u00f8rer i samiske omr\u00e5der<\/em>.<\/h3>\n<\/div>\n<\/div>\n<\/div>\n<\/div>\n<\/div>\n<\/div>\n<\/div>\n<\/section>\n<section id=\"h.p_4z2IIitz3r0F\" class=\"yaqOZd\">\n<div class=\"mYVXT\">\n<div class=\"LS81yb VICjCf\">\n<div class=\"hJDwNd-AhqUyc-II5mzb purZT-AhqUyc-II5mzb pSzOP-AhqUyc-qWD73c JNdkSc\">\n<div class=\"oKdM2c\">\n<div id=\"h.p_LUlCAqieHp4q\" class=\"hJDwNd-AhqUyc-II5mzb pSzOP-AhqUyc-qWD73c jXK9ad D2fZ2 OjCsFc wHaque GNzUNc\">\n<div class=\"jXK9ad-SmKAyb jXK9ad-SmKAyb-c4YZDc\">\n<div class=\"tyJCtd mGzaTb baZpAe\">I dette prosjektet skal forskere fra Norut, UiT Norges arktiske universitet og H\u00f6gskolan Dalarna i Sverige finne ut hva som skaper, hindrer eller forminsker handlingsrommet til entrepren\u00f8rer i samiske omr\u00e5der.<\/div>\n<div><\/div>\n<div class=\"tyJCtd mGzaTb baZpAe\">Vi sp\u00f8r: <em>Hva p\u00e5virker entrepren\u00f8renes handlingsrom<\/em> og h<em>vordan kan samarbeid med forskere bidra til at dette rommet vokser<\/em>?<\/div>\n<div><\/div>\n<div class=\"tyJCtd mGzaTb baZpAe\">Prosjektet gjennomf\u00f8res i n\u00e6rt samarbeid med NordNorsk Reiseliv AS og satsingen &#8220;Johtit &#8211; Samisk Reiseliv&#8221;.Forskerne jobber tett sammen med entrepren\u00f8rer innen samisk reiseliv.<\/div>\n<div><\/div>\n<div class=\"tyJCtd mGzaTb baZpAe\">En helt ny dialogbasert forskningsmetode tas i bruk.Prosjektet har f\u00e5tt tre millioner kroner fra Regionale forskningsfond (RFF-Nord) og skal g\u00e5 over tre \u00e5r.<\/div>\n<div><\/div>\n<div class=\"tyJCtd mGzaTb baZpAe\">I denne bloggen skal vi formidle fra den dialogbaserte forskningsprosessen.<\/div>\n<\/div>\n<\/div>\n<\/div>\n<\/div>\n<\/div>\n<\/div>\n<\/section>\n","protected":false},"excerpt":{"rendered":"<p>Velkommen til bloggen for forskningsprosjektet Sami entrepreneurs and research collaboration som vi har gitt den norske tittelen Dialogbasert forskning med reiselivsentrepren\u00f8rer i samiske omr\u00e5der. I dette prosjektet skal forskere fra Norut, UiT Norges arktiske universitet og H\u00f6gskolan Dalarna i Sverige &hellip; <a href=\"https:\/\/site.uit.no\/sami-entrepreneurs\/dialogbasert-forskning-med-reiselivsentreprenorer-i-samiske-omrader\/\">Continue reading <span class=\"meta-nav\">&rarr;<\/span><\/a><\/p>\n","protected":false},"author":827,"featured_media":0,"parent":0,"menu_order":0,"comment_status":"closed","ping_status":"closed","template":"","meta":{"footnotes":""},"class_list":["post-4","page","type-page","status-publish","hentry"],"_links":{"self":[{"href":"https:\/\/site.uit.no\/sami-entrepreneurs\/wp-json\/wp\/v2\/pages\/4","targetHints":{"allow":["GET"]}}],"collection":[{"href":"https:\/\/site.uit.no\/sami-entrepreneurs\/wp-json\/wp\/v2\/pages"}],"about":[{"href":"https:\/\/site.uit.no\/sami-entrepreneurs\/wp-json\/wp\/v2\/types\/page"}],"author":[{"embeddable":true,"href":"https:\/\/site.uit.no\/sami-entrepreneurs\/wp-json\/wp\/v2\/users\/827"}],"replies":[{"embeddable":true,"href":"https:\/\/site.uit.no\/sami-entrepreneurs\/wp-json\/wp\/v2\/comments?post=4"}],"version-history":[{"count":4,"href":"https:\/\/site.uit.no\/sami-entrepreneurs\/wp-json\/wp\/v2\/pages\/4\/revisions"}],"predecessor-version":[{"id":127,"href":"https:\/\/site.uit.no\/sami-entrepreneurs\/wp-json\/wp\/v2\/pages\/4\/revisions\/127"}],"wp:attachment":[{"href":"https:\/\/site.uit.no\/sami-entrepreneurs\/wp-json\/wp\/v2\/media?parent=4"}],"curies":[{"name":"wp","href":"https:\/\/api.w.org\/{rel}","templated":true}]}}