{"id":42,"date":"2025-11-29T17:06:44","date_gmt":"2025-11-29T16:06:44","guid":{"rendered":"https:\/\/site.uit.no\/samisiida\/?page_id=42"},"modified":"2025-11-29T17:06:44","modified_gmt":"2025-11-29T16:06:44","slug":"styret","status":"publish","type":"page","link":"https:\/\/site.uit.no\/samisiida\/styret\/","title":{"rendered":"Styret"},"content":{"rendered":"\n<p>S\u00e1mi siida interimstyre best\u00e5r av:<\/p>\n\n\n\n<p>\u00d8yvind Ravna, Det juridiske fakultet, leder<\/p>\n\n\n\n<p>G\u00f8rill Nilsen, Fakultet for humaniora, samfunnsvitenskap og l\u00e6rerutdanning, styremedlem<\/p>\n\n\n\n<p>Aina Westrheim Ravna, Det helsevitenskapelige fakultet, styremedlem<\/p>\n\n\n\n<p>\u00c1nde Somby, Det juridiske fakultet, styremedlem<\/p>\n\n\n\n<p>Kajsa M\u00f8llersen, Fakultet for naturvitenskap og teknologi<\/p>\n\n\n\n<p><\/p>\n","protected":false},"excerpt":{"rendered":"<p>S\u00e1mi siida interimstyre best\u00e5r av: \u00d8yvind Ravna, Det juridiske fakultet, leder G\u00f8rill Nilsen, Fakultet for humaniora, samfunnsvitenskap og l\u00e6rerutdanning, styremedlem [&hellip;]<\/p>\n","protected":false},"author":123724,"featured_media":0,"parent":0,"menu_order":0,"comment_status":"closed","ping_status":"closed","template":"","meta":{"site-sidebar-layout":"default","site-content-layout":"","ast-site-content-layout":"default","site-content-style":"default","site-sidebar-style":"default","ast-global-header-display":"","ast-banner-title-visibility":"","ast-main-header-display":"","ast-hfb-above-header-display":"","ast-hfb-below-header-display":"","ast-hfb-mobile-header-display":"","site-post-title":"","ast-breadcrumbs-content":"","ast-featured-img":"","footer-sml-layout":"","ast-disable-related-posts":"","theme-transparent-header-meta":"","adv-header-id-meta":"","stick-header-meta":"","header-above-stick-meta":"","header-main-stick-meta":"","header-below-stick-meta":"","astra-migrate-meta-layouts":"default","ast-page-background-enabled":"default","ast-page-background-meta":{"desktop":{"background-color":"var(--ast-global-color-5)","background-image":"","background-repeat":"repeat","background-position":"center center","background-size":"auto","background-attachment":"scroll","background-type":"","background-media":"","overlay-type":"","overlay-color":"","overlay-opacity":"","overlay-gradient":""},"tablet":{"background-color":"","background-image":"","background-repeat":"repeat","background-position":"center center","background-size":"auto","background-attachment":"scroll","background-type":"","background-media":"","overlay-type":"","overlay-color":"","overlay-opacity":"","overlay-gradient":""},"mobile":{"background-color":"","background-image":"","background-repeat":"repeat","background-position":"center center","background-size":"auto","background-attachment":"scroll","background-type":"","background-media":"","overlay-type":"","overlay-color":"","overlay-opacity":"","overlay-gradient":""}},"ast-content-background-meta":{"desktop":{"background-color":"var(--ast-global-color-4)","background-image":"","background-repeat":"repeat","background-position":"center center","background-size":"auto","background-attachment":"scroll","background-type":"","background-media":"","overlay-type":"","overlay-color":"","overlay-opacity":"","overlay-gradient":""},"tablet":{"background-color":"var(--ast-global-color-4)","background-image":"","background-repeat":"repeat","background-position":"center center","background-size":"auto","background-attachment":"scroll","background-type":"","background-media":"","overlay-type":"","overlay-color":"","overlay-opacity":"","overlay-gradient":""},"mobile":{"background-color":"var(--ast-global-color-4)","background-image":"","background-repeat":"repeat","background-position":"center center","background-size":"auto","background-attachment":"scroll","background-type":"","background-media":"","overlay-type":"","overlay-color":"","overlay-opacity":"","overlay-gradient":""}},"footnotes":""},"class_list":["post-42","page","type-page","status-publish","hentry"],"_links":{"self":[{"href":"https:\/\/site.uit.no\/samisiida\/wp-json\/wp\/v2\/pages\/42","targetHints":{"allow":["GET"]}}],"collection":[{"href":"https:\/\/site.uit.no\/samisiida\/wp-json\/wp\/v2\/pages"}],"about":[{"href":"https:\/\/site.uit.no\/samisiida\/wp-json\/wp\/v2\/types\/page"}],"author":[{"embeddable":true,"href":"https:\/\/site.uit.no\/samisiida\/wp-json\/wp\/v2\/users\/123724"}],"replies":[{"embeddable":true,"href":"https:\/\/site.uit.no\/samisiida\/wp-json\/wp\/v2\/comments?post=42"}],"version-history":[{"count":1,"href":"https:\/\/site.uit.no\/samisiida\/wp-json\/wp\/v2\/pages\/42\/revisions"}],"predecessor-version":[{"id":43,"href":"https:\/\/site.uit.no\/samisiida\/wp-json\/wp\/v2\/pages\/42\/revisions\/43"}],"wp:attachment":[{"href":"https:\/\/site.uit.no\/samisiida\/wp-json\/wp\/v2\/media?parent=42"}],"curies":[{"name":"wp","href":"https:\/\/api.w.org\/{rel}","templated":true}]}}