{"id":228,"date":"2023-06-15T17:15:50","date_gmt":"2023-06-15T15:15:50","guid":{"rendered":"https:\/\/site.uit.no\/sampraksis\/?page_id=228"},"modified":"2024-09-30T12:51:41","modified_gmt":"2024-09-30T10:51:41","slug":"1-1-presentasjon-av-utdanningen-og-laeringsmal","status":"publish","type":"page","link":"https:\/\/site.uit.no\/sampraksis\/hjem\/modul-1-hvorfor-praksis\/1-1-presentasjon-av-utdanningen-og-laeringsmal\/","title":{"rendered":"1.1 Presentasjon av utdanningen og l\u00e6ringsm\u00e5l"},"content":{"rendered":"<p>[et_pb_section fb_built=&raquo;1&#8243; admin_label=&raquo;Header&raquo; _builder_version=&raquo;4.24.2&#8243; _module_preset=&raquo;default&raquo; background_color=&raquo;#92a5ab&raquo; global_colors_info=&raquo;{%22gcid-af512a5f-530a-4e80-bfc4-3632d9174c8b%22:%91%93}&raquo;][et_pb_row _builder_version=&raquo;4.16&#8243; _module_preset=&raquo;default&raquo; z_index=&raquo;10&#8243; global_colors_info=&raquo;{}&raquo;][et_pb_column type=&raquo;4_4&#8243; _builder_version=&raquo;4.16&#8243; _module_preset=&raquo;default&raquo; global_colors_info=&raquo;{}&raquo;][et_pb_divider color=&raquo;#000000&#8243; divider_weight=&raquo;5px&raquo; _builder_version=&raquo;4.16&#8243; _module_preset=&raquo;default&raquo; max_width=&raquo;50px&raquo; custom_margin=&raquo;||0px||false|false&raquo; locked=&raquo;off&raquo; global_colors_info=&raquo;{}&raquo;][\/et_pb_divider][et_pb_text _builder_version=&raquo;4.27.0&#8243; _module_preset=&raquo;default&raquo; header_font=&raquo;Roboto|900|||||||&raquo; header_font_size=&raquo;28px&raquo; header_2_font=&raquo;Roboto Condensed|700|||||||&raquo; global_colors_info=&raquo;{}&raquo;]<\/p>\n<h1>Hvorfor praksis?<\/h1>\n<p>[\/et_pb_text][et_pb_text _builder_version=&raquo;4.27.0&#8243; _module_preset=&raquo;b3e3ff14-5f5c-4608-8ecf-1885ce3da7aa&raquo; header_font=&raquo;Roboto|900|||||||&raquo; header_text_color=&raquo;#000000&#8243; header_font_size=&raquo;70px&raquo; header_line_height=&raquo;1.1em&raquo; max_width=&raquo;900px&raquo; custom_margin=&raquo;||10px||false|false&raquo; header_font_size_tablet=&raquo;40px&raquo; header_font_size_phone=&raquo;24px&raquo; header_font_size_last_edited=&raquo;on|desktop&raquo; locked=&raquo;off&raquo; global_colors_info=&raquo;{}&raquo;]<\/p>\n<h1>Presentasjon av utdanningen og l\u00e6ringsm\u00e5l<\/h1>\n<p>[\/et_pb_text][\/et_pb_column][\/et_pb_row][et_pb_row column_structure=&raquo;1_4,1_4,1_4,1_4&#8243; use_custom_gutter=&raquo;on&raquo; gutter_width=&raquo;1&#8243; disabled_on=&raquo;on|on|off&raquo; _builder_version=&raquo;4.22.2&#8243; _module_preset=&raquo;default&raquo; custom_margin=&raquo;||-12vw||false|false&raquo; global_colors_info=&raquo;{}&raquo;][et_pb_column type=&raquo;1_4&#8243; _builder_version=&raquo;4.16&#8243; _module_preset=&raquo;default&raquo; global_colors_info=&raquo;{}&raquo;][\/et_pb_column][et_pb_column type=&raquo;1_4&#8243; _builder_version=&raquo;4.16&#8243; _module_preset=&raquo;default&raquo; global_colors_info=&raquo;{}&raquo;][et_pb_image src=&raquo;https:\/\/site.uit.no\/sampraksis\/wp-content\/uploads\/sites\/497\/2023\/06\/estate-planning-80.png&raquo; title_text=&raquo;estate-planning-80&#8243; _builder_version=&raquo;4.16&#8243; _module_preset=&raquo;default&raquo; custom_margin=&raquo;-6%|-18%||-10%|false|false&raquo; custom_margin_tablet=&raquo;0%|0%||0%|false|false&raquo; custom_margin_phone=&raquo;||-50%||false|false&raquo; custom_margin_last_edited=&raquo;on|tablet&raquo; global_colors_info=&raquo;{}&raquo;][\/et_pb_image][\/et_pb_column][et_pb_column type=&raquo;1_4&#8243; _builder_version=&raquo;4.16&#8243; _module_preset=&raquo;default&raquo; global_colors_info=&raquo;{}&raquo;][et_pb_image src=&raquo;https:\/\/site.uit.no\/sampraksis\/wp-content\/uploads\/sites\/497\/2023\/06\/estate-planning-81.png&raquo; title_text=&raquo;estate-planning-81&#8243; _builder_version=&raquo;4.16&#8243; _module_preset=&raquo;default&raquo; custom_margin=&raquo;-20%|-10%||-18%|false|false&raquo; custom_margin_tablet=&raquo;0%|0%||0%|false|false&raquo; custom_margin_phone=&raquo;||-50%||false|false&raquo; custom_margin_last_edited=&raquo;on|tablet&raquo; global_colors_info=&raquo;{}&raquo;][\/et_pb_image][\/et_pb_column][et_pb_column type=&raquo;1_4&#8243; _builder_version=&raquo;4.16&#8243; _module_preset=&raquo;default&raquo; global_colors_info=&raquo;{}&raquo;][et_pb_image src=&raquo;https:\/\/site.uit.no\/sampraksis\/wp-content\/uploads\/sites\/497\/2023\/06\/estate-planning-78.png&raquo; title_text=&raquo;estate-planning-78&#8243; _builder_version=&raquo;4.16&#8243; _module_preset=&raquo;default&raquo; custom_margin=&raquo;-60%|||-28%|false|false&raquo; custom_margin_tablet=&raquo;0%|||0%|false|false&raquo; custom_margin_phone=&raquo;&raquo; custom_margin_last_edited=&raquo;on|tablet&raquo; border_radii=&raquo;on|1000px|1000px|1000px|1000px&raquo; global_colors_info=&raquo;{}&raquo;][\/et_pb_image][\/et_pb_column][\/et_pb_row][\/et_pb_section][et_pb_section fb_built=&raquo;1&#8243; custom_padding_last_edited=&raquo;off|desktop&raquo; admin_label=&raquo;Services&raquo; _builder_version=&raquo;4.22.2&#8243; _module_preset=&raquo;default&raquo; background_color=&raquo;#f2f2f2&#8243; background_enable_image=&raquo;off&raquo; custom_padding=&raquo;12vw||135px||false|false&raquo; custom_padding_tablet=&raquo;180px||||false|false&raquo; custom_padding_phone=&raquo;50px||||false|false&raquo; bottom_divider_height=&raquo;10vw&raquo; global_colors_info=&raquo;{}&raquo;][et_pb_row column_structure=&raquo;3_4,1_4&#8243; _builder_version=&raquo;4.22.2&#8243; _module_preset=&raquo;default&raquo; global_colors_info=&raquo;{}&raquo;][et_pb_column type=&raquo;3_4&#8243; _builder_version=&raquo;4.22.2&#8243; _module_preset=&raquo;default&raquo; global_colors_info=&raquo;{}&raquo;][et_pb_text _builder_version=&raquo;4.27.0&#8243; _module_preset=&raquo;default&raquo; text_font=&raquo;||||||||&raquo; text_text_color=&raquo;#000000&#8243; global_colors_info=&raquo;{}&raquo;]<\/p>\n<p><a href=\"https:\/\/uit.no\/utdanning\/program\/268899\/fiskeri-_og_havbruksvitenskap_-_bachelor\" target=\"_blank\" rel=\"noopener\"><strong>Bachelorstudiet i fiskeri- og havbruksvitenskap<\/strong><\/a>\u00a0ved Norges fiskerih\u00f8gskole er et tre\u00e5rig n\u00e6ringsrettet studieprogram. Studiet er tverrfaglig med b\u00e5de biologiske, samfunnsvitenskapelige, \u00f8konomiske og teknologiske fag. Programmet utdanner kandidater til et bredt spekter av jobber innen sj\u00f8matn\u00e6ringene, herunder forvaltning og forskning. Undervisningsformene er varierte, og i l\u00f8pet av studiet benyttes forelesninger, seminarer, kollokvier, laboratoriearbeid, felt, tokt og praksis.<\/p>\n<p>N\u00e5r studentene skal ut i praksis i femte semester, har de allerede opparbeidet seg relevante kunnskaper<span> og kompetanse<\/span>. De<span>t f\u00f8rste studie\u00e5ret<\/span> best\u00e5r av innf\u00f8ringsemner<span> som legger <\/span> grunnlaget for en tverrfaglig forst\u00e5else av de marine n\u00e6ringene. Studentene f\u00e5r en innf\u00f8ring i <span>fiskeri- og havb<\/span><span>ruks<\/span>n\u00e6ringens historiske utvikling, organisering og rammebetingelser. I tillegg har studentene matematikk, kjemi, biologi, statistikk, metode og \u00f8konomi det f\u00f8rste studie\u00e5ret. <span>I det andre studie\u00e5ret <\/span><span>er <\/span><span>det <\/span><span>b\u00e6rekraftig havbruk og b\u00e6rekraftig fiskeri<\/span><span> som st\u00e5r i sentrum, og det undervises i <\/span><span>fiskeri- og <\/span><span>havbruksforvaltning, juss<\/span><span>, fangtstteknologi og ressurs\u00f8konomi. <\/span><span>D<\/span><span>et sist<\/span><span>e studie\u00e5ret best\u00e5r av valgemner, sj\u00f8matproduksjon<\/span><span>, \u00f8konomi- og markedsfag<\/span> <span>i tillegg til<\/span><span> praksis.<\/span><\/p>\n<p><span>I emnet \u00ab<strong><a href=\"https:\/\/uit.no\/utdanning\/aktivt\/emne\/FSK-2042\">FSK-2042 Praksis for en b\u00e6rekraftig sj\u00f8matn\u00e6ring<\/a><\/strong>\u00bb legges vekten p\u00e5 hvordan <\/span>virksomheter i fiskeri- og havbrukssektoren arbeider med eller for en b\u00e6rekraftig sj\u00f8mat<span>sek<\/span><span>tor. <\/span><\/p>\n<p>[\/et_pb_text][\/et_pb_column][et_pb_column type=&raquo;1_4&#8243; _builder_version=&raquo;4.20.4&#8243; _module_preset=&raquo;default&raquo; global_colors_info=&raquo;{}&raquo;][et_pb_toggle title=&raquo;Hvorfor praksis?&raquo; open=&raquo;on&raquo; _builder_version=&raquo;4.27.0&#8243; _module_preset=&raquo;default&raquo; title_font=&raquo;Roboto|900|||||||&raquo; closed_title_font=&raquo;Roboto|900|||||||&raquo; body_font=&raquo;Roboto Condensed|300|||||||&raquo; hover_enabled=&raquo;0&#8243; global_colors_info=&raquo;{}&raquo; sticky_enabled=&raquo;0&#8243;]<\/p>\n<p><a href=\"https:\/\/site.uit.no\/sampraksis\/hjem\/modul-1-hvorfor-praksis\/\"><strong>\u2190 <\/strong>Startside modul<\/a><\/p>\n<p><strong>1 Presentasjon av utdanningen og l\u00e6ringsm\u00e5l<\/strong><\/p>\n<p><a href=\"https:\/\/site.uit.no\/sampraksis\/hjem\/modul-1-hvorfor-praksis\/1-2-praksis-som-laeringsform-sett-fra-norges-fiskerihogskole\/\"><strong>2 <\/strong>Praksis som l\u00e6ringsform<\/a><\/p>\n<p><a href=\"https:\/\/site.uit.no\/sampraksis\/hjem\/modul-1-hvorfor-praksis\/1-3-hvorfor-onsker-bedriftene-a-ha-studenter-i-praksis\/\"><strong>3<\/strong>\u00a0Hvorfor \u00f8nsker bedriftene \u00e5 ha studenter i praksis?<\/a><\/p>\n<p><a href=\"https:\/\/site.uit.no\/sampraksis\/hjem\/modul-1-hvorfor-praksis\/1-4-rolle-og-ansvarsavklaring\/\"><strong>4<\/strong> Rolle- og ansvarsavklaring<\/a><\/p>\n<p><a href=\"https:\/\/site.uit.no\/sampraksis\/hjem\/modul-1-hvorfor-praksis\/1-5-etterarbeid\/\"><strong>5<\/strong> Etterarbeid<\/a><\/p>\n<p>[\/et_pb_toggle][et_pb_toggle title=&raquo;Hvordan tilrettelegge for praksis?&raquo; _builder_version=&raquo;4.27.0&#8243; _module_preset=&raquo;default&raquo; title_font=&raquo;Roboto|900|||||||&raquo; closed_title_font=&raquo;Roboto|900|||||||&raquo; body_font=&raquo;Roboto Condensed|300|||||||&raquo; hover_enabled=&raquo;0&#8243; global_module=&raquo;523&#8243; saved_tabs=&raquo;all&raquo; locked=&raquo;off&raquo; global_colors_info=&raquo;{}&raquo; sticky_enabled=&raquo;0&#8243;]<\/p>\n<p><a href=\"https:\/\/site.uit.no\/sampraksis\/modul-2-hvordan-tilrettelegge-for-praksis\/\"><strong>\u2190\u00a0<\/strong>Startside modul<\/a><\/p>\n<p><a href=\"https:\/\/site.uit.no\/sampraksis\/modul-2-hvordan-tilrettelegge-for-praksis\/2-1-forberedelse-til-praksis\/\"><strong>1<\/strong> Hvordan forberede seg til \u00e5 ta i mot en ny praksisstudent<\/a><\/p>\n<p><a href=\"https:\/\/site.uit.no\/sampraksis\/modul-2-hvordan-tilrettelegge-for-praksis\/2-2-utlysning-av-praksisplass\/\"><strong>2<\/strong> Utlysning av praksisplass<\/a><\/p>\n<p><a href=\"https:\/\/site.uit.no\/sampraksis\/modul-2-hvordan-tilrettelegge-for-praksis\/2-3-opplaering-i-virksomhetens-rutiner\/\"><strong>3<\/strong> Oppl\u00e6ring i virksomhetens rutiner<\/a><\/p>\n<p><a href=\"https:\/\/site.uit.no\/sampraksis\/modul-2-hvordan-tilrettelegge-for-praksis\/2-4-oppstartsamtalen-og-forventningsavklaring\/\"><strong>4<\/strong> Oppstartsamtalen og forventningsavklaring<\/a><\/p>\n<p><a href=\"https:\/\/site.uit.no\/sampraksis\/modul-2-hvordan-tilrettelegge-for-praksis\/2-5-egenevaluering-i-og-etter-endt-praksisperiode\/\"><strong>5<\/strong>\u00a0Egenevaluering underveis og etter endt praksisperiode<\/a><\/p>\n<p>[\/et_pb_toggle][et_pb_toggle title=&raquo;Hvordan veilede i praksis?&raquo; _builder_version=&raquo;4.27.0&#8243; _module_preset=&raquo;default&raquo; title_font=&raquo;Roboto|900|||||||&raquo; closed_title_font=&raquo;Roboto|900|||||||&raquo; body_font=&raquo;Roboto Condensed|300|||||||&raquo; hover_enabled=&raquo;0&#8243; global_module=&raquo;605&#8243; saved_tabs=&raquo;all&raquo; locked=&raquo;off&raquo; global_colors_info=&raquo;{}&raquo; sticky_enabled=&raquo;0&#8243;]<a href=\"https:\/\/site.uit.no\/sampraksis\/modul-3-hvordan-veilede-i-praksis\/\">\u2190 Startside modul<\/a><\/p>\n<p><a href=\"https:\/\/site.uit.no\/sampraksis\/modul-3-hvordan-veilede-i-praksis\/3-1-veilederrollen\/\"><strong>1<\/strong> Veilederrollen<\/a><\/p>\n<p><a href=\"https:\/\/site.uit.no\/sampraksis\/modul-3-hvordan-veilede-i-praksis\/3-2-struktur-pa-veiledningen\/\"><strong>2<\/strong>\u00a0Struktur p\u00e5 veiledningen<\/a><\/p>\n<p><a href=\"https:\/\/site.uit.no\/sampraksis\/modul-3-hvordan-veilede-i-praksis\/3-3-utvikling-av-egne-veilederferdigheter\/\"><strong>3<\/strong> Utvikling av egne veilederferdigheter<\/a><\/p>\n<p><a href=\"https:\/\/site.uit.no\/sampraksis\/modul-3-hvordan-veilede-i-praksis\/3-4-konflikthandtering\/\"><strong>4<\/strong> Konflikth\u00e5ndtering<\/a><\/p>\n<p><a href=\"https:\/\/site.uit.no\/sampraksis\/modul-3-hvordan-veilede-i-praksis\/3-5-oppsummering-og-refleksjon\/\"><strong>5<\/strong> Oppsummering og refleksjon<\/a>[\/et_pb_toggle][\/et_pb_column][\/et_pb_row][et_pb_row column_structure=&raquo;1_4,1_2,1_4&#8243; _builder_version=&raquo;4.20.4&#8243; _module_preset=&raquo;default&raquo; global_colors_info=&raquo;{}&raquo;][et_pb_column type=&raquo;1_4&#8243; _builder_version=&raquo;4.20.4&#8243; _module_preset=&raquo;default&raquo; global_colors_info=&raquo;{}&raquo;][et_pb_button button_url=&raquo;@ET-DC@eyJkeW5hbWljIjp0cnVlLCJjb250ZW50IjoicG9zdF9saW5rX3VybF9wYWdlIiwic2V0dGluZ3MiOnsicG9zdF9pZCI6Ijk0IiwiZW5hYmxlX2h0bWwiOiJvZmYifX0=@&raquo; button_text=&raquo;Tilbake til Hvorfor praksis?&raquo; button_alignment=&raquo;left&raquo; button_alignment_tablet=&raquo;center&raquo; button_alignment_phone=&raquo;center&raquo; button_alignment_last_edited=&raquo;on|desktop&raquo; _builder_version=&raquo;4.27.0&#8243; _dynamic_attributes=&raquo;button_url&raquo; _module_preset=&raquo;default&raquo; custom_button=&raquo;on&raquo; button_text_size=&raquo;15px&raquo; button_border_width=&raquo;0px&raquo; button_font=&raquo;Roboto Condensed|700|||||||&raquo; button_icon=&raquo;&#xf060;||fa||900&#8243; button_icon_placement=&raquo;left&raquo; global_colors_info=&raquo;{}&raquo;][\/et_pb_button][\/et_pb_column][et_pb_column type=&raquo;1_2&#8243; _builder_version=&raquo;4.20.4&#8243; _module_preset=&raquo;default&raquo; global_colors_info=&raquo;{}&raquo;][et_pb_button button_url=&raquo;@ET-DC@eyJkeW5hbWljIjp0cnVlLCJjb250ZW50IjoicG9zdF9saW5rX3VybF9wYWdlIiwic2V0dGluZ3MiOnsicG9zdF9pZCI6IjExNCIsImVuYWJsZV9odG1sIjoib2ZmIn19@&raquo; button_text=&raquo;Til side 2&#8243; button_alignment=&raquo;right&raquo; button_alignment_tablet=&raquo;center&raquo; button_alignment_phone=&raquo;center&raquo; button_alignment_last_edited=&raquo;on|phone&raquo; _builder_version=&raquo;4.27.0&#8243; _dynamic_attributes=&raquo;button_url&raquo; _module_preset=&raquo;default&raquo; custom_button=&raquo;on&raquo; button_text_size=&raquo;15px&raquo; button_border_width=&raquo;0px&raquo; button_font=&raquo;Roboto Condensed|700|||||||&raquo; button_icon=&raquo;&#xf061;||fa||900&#8243; global_colors_info=&raquo;{}&raquo;][\/et_pb_button][\/et_pb_column][et_pb_column type=&raquo;1_4&#8243; _builder_version=&raquo;4.20.4&#8243; _module_preset=&raquo;default&raquo; global_colors_info=&raquo;{}&raquo;][\/et_pb_column][\/et_pb_row][\/et_pb_section][et_pb_section fb_built=&raquo;1&#8243; make_equal=&raquo;on&raquo; specialty=&raquo;on&raquo; background_color_1=&raquo;#FFFFFF&raquo; bg_img_2=&raquo;https:\/\/site.uit.no\/sampraksis\/wp-content\/uploads\/sites\/497\/2023\/05\/estate-planning-71.png&raquo; padding_top_1=&raquo;50px&raquo; padding_top_2=&raquo;20px&raquo; padding_right_1=&raquo;30px&raquo; padding_right_2=&raquo;30px&raquo; padding_bottom_1=&raquo;50px&raquo; padding_bottom_2=&raquo;20px&raquo; padding_left_1=&raquo;30px&raquo; padding_left_2=&raquo;30px&raquo; padding_top_bottom_link_1=&raquo;true&raquo; padding_top_bottom_link_2=&raquo;true&raquo; padding_left_right_link_1=&raquo;true&raquo; padding_left_right_link_2=&raquo;true&raquo; padding_1_tablet=&raquo;40px|30px|40px|30px|true|true&raquo; padding_1_phone=&raquo;|20px||20px|false|true&raquo; padding_1_last_edited=&raquo;on|tablet&raquo; admin_label=&raquo;Footer&raquo; _builder_version=&raquo;4.20.4&#8243; _module_preset=&raquo;default&raquo; use_background_color_gradient=&raquo;on&raquo; background_color_gradient_direction=&raquo;90deg&raquo; background_color_gradient_stops=&raquo;rgba(0,0,0,0.85) 10%|rgba(0,0,0,0.35) 100%&raquo; background_color_gradient_overlays_image=&raquo;on&raquo; background_color_gradient_start=&raquo;rgba(0,0,0,0.85)&raquo; background_color_gradient_start_position=&raquo;10%&raquo; background_color_gradient_end=&raquo;rgba(0,0,0,0.35)&raquo; background_image=&raquo;https:\/\/site.uit.no\/sampraksis\/wp-content\/uploads\/sites\/497\/2023\/06\/Banner-nettside-mork.png&raquo; custom_padding=&raquo;10vw||10vw||true|false&raquo; global_module=&raquo;631&#8243; saved_tabs=&raquo;all&raquo; locked=&raquo;off&raquo; global_colors_info=&raquo;{}&raquo;][et_pb_column type=&raquo;1_3&#8243; _builder_version=&raquo;4.16&#8243; custom_padding=&raquo;|||&raquo; global_colors_info=&raquo;{}&raquo; custom_padding__hover=&raquo;|||&raquo;][et_pb_image src=&raquo;https:\/\/site.uit.no\/sampraksis\/wp-content\/uploads\/sites\/497\/2023\/06\/UiT_Logo_Bok_Bla_RGB.png&raquo; alt=&raquo;UiT Norges Arktiske Universitet&raquo; title_text=&raquo;UiT Norges Arktiske Universitet&raquo; _builder_version=&raquo;4.20.4&#8243; _module_preset=&raquo;default&raquo; transform_scale=&raquo;104%|104%&raquo; transform_scale_tablet=&raquo;86%|86%&raquo; transform_scale_phone=&raquo;86%|86%&raquo; transform_scale_last_edited=&raquo;on|phone&raquo; transform_translate=&raquo;-3px|-22px&raquo; transform_translate_tablet=&raquo;-3px|-22px&raquo; transform_translate_phone=&raquo;-3px|-22px&raquo; transform_translate_last_edited=&raquo;on|tablet&raquo; transform_rotate_tablet=&raquo;&raquo; transform_rotate_phone=&raquo;&raquo; transform_rotate_last_edited=&raquo;on|desktop&raquo; transform_skew_tablet=&raquo;&raquo; transform_skew_phone=&raquo;&raquo; transform_skew_last_edited=&raquo;on|desktop&raquo; transform_origin_tablet=&raquo;&raquo; transform_origin_phone=&raquo;&raquo; transform_origin_last_edited=&raquo;on|desktop&raquo; transform_styles_last_edited=&raquo;on|phone&raquo; filter_saturate=&raquo;0%&raquo; filter_brightness=&raquo;0%&raquo; transform_styles_tablet=&raquo;&raquo; transform_styles_phone=&raquo;&raquo; global_colors_info=&raquo;{}&raquo;][\/et_pb_image][et_pb_blurb title=&raquo;Muninbakken 21, 9019 Troms\u00f8&raquo; use_icon=&raquo;on&raquo; font_icon=&raquo;&#xf3c5;||fa||900&#8243; image_icon_background_color=&raquo;RGBA(255,255,255,0)&raquo; icon_placement=&raquo;left&raquo; image_icon_width=&raquo;184%&raquo; _builder_version=&raquo;4.20.4&#8243; _module_preset=&raquo;default&raquo; header_font=&raquo;Roboto|300|||||||&raquo; header_font_size=&raquo;15px&raquo; border_color_all_image=&raquo;RGBA(255,255,255,0)&raquo; border_style_all_image=&raquo;none&raquo; global_colors_info=&raquo;{}&raquo;][\/et_pb_blurb][et_pb_blurb title=&raquo;bjornpetter.finstad@uit.no&raquo; use_icon=&raquo;on&raquo; font_icon=&raquo;&#xe010;||divi||400&#8243; image_icon_background_color=&raquo;RGBA(255,255,255,0)&raquo; icon_placement=&raquo;left&raquo; image_icon_width=&raquo;184%&raquo; _builder_version=&raquo;4.22.1&#8243; _module_preset=&raquo;default&raquo; header_font=&raquo;Roboto|300|||||||&raquo; header_font_size=&raquo;17px&raquo; border_color_all_image=&raquo;RGBA(255,255,255,0)&raquo; border_style_all_image=&raquo;none&raquo; global_colors_info=&raquo;{}&raquo;][\/et_pb_blurb][et_pb_blurb title=&raquo;ingrid.hovda.lien@uit.no&raquo; use_icon=&raquo;on&raquo; font_icon=&raquo;&#xe010;||divi||400&#8243; image_icon_background_color=&raquo;RGBA(255,255,255,0)&raquo; icon_placement=&raquo;left&raquo; image_icon_width=&raquo;184%&raquo; _builder_version=&raquo;4.22.1&#8243; _module_preset=&raquo;default&raquo; header_font=&raquo;Roboto|300|||||||&raquo; header_font_size=&raquo;17px&raquo; border_color_all_image=&raquo;RGBA(255,255,255,0)&raquo; border_style_all_image=&raquo;none&raquo; global_colors_info=&raquo;{}&raquo;][\/et_pb_blurb][\/et_pb_column][et_pb_column type=&raquo;2_3&#8243; specialty_columns=&raquo;2&#8243; _builder_version=&raquo;4.16&#8243; custom_padding=&raquo;|||&raquo; global_colors_info=&raquo;{}&raquo; custom_padding__hover=&raquo;|||&raquo;][et_pb_row_inner _builder_version=&raquo;4.22.1&#8243; _module_preset=&raquo;default&raquo; global_colors_info=&raquo;{}&raquo;][et_pb_column_inner saved_specialty_column_type=&raquo;2_3&#8243; _builder_version=&raquo;4.16&#8243; _module_preset=&raquo;default&raquo; global_colors_info=&raquo;{}&raquo;][et_pb_text _builder_version=&raquo;4.22.1&#8243; _module_preset=&raquo;9bdfd50c-7d8e-469b-80e5-0a12aace3d29&#8243; header_font=&raquo;||||||||&raquo; header_4_font=&raquo;Roboto|900|||||||&raquo; header_4_text_color=&raquo;#FFFFFF&raquo; header_4_line_height=&raquo;1.5em&raquo; custom_margin=&raquo;||5px||false|false&raquo; header_4_font_size_tablet=&raquo;16px&raquo; header_4_font_size_phone=&raquo;14px&raquo; header_4_font_size_last_edited=&raquo;on|tablet&raquo; global_colors_info=&raquo;{}&raquo;]<\/p>\n<h4>Praktisk info<\/h4>\n<p>[\/et_pb_text][et_pb_toggle title=&raquo;Forsikring&raquo; open_toggle_text_color=&raquo;#ffffff&raquo; icon_color=&raquo;#FFFFFF&raquo; toggle_icon=&raquo;&#x50;||divi||400&#8243; open_icon_color=&raquo;#FFFFFF&raquo; open_toggle_icon=&raquo;&#x4f;||divi||400&#8243; _builder_version=&raquo;4.22.1&#8243; _module_preset=&raquo;default&raquo; title_text_color=&raquo;#FFFFFF&raquo; title_font=&raquo;Josefin Sans||||||||&raquo; title_font_size=&raquo;16px&raquo; body_font=&raquo;||||||||&raquo; body_text_color=&raquo;#FFFFFF&raquo; body_font_size=&raquo;12px&raquo; background_color=&raquo;RGBA(255,255,255,0)&raquo; border_color_all=&raquo;RGBA(255,255,255,0)&raquo; global_colors_info=&raquo;{}&raquo;]<\/p>\n<p>Det er praksisvirksomhetene som er ansvarlig for \u00e5 forsikre studenter i praksis, p\u00e5 lik linje med andre ansatte gjennom deres yrkesskadeforsikring.<\/p>\n<p>Grunnen til at denne forsikringen ligger hos praksissamarbeidspartnerne og ikke ved utdanningsinstitusjonen er at studenten i praksis gj\u00f8r arbeidsoppgaver under ledelse av sin mentor\/veileder i bedrift\/virksomhet. Det er mentor\/veileder som har ansvar for \u00e5 informere om HMS rutiner og utstyr som er n\u00f8dvendig. Vi som utdanningsinstitusjon kan derfor ikke ivareta eller ta ansvar for det som skjer i denne l\u00e6ringsaktiviteter.<\/p>\n<p>[\/et_pb_toggle][et_pb_toggle title=&raquo;Avtaler&raquo; open_toggle_text_color=&raquo;#FFFFFF&raquo; icon_color=&raquo;#FFFFFF&raquo; toggle_icon=&raquo;&#x50;||divi||400&#8243; open_icon_color=&raquo;#FFFFFF&raquo; open_toggle_icon=&raquo;&#x4f;||divi||400&#8243; _builder_version=&raquo;4.22.1&#8243; _module_preset=&raquo;default&raquo; title_text_color=&raquo;#FFFFFF&raquo; title_level=&raquo;h4&#8243; title_font=&raquo;Josefin Sans||||||||&raquo; title_font_size=&raquo;16px&raquo; body_font=&raquo;||||||||&raquo; body_text_color=&raquo;#FFFFFF&raquo; body_font_size=&raquo;12px&raquo; background_color=&raquo;RGBA(255,255,255,0)&raquo; border_color_all=&raquo;RGBA(255,255,255,0)&raquo; global_colors_info=&raquo;{}&raquo;]<\/p>\n<p><strong>Overordna Samarbeidsavtale<\/strong><\/p>\n<p>Alle virksomheter som \u00f8nsker \u00e5 ha studenter i praksis m\u00e5 ha en formell samarbeidsavtale med NFH\/BFE. Denne avtalen tar for seg det formelle knyttet til rettigheter og plikter, det \u00f8konomiske, forsikring og ansvarsfordeling. Den \u00e5pner ogs\u00e5 opp for mulighet for utvikling av samarbeidet innen oppgavesamarbeid og forskningssamarbeid<\/p>\n<p>Se vedlagt <a href=\"https:\/\/site.uit.no\/sampraksis\/wp-content\/uploads\/sites\/497\/2023\/09\/Mal-overordna-avtale-2023.docx\" target=\"_blank\" rel=\"noopener\">mal til Overordna samarbeidsavtale<\/a><\/p>\n<p><strong>Trepartsavtale<\/strong><\/p>\n<p>Trepartsavtalen er den avtalen som signeres mellom student, praksisvirksomhet og faglig ansvarlig for praksis. Dette for \u00e5 sikre at alle har en felles forst\u00e5else av rettigheter, ansvar og plikter. Trepartsavtalen ber\u00f8re mye av de samme momentene som nevnt over.<\/p>\n<p>Se vedlagt <a href=\"https:\/\/site.uit.no\/sampraksis\/wp-content\/uploads\/sites\/497\/2023\/09\/Mal-trepartsavtale-2023.docx\" target=\"_blank\" rel=\"noopener\">mal Trepartsavtale <\/a><\/p>\n<p><strong>Reise &amp; opphold<\/strong><\/p>\n<p>Praksis er p\u00e5 like linje med annen l\u00e6ringsaktivitet en del av v\u00e5rt faglige opplegg for \u00e5 oppn\u00e5 l\u00e6ringsutbytte. Vi har derfor lagt oss p\u00e5 ei linje der reise og opphold dekkes av NFH\/UIT, men vi oppfordrer praksisvirksomhetene der det er mulig \u00e5 stille med bolig eller annen st\u00f8tte til reise. Valg av praksisplass skal styres av motivasjon og ikke \u00f8konomi. Dette betyr at praksiskoordinator i tett dialog med studentene, praksisvirkssomhetene bestiller reise og opphold til studentene.<\/p>\n<p>[\/et_pb_toggle][\/et_pb_column_inner][\/et_pb_row_inner][\/et_pb_column][\/et_pb_section]<\/p>\n","protected":false},"excerpt":{"rendered":"<p>Hvorfor praksis?Presentasjon av utdanningen og l\u00e6ringsm\u00e5lBachelorstudiet i fiskeri- og havbruksvitenskap\u00a0ved Norges fiskerih\u00f8gskole er et tre\u00e5rig n\u00e6ringsrettet studieprogram. Studiet er tverrfaglig med b\u00e5de biologiske, samfunnsvitenskapelige, \u00f8konomiske og teknologiske fag. Programmet utdanner kandidater til et bredt spekter av jobber innen sj\u00f8matn\u00e6ringene, herunder forvaltning og forskning. Undervisningsformene er varierte, og i l\u00f8pet av studiet benyttes forelesninger, seminarer, kollokvier, [&hellip;]<\/p>\n","protected":false},"author":1089,"featured_media":0,"parent":94,"menu_order":3,"comment_status":"closed","ping_status":"closed","template":"","meta":{"_et_pb_use_builder":"on","_et_pb_old_content":"","_et_gb_content_width":"","footnotes":""},"class_list":["post-228","page","type-page","status-publish","hentry"],"_links":{"self":[{"href":"https:\/\/site.uit.no\/sampraksis\/wp-json\/wp\/v2\/pages\/228","targetHints":{"allow":["GET"]}}],"collection":[{"href":"https:\/\/site.uit.no\/sampraksis\/wp-json\/wp\/v2\/pages"}],"about":[{"href":"https:\/\/site.uit.no\/sampraksis\/wp-json\/wp\/v2\/types\/page"}],"author":[{"embeddable":true,"href":"https:\/\/site.uit.no\/sampraksis\/wp-json\/wp\/v2\/users\/1089"}],"replies":[{"embeddable":true,"href":"https:\/\/site.uit.no\/sampraksis\/wp-json\/wp\/v2\/comments?post=228"}],"version-history":[{"count":2,"href":"https:\/\/site.uit.no\/sampraksis\/wp-json\/wp\/v2\/pages\/228\/revisions"}],"predecessor-version":[{"id":1155,"href":"https:\/\/site.uit.no\/sampraksis\/wp-json\/wp\/v2\/pages\/228\/revisions\/1155"}],"up":[{"embeddable":true,"href":"https:\/\/site.uit.no\/sampraksis\/wp-json\/wp\/v2\/pages\/94"}],"wp:attachment":[{"href":"https:\/\/site.uit.no\/sampraksis\/wp-json\/wp\/v2\/media?parent=228"}],"curies":[{"name":"wp","href":"https:\/\/api.w.org\/{rel}","templated":true}]}}