{"id":2,"date":"2013-01-22T09:03:44","date_gmt":"2013-01-22T08:03:44","guid":{"rendered":"https:\/\/site.uit.no\/skjulteskatter\/?page_id=2"},"modified":"2013-06-28T15:06:54","modified_gmt":"2013-06-28T13:06:54","slug":"sample-page","status":"publish","type":"page","link":"https:\/\/site.uit.no\/skjulteskatter\/","title":{"rendered":"Introduksjon"},"content":{"rendered":"<p><a href=\"https:\/\/site.uit.no\/skjulteskatter\/wp-content\/uploads\/sites\/540\/2013\/01\/IMG_4756.jpg\"><img decoding=\"async\" src=\"https:\/\/site.uit.no\/skjulteskatter\/wp-content\/uploads\/sites\/540\/2013\/01\/IMG_4756-150x150.jpg\" alt=\"IMG_4756\" width=\"150\" height=\"150\" class=\"alignleft size-thumbnail wp-image-87\" \/><\/a>I prosjektet &laquo;Skjulte skatter- audioguide p\u00e5 smarttelefon&raquo; \u00f8nsker vi \u00e5 l\u00f8fte frem utvalgte objekter og fortelle en spesiell og gjerne overraskende historie om dem. Vi viser et utvalg av ting fra <a href=\"https:\/\/site.uit.no\/skjulteskatter\/tromso-museum\/\" title=\"Troms\u00f8 Museum\">Troms\u00f8 Museum<\/a>, <a href=\"https:\/\/site.uit.no\/skjulteskatter\/polarmuseet\/\" title=\"Polarmuseet\">Polarmuseet <\/a>og plantesamlingene i <a href=\"https:\/\/site.uit.no\/skjulteskatter\/arktisk-alpin-botanisk-hage\/\" title=\"Arktisk-alpin botanisk hage\">arktisk-alpin botanisk hage<\/a>. Stasjonene omfatter bl.a. unike gjenstander som steinalder-tyggisen og s\u00f8rpolkompasset, historiske personer som Wanny Woldstad, gode historier som fortellingen om Bent Bentsens d\u00f8d, lite kjente dyr som nordflaggermusen og relevante temaer knyttet til gjenstander og planter. Alle er skatter- kanskje uanselige objekter &#8211; men har en skjult, god historie \u00e5 fortelle.<\/p>\n<p>En stor takk g\u00e5r til alle som bidro til prosjektet! Noen skatter er fremdeles skjult, og publiseres etterhvert. S\u00e5 v\u00e6r oppmerksom i utstillingene! \ud83d\ude42<\/p>\n","protected":false},"excerpt":{"rendered":"<p>I prosjektet &laquo;Skjulte skatter- audioguide p\u00e5 smarttelefon&raquo; \u00f8nsker vi \u00e5 l\u00f8fte frem utvalgte objekter og fortelle en spesiell og gjerne overraskende historie om dem. Vi viser et utvalg av ting fra Troms\u00f8 Museum, Polarmuseet og plantesamlingene i arktisk-alpin botanisk hage. Stasjonene omfatter bl.a. unike gjenstander som steinalder-tyggisen og s\u00f8rpolkompasset, historiske personer som Wanny Woldstad, gode [&hellip;]<\/p>\n","protected":false},"author":124,"featured_media":0,"parent":0,"menu_order":1,"comment_status":"open","ping_status":"closed","template":"","meta":{"footnotes":""},"class_list":["post-2","page","type-page","status-publish","hentry"],"_links":{"self":[{"href":"https:\/\/site.uit.no\/skjulteskatter\/wp-json\/wp\/v2\/pages\/2","targetHints":{"allow":["GET"]}}],"collection":[{"href":"https:\/\/site.uit.no\/skjulteskatter\/wp-json\/wp\/v2\/pages"}],"about":[{"href":"https:\/\/site.uit.no\/skjulteskatter\/wp-json\/wp\/v2\/types\/page"}],"author":[{"embeddable":true,"href":"https:\/\/site.uit.no\/skjulteskatter\/wp-json\/wp\/v2\/users\/124"}],"replies":[{"embeddable":true,"href":"https:\/\/site.uit.no\/skjulteskatter\/wp-json\/wp\/v2\/comments?post=2"}],"version-history":[{"count":14,"href":"https:\/\/site.uit.no\/skjulteskatter\/wp-json\/wp\/v2\/pages\/2\/revisions"}],"predecessor-version":[{"id":503,"href":"https:\/\/site.uit.no\/skjulteskatter\/wp-json\/wp\/v2\/pages\/2\/revisions\/503"}],"wp:attachment":[{"href":"https:\/\/site.uit.no\/skjulteskatter\/wp-json\/wp\/v2\/media?parent=2"}],"curies":[{"name":"wp","href":"https:\/\/api.w.org\/{rel}","templated":true}]}}