{"id":63,"date":"2013-04-30T15:08:41","date_gmt":"2013-04-30T13:08:41","guid":{"rendered":"https:\/\/site.uit.no\/skjulteskatter\/?page_id=63"},"modified":"2013-06-25T14:24:58","modified_gmt":"2013-06-25T12:24:58","slug":"arktisk-alpin-botanisk-hage","status":"publish","type":"page","link":"https:\/\/site.uit.no\/skjulteskatter\/arktisk-alpin-botanisk-hage\/","title":{"rendered":"Arktisk-alpin botanisk hage"},"content":{"rendered":"<p>I hagen v\u00e5r kan du velge \u00e5 se p\u00e5 mer enn 2000 forskjellige arter fra heler verden. Her f\u00e5r du vite mer om noen &laquo;skjulte skatter&raquo;:<\/p>\n<p>    <a href=\"https:\/\/site.uit.no\/skjulteskatter\/arktisk-alpin-botanisk-hage\/kvann\/\" title=\"Kvann\">Kvann<\/a><br \/>\n    <a href=\"https:\/\/site.uit.no\/skjulteskatter\/arktisk-alpin-botanisk-hage\/patagonske-gaukesyrer\/\" title=\"Patagonske gaukesyrer\">Patagonske gaukesyrer<\/a><br \/>\n    <a href=\"https:\/\/site.uit.no\/skjulteskatter\/arktisk-alpin-botanisk-hage\/polarnyresoleie\/\" title=\"Polarnyresoleie\">Polarnyresoleie<\/a><br \/>\n    <a href=\"https:\/\/site.uit.no\/skjulteskatter\/arktisk-alpin-botanisk-hage\/reinfann\/\" title=\"Reinfann\">Reinfann<\/a><br \/>\n    <a href=\"https:\/\/site.uit.no\/skjulteskatter\/arktisk-alpin-botanisk-hage\/saxifraga\/\" title=\"Saxifraga\">Saxifraga<\/a><br \/>\n    <a href=\"https:\/\/site.uit.no\/skjulteskatter\/arktisk-alpin-botanisk-hage\/skavgrass\/\" title=\"Skavgras \u2013 Gamle dagers sandpapir\">Skavgras \u2013 Gamle dagers sandpapir<\/a><br \/>\n    <a href=\"https:\/\/site.uit.no\/skjulteskatter\/arktisk-alpin-botanisk-hage\/snoprimula\/\" title=\"Sn\u00f8primula\">Sn\u00f8primula<\/a><br \/>\n    <a href=\"https:\/\/site.uit.no\/skjulteskatter\/arktisk-alpin-botanisk-hage\/de-blaeste-av-de-himmelbla\/\" title=\"\u2018De bl\u00e5este av de himmelbl\u00e5\u2019\">\u2018De bl\u00e5este av de himmelbl\u00e5\u2019<\/a><br \/>\n    <a href=\"https:\/\/site.uit.no\/skjulteskatter\/arktisk-alpin-botanisk-hage\/de-blaeste-av-de-himmelbla\/\" title=\"\u2018De bl\u00e5este av de himmelbl\u00e5\u2019\">\u2018planten som stod opp fr\u00e5 dei daude\u2019<\/a><\/p>\n","protected":false},"excerpt":{"rendered":"<p>I hagen v\u00e5r kan du velge \u00e5 se p\u00e5 mer enn 2000 forskjellige arter fra heler verden. Her f\u00e5r du vite mer om noen &laquo;skjulte skatter&raquo;: Kvann Patagonske gaukesyrer Polarnyresoleie Reinfann Saxifraga Skavgras \u2013 Gamle dagers sandpapir Sn\u00f8primula \u2018De bl\u00e5este av de himmelbl\u00e5\u2019 \u2018planten som stod opp fr\u00e5 dei daude\u2019<\/p>\n","protected":false},"author":124,"featured_media":0,"parent":0,"menu_order":4,"comment_status":"closed","ping_status":"closed","template":"","meta":{"footnotes":""},"class_list":["post-63","page","type-page","status-publish","hentry"],"_links":{"self":[{"href":"https:\/\/site.uit.no\/skjulteskatter\/wp-json\/wp\/v2\/pages\/63","targetHints":{"allow":["GET"]}}],"collection":[{"href":"https:\/\/site.uit.no\/skjulteskatter\/wp-json\/wp\/v2\/pages"}],"about":[{"href":"https:\/\/site.uit.no\/skjulteskatter\/wp-json\/wp\/v2\/types\/page"}],"author":[{"embeddable":true,"href":"https:\/\/site.uit.no\/skjulteskatter\/wp-json\/wp\/v2\/users\/124"}],"replies":[{"embeddable":true,"href":"https:\/\/site.uit.no\/skjulteskatter\/wp-json\/wp\/v2\/comments?post=63"}],"version-history":[{"count":3,"href":"https:\/\/site.uit.no\/skjulteskatter\/wp-json\/wp\/v2\/pages\/63\/revisions"}],"predecessor-version":[{"id":437,"href":"https:\/\/site.uit.no\/skjulteskatter\/wp-json\/wp\/v2\/pages\/63\/revisions\/437"}],"wp:attachment":[{"href":"https:\/\/site.uit.no\/skjulteskatter\/wp-json\/wp\/v2\/media?parent=63"}],"curies":[{"name":"wp","href":"https:\/\/api.w.org\/{rel}","templated":true}]}}