{"id":130,"date":"2017-03-22T10:08:33","date_gmt":"2017-03-22T09:08:33","guid":{"rendered":"https:\/\/site.uit.no\/smallstruct\/?page_id=130"},"modified":"2024-10-14T15:13:17","modified_gmt":"2024-10-14T13:13:17","slug":"publications","status":"publish","type":"page","link":"https:\/\/site.uit.no\/smallstruct\/publications\/","title":{"rendered":"Publications"},"content":{"rendered":"<h2><\/h2>\n<h2>2024<\/h2>\n<h2>2023<\/h2>\n<p><strong>Maxim S Bril\u2019kov, Victoria Stenbakk, Martin Jakubec, Terje Vasskog, Tone Kristoffersen, Jorunn Pauline Cavanagh, Johanna U Ericson, Johan Isaksson, G\u00f8ril Eide Flaten<\/strong>, Bacterial extracellular vesicles: towards realistic models for bacterial membranes in molecular interaction studies by surface plasmon resonance, Front. Mol. Biosci., <strong>2023<\/strong>, 13.<\/p>\n<p><strong>Philip Rainsford, Fredrik G Rylandsholm, Martin Jakubec, Mitchell Silk, Eric Juskewitz, Johanna U Ericson, John-Sigurd Svendsen, Richard A Engh, Johan Isaksson<\/strong>, Label-free measurement of antimicrobial peptide interactions with lipid vesicles and nanodiscs using microscale thermophoresis, Scientific Reports, <strong>2023<\/strong>, 13 (1), 12619<\/p>\n<p><strong>Yannik K-H Schneider, Anton Liaimer, Johan Isaksson, Oda SB Wilhelmsen, Jeanette H Andersen, Kine \u00d8 Hansen, Espen H Hansen<\/strong>, Four new suomilides isolated from the cyanobacterium Nostoc sp. KVJ20 and proposal of their biosynthetic origin, Frontiers in Microbiology, <strong>2023<\/strong>, 14, 1130018<\/p>\n<h2>2022<\/h2>\n<p><strong>Sara Ullsten, Guillaume A Petit, Johan Isaksson, Ida K\u00d8 Hansen, Yannik K-H Schneider, Marte Jenssen, Chun Li, Kine \u00d8 Hansen<\/strong>, Identification of New Purpuroine Analogues from the Arctic Echinodermata Pteraster militaris That Inhibit FLT3-ITD+ AML Cell Lines, International Journal of Molecular Sciences, <strong>2022<\/strong>, 23 (24), 15852<\/p>\n<p><strong>Fazlin Pheiffer, Yannik K-H Schneider, Espen Holst Hansen, Jeanette Hammer Andersen, Johan Isaksson, Tobias Busche, Christian R\u00fcckert, J\u00f6rn Kalinowski, Leonardo van Zyl, Marla Trindade<\/strong>, Bioassay-Guided Fractionation Leads to the Detection of Cholic Acid Generated by the Rare Thalassomonas sp., Marine Drugs, <strong>2022<\/strong>, 21 (1), 2<\/p>\n<p><strong>Philip Rainsford, B Ravdna Sarre, Margherita Falavigna, Bj\u00f8rn Olav Brandsdal, G\u00f8ril Eide Flaten, Martin Jakubec, Johan Isaksson<\/strong>, WIND-PVPA: Water\/Ion NMR Detected PVPA to assess lipid barrier integrity in vitro through quantification of passive water-and ion transport, Biochim. Biophys. Acta &#8211; Biomembranes, <strong>2022<\/strong>, 1864 (7), 183911<\/p>\n<p><strong>Eric Juskewitz, Ekaterina Mishchenko, Vishesh K Dubey, Marte Jenssen, Martin Jakubec, Philip Rainsford, Johan Isaksson, Jeanette H Andersen, Johanna U Ericson<\/strong>, Lulworthinone: In Vitro Mode of Action Investigation of an Antibacterial Dimeric Naphthopyrone Isolated from a Marine Fungus, Marine Drugs, <strong>2022<\/strong>, 20 (5), 277<\/p>\n<h2>2021<\/h2>\n<p><strong>Marianne H Paulsen, Magnus Engqvist, Dominik Ausbacher, Trude Anderssen, Manuel K Langer, Tor Haug, Glenn R Morello, Laura E Liikanen, Hans-Matti Blencke, Johan Isaksson, Eric Juskewitz, Annette Bayer, Morten B Str\u00f8m<\/strong>, Amphipathic barbiturates as mimics of antimicrobial peptides and the marine natural products eusynstyelamides with activity against multi-resistant clinical isolates, Journal of Medicinal Chemistry <strong>2021<\/strong>, 64 (15), 11395-11417<\/p>\n<p><strong>Marte Jenssen, Venke Kristoffersen, Kumar Motiram-Corral, Johan Isaksson, Teppo R\u00e4m\u00e4, Jeanette H Andersen, Espen H Hansen, Kine \u00d8stnes Hansen<\/strong>, Chlovalicin B, a Chlorinated Sesquiterpene Isolated from the Marine Mushroom Digitatispora marina, Molecules <strong>2021<\/strong>, 26 (24), 7560<\/p>\n<p><strong>Marte Jenssen, Philip Rainsford, Eric Juskewitz, Jeanette H Andersen, Espen H Hansen, Johan Isaksson, Teppo R\u00e4m\u00e4, Kine \u00d8 Hansen<\/strong>, Lulworthinone, a New Dimeric Naphthopyrone From a Marine Fungus in the Family Lulworthiaceae With Antibacterial Activity Against Clinical Methicillin-Resistant Staphylococcus aureus Isolates, Frontiers in microbiology, <strong>2021<\/strong>, 2862<\/p>\n<p><strong>Venke Kristoffersen, Marte Jenssen, Heba Raid Jawad, Johan Isaksson, Espen H Hansen, Teppo R\u00e4m\u00e4, Kine \u00d8 Hansen, Jeanette Hammer Andersen<\/strong>, Two Novel Lyso-Ornithine Lipids Isolated from an Arctic Marine Lacinutrix sp. Bacterium, Molecules <strong>2021<\/strong>, 26 (17), 5295<\/p>\n<h2>2020<\/h2>\n<p><strong>Priyanka Michael, Espen Hansen, Johan Isaksson, Jeanette H Andersen, Kine \u00d8 Hansen<\/strong>, Dendrobeaniamine A, a new alkaloid from the Arctic marine bryozoan Dendrobeania murrayana, Natural Product Research <strong>2020<\/strong>, 34 (14), 2059-2064<\/p>\n<p><strong>Yannik Schneider, Marte Jenssen, Johan Isaksson, Kine \u00d8stnes Hansen, Jeanette Hammer Andersen, Espen H Hansen<\/strong>, Bioactivity of Serratiochelin A, a Siderophore Isolated from a Co-Culture of Serratia sp. and Shewanella sp. Microorganisms <strong>2020<\/strong>, 8 (7), 1042<\/p>\n<p><strong>Worku Dinku, Johan Isaksson, Fredrik Garn\u00e5s Rylandsholm, Petr Bou\u0159, Eva Brichtov\u00e1, Sang Un Choi, Sang-Ho Lee, Young-Sik Jung, Zae Sung No, John Sigurd Mj\u00f8en Svendsen, Arne J\u00f8rgen Aasen, Aman Dekebo<\/strong>, Anti-proliferative activity of a novel tricyclic triterpenoid acid from Commiphora africana resin against four human cancer cell lines. Applied Biological Chemistry <strong>2020<\/strong>, 63 (1), 1-11<\/p>\n<p><strong>Yngve Guttormsen, Magnus E Fairhurst, Sunil K Pandey, Johan Isaksson, Bengt Erik Haug, Annette Bayer<\/strong>, Total synthesis of phorbazole B. Molecules <strong>2020<\/strong>, 25 (20), 4848<\/p>\n<p><strong>Ikenna E Ndukwe, Yu-hong Lam, Sunil K Pandey, Bengt E Haug, Annette Bayer, Edward C Sherer, Kirill A Blinov, R Thomas Williamson, Johan Isaksson, Mikhail Reibarkh, Yizhou Liu, Gary E Martin<\/strong>, Unequivocal structure confirmation of a breitfussin analog by anisotropic NMR measurements. Chemical science <strong>2020<\/strong>, 11 (44), 12081-12088<\/p>\n<p><span style=\"color: #000000\"><a class=\"gsc_a_at\" style=\"color: #000000\"><strong>Ida K\u00d8 Hansen, Johan Isaksson, Aaron G Poth, Kine \u00d8 Hansen, Aaron JC Andersen, C\u00e9line SM Richard, Hans-Matti Blencke, Klara Stensv\u00e5g, David J Craik, Tor Haug<\/strong>, Isolation and Characterization of Antimicrobial Peptides with Unusual Disulfide Connectivity from the Colonial Ascidian Synoicum turgens.\u00a0<\/a>Mar. Drugs <strong>2020<\/strong>, 18 (1), 51<\/span><\/p>\n<h2>2019<\/h2>\n<p><span style=\"color: #000000\"><a class=\"gsc_a_at\" style=\"color: #000000\"><strong>Kine \u00d8 Hansen, Jeanette H Andersen, Annette Bayer, Sunil K Pandey, Marianne Lorentzen, K\u00e5re B J\u00f8rgensen, Magne O Sydnes, Yngve Guttormsen, Matthias Baumann, Uwe Koch, Bert Klebl, Jan Eickhoff, Bengt Erik Haug, Johan Isaksson, Espen H Hansen<\/strong>, Kinase Chemodiversity from the Arctic: The Breitfussins,\u00a0<\/a>J. Med. Chem. <strong>2019<\/strong>, 62 (22), 10167-10181<\/span><\/p>\n<p><span style=\"color: #000000\"><strong>Priyanka Michael, Espen Hansen, Johan Isaksson, Jeanette H Andersen, Kine \u00d8stenes Hansen<\/strong>,\u00a0<a class=\"gsc_a_at\" style=\"color: #000000\">Dendrobeaniamine A, a new alkaloid from the Arctic marine bryozoan\u00a0<i>Dendrobeania murrayana,\u00a0<\/i><\/a>Nat. Prod. Res. <strong>2019<\/strong>, 1-6<\/span><\/p>\n<p><span style=\"color: #000000\"><strong>Yannik KH Schneider, Kine \u00d8stnes Hansen, Johan Isaksson, Sara Ullsten, Espen Hansen, Jeanette H Andersen<\/strong>,\u00a0<a class=\"gsc_a_at\" style=\"color: #000000;font-size: 14px\">Anti-Bacterial Effect and Cytotoxicity Assessment of Lipid 430 Isolated from Algibacter sp.,\u00a0<\/a>Molecules <strong>2019<\/strong>, 24 (21), 3991<\/span><\/p>\n<p><span style=\"color: #000000\"><strong>Aitor Moreno, Kine \u00d8stnes Hansen, Johan Isaksson<\/strong>,\u00a0<a class=\"gsc_a_at\" style=\"color: #000000;font-size: 14px\">CSSF-CLIP-HSQMBC: measurement of heteronuclear coupling constants in severely crowded spectral regions,\u00a0<\/a>RSC Advances <strong>2019<\/strong>, 9 (62), 36082-36087<\/span><\/p>\n<h2><span style=\"color: #000000\">2018<\/span><\/h2>\n<p><strong>Bjarte Aarmo Lund, Ane Molden Thomassen, Birgit Helene Berg Nesheim, Trine Josefine Olsen Carlsen, Johan Isaksson, Tony Christopeit, Hanna\u2010Kirsti S Leiros<\/strong>, The biological assembly of OXA\u201048 reveals a dimer interface with high charge complementarity and very high affinity,\u00a0<em>The FEBS journal <\/em><strong>2018<\/strong><\/p>\n<p><span style=\"color: #444444\"><strong>Kine \u00d8stnes Hansen, Johan Isaksson, Eirin Glomsaker, Jeanette H. Andersen, Espen Hansen<\/strong>,\u00a0<\/span>Ponasterone A and F, Ecdysteroids from the Arctic Bryozoan Alcyonidium gelatinosum,\u00a0<em>Molecules <\/em><strong>2018<\/strong><em>, 23 (6), 1481<\/em><\/p>\n<p><strong>Jostein Grip, Rolf Einar Engstad, Ingrid Skj\u00e6veland, Nata\u0161a \u0160kalko-Basnet, Johan Isaksson, Purusotam Basnet, Ann Mari Hols\u00e6ter<\/strong>,\u00a0Beta-glucan-loaded nanofiber dressing improves wound healing in diabetic mice, <em>European Journal of Pharmaceutical Sciences, <\/em><strong>2018<\/strong><\/p>\n<p><strong>ChaVenke Kristoffersen, Teppo R\u00e4m\u00e4, Johan Isaksson, Jeanette Hammer Andersen, William H Gerwick, Espen Hansen<\/strong>, Characterization of Rhamnolipids Produced by an Arctic Marine Bacterium from the Pseudomonas fluorescence Group, <em>Marine drugs <\/em><strong>2018<\/strong><em>, 16 (5), 163<\/em><\/p>\n<p><strong>Sundus Akhter, Bjarte Aarmo Lund, Aya Ismael, Manuel Langer, Johan Isaksson, Tony Christopeit, Hanna-Kirsti S Leiros, Annette Bayer<\/strong>,\u00a0<span style=\"color: #444444\">A focused fragment library targeting the antibiotic resistance enzyme-Oxacillinase-48: Synthesis, structural evaluation and inhibitor design,\u00a0<\/span><em><span style=\"color: #444444\">European journal of medicinal chemistry <\/span><\/em><strong><span style=\"color: #444444\">2018<\/span><\/strong><em><span style=\"color: #444444\">, 145, 634-648<\/span><\/em><\/p>\n<h2>2017<\/h2>\n<p><strong>K\u00d8 Hansen, J Isaksson, A Bayer, JA Johansen, JH Andersen, E Hansen<\/strong>,\u00a0<span style=\"color: #444444\">Securamine Derivatives from the Arctic Bryozoan Securiflustra securifrons,\u00a0<\/span><em>Journal of natural products <\/em><strong>2017<\/strong><em>, 80 (12), 3276-3283<\/em><\/p>\n<p><strong>P Michael, K\u00d8 Hansen, J Isaksson, JH Andersen, E Hansen<\/strong>,\u00a0<span style=\"color: #444444\">\u00a0<\/span><span style=\"color: #444444\">A novel brominated alkaloid securidine A, isolated from the marine bryozoan Securiflustra securifrons,\u00a0<\/span><em>Molecules <\/em><strong>2017<\/strong><em>, 22 (7), 1236<\/em><\/p>\n<h2><strong>2016<\/strong><\/h2>\n<p><strong>Stierhof, M.; Hansen, K. \u00d8.; Sharma, M.; Feussner, K.; Subko, K.; D\u00edaz-Rullo, F. F.; Isaksson, J.; P\u00e9rez-Victoria, I.; Clarke, D.; Hansen, E.; Jaspars, M.; Tabudravu, J. N.<\/strong>, New cytotoxic callipeltins from the Solomon Island marine sponge Asteropus sp. <a href=\"http:\/\/www.sciencedirect.com\/science\/article\/pii\/S0040402016309231\" target=\"_blank\" rel=\"noopener\"><i>Tetrahedron <\/i><b>2016,<\/b> <i>72<\/i>, 6929-6934<\/a>.<\/p>\n<p><strong>Rothweiler, U.; Stensen, W.; Brandsdal, B. O.; Isaksson, J.; Leeson, F. A.; Engh, R. A.; Svendsen, J. S. M.<\/strong>, Probing the ATP-Binding Pocket of Protein Kinase DYRK1A with Benzothiazole Fragment Molecules. <a href=\"http:\/\/pubs.acs.org\/doi\/abs\/10.1021\/acs.jmedchem.6b01086\" target=\"_blank\" rel=\"noopener\"><i>Journal of Medicinal Chemistry <\/i><b>2016,<\/b> <i>59<\/i>, 9814-9824<\/a>.<\/p>\n<p><strong>Albert, A.; Jacobus Johannes, E.; Isaksson, J.; Sengee, M.; Hansen, T.; Vasskog, T.<\/strong>, General Approach To Determine Disulfide Connectivity in Cysteine-\u200bRich Peptides by Sequential Alkylation on Solid Phase and Mass Spectrometry. <a href=\"http:\/\/pubs.acs.org\/doi\/abs\/10.1021\/acs.analchem.6b02115\" target=\"_blank\" rel=\"noopener\"><i>Analytical Chemistry <\/i><b>2016,<\/b> <i>88<\/i>, 9539-9546<\/a>.<\/p>\n<p><strong>Solstad, R. G.; Li, C.; Isaksson, J.; Johansen, J.; Svenson, J.; Stensv\u00e5g, K.; Haug, T.<\/strong>, Novel Antimicrobial Peptides EeCentrocins 1, 2 and EeStrongylocin 2 from the Edible Sea Urchin Echinus esculentus Have 6-Br-Trp Post-Translational Modifications. <a href=\"http:\/\/journals.plos.org\/plosone\/article?id=10.1371\/journal.pone.0151820\" target=\"_blank\" rel=\"noopener\"><i>PLOS ONE <\/i><b>2016,<\/b> <i>11<\/i>, e0151820<\/a>.<\/p>\n<p><strong>Olsen, Elisabeth Klungerbo<\/strong><strong>; S\u00f8derholm, Kine<\/strong><strong>; Isaksson, Johan<\/strong><strong>; Andersen, Jeanette hammer<\/strong><strong>; Hansen, Espen<\/strong><strong>. <\/strong>Metabolomic Profiling Reveals the N-Acyl-Taurine Geodiataurine in Extracts from the Marine Sponge Geodia macandrewii (Bowerbank). <a href=\"http:\/\/pubs.acs.org\/doi\/abs\/10.1021\/acs.jnatprod.5b00966\" target=\"_blank\" rel=\"noopener\"><i>Journal of natural products (Print)<\/i> <strong>2016<\/strong>, <em>79<\/em>, 1285-1291<\/a><\/p>\n<p><strong>Olsen, Elisabeth Klungerbo<\/strong><strong>; Hansen, Espen<\/strong><strong>; Moodie, Lindon W.K<\/strong><strong>; Isaksson, Johan<\/strong><strong>; Sepcic, Kristina<\/strong><strong>; Cergolj, Marija<\/strong><strong>; Svenson, Johan<\/strong><strong>; Andersen, Jeanette hammer<\/strong><strong>. <\/strong>Marine AChE inhibitors isolated from Geodia barretti: natural compounds and their synthetic analogs. <a href=\"http:\/\/pubs.rsc.org\/en\/content\/articlelanding\/2016\/ob\/c5ob02416a#!divAbstract\" target=\"_blank\" rel=\"noopener\"><i>Organic and biomolecular chemistry<\/i> <strong>2016<\/strong>, <em>14<\/em>, 1629-1640<\/a><\/p>\n<p><strong>Capar, Jan<\/strong><strong>; Zonneveld, Job<\/strong><strong>; Berg, Steffen<\/strong><strong>; Isaksson, Johan<\/strong><strong>; Gagnon, Kevin J.<\/strong><strong>; Thomas, Kolle E.<\/strong><strong>; Ghosh, Abhik<\/strong><strong>. <\/strong>Demetalation of copper undecaarylcorroles: Molecular structures of a free-base undecaarylisocorrole and a gold undecaarylcorrole. <a href=\"http:\/\/www.sciencedirect.com\/science\/article\/pii\/S0162013416301891\" target=\"_blank\" rel=\"noopener\"><i>Journal of Inorganic Biochemistry<\/i> <strong>2016<\/strong>, <em>162<\/em>, 146-153<\/a>.<\/p>\n<h2><strong>2015<\/strong><\/h2>\n<p><strong>Demissie, Taye Beyene<\/strong><strong>; Kostenko, Nataliya<\/strong><strong>; Komorovsky, Stanislav<\/strong><strong>; Repisky, Michal<\/strong><strong>; Isaksson, Johan<\/strong><strong>; Bayer, Annette<\/strong><strong>; Ruud, Kenneth<\/strong><strong>. <\/strong>Experimental and four-component relativistic DFT studies of tungsten carbonyl complexes. <a href=\"http:\/\/onlinelibrary.wiley.com\/doi\/10.1002\/poc.3476\/abstract\" target=\"_blank\" rel=\"noopener\"><i>Journal of Physical Organic Chemistry<\/i> <strong>2015<\/strong>, <em>28<\/em> (12), 723-73<\/a><\/p>\n<h2><strong>2014<\/strong><\/h2>\n<p><strong>Sivertsen, Annfrid<\/strong><strong>; Isaksson, Johan<\/strong><strong>; Leiros, Hanna-Kirsti S.<\/strong><strong>; Svenson, Johan<\/strong><strong>; Svendsen, John Sigurd<\/strong><strong>; Brandsdal, Bj\u00f8rn Olav<\/strong><strong>. <\/strong>Synthetic cationic antimicrobial peptides bind with their hydrophobic parts to drug site II of human serum albumin. <a href=\"http:\/\/bmcstructbiol.biomedcentral.com\/articles\/10.1186\/1472-6807-14-4\" target=\"_blank\" rel=\"noopener\"><i>BMC Structural Biology<\/i> <strong>2014<\/strong>, <em>14<\/em>, 4<\/a><\/p>\n<p><strong>Sivertsen, Annfrid<\/strong><strong>; T\u00f8rfoss, Veronika<\/strong><strong>; Isaksson, Johan<\/strong><strong>; Ausbacher, Dominik<\/strong><strong>; Anderssen, Trude<\/strong><strong>; Brandsdal, Bj\u00f8rn Olav<\/strong><strong>; Havelkova, Martina<\/strong><strong>; Skj\u00f8rholm, Anne Elisabeth<\/strong><strong>; Str\u00f8m, Morten B.<\/strong><strong>. <\/strong><br \/>\nAnticancer potency of small linear and cyclic tetrapeptides and pharmacokinetic investigations of peptide binding to human serum albumin. <a href=\"http:\/\/onlinelibrary.wiley.com\/doi\/10.1002\/psc.2615\/full\" target=\"_blank\" rel=\"noopener\"><i>Journal of Peptide Science<\/i> <strong>2014<\/strong> ;Volum 20.(4) s. 279-291<\/a><\/p>\n<p><strong>Trepos, R.; Cervin, G.; Hellio, C.; Pavia, H.; Stensen, W.; Stensv\u00e5g, K.; Svendsen, J.-S.; Haug, T.; Svenson, J<\/strong>., Antifouling Compounds from the Sub-Arctic Ascidian Synoicum pulmonaria: Synoxazolidinones A and C, Pulmonarins A and B, and Synthetic Analogues. <a href=\"http:\/\/pubs.acs.org\/doi\/abs\/10.1021\/np5005032\" target=\"_blank\" rel=\"noopener\"><i>Journal of Natural Products <\/i><b>2014,<\/b> <i>77<\/i>, 2105-2113<\/a>.<\/p>\n<h2><strong>2013<\/strong><\/h2>\n<p><strong>Xiaojun Li, Kathrin H. Hopmann,* Jana Hudecova\u0301, Johan Isaksson, Jana Novotna\u0301, Wenche Stensen, Valery Andrushchenko, Marie Urbanova\u0301, John-Sigurd Svendsen, Petr Bour\u030c* and Kenneth Ruud,<\/strong> Determination of Absolute Configuration and Conformation of a Cyclic Dipeptide by NMR and Chiral Spectroscopic Methods. <a href=\"http:\/\/pubs.acs.org\/doi\/abs\/10.1021\/jp311151h\" target=\"_blank\" rel=\"noopener\"><em>J. Phys. Chem. A<\/em> <strong>2013<\/strong>, <em>117<\/em>, 1721-1736<\/a>.<\/p>\n<p><strong>Elisabeth Klungerbo Olsen ,* Espen Hansen, Johan Isaksson and Jeanette H. Andersen, <\/strong>Cellular antioxidant effect of four bromophenols from the red algae Vertebrata lanosa. <a href=\"http:\/\/www.mdpi.com\/1660-3397\/11\/8\/2769\" target=\"_blank\" rel=\"noopener\"><em>Mar. Drugs<\/em> <strong>2013<\/strong>, <em>11<\/em>, 2769-2784<\/a>.<\/p>\n<p><strong>Taye B. Demissie, Michal Repisky, Stanislav Komorovsky, Johan Isaksson, John S. Svendsen, Helena Dodziuk and Kenneth Ruud,* <\/strong>Four-component relativistic chemical shift calculations of halogenated organic compounds. <a href=\"http:\/\/onlinelibrary.wiley.com\/doi\/10.1002\/poc.3157\/abstract\" target=\"_blank\" rel=\"noopener\"><em>J. Phys. Org. Chem.<\/em> <strong>2013<\/strong>, <em>26<\/em>, 679-687<\/a>.<\/p>\n<h2><strong>2012<\/strong><\/h2>\n<p><strong>Kine \u00d8. Hanssen, Bruno Schuler, Antony J. Williams, Taye B. Demissie, Espen Hansen, Jeanette H. Andersen, Johan Svenson, Kirill Blinov, Michal Repisky, Fabian Mohn, Gerhard Meyer, John-Sigurd Svendsen, Kenneth Ruud, Mikhail Elyashberg, Leo Gross, Marcel Jaspars,* and Johan Isaksson,*<\/strong> A Combined Atomic Force Microscopy and Computational Approach for the Structural Elucidation of Breitfussin A and B: Highly Modified Halogenated Dipeptides from Thuiaria breitfussi. <a href=\"http:\/\/onlinelibrary.wiley.com\/doi\/10.1002\/anie.201203960\/abstract\" target=\"_blank\" rel=\"noopener\"><em>Angew. Chem. Int. Ed.<\/em> <strong>2012<\/strong>, <em>51<\/em>, 12238-12241<\/a>.<\/p>\n<p><strong>Veronika T\u00f8rfoss, Johan Isaksson, Dominik Ausbacher, Bj\u00f8rn-Olav Brandsdal, G\u00f8ril E. Flaten, Trude Anderssen, Cristiane de A. Cavalcanti-Jacobsen, Martina Havelkova, Leonard T. Nguyen, Hans J. Vogel and Morten B. Str\u00f8m,*<\/strong> Improved anticancer potency by head-to-tail cyclization of short cationic anticancer peptides containing a lipophilic b2,2-amino acid. <a href=\"http:\/\/onlinelibrary.wiley.com\/doi\/10.1002\/psc.2441\/abstract\" target=\"_blank\" rel=\"noopener\"><em>J. Pept. Sci.<\/em> <strong>2012<\/strong>, 18, 609-619<\/a>.<\/p>\n<p>Hopmann, K. H.; \u0160ebest\u00edk, J.; Novotn\u00e1, J.; Stensen, W.; Urbanov\u00e1, M.; Svenson, J.; Svendsen, J. S.; Bou\u0159, P.; Ruud, K., Determining the Absolute Configuration of Two Marine Compounds Using Vibrational Chiroptical Spectroscopy. <i>The <a href=\"http:\/\/pubs.acs.org\/doi\/abs\/10.1021\/jo201598x\" target=\"_blank\" rel=\"noopener\">Journal of Organic Chemistry <\/a><\/i><b>2012,<\/b> <i>77<\/i>, 858-869.<\/p>\n<h2><strong>2011<\/strong><\/h2>\n<p><strong>Johan Isaksson, Bj\u00f8rn O. Brandsdal, Magnus Engqvist, G\u00f8ril Eide Flaten, John S. Mj\u00f8en Svendsen and Wenche Stensen.* <\/strong>A Synthetic Antimicrobial Peptidomimetic (LTX 109): Stereochemical Impact on Membrane Disruption. <a href=\"http:\/\/pubs.acs.org\/doi\/abs\/10.1021\/jm200450h\" target=\"_blank\" rel=\"noopener\"><em>J. Med. Chem.<\/em> <strong>2011<\/strong>, <em>54<\/em>, 5786-5795<\/a>.<\/p>\n<p><strong>Tadesse, M.; Svenson, J.; Jaspars, M.; Str\u00f8m, M. B.; Abdelrahman, M. H.; Andersen, J. H.; Hansen, E.; Kristiansen, P. E.; Stensv\u00e5g, K.; Haug, T.<\/strong>, Synoxazolidinone C; a bicyclic member of the synoxazolidinone family with antibacterial and anticancer activities. <a href=\"http:\/\/www.sciencedirect.com\/science\/article\/pii\/S0040403911002395\" target=\"_blank\" rel=\"noopener\"><i>Tetrahedron Letters <\/i><b>2011,<\/b> <i>52<\/i>, 1804-1806<\/a>.<\/p>\n<h2><strong>2010<\/strong><\/h2>\n<p>Tadesse, M.; Str\u00f8m, M. B.; Svenson, J.; Jaspars, M.; Milne, B. F.; T\u00f8rfoss, V.; Andersen, J. H.; Hansen, E.; Stensv\u00e5g, K.; Haug, T., Synoxazolidinones A and B: Novel Bioactive Alkaloids from the Ascidian Synoicum pulmonaria. <a href=\"http:\/\/pubs.acs.org\/doi\/abs\/10.1021\/ol101707u\" target=\"_blank\" rel=\"noopener\"><i>Organic Letters <\/i><b>2010,<\/b> <i>12<\/i>, 4752-4755<\/a>.<\/p>\n","protected":false},"excerpt":{"rendered":"<p>2024 2023 Maxim S Bril\u2019kov, Victoria Stenbakk, Martin Jakubec, Terje Vasskog, Tone Kristoffersen, Jorunn Pauline Cavanagh, Johanna U Ericson, Johan Isaksson, G\u00f8ril Eide Flaten, Bacterial extracellular vesicles: towards realistic models for bacterial membranes in molecular interaction studies by surface plasmon &hellip; <a href=\"https:\/\/site.uit.no\/smallstruct\/publications\/\">Continue reading <span class=\"meta-nav\">&rarr;<\/span><\/a><\/p>\n","protected":false},"author":709,"featured_media":0,"parent":0,"menu_order":0,"comment_status":"closed","ping_status":"closed","template":"","meta":{"footnotes":""},"class_list":["post-130","page","type-page","status-publish","hentry"],"_links":{"self":[{"href":"https:\/\/site.uit.no\/smallstruct\/wp-json\/wp\/v2\/pages\/130","targetHints":{"allow":["GET"]}}],"collection":[{"href":"https:\/\/site.uit.no\/smallstruct\/wp-json\/wp\/v2\/pages"}],"about":[{"href":"https:\/\/site.uit.no\/smallstruct\/wp-json\/wp\/v2\/types\/page"}],"author":[{"embeddable":true,"href":"https:\/\/site.uit.no\/smallstruct\/wp-json\/wp\/v2\/users\/709"}],"replies":[{"embeddable":true,"href":"https:\/\/site.uit.no\/smallstruct\/wp-json\/wp\/v2\/comments?post=130"}],"version-history":[{"count":3,"href":"https:\/\/site.uit.no\/smallstruct\/wp-json\/wp\/v2\/pages\/130\/revisions"}],"predecessor-version":[{"id":168,"href":"https:\/\/site.uit.no\/smallstruct\/wp-json\/wp\/v2\/pages\/130\/revisions\/168"}],"wp:attachment":[{"href":"https:\/\/site.uit.no\/smallstruct\/wp-json\/wp\/v2\/media?parent=130"}],"curies":[{"name":"wp","href":"https:\/\/api.w.org\/{rel}","templated":true}]}}