{"id":231,"date":"2021-06-07T16:02:00","date_gmt":"2021-06-07T14:02:00","guid":{"rendered":"https:\/\/site.uit.no\/sommerseminaret2020\/?page_id=231"},"modified":"2021-06-07T21:35:37","modified_gmt":"2021-06-07T19:35:37","slug":"program","status":"publish","type":"page","link":"https:\/\/site.uit.no\/sommerseminaret2020\/program\/","title":{"rendered":"Program"},"content":{"rendered":"<h5>Programmet kan lastes ned herfra:\u00a0<a href=\"https:\/\/site.uit.no\/sommerseminaret2020\/wp-content\/uploads\/sites\/446\/2021\/06\/Program-NORKOGs-Sommerseminar-2021.pdf\" target=\"_blank\" rel=\"noopener\">Program &#8211; NORKOGs Sommerseminar 2021<\/a><\/h5>\n<h5>Book of abstracts:\u00a0<a href=\"https:\/\/site.uit.no\/sommerseminaret2020\/wp-content\/uploads\/sites\/446\/2021\/06\/Book-of-Abstracts-NORKOGs-Sommerseminar_2021.pdf\">Book of Abstracts NORKOGs Sommerseminar_2021<\/a><\/h5>\n<hr \/>\n<h5>Dato: \u00a0 torsdag 10. juni og fredag 11. juni<\/h5>\n<h5>Tid: \u00a0 \u00a0 \u00a09.00-15.00 p\u00e5 torsdag og 9.15-15.25 p\u00e5 fredag<\/h5>\n<h5>Sted: \u00a0 Zoom<\/h5>\n<hr \/>\n<h5>Vi skal ha foredrag p\u00e5 20 minutter pluss 10 minutter til sp\u00f8rsm\u00e5l og overgang til neste foredrag.<\/h5>\n<hr \/>\n<h4><strong>10. juni 2021<\/strong><\/h4>\n<table width=\"699\">\n<tbody>\n<tr>\n<td width=\"151\">09.00\u201409.15<\/td>\n<td width=\"548\"><strong>Velkomsttale<\/strong><\/p>\n<p>Tore Nesset<\/td>\n<\/tr>\n<tr>\n<td width=\"151\">09.15\u201410.15<\/td>\n<td width=\"548\">Del 1<\/p>\n<p>Ordstyrer: Tore Nesset<\/td>\n<\/tr>\n<tr>\n<td width=\"151\">09.15\u201409.45<\/td>\n<td width=\"548\"><strong>Rik morfologi og kognitive realiteter<\/strong><\/p>\n<p>Laura Janda, UiT<\/td>\n<\/tr>\n<tr>\n<td width=\"151\">09.45\u201410.15<\/td>\n<td width=\"548\"><strong>\u00c5r etter \u00e5r og skritt for skritt: ei samanlikning av to norske NPN-konstruksjonar<\/strong><\/p>\n<p>Torodd Kinn, UiB<\/td>\n<\/tr>\n<tr>\n<td width=\"151\">10.15\u201410.30<\/td>\n<td width=\"548\">Kaffepause<\/td>\n<\/tr>\n<tr>\n<td width=\"151\">10.30\u201411.00<\/td>\n<td width=\"548\">Del 2<\/p>\n<p>Ordstyrer: Laura Janda<\/td>\n<\/tr>\n<tr>\n<td width=\"151\">10.30\u201411.00<\/td>\n<td width=\"548\"><strong>Politiet er sikker\/sikkert\/sikre?<\/strong><\/p>\n<p>Tore Nesset, UiT og Hans-Olav Enger, UiO<\/td>\n<\/tr>\n<tr>\n<td width=\"151\">11.00\u201411.30<\/td>\n<td width=\"548\"><strong>Metonymien si rolle i vitskapsspr\u00e5k<\/strong><\/p>\n<p>Helga Manns\u00e5ker, UiB<\/td>\n<\/tr>\n<tr>\n<td width=\"151\">11.30\u201412.15<\/td>\n<td width=\"548\">Lunsj<\/td>\n<\/tr>\n<tr>\n<td width=\"151\">12.15\u201413.15<\/td>\n<td width=\"548\">Plenarforedrag:\u00a0<strong>Gender obalans i engelskan och svenskan<\/strong><\/p>\n<p>Maarten Lemmens, Universit\u00e9 de Lille<\/p>\n<p>Ordstyrer: Tore Nesset<\/td>\n<\/tr>\n<tr>\n<td width=\"151\">13.15\u201413.30<\/td>\n<td width=\"548\">Kaffepause<\/td>\n<\/tr>\n<tr>\n<td width=\"151\">13.30\u201415.00<\/td>\n<td width=\"548\">Del 3<\/p>\n<p>Ordstyrer: Svetlana Sokolova<\/td>\n<\/tr>\n<tr>\n<td width=\"151\">13.30\u201414.00<\/td>\n<td width=\"548\"><strong>Det russiske konstruktikonet: Hvordan vi bygger en database med syntaktiske<\/strong><\/p>\n<p><strong>konstruksjoner<\/strong><\/p>\n<p>Anna Endresen, Laura Janda og Tore Nesset, UiT<\/td>\n<\/tr>\n<tr>\n<td width=\"151\">14.00\u201414.30<\/td>\n<td width=\"548\"><strong>Sound symbolic potential of Russian aural-motor imitatives: evidence from eye-tracking<\/strong><\/p>\n<p>Oksana Kanerva, Helsingfors universitet<\/td>\n<\/tr>\n<tr>\n<td width=\"151\">14.30\u201415.00<\/td>\n<td width=\"548\"><strong>Multimodal analyse av spatiale beskrivelser i norsk tegnspr\u00e5k<\/strong><\/p>\n<p>Torill Rings\u00f8, NTNU<\/td>\n<\/tr>\n<\/tbody>\n<\/table>\n<hr \/>\n<h4><strong>11. juni 2021<\/strong><\/h4>\n<table width=\"699\">\n<tbody>\n<tr>\n<td width=\"151\">09.15\u201410.15<\/td>\n<td width=\"548\">Del 4<\/p>\n<p>Ordstyrer: Laura Janda<\/td>\n<\/tr>\n<tr>\n<td width=\"151\">09.15\u201409.45<\/td>\n<td width=\"548\"><strong>Hvordan oversette norske deverbale sammensetninger til russisk?<\/strong><\/p>\n<p>Tore Nesset, UiT<\/td>\n<\/tr>\n<tr>\n<td width=\"151\">09.45\u201410.15<\/td>\n<td width=\"548\"><strong>Hva kan ordletingsstrategiene til flerspr\u00e5klige personer med demens fortelle oss om deres mentale leksikon?<\/strong><\/p>\n<p>Pernille Hansen, INN og Hanne Gram Simonsen, UiO<\/td>\n<\/tr>\n<tr>\n<td width=\"151\">10.15\u201410.30<\/td>\n<td width=\"548\">Kaffepause<\/td>\n<\/tr>\n<tr>\n<td width=\"151\">10.30\u201411.30<\/td>\n<td width=\"548\">Del 5<\/p>\n<p>Ordstyrer: Tore Nesset<\/td>\n<\/tr>\n<tr>\n<td width=\"151\">10.30\u201411.00<\/td>\n<td width=\"548\"><strong>Aspekt i sekvens<\/strong><\/p>\n<p>Svetlana Sokolova, UiT<\/td>\n<\/tr>\n<tr>\n<td width=\"151\">11.00\u201411.30<\/td>\n<td width=\"548\"><strong>Setningsforst\u00e5else hos personer med Alzheimers sykdom og prim\u00e6r progressiv afasi<\/strong><\/p>\n<p>Ingeborg Ribu, UiO og Ekaterina Kuzmina, Unacast<\/td>\n<\/tr>\n<tr>\n<td width=\"151\">11.30\u201412.15<\/td>\n<td width=\"548\">Lunsj<\/td>\n<\/tr>\n<tr>\n<td width=\"151\">12.15\u201413.15<\/td>\n<td width=\"548\">Plenarforedrag:\u00a0<strong>Siste reis: konstruksjoner p\u00e5 d\u00f8dsleiet<\/strong><\/p>\n<p>Hanne Eckoff, University of Oxford<\/p>\n<p>Ordstyrer: Laura Janda<\/td>\n<\/tr>\n<tr>\n<td width=\"151\">13.15\u201414.00<\/td>\n<td width=\"548\"><strong>NORKOG forretningsm\u00f8te<\/strong><\/p>\n<p>Valg av styre, administrative sp\u00f8rsm\u00e5l og planlegging av fremtidige konferanser<\/td>\n<\/tr>\n<tr>\n<td width=\"151\">14.00\u201414.15<\/td>\n<td width=\"548\">Kaffepause<\/td>\n<\/tr>\n<tr>\n<td width=\"151\">14.15\u201415.15<\/td>\n<td width=\"548\">Del 6<\/p>\n<p>Ordstyrer: Anna Endresen<\/td>\n<\/tr>\n<tr>\n<td width=\"151\">14.15\u201414.45<\/td>\n<td width=\"548\"><strong>N\u00e5r fremtid ikke er fremtid: bruksbasert analyse av russiske futurum-konstruksjoner<\/strong><\/p>\n<p>Daria Kosheleva, UiT<\/td>\n<\/tr>\n<tr>\n<td width=\"151\">14.45\u201415.15<\/td>\n<td width=\"548\"><strong>Sammenhengen mellom ordforr\u00e5d og grammatikk i kartleggingsresultater<\/strong><\/p>\n<p>Pernille Hansen, UiO og Elisabeth Holm, OsloMet<\/td>\n<\/tr>\n<tr>\n<td width=\"151\">15.15\u201415.25<\/td>\n<td width=\"548\"><strong>Avslutningsord<\/strong><\/p>\n<p>Laura Janda<\/td>\n<\/tr>\n<\/tbody>\n<\/table>\n<p>&nbsp;<\/p>\n<p>&nbsp;<\/p>\n","protected":false},"excerpt":{"rendered":"<p>Programmet kan lastes ned herfra:\u00a0Program &#8211; NORKOGs Sommerseminar 2021 Book of abstracts:\u00a0Book of Abstracts NORKOGs Sommerseminar_2021 Dato: \u00a0 torsdag 10. juni og fredag 11. juni Tid: \u00a0 \u00a0 \u00a09.00-15.00 p\u00e5 torsdag og 9.15-15.25 p\u00e5 fredag Sted: \u00a0 Zoom Vi skal &hellip; <a href=\"https:\/\/site.uit.no\/sommerseminaret2020\/program\/\">Continued<\/a><\/p>\n","protected":false},"author":1052,"featured_media":0,"parent":0,"menu_order":0,"comment_status":"closed","ping_status":"closed","template":"","meta":{"footnotes":""},"class_list":["post-231","page","type-page","status-publish","hentry"],"_links":{"self":[{"href":"https:\/\/site.uit.no\/sommerseminaret2020\/wp-json\/wp\/v2\/pages\/231","targetHints":{"allow":["GET"]}}],"collection":[{"href":"https:\/\/site.uit.no\/sommerseminaret2020\/wp-json\/wp\/v2\/pages"}],"about":[{"href":"https:\/\/site.uit.no\/sommerseminaret2020\/wp-json\/wp\/v2\/types\/page"}],"author":[{"embeddable":true,"href":"https:\/\/site.uit.no\/sommerseminaret2020\/wp-json\/wp\/v2\/users\/1052"}],"replies":[{"embeddable":true,"href":"https:\/\/site.uit.no\/sommerseminaret2020\/wp-json\/wp\/v2\/comments?post=231"}],"version-history":[{"count":15,"href":"https:\/\/site.uit.no\/sommerseminaret2020\/wp-json\/wp\/v2\/pages\/231\/revisions"}],"predecessor-version":[{"id":261,"href":"https:\/\/site.uit.no\/sommerseminaret2020\/wp-json\/wp\/v2\/pages\/231\/revisions\/261"}],"wp:attachment":[{"href":"https:\/\/site.uit.no\/sommerseminaret2020\/wp-json\/wp\/v2\/media?parent=231"}],"curies":[{"name":"wp","href":"https:\/\/api.w.org\/{rel}","templated":true}]}}