{"id":30,"date":"2019-10-31T22:09:41","date_gmt":"2019-10-31T21:09:41","guid":{"rendered":"https:\/\/site.uit.no\/sommerseminaret2020\/?page_id=30"},"modified":"2020-01-24T15:20:30","modified_gmt":"2020-01-24T14:20:30","slug":"sammendrag","status":"publish","type":"page","link":"https:\/\/site.uit.no\/sommerseminaret2020\/sammendrag\/","title":{"rendered":"Sammendrag"},"content":{"rendered":"<h2>Retningslinjer for innlevering av sammendrag<\/h2>\n<ul>\n<li>\n<h5>Sammendrag m\u00e5 v\u00e6re\u00a0anonymisert, max 500 ord inkludert tittel og referanser.<\/h5>\n<\/li>\n<li>\n<h5>Alle sammendrag m\u00e5 sendes inn gjennom EasyChair.\u00a0Lenke\u00a0for levering av sammendrag:\u00a0<a href=\"http:\/\/easychair.org\/conferences\/?conf=norkog2020\">http:\/\/easychair.org\/conferences\/?conf=norkog2020<\/a><\/h5>\n<\/li>\n<li>\n<h5>\u00c9n person kan sende inn en abstrakt som eneste forfatter og en som medforfatter (ikke f\u00f8rsteforfatter) eller to abstrakter som medforfatter (kun \u00e9n abstrakt som f\u00f8rsteforfatter).<\/h5>\n<\/li>\n<\/ul>\n","protected":false},"excerpt":{"rendered":"<p>Retningslinjer for innlevering av sammendrag Sammendrag m\u00e5 v\u00e6re\u00a0anonymisert, max 500 ord inkludert tittel og referanser. Alle sammendrag m\u00e5 sendes inn gjennom EasyChair.\u00a0Lenke\u00a0for levering av sammendrag:\u00a0http:\/\/easychair.org\/conferences\/?conf=norkog2020 \u00c9n person kan sende inn en abstrakt som eneste forfatter og en som medforfatter (ikke &hellip; <a href=\"https:\/\/site.uit.no\/sommerseminaret2020\/sammendrag\/\">Continued<\/a><\/p>\n","protected":false},"author":1063,"featured_media":0,"parent":0,"menu_order":2,"comment_status":"closed","ping_status":"closed","template":"","meta":{"footnotes":""},"class_list":["post-30","page","type-page","status-publish","hentry"],"_links":{"self":[{"href":"https:\/\/site.uit.no\/sommerseminaret2020\/wp-json\/wp\/v2\/pages\/30","targetHints":{"allow":["GET"]}}],"collection":[{"href":"https:\/\/site.uit.no\/sommerseminaret2020\/wp-json\/wp\/v2\/pages"}],"about":[{"href":"https:\/\/site.uit.no\/sommerseminaret2020\/wp-json\/wp\/v2\/types\/page"}],"author":[{"embeddable":true,"href":"https:\/\/site.uit.no\/sommerseminaret2020\/wp-json\/wp\/v2\/users\/1063"}],"replies":[{"embeddable":true,"href":"https:\/\/site.uit.no\/sommerseminaret2020\/wp-json\/wp\/v2\/comments?post=30"}],"version-history":[{"count":7,"href":"https:\/\/site.uit.no\/sommerseminaret2020\/wp-json\/wp\/v2\/pages\/30\/revisions"}],"predecessor-version":[{"id":188,"href":"https:\/\/site.uit.no\/sommerseminaret2020\/wp-json\/wp\/v2\/pages\/30\/revisions\/188"}],"wp:attachment":[{"href":"https:\/\/site.uit.no\/sommerseminaret2020\/wp-json\/wp\/v2\/media?parent=30"}],"curies":[{"name":"wp","href":"https:\/\/api.w.org\/{rel}","templated":true}]}}