{"id":36,"date":"2019-10-31T22:22:50","date_gmt":"2019-10-31T21:22:50","guid":{"rendered":"https:\/\/site.uit.no\/sommerseminaret2020\/?page_id=36"},"modified":"2020-03-10T13:17:37","modified_gmt":"2020-03-10T12:17:37","slug":"tromso","status":"publish","type":"page","link":"https:\/\/site.uit.no\/sommerseminaret2020\/tromso\/","title":{"rendered":"Troms\u00f8"},"content":{"rendered":"<h2>Praktisk informasjon om Troms\u00f8 og UiT<\/h2>\n<h4><span style=\"text-decoration: underline\"><strong>V\u00c6R<\/strong><\/span><\/h4>\n<ul>\n<li>Selv om konferansen finner sted i juni, kan v\u00e6ret i Troms\u00f8 endre seg fra \u00e9n dag til den neste. Det kan til og med hende at det fortsatt ligger litt sn\u00f8!<\/li>\n<li>For \u00e5 sjekke v\u00e6ret:\u00a0<a href=\"https:\/\/www.yr.no\/place\/Norway\/Troms\/Troms\u00f8\/Troms\u00f8\/long.html\" target=\"_blank\" rel=\"noopener\">https:\/\/www.yr.no\/place\/Norway\/Troms\/Troms\u00f8\/Troms\u00f8\/long.html<\/a><\/li>\n<\/ul>\n<p>&nbsp;<\/p>\n<h4><span style=\"text-decoration: underline\"><strong>RUNDT I TROMS\u00d8<\/strong><\/span><\/h4>\n<ul>\n<li>Et kart av Troms\u00f8: <a href=\"http:\/\/www.bykart.eu\/tromso.html\" target=\"_blank\" rel=\"noopener\">http:\/\/www.bykart.eu\/tromso.html<\/a><\/li>\n<li>For \u00e5 finne ut hva som skjer i Troms\u00f8:\u00a0<a href=\"https:\/\/www.visittromso.no\/no\/Turistinfo\" target=\"_blank\" rel=\"noopener\">https:\/\/www.visittromso.no\/no\/Turistinfo<\/a><\/li>\n<\/ul>\n<p>&nbsp;<\/p>\n<h4><span style=\"text-decoration: underline\"><strong>BUSS I TROMS\u00d8<\/strong><\/span><\/h4>\n<ul>\n<li>Bussene i Troms\u00f8 tar\u00a0<strong>IKKE<\/strong> imot betaling med kort p\u00e5 bussen.<\/li>\n<li>Enkel bussbillett:\u00a0<strong>50 NOK<\/strong><\/li>\n<li>Dersom man laster ned appen\u00a0<strong>Troms Mobillett<\/strong> (tilgjengelig b\u00e5de i AppStore og Google Play) koster en enkel bussbillett\u00a0<strong>35 NOK<\/strong><\/li>\n<li>Fra\u00a0<strong>Flyplassen<\/strong> til\u00a0<strong>S<\/strong><strong>entrum:<\/strong>\u00a0<strong>42<\/strong> bussen retning\u00a0<strong>Stakkevollan<\/strong>, eller\u00a0<strong>40<\/strong> bussen retning\u00a0<strong>Sentrum.<\/strong><\/li>\n<li>Fra\u00a0<strong>Sentrum<\/strong> til\u00a0<strong>UiT: 20\u00a0<\/strong>bussen retning\u00a0<strong>Stakkevollan<\/strong>, eller\u00a0<strong>34<\/strong> bussen retning\u00a0<strong>UiT\/UNN.<\/strong><\/li>\n<li>Fra\u00a0<strong>Sentrum\u00a0<\/strong>til\u00a0<strong>Flyplassen<\/strong><strong>: 42<\/strong> bussen retning\u00a0<strong>Eidkjosen<\/strong>, eller\u00a0<strong>40<\/strong> bussen retning\u00a0<strong>Slettaelva<\/strong>.<\/li>\n<li>For oppdatert informasjon om bussene i Troms\u00f8: Last ned appen\u00a0<strong>TromsReise.<\/strong>\u00a0For sanntidsinformasjon om bussrutene, eller nettsiden deres:\u00a0<a href=\"https:\/\/www.tromskortet.no\/?lang=no_NO\" target=\"_blank\" rel=\"noopener\">https:\/\/www.tromskortet.no\/?lang=no_NO<\/a><\/li>\n<\/ul>\n<p>&nbsp;<\/p>\n<h4><span style=\"text-decoration: underline\"><strong>UiT CAMPUS<\/strong><\/span><\/h4>\n<ul>\n<li>For \u00e5 finne deg frem p\u00e5 campus, bruk dette kartet for \u00e5 s\u00f8ke opp rom:\u00a0<a href=\"https:\/\/uit.no\/campustromso\" target=\"_blank\" rel=\"noopener\">https:\/\/uit.no\/campustromso<\/a><\/li>\n<\/ul>\n","protected":false},"excerpt":{"rendered":"<p>Praktisk informasjon om Troms\u00f8 og UiT V\u00c6R Selv om konferansen finner sted i juni, kan v\u00e6ret i Troms\u00f8 endre seg fra \u00e9n dag til den neste. Det kan til og med hende at det fortsatt ligger litt sn\u00f8! For \u00e5 &hellip; <a href=\"https:\/\/site.uit.no\/sommerseminaret2020\/tromso\/\">Continued<\/a><\/p>\n","protected":false},"author":1063,"featured_media":0,"parent":0,"menu_order":5,"comment_status":"closed","ping_status":"closed","template":"","meta":{"footnotes":""},"class_list":["post-36","page","type-page","status-publish","hentry"],"_links":{"self":[{"href":"https:\/\/site.uit.no\/sommerseminaret2020\/wp-json\/wp\/v2\/pages\/36","targetHints":{"allow":["GET"]}}],"collection":[{"href":"https:\/\/site.uit.no\/sommerseminaret2020\/wp-json\/wp\/v2\/pages"}],"about":[{"href":"https:\/\/site.uit.no\/sommerseminaret2020\/wp-json\/wp\/v2\/types\/page"}],"author":[{"embeddable":true,"href":"https:\/\/site.uit.no\/sommerseminaret2020\/wp-json\/wp\/v2\/users\/1063"}],"replies":[{"embeddable":true,"href":"https:\/\/site.uit.no\/sommerseminaret2020\/wp-json\/wp\/v2\/comments?post=36"}],"version-history":[{"count":7,"href":"https:\/\/site.uit.no\/sommerseminaret2020\/wp-json\/wp\/v2\/pages\/36\/revisions"}],"predecessor-version":[{"id":195,"href":"https:\/\/site.uit.no\/sommerseminaret2020\/wp-json\/wp\/v2\/pages\/36\/revisions\/195"}],"wp:attachment":[{"href":"https:\/\/site.uit.no\/sommerseminaret2020\/wp-json\/wp\/v2\/media?parent=36"}],"curies":[{"name":"wp","href":"https:\/\/api.w.org\/{rel}","templated":true}]}}