{"id":836,"date":"2015-06-08T09:33:46","date_gmt":"2015-06-08T07:33:46","guid":{"rendered":"https:\/\/site.uit.no\/spaceweather\/?page_id=836"},"modified":"2023-01-05T12:31:30","modified_gmt":"2023-01-05T11:31:30","slug":"ionospheric-soundings","status":"publish","type":"page","link":"https:\/\/site.uit.no\/spaceweather\/data-and-products\/ionospheric-conditions\/ionospheric-soundings\/","title":{"rendered":"Ionospheric Soundings"},"content":{"rendered":"<div class=\"responsive-tabs\">\n<h2 class=\"tabtitle\">Troms\u00f8 real-time ionogram<\/h2>\n<div class=\"tabcontent\">\n\n<p style=\"text-align: justify\">\t<script>\n\t    setInterval(function()\n        {\n            if(document.hasFocus()){\n               d = new Date();\n               image = jQuery('img#image_autorefresh_gqP7sKz6dG');\n               if(image.data(\"query\") == ''){\n\t               image.attr(\"src\", image.data(\"src\") + \"?\" + d.getTime());\n               }else{\n\t               image.attr(\"src\", image.data(\"src\") + \"?\" + d.getTime() + \"&\" + image.data(\"query\"));\n               }    \n            }\n        }, 10000);\n\n\t<\/script>\n\n\t<div class=\"aligncenter\">\n\t<img decoding=\"async\" src=\"http:\/\/www.tgo.uit.no\/ionosonde\/latest.png\" \n\t\t data-src=\"http:\/\/www.tgo.uit.no\/ionosonde\/latest.png\"\n\t     data-query=\"\"\n\t     alt=\"\"\t\n\t     class=\"image_autorefresh\" \n\t     id=\"image_autorefresh_gqP7sKz6dG\"\n\t     data-refresh=\"10\"\n\t     \t     \t     >\n\t\t<\/div>\n\t<\/p>\n\n<\/div><h2 class=\"tabtitle\">Ny-\u00c5lesund real-time ionogram<\/h2>\n<div class=\"tabcontent\">\n\n<p style=\"text-align: justify\">\t<script>\n\t    setInterval(function()\n        {\n            if(document.hasFocus()){\n               d = new Date();\n               image = jQuery('img#image_autorefresh_xXq0io5Yct');\n               if(image.data(\"query\") == ''){\n\t               image.attr(\"src\", image.data(\"src\") + \"?\" + d.getTime());\n               }else{\n\t               image.attr(\"src\", image.data(\"src\") + \"?\" + d.getTime() + \"&\" + image.data(\"query\"));\n               }    \n            }\n        }, 10000);\n\n\t<\/script>\n\n\t<div class=\"aligncenter\">\n\t<img decoding=\"async\" src=\"https:\/\/geo.phys.uit.no\/ionosondeNAL\/REALTIME\/latest.png\" \n\t\t data-src=\"https:\/\/geo.phys.uit.no\/ionosondeNAL\/REALTIME\/latest.png\"\n\t     data-query=\"\"\n\t     alt=\"\"\t\n\t     class=\"image_autorefresh\" \n\t     id=\"image_autorefresh_xXq0io5Yct\"\n\t     data-refresh=\"10\"\n\t     \t     \t     >\n\t\t<\/div>\n\t<\/p>\n\n<\/div><h2 class=\"tabtitle\">Information<\/h2>\n<div class=\"tabcontent\">\n\n<p>Ionospheric soundings are performed by so called ionosondes. Ionosondes are radar systems that sweep their transmitted frequency from 1 MHz to about 20 MHz. This is the same frequency band as the resonant frequency of electrons in the overhead ionosphere. These electrons will reflect the signal from the ionosonde. Since the resonant frequency is proportional to the electron density and the density varies as function of height, the ionosonde signal is reflected from different altitudes, enabling the possibility to determine the electron density profile (electron density as function of height).<\/p>\n<p>The information from the ionosonde aids users of HF communication systems to choose the appropriate frequency for their operations under the current conditions. Modern ionosondes have additional capabilities such as measuring the location of the reflection in the ionosphere (angle of arrival) and the drift velocity of the ionosphere. The data from an ionosonde is normally represented as a chart where the received signal is placed according to their frequency and apparent altitude of reflection, the angle of arrival is indicated by a color code.<\/p>\n<p>Troms\u00f8 Geophysical Observatory operates a Lowel Digisonde outside Troms\u00f8 and a Canadian Advanced Digital Ionosonde (CADI) in Ny-\u00c5lesund on Svalbard.<\/p>\n<\/div><\/div>\n","protected":false},"excerpt":{"rendered":"<p>Ionospheric soundings are performed by so called ionosondes. Ionosondes are radar systems that sweep their transmitted frequency from 1 MHz to about 20 MHz. This is the same frequency band as the resonant frequency of electrons in the overhead ionosphere. These electrons will reflect the signal from the ionosonde. Since &#8230;<\/p>\n","protected":false},"author":527,"featured_media":0,"parent":1088,"menu_order":0,"comment_status":"closed","ping_status":"closed","template":"","meta":{"footnotes":""},"class_list":["post-836","page","type-page","status-publish","hentry","column","threecol"],"_links":{"self":[{"href":"https:\/\/site.uit.no\/spaceweather\/wp-json\/wp\/v2\/pages\/836","targetHints":{"allow":["GET"]}}],"collection":[{"href":"https:\/\/site.uit.no\/spaceweather\/wp-json\/wp\/v2\/pages"}],"about":[{"href":"https:\/\/site.uit.no\/spaceweather\/wp-json\/wp\/v2\/types\/page"}],"author":[{"embeddable":true,"href":"https:\/\/site.uit.no\/spaceweather\/wp-json\/wp\/v2\/users\/527"}],"replies":[{"embeddable":true,"href":"https:\/\/site.uit.no\/spaceweather\/wp-json\/wp\/v2\/comments?post=836"}],"version-history":[{"count":14,"href":"https:\/\/site.uit.no\/spaceweather\/wp-json\/wp\/v2\/pages\/836\/revisions"}],"predecessor-version":[{"id":5184,"href":"https:\/\/site.uit.no\/spaceweather\/wp-json\/wp\/v2\/pages\/836\/revisions\/5184"}],"up":[{"embeddable":true,"href":"https:\/\/site.uit.no\/spaceweather\/wp-json\/wp\/v2\/pages\/1088"}],"wp:attachment":[{"href":"https:\/\/site.uit.no\/spaceweather\/wp-json\/wp\/v2\/media?parent=836"}],"curies":[{"name":"wp","href":"https:\/\/api.w.org\/{rel}","templated":true}]}}