{"id":183,"date":"2023-09-21T00:12:03","date_gmt":"2023-09-20T22:12:03","guid":{"rendered":"https:\/\/site.uit.no\/suhsl\/?page_id=183"},"modified":"2025-09-24T19:44:45","modified_gmt":"2025-09-24T17:44:45","slug":"soke-okonomisk-stotte-til-arrangementer","status":"publish","type":"page","link":"https:\/\/site.uit.no\/suhsl\/soke-okonomisk-stotte-til-arrangementer\/","title":{"rendered":"S\u00f8ke \u00f8konomisk st\u00f8tte til arrangementer \/ Application for economic support for  events"},"content":{"rendered":"\n<h5 class=\"wp-block-heading\">S\u00f8knad om \u00f8konomisk st\u00f8tte til arrangementer<\/h5>\n\n\n\n<p>Linjeforeninger og studiegrupper kan s\u00f8ke Studentutvalget om midler til \u00e5 ha sosiale og faglige arrangementer.<\/p>\n\n\n\n<p>Benytt dokumentet under med retningslinjer og mal for hvordan s\u00f8knaden skal se ut. sett inn informasjon slik at malen passer s\u00f8knaden, og fjern det som ikke gjeller deres s\u00f8knad. Send oss gjerne en mail p\u00e5 studentutvalget@hsl.uit.no hvis det er noe dere lurer p\u00e5, s\u00e5 kan vi hjelpe til med utformingen av s\u00f8knader.<\/p>\n\n\n\n<p>Arrangementet m\u00e5 v\u00e6re arrangert av og for studenter ved fakultet for humaniora, samfunnsvitenskap og l\u00e6rerutdanning.<\/p>\n\n\n\n<h3 class=\"wp-block-heading\"><a href=\"https:\/\/site.uit.no\/suhsl\/wp-content\/uploads\/sites\/197\/2025\/09\/Soknadsmal-SU-HSL.docx\" data-type=\"link\" data-id=\"https:\/\/site.uit.no\/suhsl\/wp-content\/uploads\/sites\/197\/2025\/09\/Soknadsmal-SU-HSL.docx\">S\u00f8knadsmal<\/a><\/h3>\n\n\n\n<p><\/p>\n\n\n\n<h5 class=\"wp-block-heading\">Application for economic support for academic or social events<\/h5>\n\n\n\n<p>Line associations and study groups can apply to the Student Council for funds to hold social and academic events.<\/p>\n\n\n\n<p>Use the document below with guidelines and a template for how the application should look. Insert information so that the template fits the application, and remove what does not apply to your application. Please send us an email at studentutvalget@hsl.uit.no if you have any questions, and we can help with the design of applications.<\/p>\n\n\n\n<p>The event must be organized by and for students at the Faculty of Humanities, Social Sciences and Teacher Education.<\/p>\n\n\n\n<h3 class=\"wp-block-heading\"><a href=\"https:\/\/site.uit.no\/suhsl\/wp-content\/uploads\/sites\/197\/2025\/09\/Application-example.docx\">Application template<\/a><\/h3>\n\n\n\n<p><\/p>\n","protected":false},"excerpt":{"rendered":"<p>S\u00f8knad om \u00f8konomisk st\u00f8tte til arrangementer Linjeforeninger og studiegrupper kan s\u00f8ke Studentutvalget om midler til \u00e5 ha sosiale og faglige arrangementer. Benytt dokumentet under med retningslinjer og mal for hvordan s\u00f8knaden skal se ut. sett inn informasjon slik at malen passer s\u00f8knaden, og fjern det som ikke gjeller deres s\u00f8knad. Send oss gjerne en mail [&hellip;]<\/p>\n","protected":false},"author":123535,"featured_media":0,"parent":0,"menu_order":0,"comment_status":"closed","ping_status":"closed","template":"","meta":{"site-sidebar-layout":"default","site-content-layout":"","ast-site-content-layout":"default","site-content-style":"default","site-sidebar-style":"default","ast-global-header-display":"","ast-banner-title-visibility":"","ast-main-header-display":"","ast-hfb-above-header-display":"","ast-hfb-below-header-display":"","ast-hfb-mobile-header-display":"","site-post-title":"","ast-breadcrumbs-content":"","ast-featured-img":"","footer-sml-layout":"","ast-disable-related-posts":"","theme-transparent-header-meta":"","adv-header-id-meta":"","stick-header-meta":"","header-above-stick-meta":"","header-main-stick-meta":"","header-below-stick-meta":"","astra-migrate-meta-layouts":"set","ast-page-background-enabled":"default","ast-page-background-meta":{"desktop":{"background-color":"var(--ast-global-color-4)","background-image":"","background-repeat":"repeat","background-position":"center center","background-size":"auto","background-attachment":"scroll","background-type":"","background-media":"","overlay-type":"","overlay-color":"","overlay-opacity":"","overlay-gradient":""},"tablet":{"background-color":"","background-image":"","background-repeat":"repeat","background-position":"center center","background-size":"auto","background-attachment":"scroll","background-type":"","background-media":"","overlay-type":"","overlay-color":"","overlay-opacity":"","overlay-gradient":""},"mobile":{"background-color":"","background-image":"","background-repeat":"repeat","background-position":"center center","background-size":"auto","background-attachment":"scroll","background-type":"","background-media":"","overlay-type":"","overlay-color":"","overlay-opacity":"","overlay-gradient":""}},"ast-content-background-meta":{"desktop":{"background-color":"var(--ast-global-color-5)","background-image":"","background-repeat":"repeat","background-position":"center center","background-size":"auto","background-attachment":"scroll","background-type":"","background-media":"","overlay-type":"","overlay-color":"","overlay-opacity":"","overlay-gradient":""},"tablet":{"background-color":"var(--ast-global-color-5)","background-image":"","background-repeat":"repeat","background-position":"center center","background-size":"auto","background-attachment":"scroll","background-type":"","background-media":"","overlay-type":"","overlay-color":"","overlay-opacity":"","overlay-gradient":""},"mobile":{"background-color":"var(--ast-global-color-5)","background-image":"","background-repeat":"repeat","background-position":"center center","background-size":"auto","background-attachment":"scroll","background-type":"","background-media":"","overlay-type":"","overlay-color":"","overlay-opacity":"","overlay-gradient":""}},"footnotes":""},"class_list":["post-183","page","type-page","status-publish","hentry"],"_links":{"self":[{"href":"https:\/\/site.uit.no\/suhsl\/wp-json\/wp\/v2\/pages\/183","targetHints":{"allow":["GET"]}}],"collection":[{"href":"https:\/\/site.uit.no\/suhsl\/wp-json\/wp\/v2\/pages"}],"about":[{"href":"https:\/\/site.uit.no\/suhsl\/wp-json\/wp\/v2\/types\/page"}],"author":[{"embeddable":true,"href":"https:\/\/site.uit.no\/suhsl\/wp-json\/wp\/v2\/users\/123535"}],"replies":[{"embeddable":true,"href":"https:\/\/site.uit.no\/suhsl\/wp-json\/wp\/v2\/comments?post=183"}],"version-history":[{"count":3,"href":"https:\/\/site.uit.no\/suhsl\/wp-json\/wp\/v2\/pages\/183\/revisions"}],"predecessor-version":[{"id":348,"href":"https:\/\/site.uit.no\/suhsl\/wp-json\/wp\/v2\/pages\/183\/revisions\/348"}],"wp:attachment":[{"href":"https:\/\/site.uit.no\/suhsl\/wp-json\/wp\/v2\/media?parent=183"}],"curies":[{"name":"wp","href":"https:\/\/api.w.org\/{rel}","templated":true}]}}