{"id":234,"date":"2024-10-15T15:02:14","date_gmt":"2024-10-15T13:02:14","guid":{"rendered":"https:\/\/site.uit.no\/suhsl\/?page_id=234"},"modified":"2025-10-02T20:55:45","modified_gmt":"2025-10-02T18:55:45","slug":"aktuelt","status":"publish","type":"page","link":"https:\/\/site.uit.no\/suhsl\/aktuelt\/","title":{"rendered":"Frist semester slutts feiringer \/ Deadline  forend of the Semester Celebrations"},"content":{"rendered":"\n<h3 class=\"wp-block-heading\">Informasjon for Julebord s\u00f8knadsfrist<\/h3>\n\n\n\n<p>Studentutvalget minner om at fristen for \u00e5 s\u00f8ke st\u00f8tte til julebord\/juleavslutning for h\u00f8st semesteret er 2025 er 31.10.25. S\u00f8knader som kommer inn etter dette vil ikke bli vurdert. S\u00f8knad kan sendes til studentutvalget@hsl.uit.no<\/p>\n\n\n\n<h3 class=\"wp-block-heading\">Informasjon for Sommeravslutning s\u00f8knadsfrist  <\/h3>\n\n\n\n<p>Studentutvalget minner om at fristen for \u00e5 s\u00f8ke st\u00f8tte til Sommeravslutning for v\u00e5r semesteret 2026 er 01.05.2026 S\u00f8knader som kommer inn etter dette vil ikke bli vurdert. S\u00f8knad kan sendes til studentutvalget@hsl.uit.no<\/p>\n\n\n\n<div class=\"wp-block-columns is-layout-flex wp-container-core-columns-is-layout-28f84493 wp-block-columns-is-layout-flex\">\n<div class=\"wp-block-column is-layout-flow wp-block-column-is-layout-flow\"><\/div>\n\n\n\n<div class=\"wp-block-column is-layout-flow wp-block-column-is-layout-flow\"><\/div>\n<\/div>\n\n\n\n<h3 class=\"wp-block-heading\">Information for Christmas celebration application deadline<\/h3>\n\n\n\n<p>The Student Committee would like to remind you that the deadline for applying for support for a Christmas party\/Christmas closing, for the fall semester of 2025 is 31.10.25. Applications received after this date will not be considered. Applications can be sent to studentutvalget@hsl.uit.no<\/p>\n\n\n\n<h3 class=\"wp-block-heading\">Information for Summer celebration application deadline<\/h3>\n\n\n\n<p>The Student Committee reminds you that the deadline for applying for support for a summer celebration for spring semester of 2026 is 01.05.2026. Applications received after this date will not be considered. Applications can be sent to studentutvalget@hsl.uit.no<\/p>\n\n\n\n<p><\/p>\n","protected":false},"excerpt":{"rendered":"<p>Informasjon for Julebord s\u00f8knadsfrist Studentutvalget minner om at fristen for \u00e5 s\u00f8ke st\u00f8tte til julebord\/juleavslutning for h\u00f8st semesteret er 2025 er 31.10.25. S\u00f8knader som kommer inn etter dette vil ikke bli vurdert. S\u00f8knad kan sendes til studentutvalget@hsl.uit.no Informasjon for Sommeravslutning s\u00f8knadsfrist Studentutvalget minner om at fristen for \u00e5 s\u00f8ke st\u00f8tte til Sommeravslutning for v\u00e5r semesteret [&hellip;]<\/p>\n","protected":false},"author":123666,"featured_media":0,"parent":0,"menu_order":0,"comment_status":"closed","ping_status":"closed","template":"","meta":{"site-sidebar-layout":"default","site-content-layout":"","ast-site-content-layout":"default","site-content-style":"default","site-sidebar-style":"default","ast-global-header-display":"","ast-banner-title-visibility":"","ast-main-header-display":"","ast-hfb-above-header-display":"","ast-hfb-below-header-display":"","ast-hfb-mobile-header-display":"","site-post-title":"","ast-breadcrumbs-content":"","ast-featured-img":"","footer-sml-layout":"","ast-disable-related-posts":"","theme-transparent-header-meta":"","adv-header-id-meta":"","stick-header-meta":"","header-above-stick-meta":"","header-main-stick-meta":"","header-below-stick-meta":"","astra-migrate-meta-layouts":"set","ast-page-background-enabled":"default","ast-page-background-meta":{"desktop":{"background-color":"var(--ast-global-color-4)","background-image":"","background-repeat":"repeat","background-position":"center center","background-size":"auto","background-attachment":"scroll","background-type":"","background-media":"","overlay-type":"","overlay-color":"","overlay-opacity":"","overlay-gradient":""},"tablet":{"background-color":"","background-image":"","background-repeat":"repeat","background-position":"center center","background-size":"auto","background-attachment":"scroll","background-type":"","background-media":"","overlay-type":"","overlay-color":"","overlay-opacity":"","overlay-gradient":""},"mobile":{"background-color":"","background-image":"","background-repeat":"repeat","background-position":"center center","background-size":"auto","background-attachment":"scroll","background-type":"","background-media":"","overlay-type":"","overlay-color":"","overlay-opacity":"","overlay-gradient":""}},"ast-content-background-meta":{"desktop":{"background-color":"var(--ast-global-color-5)","background-image":"","background-repeat":"repeat","background-position":"center center","background-size":"auto","background-attachment":"scroll","background-type":"","background-media":"","overlay-type":"","overlay-color":"","overlay-opacity":"","overlay-gradient":""},"tablet":{"background-color":"var(--ast-global-color-5)","background-image":"","background-repeat":"repeat","background-position":"center center","background-size":"auto","background-attachment":"scroll","background-type":"","background-media":"","overlay-type":"","overlay-color":"","overlay-opacity":"","overlay-gradient":""},"mobile":{"background-color":"var(--ast-global-color-5)","background-image":"","background-repeat":"repeat","background-position":"center center","background-size":"auto","background-attachment":"scroll","background-type":"","background-media":"","overlay-type":"","overlay-color":"","overlay-opacity":"","overlay-gradient":""}},"footnotes":""},"class_list":["post-234","page","type-page","status-publish","hentry"],"_links":{"self":[{"href":"https:\/\/site.uit.no\/suhsl\/wp-json\/wp\/v2\/pages\/234","targetHints":{"allow":["GET"]}}],"collection":[{"href":"https:\/\/site.uit.no\/suhsl\/wp-json\/wp\/v2\/pages"}],"about":[{"href":"https:\/\/site.uit.no\/suhsl\/wp-json\/wp\/v2\/types\/page"}],"author":[{"embeddable":true,"href":"https:\/\/site.uit.no\/suhsl\/wp-json\/wp\/v2\/users\/123666"}],"replies":[{"embeddable":true,"href":"https:\/\/site.uit.no\/suhsl\/wp-json\/wp\/v2\/comments?post=234"}],"version-history":[{"count":3,"href":"https:\/\/site.uit.no\/suhsl\/wp-json\/wp\/v2\/pages\/234\/revisions"}],"predecessor-version":[{"id":349,"href":"https:\/\/site.uit.no\/suhsl\/wp-json\/wp\/v2\/pages\/234\/revisions\/349"}],"wp:attachment":[{"href":"https:\/\/site.uit.no\/suhsl\/wp-json\/wp\/v2\/media?parent=234"}],"curies":[{"name":"wp","href":"https:\/\/api.w.org\/{rel}","templated":true}]}}