{"id":18,"date":"2011-11-30T14:08:02","date_gmt":"2011-11-30T13:08:02","guid":{"rendered":"https:\/\/site.uit.no\/tekna\/?page_id=18"},"modified":"2020-09-02T09:33:25","modified_gmt":"2020-09-02T07:33:25","slug":"om-tekna","status":"publish","type":"page","link":"https:\/\/site.uit.no\/tekna\/om-tekna\/","title":{"rendered":"Bli medlem"},"content":{"rendered":"<p>Tekna (Teknisk-naturvitenskapelig forening) er den st\u00f8rste masterforeningen i Norge, og den st\u00f8rste fagforeningen i <a href=\"http:\/\/www.akademikerne.no\/\" target=\"_blank\" rel=\"noopener\">Akademikerne<\/a>.<\/p>\n<p>Foreningen har over 80 000 medlemmer med hovedfags-, mastergrads- eller sivilingeni\u00f8rutdanning innenfor teknologi, realfag eller naturvitenskap. Medlemmene i Tekna jobber hver dag med \u00e5 l\u00f8se samfunnets utfordringer gjennom innovasjon og ny teknologi.<\/p>\n<p>Personer med en utdanning p\u00e5 master-\/hovedfagsniv\u00e5 innen naturvitenskap og teknologi er medlemsberettiget i Tekna. Studenter som planlegger en slik utdanning, kan bli studentmedlemmer. De som er i ferd med \u00e5 gjennomf\u00f8re en doktorgrad kan s\u00f8ke om opptak som ordin\u00e6rt medlem med kontingentreduksjon.<\/p>\n<ul>\n<li><a href=\"https:\/\/www.tekna.no\/innmelding\">Meld deg inn<\/a><\/li>\n<li><a href=\"http:\/\/www.tekna.no\/medlemskap\/artikkel?p_dim=9503\">Les om medlemsfordeler<\/a><\/li>\n<li><a href=\"http:\/\/www.tekna.no\/\">Tekna.no<\/a><\/li>\n<\/ul>\n<h3><\/h3>\n","protected":false},"excerpt":{"rendered":"<p>Tekna (Teknisk-naturvitenskapelig forening) er den st\u00f8rste masterforeningen i Norge, og den st\u00f8rste fagforeningen i Akademikerne. Foreningen har over 80 000 medlemmer med hovedfags-, mastergrads- eller sivilingeni\u00f8rutdanning innenfor teknologi, realfag eller naturvitenskap. Medlemmene i Tekna jobber hver dag med \u00e5 l\u00f8se &hellip; <a href=\"https:\/\/site.uit.no\/tekna\/om-tekna\/\">Continue reading <span class=\"meta-nav\">&rarr;<\/span><\/a><\/p>\n","protected":false},"author":93,"featured_media":0,"parent":0,"menu_order":0,"comment_status":"closed","ping_status":"closed","template":"","meta":{"footnotes":""},"class_list":["post-18","page","type-page","status-publish","hentry"],"_links":{"self":[{"href":"https:\/\/site.uit.no\/tekna\/wp-json\/wp\/v2\/pages\/18","targetHints":{"allow":["GET"]}}],"collection":[{"href":"https:\/\/site.uit.no\/tekna\/wp-json\/wp\/v2\/pages"}],"about":[{"href":"https:\/\/site.uit.no\/tekna\/wp-json\/wp\/v2\/types\/page"}],"author":[{"embeddable":true,"href":"https:\/\/site.uit.no\/tekna\/wp-json\/wp\/v2\/users\/93"}],"replies":[{"embeddable":true,"href":"https:\/\/site.uit.no\/tekna\/wp-json\/wp\/v2\/comments?post=18"}],"version-history":[{"count":16,"href":"https:\/\/site.uit.no\/tekna\/wp-json\/wp\/v2\/pages\/18\/revisions"}],"predecessor-version":[{"id":113,"href":"https:\/\/site.uit.no\/tekna\/wp-json\/wp\/v2\/pages\/18\/revisions\/113"}],"wp:attachment":[{"href":"https:\/\/site.uit.no\/tekna\/wp-json\/wp\/v2\/media?parent=18"}],"curies":[{"name":"wp","href":"https:\/\/api.w.org\/{rel}","templated":true}]}}