{"id":112,"date":"2014-11-17T07:37:24","date_gmt":"2014-11-17T06:37:24","guid":{"rendered":"https:\/\/site.uit.no\/ubkvensk\/?page_id=112"},"modified":"2014-11-17T09:37:27","modified_gmt":"2014-11-17T08:37:27","slug":"kvenseminaret-2014","status":"publish","type":"page","link":"https:\/\/site.uit.no\/ubkvensk\/kvenseminaret-2014\/","title":{"rendered":"Seminaari kainun kielen revitaliseeraamisen ymp\u00e4ri"},"content":{"rendered":"<p>Seminar om revitalisering av kvensk<\/p>\n<p>9.-10. oktooperikuuta 2014 \u00a0| \u00a0TU Ruijan arktinen universiteetti, Tromssa<br \/>\n9.-10. oktober 2014 | UiT Noregs arktiske universitet, Troms\u00f8<\/p>\n<p>Vi ynskjer velkommen til seminar!\u00a0Her er nokre viktige opplysningar:<\/p>\n<ul>\n<li>Opning: torsdag 9. oktober kl 10:20<\/li>\n<li>Slutt: fredag 10. oktober i 16-tida<\/li>\n<li>Stad: Qvigstad-auditoriet, ILP (&laquo;L\u00e6rarh\u00f8gskolen&raquo;), Mellomvegen 110, Troms\u00f8<\/li>\n<\/ul>\n<p>Finn ut meir om seminaret her:<\/p>\n<ul>\n<li><a href=\"https:\/\/site.uit.no\/ubkvensk\/kvenseminaret-2014_bakgrunn\/\">Bakgrunnen for seminaret<\/a><\/li>\n<li><a href=\"https:\/\/site.uit.no\/ubkvensk\/kvenseminaret-2014_pamelding\/\">P\u00e5melding<\/a><\/li>\n<li><a href=\"https:\/\/site.uit.no\/ubkvensk\/kvenseminaret-2014_praktisk-informasjon\/\">Praktisk informasjon<\/a><\/li>\n<li><a href=\"https:\/\/site.uit.no\/ubkvensk\/kvenseminaret-2014_programmet\">Programmet<\/a><\/li>\n<li><a href=\"https:\/\/site.uit.no\/ubkvensk\/kvenseminaret-2014_presentasjonar\/%20\">Presentasjonar<\/a><\/li>\n<\/ul>\n<p>&nbsp;<\/p>\n<p>&nbsp;<\/p>\n<p>&nbsp;<\/p>\n","protected":false},"excerpt":{"rendered":"<p>Seminar om revitalisering av kvensk 9.-10. oktooperikuuta 2014 \u00a0| \u00a0TU Ruijan arktinen universiteetti, Tromssa 9.-10. oktober 2014 | UiT Noregs arktiske universitet, Troms\u00f8 Vi ynskjer velkommen til seminar!\u00a0Her er nokre viktige opplysningar: Opning: torsdag 9. oktober kl 10:20 Slutt: fredag &hellip; <a href=\"https:\/\/site.uit.no\/ubkvensk\/kvenseminaret-2014\/\">Les videre <span class=\"meta-nav\">&rarr;<\/span><\/a><\/p>\n","protected":false},"author":425,"featured_media":0,"parent":0,"menu_order":0,"comment_status":"closed","ping_status":"closed","template":"","meta":{"footnotes":""},"class_list":["post-112","page","type-page","status-publish","hentry"],"_links":{"self":[{"href":"https:\/\/site.uit.no\/ubkvensk\/wp-json\/wp\/v2\/pages\/112","targetHints":{"allow":["GET"]}}],"collection":[{"href":"https:\/\/site.uit.no\/ubkvensk\/wp-json\/wp\/v2\/pages"}],"about":[{"href":"https:\/\/site.uit.no\/ubkvensk\/wp-json\/wp\/v2\/types\/page"}],"author":[{"embeddable":true,"href":"https:\/\/site.uit.no\/ubkvensk\/wp-json\/wp\/v2\/users\/425"}],"replies":[{"embeddable":true,"href":"https:\/\/site.uit.no\/ubkvensk\/wp-json\/wp\/v2\/comments?post=112"}],"version-history":[{"count":9,"href":"https:\/\/site.uit.no\/ubkvensk\/wp-json\/wp\/v2\/pages\/112\/revisions"}],"predecessor-version":[{"id":155,"href":"https:\/\/site.uit.no\/ubkvensk\/wp-json\/wp\/v2\/pages\/112\/revisions\/155"}],"wp:attachment":[{"href":"https:\/\/site.uit.no\/ubkvensk\/wp-json\/wp\/v2\/media?parent=112"}],"curies":[{"name":"wp","href":"https:\/\/api.w.org\/{rel}","templated":true}]}}