{"id":280,"date":"2017-12-03T12:02:26","date_gmt":"2017-12-03T11:02:26","guid":{"rendered":"https:\/\/site.uit.no\/ubkvensk\/?page_id=280"},"modified":"2017-12-03T12:11:37","modified_gmt":"2017-12-03T11:11:37","slug":"kvenseminar-2017-praktisk-informasjon","status":"publish","type":"page","link":"https:\/\/site.uit.no\/ubkvensk\/kvenseminar-2017-praktisk-informasjon\/","title":{"rendered":"Praktisk informasjon"},"content":{"rendered":"<h1><span style=\"font-size: 14pt\">Transport til UiT<\/span><\/h1>\n<p>Fr\u00e5 <strong>flyplassen<\/strong> kan du ta <a href=\"https:\/\/www.bussring.no\/airport-express\/fra\/til-universitetssykehuset\/\" target=\"_blank\" rel=\"noopener\">flybussen<\/a> i retning\u00a0<strong>UIT\/ISV og UNN &#8211; Universitetssykehuset<\/strong>. G\u00e5 av p\u00e5 <strong>UiT\/Planetariet<\/strong> eller p\u00e5 <strong>UiT<\/strong>.<\/p>\n<p>Fr\u00e5 <strong>Troms\u00f8 sentrum<\/strong> kan du ta <a href=\"https:\/\/www.tromskortet.no\/reiseplanlegger\/category245.html?from=Wito+%28Troms%C3%B8%29&amp;to=UiT+%28Troms%C3%B8%29&amp;Date=04.12.2017&amp;Time=11%3A00&amp;direction=1&amp;dep1=0\" target=\"_blank\" rel=\"noopener\">buss nr. 20<\/a>\u00a0fr\u00e5 Fr. Langes gate F4 i retning <strong>Stakkevollan<\/strong>.\u00a0G\u00e5 av p\u00e5 <strong>UiT\/Planetariet<\/strong> eller p\u00e5 <strong>UiT<\/strong>.<\/p>\n<h1><span style=\"font-size: 14pt\">Lokale<\/span><\/h1>\n<p>Fr\u00e5 busstoppet f\u00f8lgjer du pilene p\u00e5 dette <a href=\"https:\/\/site.uit.no\/ubkvensk\/wp-content\/uploads\/sites\/191\/2017\/12\/KartUiT.png\" target=\"_blank\" rel=\"noopener\">kartet<\/a>.<\/p>\n<p>Tilbake til <a href=\"https:\/\/site.uit.no\/ubkvensk\/kvenene-ut-av-skapet\/\">programmet<\/a>.<\/p>\n<p>&nbsp;<\/p>\n","protected":false},"excerpt":{"rendered":"<p>Transport til UiT Fr\u00e5 flyplassen kan du ta flybussen i retning\u00a0UIT\/ISV og UNN &#8211; Universitetssykehuset. G\u00e5 av p\u00e5 UiT\/Planetariet eller p\u00e5 UiT. Fr\u00e5 Troms\u00f8 sentrum kan du ta buss nr. 20\u00a0fr\u00e5 Fr. Langes gate F4 i retning Stakkevollan.\u00a0G\u00e5 av p\u00e5 &hellip; <a href=\"https:\/\/site.uit.no\/ubkvensk\/kvenseminar-2017-praktisk-informasjon\/\">Les videre <span class=\"meta-nav\">&rarr;<\/span><\/a><\/p>\n","protected":false},"author":425,"featured_media":0,"parent":0,"menu_order":0,"comment_status":"closed","ping_status":"closed","template":"","meta":{"footnotes":""},"class_list":["post-280","page","type-page","status-publish","hentry"],"_links":{"self":[{"href":"https:\/\/site.uit.no\/ubkvensk\/wp-json\/wp\/v2\/pages\/280","targetHints":{"allow":["GET"]}}],"collection":[{"href":"https:\/\/site.uit.no\/ubkvensk\/wp-json\/wp\/v2\/pages"}],"about":[{"href":"https:\/\/site.uit.no\/ubkvensk\/wp-json\/wp\/v2\/types\/page"}],"author":[{"embeddable":true,"href":"https:\/\/site.uit.no\/ubkvensk\/wp-json\/wp\/v2\/users\/425"}],"replies":[{"embeddable":true,"href":"https:\/\/site.uit.no\/ubkvensk\/wp-json\/wp\/v2\/comments?post=280"}],"version-history":[{"count":7,"href":"https:\/\/site.uit.no\/ubkvensk\/wp-json\/wp\/v2\/pages\/280\/revisions"}],"predecessor-version":[{"id":289,"href":"https:\/\/site.uit.no\/ubkvensk\/wp-json\/wp\/v2\/pages\/280\/revisions\/289"}],"wp:attachment":[{"href":"https:\/\/site.uit.no\/ubkvensk\/wp-json\/wp\/v2\/media?parent=280"}],"curies":[{"name":"wp","href":"https:\/\/api.w.org\/{rel}","templated":true}]}}