{"id":61,"date":"2014-09-19T13:18:03","date_gmt":"2014-09-19T11:18:03","guid":{"rendered":"https:\/\/site.uit.no\/ubkvensk\/?page_id=61"},"modified":"2014-11-17T08:18:21","modified_gmt":"2014-11-17T07:18:21","slug":"kvenseminaret-2014_pamelding","status":"publish","type":"page","link":"https:\/\/site.uit.no\/ubkvensk\/kvenseminaret-2014_pamelding\/","title":{"rendered":"P\u00e5melding"},"content":{"rendered":"<p>Seminaari kainun kielen revitaliseeraamisen ymp\u00e4ri<br \/>\nSeminar om revitalisering av kvensk<\/p>\n<p>Sj\u00f8lve seminaret er gratis og ope for alle. Kostnader for eventuell lunsj og middag m\u00e5 deltakarane dekkja sj\u00f8lve. Prisane finn du\u00a0i registreringsskjemaet nedanfor.<\/p>\n<p>Vi vil gjerne f\u00e5 oversikt over kven som skal delta p\u00e5 seminaret, s\u00e5 ver god og registrer deg sj\u00f8lv om du ikkje skal bestilla lunsj og\/eller middag.<\/p>\n<p><strong>P\u00e5meldingsfrist: m\u00e5ndag 29. september 2014<\/strong><\/p>\n<p>Klikk her for \u00e5 registrera deg: <a href=\"https:\/\/docs.google.com\/forms\/d\/1xLrAEUpDj4uCljPoYUM5Hgqfhhp_lnxtBVkZmSjANVQ\/viewform\" target=\"_blank\">registreringsskjema<\/a><\/p>\n<p><a href=\"https:\/\/site.uit.no\/ubkvensk\/kvenseminaret-2014_praktisk-informasjon\/\">Praktisk informasjon<\/a><\/p>\n<p><a href=\"https:\/\/site.uit.no\/ubkvensk\/kvenseminaret-2014\/\">Tilbake til hovudmenyen for seminaret<\/a><\/p>\n<p>&nbsp;<\/p>\n<p>&nbsp;<\/p>\n<p>&nbsp;<\/p>\n<p>&nbsp;<\/p>\n","protected":false},"excerpt":{"rendered":"<p>Seminaari kainun kielen revitaliseeraamisen ymp\u00e4ri Seminar om revitalisering av kvensk Sj\u00f8lve seminaret er gratis og ope for alle. Kostnader for eventuell lunsj og middag m\u00e5 deltakarane dekkja sj\u00f8lve. Prisane finn du\u00a0i registreringsskjemaet nedanfor. Vi vil gjerne f\u00e5 oversikt over kven &hellip; <a href=\"https:\/\/site.uit.no\/ubkvensk\/kvenseminaret-2014_pamelding\/\">Les videre <span class=\"meta-nav\">&rarr;<\/span><\/a><\/p>\n","protected":false},"author":425,"featured_media":0,"parent":0,"menu_order":0,"comment_status":"closed","ping_status":"closed","template":"","meta":{"footnotes":""},"class_list":["post-61","page","type-page","status-publish","hentry"],"_links":{"self":[{"href":"https:\/\/site.uit.no\/ubkvensk\/wp-json\/wp\/v2\/pages\/61","targetHints":{"allow":["GET"]}}],"collection":[{"href":"https:\/\/site.uit.no\/ubkvensk\/wp-json\/wp\/v2\/pages"}],"about":[{"href":"https:\/\/site.uit.no\/ubkvensk\/wp-json\/wp\/v2\/types\/page"}],"author":[{"embeddable":true,"href":"https:\/\/site.uit.no\/ubkvensk\/wp-json\/wp\/v2\/users\/425"}],"replies":[{"embeddable":true,"href":"https:\/\/site.uit.no\/ubkvensk\/wp-json\/wp\/v2\/comments?post=61"}],"version-history":[{"count":7,"href":"https:\/\/site.uit.no\/ubkvensk\/wp-json\/wp\/v2\/pages\/61\/revisions"}],"predecessor-version":[{"id":131,"href":"https:\/\/site.uit.no\/ubkvensk\/wp-json\/wp\/v2\/pages\/61\/revisions\/131"}],"wp:attachment":[{"href":"https:\/\/site.uit.no\/ubkvensk\/wp-json\/wp\/v2\/media?parent=61"}],"curies":[{"name":"wp","href":"https:\/\/api.w.org\/{rel}","templated":true}]}}