{"id":247,"date":"2018-09-10T15:35:46","date_gmt":"2018-09-10T13:35:46","guid":{"rendered":"https:\/\/site.uit.no\/usp8-13\/?page_id=247"},"modified":"2018-09-10T15:35:46","modified_gmt":"2018-09-10T13:35:46","slug":"universitetslaerebedrifter","status":"publish","type":"page","link":"https:\/\/site.uit.no\/usp8-13\/universitetslaerebedrifter\/","title":{"rendered":"Universitetsl\u00e6rebedrifter"},"content":{"rendered":"<p><strong>Helhetlig videreg\u00e5ende fag- og yrkesoppl\u00e6ring \u2013 Samarbeidsutvikling gjennom universitetsskoler, pilotskoler og universitetsl\u00e6rebedrifter<\/strong><\/p>\n<p>Universitetsskoleprosjektet (USP) 8-13\u00a0er et samarbeid mellom lektorutdanningen ved UiT Norges arktiske universitet og\u00a0Troms fylkeskommune. Universitetsskolene skal v\u00e6re lektorutdanningens partnere i et gjensidig samarbeid for \u00e5 styrke forskning og utviklingsarbeid i skolene og heve kvaliteten p\u00e5 praksis for studentene.<\/p>\n<p>Fag- og yrkesoppl\u00e6ringen i videreg\u00e5ende oppl\u00e6ring best\u00e5r normalt b\u00e5de av oppl\u00e6ring i skole og bedrift, og overgangen for elever til bedriftsoppl\u00e6ring og samforst\u00e5else for oppl\u00e6ringen er viktig for helhetlig videreg\u00e5ende fag- og yrkesoppl\u00e6ring. Et viktig satsingsomr\u00e5de er derfor \u00e5 utrede muligheten for \u00e5 knytte universitetsl\u00e6rebedrifter til prosjektet.<\/p>\n<p>En universitetsl\u00e6rebedrift vil v\u00e6re en bedrift som \u00f8nsker \u00e5 ha fokus p\u00e5 utvikling av samarbeidsformer mellom skole, bedrift og lektorutdanningen. Veien fra l\u00e6rerutdanner ved UiT til den virkeligheten yrkesfagelevene m\u00f8ter i arbeidslivet er lang. For \u00e5 kunne utdanne nye l\u00e6rere som ser mulighetene og utfordringene ved tverrfaglig arbeid og relevans, er det n\u00f8dvendig \u00e5 skape en naturlig kunnskapsutveksling p\u00e5 alle niv\u00e5er.<\/p>\n<p>I et arbeid med \u00e5 utvikle samarbeidet med en universitetsl\u00e6rebedrift vil fokuset v\u00e6re delt. Fokuset p\u00e5 det tverrfaglige arbeidet i skolen er viktig, men like sentralt er det \u00e5 s\u00f8rge for at tematikken og kjennskap til oppl\u00e6ringsformer og ulike arbeidsm\u00e5ter blir behandlet i l\u00e6rerutdanningen. Videre vil et slikt samarbeid ogs\u00e5 kunne bidra til \u00f8kt fokus p\u00e5 gjensidig kunnskap om elevene og l\u00e6rlingenes utfordringer.<\/p>\n<p>Noen mulige utviklingsomr\u00e5der vil kunne v\u00e6re:<\/p>\n<ul>\n<li>Bidra til en \u00f8kt forst\u00e5else av yrkesfag for l\u00e6rerutdannere og l\u00e6rerstudenter<\/li>\n<li>Bedre samspillet mellom bedrifter og skole gjennom \u00e5 pr\u00f8ve ut nye former for samarbeid.<\/li>\n<li>Tettere oppf\u00f8lging av elever i praksis og l\u00e6rlinger<\/li>\n<li>Forsterke og utvikle hospitering som et verkt\u00f8y for kunnskap- og erfaringsdeling<\/li>\n<li>Kompetanseutvikling gjennom samarbeid med UiT<\/li>\n<\/ul>\n","protected":false},"excerpt":{"rendered":"<p>Helhetlig videreg\u00e5ende fag- og yrkesoppl\u00e6ring \u2013 Samarbeidsutvikling gjennom universitetsskoler, pilotskoler og universitetsl\u00e6rebedrifter Universitetsskoleprosjektet (USP) 8-13\u00a0er et samarbeid mellom lektorutdanningen ved UiT Norges arktiske universitet og\u00a0Troms fylkeskommune. Universitetsskolene skal v\u00e6re lektorutdanningens partnere i et gjensidig samarbeid for \u00e5 styrke forskning og &hellip; <a href=\"https:\/\/site.uit.no\/usp8-13\/universitetslaerebedrifter\/\">Continue reading <span class=\"meta-nav\">&rarr;<\/span><\/a><\/p>\n","protected":false},"author":728,"featured_media":0,"parent":0,"menu_order":0,"comment_status":"closed","ping_status":"closed","template":"","meta":{"footnotes":""},"class_list":["post-247","page","type-page","status-publish","hentry"],"_links":{"self":[{"href":"https:\/\/site.uit.no\/usp8-13\/wp-json\/wp\/v2\/pages\/247","targetHints":{"allow":["GET"]}}],"collection":[{"href":"https:\/\/site.uit.no\/usp8-13\/wp-json\/wp\/v2\/pages"}],"about":[{"href":"https:\/\/site.uit.no\/usp8-13\/wp-json\/wp\/v2\/types\/page"}],"author":[{"embeddable":true,"href":"https:\/\/site.uit.no\/usp8-13\/wp-json\/wp\/v2\/users\/728"}],"replies":[{"embeddable":true,"href":"https:\/\/site.uit.no\/usp8-13\/wp-json\/wp\/v2\/comments?post=247"}],"version-history":[{"count":1,"href":"https:\/\/site.uit.no\/usp8-13\/wp-json\/wp\/v2\/pages\/247\/revisions"}],"predecessor-version":[{"id":248,"href":"https:\/\/site.uit.no\/usp8-13\/wp-json\/wp\/v2\/pages\/247\/revisions\/248"}],"wp:attachment":[{"href":"https:\/\/site.uit.no\/usp8-13\/wp-json\/wp\/v2\/media?parent=247"}],"curies":[{"name":"wp","href":"https:\/\/api.w.org\/{rel}","templated":true}]}}