{"id":28,"date":"2017-06-21T11:42:43","date_gmt":"2017-06-21T09:42:43","guid":{"rendered":"https:\/\/site.uit.no\/usp8-13\/?page_id=28"},"modified":"2017-06-21T11:42:43","modified_gmt":"2017-06-21T09:42:43","slug":"styringsgruppa","status":"publish","type":"page","link":"https:\/\/site.uit.no\/usp8-13\/styringsgruppa\/","title":{"rendered":"Styringsgruppa"},"content":{"rendered":"<p><strong>Styringsgruppas sammensetning:<\/strong><\/p>\n<ul>\n<li>Prodekan ved Fakultet for humaniora, samfunnsvitenskap og l\u00e6rerutdanning (leder)<\/li>\n<li>Prosjektkoordinator (sekret\u00e6r)<\/li>\n<li>Studieleder ved lektorutdanning for trinn 8-13 og PPU<\/li>\n<li>Representant fra yrkesfagene<\/li>\n<li>Fylkesutdanningssjefen, Troms fylkeskommune<\/li>\n<li>Representant for rektorkollegiet i TFK<\/li>\n<li>Studentrepresentant<\/li>\n<\/ul>\n<p>&nbsp;<\/p>\n<p><strong>Styringsgruppas mandat<\/strong><\/p>\n<p>Styringsgruppa har det overordnete ansvaret for prosjektet, og skal v\u00e6re et dialogforum for universitetsskoleprosjektets samarbeidspartnere der det tas prinsipielle avgj\u00f8relser. Styringsgruppa skal ha minst ett m\u00f8te hvert semester. Gruppa kan invitere andre til \u00e5 delta p\u00e5 sine m\u00f8ter. Prosjektkoordinator har sekret\u00e6rfunksjon og ansvar for \u00e5 kalle inn til og forberede saker i samarbeid med lederen av styringsgruppa.<\/p>\n<p>&nbsp;<\/p>\n<p><strong>Styringsgruppas ansvar og oppgaver:<\/strong><\/p>\n<ul type=\"disc\">\n<li>Overordnet strategisk ansvar for prosjektet, og skal sikre at m\u00e5l, oppgaver og progresjon ivaretas<\/li>\n<li>Sikre en klar ansvarsfordeling mellom UiT Norges arktiske universitet og Troms fylkeskommune, og reforhandle aktuelle avtaler<\/li>\n<li>Utvikle en plan for prosjektperioden, foreta\u00a0\u00e5rlig godkjenning av aktivitetsplaner, avgi rapport og videreutvikle\u00a0planer for prosjektet<\/li>\n<li>Utforme avtale med universitetsskoler, avgj\u00f8re lengden p\u00e5 avtaleperioder, antallet universitetsskoler, utvalgskriterier\u00a0og utvalgsprosess.<\/li>\n<li>Ta initiativ til tiltak for \u00e5 skaffe \u00f8konomiske\u00a0midler til prosjekter. Eventuelle midler til ulike delprosjekter fordeles\u00a0av styringsgruppa<\/li>\n<\/ul>\n","protected":false},"excerpt":{"rendered":"<p>Styringsgruppas sammensetning: Prodekan ved Fakultet for humaniora, samfunnsvitenskap og l\u00e6rerutdanning (leder) Prosjektkoordinator (sekret\u00e6r) Studieleder ved lektorutdanning for trinn 8-13 og PPU Representant fra yrkesfagene Fylkesutdanningssjefen, Troms fylkeskommune Representant for rektorkollegiet i TFK Studentrepresentant &nbsp; Styringsgruppas mandat Styringsgruppa har det overordnete &hellip; <a href=\"https:\/\/site.uit.no\/usp8-13\/styringsgruppa\/\">Continue reading <span class=\"meta-nav\">&rarr;<\/span><\/a><\/p>\n","protected":false},"author":728,"featured_media":0,"parent":0,"menu_order":0,"comment_status":"closed","ping_status":"closed","template":"","meta":{"footnotes":""},"class_list":["post-28","page","type-page","status-publish","hentry"],"_links":{"self":[{"href":"https:\/\/site.uit.no\/usp8-13\/wp-json\/wp\/v2\/pages\/28","targetHints":{"allow":["GET"]}}],"collection":[{"href":"https:\/\/site.uit.no\/usp8-13\/wp-json\/wp\/v2\/pages"}],"about":[{"href":"https:\/\/site.uit.no\/usp8-13\/wp-json\/wp\/v2\/types\/page"}],"author":[{"embeddable":true,"href":"https:\/\/site.uit.no\/usp8-13\/wp-json\/wp\/v2\/users\/728"}],"replies":[{"embeddable":true,"href":"https:\/\/site.uit.no\/usp8-13\/wp-json\/wp\/v2\/comments?post=28"}],"version-history":[{"count":1,"href":"https:\/\/site.uit.no\/usp8-13\/wp-json\/wp\/v2\/pages\/28\/revisions"}],"predecessor-version":[{"id":29,"href":"https:\/\/site.uit.no\/usp8-13\/wp-json\/wp\/v2\/pages\/28\/revisions\/29"}],"wp:attachment":[{"href":"https:\/\/site.uit.no\/usp8-13\/wp-json\/wp\/v2\/media?parent=28"}],"curies":[{"name":"wp","href":"https:\/\/api.w.org\/{rel}","templated":true}]}}