{"id":45,"date":"2017-06-21T13:51:11","date_gmt":"2017-06-21T11:51:11","guid":{"rendered":"https:\/\/site.uit.no\/usp8-13\/?page_id=45"},"modified":"2017-09-06T11:39:54","modified_gmt":"2017-09-06T09:39:54","slug":"fou-prosjekter","status":"publish","type":"page","link":"https:\/\/site.uit.no\/usp8-13\/fou-prosjekter\/","title":{"rendered":"FoU-prosjekter"},"content":{"rendered":"<ul>\n<li><a href=\"https:\/\/site.uit.no\/usp8-13\/samiske-temaer-i-skolen\/\"><strong>Samiske temaer i skolen<\/strong><\/a><\/li>\n<li><strong><a href=\"https:\/\/site.uit.no\/usp8-13\/ikomp-i-videregaende-skole\/\">iKomp i videreg\u00e5ende skole<\/a><\/strong><\/li>\n<li><a href=\"https:\/\/site.uit.no\/usp8-13\/beregningsorientert-realfagsundervisning\/\"><strong>Beregningsorientert realfagsundervisning<\/strong><\/a><\/li>\n<li><a href=\"https:\/\/site.uit.no\/usp8-13\/foreldresamarbeid-i-videregaende-opplaering\/\"><strong>Foreldresamarbeid i videreg\u00e5ende oppl\u00e6ring<\/strong><\/a><\/li>\n<li><strong><a href=\"https:\/\/site.uit.no\/usp8-13\/norskdidaktikk-i-praksis\/\">Norskdidaktikk i praksis<\/a><\/strong><\/li>\n<\/ul>\n<p><span style=\"font-family: Calibri;font-size: medium\">\u00a0<\/span><\/p>\n<p>&nbsp;<\/p>\n<p>&nbsp;<\/p>\n","protected":false},"excerpt":{"rendered":"<p>Samiske temaer i skolen iKomp i videreg\u00e5ende skole Beregningsorientert realfagsundervisning Foreldresamarbeid i videreg\u00e5ende oppl\u00e6ring Norskdidaktikk i praksis \u00a0 &nbsp; &nbsp;<\/p>\n","protected":false},"author":728,"featured_media":0,"parent":0,"menu_order":0,"comment_status":"closed","ping_status":"closed","template":"","meta":{"footnotes":""},"class_list":["post-45","page","type-page","status-publish","hentry"],"_links":{"self":[{"href":"https:\/\/site.uit.no\/usp8-13\/wp-json\/wp\/v2\/pages\/45","targetHints":{"allow":["GET"]}}],"collection":[{"href":"https:\/\/site.uit.no\/usp8-13\/wp-json\/wp\/v2\/pages"}],"about":[{"href":"https:\/\/site.uit.no\/usp8-13\/wp-json\/wp\/v2\/types\/page"}],"author":[{"embeddable":true,"href":"https:\/\/site.uit.no\/usp8-13\/wp-json\/wp\/v2\/users\/728"}],"replies":[{"embeddable":true,"href":"https:\/\/site.uit.no\/usp8-13\/wp-json\/wp\/v2\/comments?post=45"}],"version-history":[{"count":14,"href":"https:\/\/site.uit.no\/usp8-13\/wp-json\/wp\/v2\/pages\/45\/revisions"}],"predecessor-version":[{"id":104,"href":"https:\/\/site.uit.no\/usp8-13\/wp-json\/wp\/v2\/pages\/45\/revisions\/104"}],"wp:attachment":[{"href":"https:\/\/site.uit.no\/usp8-13\/wp-json\/wp\/v2\/media?parent=45"}],"curies":[{"name":"wp","href":"https:\/\/api.w.org\/{rel}","templated":true}]}}