{"id":44,"date":"2025-12-04T23:00:06","date_gmt":"2025-12-04T22:00:06","guid":{"rendered":"https:\/\/site.uit.no\/utenlandspraksisglu\/?page_id=44"},"modified":"2025-12-05T02:24:15","modified_gmt":"2025-12-05T01:24:15","slug":"studentopplevelser","status":"publish","type":"page","link":"https:\/\/site.uit.no\/utenlandspraksisglu\/studentopplevelser\/","title":{"rendered":"Studentopplevelser"},"content":{"rendered":"<p>[et_pb_section fb_built=&raquo;1&#8243; specialty=&raquo;on&raquo; _builder_version=&raquo;4.27.4&#8243; _module_preset=&raquo;default&raquo; background_color=&raquo;rgba(193,193,193,0.5)&raquo; custom_padding=&raquo;||30px|||&raquo; global_colors_info=&raquo;{}&raquo;][et_pb_column type=&raquo;1_2&#8243; _builder_version=&raquo;4.16&#8243; custom_padding=&raquo;|||&raquo; global_colors_info=&raquo;{}&raquo; custom_padding__hover=&raquo;|||&raquo;][et_pb_heading title=&raquo;Studentopplevelser&raquo; _builder_version=&raquo;4.25.1&#8243; _module_preset=&raquo;c33f07d9-41e0-421a-8799-5799df695cce&raquo; title_level=&raquo;h2&#8243; title_font=&raquo;Playfair Display|Playfair Display_weight|||||||&raquo; title_text_color=&raquo;#0e0c19&#8243; title_font_size=&raquo;50px&raquo; title_line_height=&raquo;1.2em&raquo; custom_margin=&raquo;||10px||false|false&raquo; title_font_size_tablet=&raquo;28px&raquo; title_font_size_phone=&raquo;20px&raquo; title_font_size_last_edited=&raquo;on|phone&raquo; global_colors_info=&raquo;{}&raquo; theme_builder_area=&raquo;post_content&raquo;][\/et_pb_heading][\/et_pb_column][et_pb_column type=&raquo;1_2&#8243; specialty_columns=&raquo;2&#8243; _builder_version=&raquo;4.16&#8243; custom_padding=&raquo;|||&raquo; global_colors_info=&raquo;{}&raquo; custom_padding__hover=&raquo;|||&raquo;][\/et_pb_column][\/et_pb_section][et_pb_section fb_built=&raquo;1&#8243; _builder_version=&raquo;4.27.4&#8243; _module_preset=&raquo;default&raquo; custom_padding=&raquo;||0px|||&raquo; global_colors_info=&raquo;{}&raquo;][et_pb_row _builder_version=&raquo;4.27.4&#8243; _module_preset=&raquo;default&raquo; global_colors_info=&raquo;{}&raquo;][et_pb_column type=&raquo;4_4&#8243; _builder_version=&raquo;4.27.4&#8243; _module_preset=&raquo;default&raquo; global_colors_info=&raquo;{}&raquo;][et_pb_text _builder_version=&raquo;4.27.4&#8243; _module_preset=&raquo;default&raquo; global_colors_info=&raquo;{}&raquo;]<\/p>\n<p>Hvert \u00e5r har studenter som har tatt praksis i utlandet f\u00e5tt i oppgave \u00e5 skrive et refleksjonsbrev\/blogg underveis i oppholdet.\u00a0<\/p>\n<p>[\/et_pb_text][\/et_pb_column][\/et_pb_row][\/et_pb_section][et_pb_section fb_built=&raquo;1&#8243; _builder_version=&raquo;4.27.4&#8243; _module_preset=&raquo;default&raquo; global_colors_info=&raquo;{}&raquo; custom_padding=&raquo;16px|||||&raquo;][et_pb_row _builder_version=&raquo;4.27.4&#8243; _module_preset=&raquo;default&raquo; global_colors_info=&raquo;{}&raquo;][et_pb_column type=&raquo;4_4&#8243; _builder_version=&raquo;4.27.4&#8243; _module_preset=&raquo;default&raquo; global_colors_info=&raquo;{}&raquo;][et_pb_blog meta_date=&raquo;j. M. Y&raquo; show_thumbnail=&raquo;off&raquo; show_more=&raquo;on&raquo; show_author=&raquo;off&raquo; show_categories=&raquo;off&raquo; _builder_version=&raquo;4.27.4&#8243; _module_preset=&raquo;default&raquo; global_colors_info=&raquo;{}&raquo;][\/et_pb_blog][\/et_pb_column][\/et_pb_row][\/et_pb_section]<\/p>\n","protected":false},"excerpt":{"rendered":"<p>Hvert \u00e5r har studenter som har tatt praksis i utlandet f\u00e5tt i oppgave \u00e5 skrive et refleksjonsbrev\/blogg underveis i oppholdet.\u00a0<\/p>\n","protected":false},"author":123462,"featured_media":0,"parent":0,"menu_order":0,"comment_status":"closed","ping_status":"closed","template":"","meta":{"_et_pb_use_builder":"on","_et_pb_old_content":"","_et_gb_content_width":"","footnotes":""},"class_list":["post-44","page","type-page","status-publish","hentry"],"_links":{"self":[{"href":"https:\/\/site.uit.no\/utenlandspraksisglu\/wp-json\/wp\/v2\/pages\/44","targetHints":{"allow":["GET"]}}],"collection":[{"href":"https:\/\/site.uit.no\/utenlandspraksisglu\/wp-json\/wp\/v2\/pages"}],"about":[{"href":"https:\/\/site.uit.no\/utenlandspraksisglu\/wp-json\/wp\/v2\/types\/page"}],"author":[{"embeddable":true,"href":"https:\/\/site.uit.no\/utenlandspraksisglu\/wp-json\/wp\/v2\/users\/123462"}],"replies":[{"embeddable":true,"href":"https:\/\/site.uit.no\/utenlandspraksisglu\/wp-json\/wp\/v2\/comments?post=44"}],"version-history":[{"count":3,"href":"https:\/\/site.uit.no\/utenlandspraksisglu\/wp-json\/wp\/v2\/pages\/44\/revisions"}],"predecessor-version":[{"id":194,"href":"https:\/\/site.uit.no\/utenlandspraksisglu\/wp-json\/wp\/v2\/pages\/44\/revisions\/194"}],"wp:attachment":[{"href":"https:\/\/site.uit.no\/utenlandspraksisglu\/wp-json\/wp\/v2\/media?parent=44"}],"curies":[{"name":"wp","href":"https:\/\/api.w.org\/{rel}","templated":true}]}}